{"id":3606,"date":"2019-07-17T12:45:34","date_gmt":"2019-07-17T11:45:34","guid":{"rendered":"https:\/\/tnd.ontesting.co.uk\/baltyminis-kokteilis-slim-beauty-mix-transformacija-300g\/"},"modified":"2021-02-12T11:13:45","modified_gmt":"2021-02-12T11:13:45","slug":"baltyminis-kokteilis-slim-beauty-mix-transformacija-300g","status":"publish","type":"product","link":"https:\/\/tiandeproducts.co.uk\/lt\/baltyminis-kokteilis-slim-beauty-mix-transformacija-300g\/","title":{"rendered":"Baltyminis kokteilis &#8222;SLIM BEAUTY MIX&#8221; (transformacija) 300g"},"content":{"rendered":"<p><img decoding=\"async\" style=\"max-width: 16px; margin-right: 5px;\" src=\"https:\/\/tiandeproducts.co.uk\/wp-content\/uploads\/points-green.svg\" \/>\u00a0Earn 38 points worth \u00a31.90 when buying this product<\/p>\n<p>Kuris organas da\u017eniausiai ken\u010dia nuo antsvorio, aktyvaus gyvenimo b\u016bdo ir sunki\u0173 treniruo\u010di\u0173? \u0160irdis! Siekdama palaikyti jos darb\u0105, palengvinti svorio ma\u017einimo proces\u0105 ir pasiekti puiki\u0173 sportini\u0173 rezultat\u0173, tiande kompanija suk\u016br\u0117 &#8222;Slim Cardi Mix&#8221;.<\/p>\n<p>Jo sud\u0117tyje auk\u0161tos kokyb\u0117s baltym\u0173 optimalus santykis: 55% i\u0161r\u016bg\u0173 ir 45% saul\u0117gr\u0105\u017e\u0173.<\/p>\n<p>&#8222;Slim Cardi Mix&#8221; yra sukurtas specialiai tiems, kuriems reikia gr\u012f\u017eti prie normalaus svorio ir palaikyti \u0161irdies bei kraujagysli\u0173 sistemos darb\u0105. Tai yra b\u016btina sportininkams (tiek profesionalams, tiek m\u0117g\u0117jams). Kokteilyje yra nat\u016brali\u0173 aminor\u016bg\u0161\u010di\u0173, \u012fskaitant optimal\u0173 kiek\u012f svarbiausi\u0173 ir b\u016btina organizmo formavimui &#8211; BCAA. Tai yra aminor\u016bg\u0161tys leucinas, izoleucinas ir valinas. Tai yra tas kompleksas, kuris palaiko stresin\u0117je situacijoje, padeda sustiprinti raumenis. BCAA aminor\u016bg\u0161tys yra maistas k\u016bnui treniruo\u010di\u0173 metu ir pirmasis, kuris po j\u0173 suteikia pagalb\u0105, atstato raumen\u0173 skaidulas ir suma\u017eina nuovargio jausm\u0105.<\/p>\n<p>Kokteilyje n\u0117ra sojos, glitimo, cukraus, konservant\u0173, da\u017eikli\u0173 ir sintetini\u0173 premiks\u0173. Produkte yra did\u017eiausias nat\u016brali\u0173 komponent\u0173 kiekis, \u012fskaitant amino r\u016bg\u0161tis. Malon\u0173 skon\u012f kokteiliui suteikia nat\u016bralus saldiklis \u2013 stevia ekstraktas, taip pat smulkintos uogos ir spanguoli\u0173 sultys.<\/p>\n<p>Vienoje porcijoje \u2013 11 gram\u0173 baltym\u0173 ir tik 50 kilokalorij\u0173! Su \u0161iuo kokteiliu J\u016bs\u0173 svoris bus normalus, o sveikata bus puiki!<\/p>\n<p><strong>Vartojimas:<\/strong> 2-2,5 \u0161auk\u0161telio (17-20 g) sauso produkto, kruop\u0161\u010diai sumai\u0161ykite 200 ml. nugriebto pieno, kambario temperat\u016broje. Galite naudoti blender\u012f arba tiande plaktuv\u0105.<\/p>\n","protected":false},"excerpt":{"rendered":"<p>\u00a0Earn 38 points worth \u00a31.90 when buying this product Kuris organas da\u017eniausiai ken\u010dia nuo antsvorio, aktyvaus gyvenimo b\u016bdo ir sunki\u0173 treniruo\u010di\u0173? \u0160irdis! Siekdama palaikyti jos darb\u0105, palengvinti svorio ma\u017einimo proces\u0105 ir pasiekti puiki\u0173 sportini\u0173 rezultat\u0173, tiande kompanija suk\u016br\u0117 &#8222;Slim Cardi Mix&#8221;. Jo sud\u0117tyje auk\u0161tos kokyb\u0117s baltym\u0173 optimalus santykis: 55% i\u0161r\u016bg\u0173 ir 45% saul\u0117gr\u0105\u017e\u0173. &#8222;Slim Cardi [&#8230;]\n","protected":false},"featured_media":3130,"comment_status":"closed","ping_status":"closed","template":"","meta":[],"product_cat":[719,718],"product_tag":[],"class_list":{"0":"post-3606","1":"product","2":"type-product","3":"status-publish","4":"has-post-thumbnail","6":"product_cat-active-life-lt","7":"product_cat-sveikata-lt","9":"first","10":"outofstock","11":"shipping-taxable","12":"purchasable","13":"product-type-simple"},"yoast_head":"<!-- This site is optimized with the Yoast SEO plugin v23.6 - https:\/\/yoast.com\/wordpress\/plugins\/seo\/ -->\n<title>Baltyminis kokteilis &quot;SLIM BEAUTY MIX&quot; (transformacija) 300g - TianDe Online Shop - Beauty &amp; Health<\/title>\n<meta name=\"robots\" content=\"index, follow, max-snippet:-1, max-image-preview:large, max-video-preview:-1\" \/>\n<link rel=\"canonical\" href=\"https:\/\/tiandeproducts.co.uk\/lt\/baltyminis-kokteilis-slim-beauty-mix-transformacija-300g\/\" \/>\n<meta property=\"og:locale\" content=\"lt_LT\" \/>\n<meta property=\"og:type\" content=\"article\" \/>\n<meta property=\"og:title\" content=\"Baltyminis kokteilis &quot;SLIM BEAUTY MIX&quot; (transformacija) 300g - TianDe Online Shop - Beauty &amp; Health\" \/>\n<meta property=\"og:description\" content=\"\u00a0Earn 38 points worth \u00a31.90 when buying this product Kuris organas da\u017eniausiai ken\u010dia nuo antsvorio, aktyvaus gyvenimo b\u016bdo ir sunki\u0173 treniruo\u010di\u0173? \u0160irdis! Siekdama palaikyti jos darb\u0105, palengvinti svorio ma\u017einimo proces\u0105 ir pasiekti puiki\u0173 sportini\u0173 rezultat\u0173, tiande kompanija suk\u016br\u0117 &#8222;Slim Cardi Mix&#8221;. Jo sud\u0117tyje auk\u0161tos kokyb\u0117s baltym\u0173 optimalus santykis: 55% i\u0161r\u016bg\u0173 ir 45% saul\u0117gr\u0105\u017e\u0173. &#8222;Slim Cardi [...]\" \/>\n<meta property=\"og:url\" content=\"https:\/\/tiandeproducts.co.uk\/lt\/baltyminis-kokteilis-slim-beauty-mix-transformacija-300g\/\" \/>\n<meta property=\"og:site_name\" content=\"TianDe Online Shop - Beauty &amp; Health\" \/>\n<meta property=\"article:publisher\" content=\"https:\/\/www.facebook.com\/tiande.products.england\/\" \/>\n<meta property=\"article:modified_time\" content=\"2021-02-12T11:13:45+00:00\" \/>\n<meta property=\"og:image\" content=\"https:\/\/tiandeproducts.co.uk\/wp-content\/uploads\/195421.png\" \/>\n\t<meta property=\"og:image:width\" content=\"1772\" \/>\n\t<meta property=\"og:image:height\" content=\"1926\" \/>\n\t<meta property=\"og:image:type\" content=\"image\/png\" \/>\n<meta name=\"twitter:card\" content=\"summary_large_image\" \/>\n<meta name=\"twitter:label1\" content=\"Est. reading time\" \/>\n\t<meta name=\"twitter:data1\" content=\"1 minut\u0117\" \/>\n<script type=\"application\/ld+json\" class=\"yoast-schema-graph\">{\"@context\":\"https:\/\/schema.org\",\"@graph\":[{\"@type\":\"WebPage\",\"@id\":\"https:\/\/tiandeproducts.co.uk\/lt\/baltyminis-kokteilis-slim-beauty-mix-transformacija-300g\/\",\"url\":\"https:\/\/tiandeproducts.co.uk\/lt\/baltyminis-kokteilis-slim-beauty-mix-transformacija-300g\/\",\"name\":\"Baltyminis kokteilis \\\"SLIM BEAUTY MIX\\\" (transformacija) 300g - TianDe Online Shop - Beauty &amp; Health\",\"isPartOf\":{\"@id\":\"https:\/\/tiandeproducts.co.uk\/#website\"},\"primaryImageOfPage\":{\"@id\":\"https:\/\/tiandeproducts.co.uk\/lt\/baltyminis-kokteilis-slim-beauty-mix-transformacija-300g\/#primaryimage\"},\"image\":{\"@id\":\"https:\/\/tiandeproducts.co.uk\/lt\/baltyminis-kokteilis-slim-beauty-mix-transformacija-300g\/#primaryimage\"},\"thumbnailUrl\":\"https:\/\/tiandeproducts.co.uk\/wp-content\/uploads\/195421.png\",\"datePublished\":\"2019-07-17T11:45:34+00:00\",\"dateModified\":\"2021-02-12T11:13:45+00:00\",\"breadcrumb\":{\"@id\":\"https:\/\/tiandeproducts.co.uk\/lt\/baltyminis-kokteilis-slim-beauty-mix-transformacija-300g\/#breadcrumb\"},\"inLanguage\":\"lt-LT\",\"potentialAction\":[{\"@type\":\"ReadAction\",\"target\":[\"https:\/\/tiandeproducts.co.uk\/lt\/baltyminis-kokteilis-slim-beauty-mix-transformacija-300g\/\"]}]},{\"@type\":\"ImageObject\",\"inLanguage\":\"lt-LT\",\"@id\":\"https:\/\/tiandeproducts.co.uk\/lt\/baltyminis-kokteilis-slim-beauty-mix-transformacija-300g\/#primaryimage\",\"url\":\"https:\/\/tiandeproducts.co.uk\/wp-content\/uploads\/195421.png\",\"contentUrl\":\"https:\/\/tiandeproducts.co.uk\/wp-content\/uploads\/195421.png\",\"width\":1772,\"height\":1926},{\"@type\":\"BreadcrumbList\",\"@id\":\"https:\/\/tiandeproducts.co.uk\/lt\/baltyminis-kokteilis-slim-beauty-mix-transformacija-300g\/#breadcrumb\",\"itemListElement\":[{\"@type\":\"ListItem\",\"position\":1,\"name\":\"Home\",\"item\":\"https:\/\/tiandeproducts.co.uk\/lt\/\"},{\"@type\":\"ListItem\",\"position\":2,\"name\":\"Shop\",\"item\":\"https:\/\/tiandeproducts.co.uk\/lt\/shop-2\/\"},{\"@type\":\"ListItem\",\"position\":3,\"name\":\"Baltyminis kokteilis &#8220;SLIM BEAUTY MIX&#8221; (transformacija) 300g\"}]},{\"@type\":\"WebSite\",\"@id\":\"https:\/\/tiandeproducts.co.uk\/#website\",\"url\":\"https:\/\/tiandeproducts.co.uk\/\",\"name\":\"TianDe Online Shop - Beauty & Health\",\"description\":\"Traditional Chinese Medicine\",\"potentialAction\":[{\"@type\":\"SearchAction\",\"target\":{\"@type\":\"EntryPoint\",\"urlTemplate\":\"https:\/\/tiandeproducts.co.uk\/?s={search_term_string}\"},\"query-input\":{\"@type\":\"PropertyValueSpecification\",\"valueRequired\":true,\"valueName\":\"search_term_string\"}}],\"inLanguage\":\"lt-LT\"}]}<\/script>\n<!-- \/ Yoast SEO plugin. -->","yoast_head_json":{"title":"Baltyminis kokteilis \"SLIM BEAUTY MIX\" (transformacija) 300g - TianDe Online Shop - Beauty &amp; Health","robots":{"index":"index","follow":"follow","max-snippet":"max-snippet:-1","max-image-preview":"max-image-preview:large","max-video-preview":"max-video-preview:-1"},"canonical":"https:\/\/tiandeproducts.co.uk\/lt\/baltyminis-kokteilis-slim-beauty-mix-transformacija-300g\/","og_locale":"lt_LT","og_type":"article","og_title":"Baltyminis kokteilis \"SLIM BEAUTY MIX\" (transformacija) 300g - TianDe Online Shop - Beauty &amp; Health","og_description":"\u00a0Earn 38 points worth \u00a31.90 when buying this product Kuris organas da\u017eniausiai ken\u010dia nuo antsvorio, aktyvaus gyvenimo b\u016bdo ir sunki\u0173 treniruo\u010di\u0173? \u0160irdis! Siekdama palaikyti jos darb\u0105, palengvinti svorio ma\u017einimo proces\u0105 ir pasiekti puiki\u0173 sportini\u0173 rezultat\u0173, tiande kompanija suk\u016br\u0117 &#8222;Slim Cardi Mix&#8221;. Jo sud\u0117tyje auk\u0161tos kokyb\u0117s baltym\u0173 optimalus santykis: 55% i\u0161r\u016bg\u0173 ir 45% saul\u0117gr\u0105\u017e\u0173. &#8222;Slim Cardi [...]","og_url":"https:\/\/tiandeproducts.co.uk\/lt\/baltyminis-kokteilis-slim-beauty-mix-transformacija-300g\/","og_site_name":"TianDe Online Shop - Beauty &amp; Health","article_publisher":"https:\/\/www.facebook.com\/tiande.products.england\/","article_modified_time":"2021-02-12T11:13:45+00:00","og_image":[{"width":1772,"height":1926,"url":"https:\/\/tiandeproducts.co.uk\/wp-content\/uploads\/195421.png","type":"image\/png"}],"twitter_card":"summary_large_image","twitter_misc":{"Est. reading time":"1 minut\u0117"},"schema":{"@context":"https:\/\/schema.org","@graph":[{"@type":"WebPage","@id":"https:\/\/tiandeproducts.co.uk\/lt\/baltyminis-kokteilis-slim-beauty-mix-transformacija-300g\/","url":"https:\/\/tiandeproducts.co.uk\/lt\/baltyminis-kokteilis-slim-beauty-mix-transformacija-300g\/","name":"Baltyminis kokteilis \"SLIM BEAUTY MIX\" (transformacija) 300g - TianDe Online Shop - Beauty &amp; Health","isPartOf":{"@id":"https:\/\/tiandeproducts.co.uk\/#website"},"primaryImageOfPage":{"@id":"https:\/\/tiandeproducts.co.uk\/lt\/baltyminis-kokteilis-slim-beauty-mix-transformacija-300g\/#primaryimage"},"image":{"@id":"https:\/\/tiandeproducts.co.uk\/lt\/baltyminis-kokteilis-slim-beauty-mix-transformacija-300g\/#primaryimage"},"thumbnailUrl":"https:\/\/tiandeproducts.co.uk\/wp-content\/uploads\/195421.png","datePublished":"2019-07-17T11:45:34+00:00","dateModified":"2021-02-12T11:13:45+00:00","breadcrumb":{"@id":"https:\/\/tiandeproducts.co.uk\/lt\/baltyminis-kokteilis-slim-beauty-mix-transformacija-300g\/#breadcrumb"},"inLanguage":"lt-LT","potentialAction":[{"@type":"ReadAction","target":["https:\/\/tiandeproducts.co.uk\/lt\/baltyminis-kokteilis-slim-beauty-mix-transformacija-300g\/"]}]},{"@type":"ImageObject","inLanguage":"lt-LT","@id":"https:\/\/tiandeproducts.co.uk\/lt\/baltyminis-kokteilis-slim-beauty-mix-transformacija-300g\/#primaryimage","url":"https:\/\/tiandeproducts.co.uk\/wp-content\/uploads\/195421.png","contentUrl":"https:\/\/tiandeproducts.co.uk\/wp-content\/uploads\/195421.png","width":1772,"height":1926},{"@type":"BreadcrumbList","@id":"https:\/\/tiandeproducts.co.uk\/lt\/baltyminis-kokteilis-slim-beauty-mix-transformacija-300g\/#breadcrumb","itemListElement":[{"@type":"ListItem","position":1,"name":"Home","item":"https:\/\/tiandeproducts.co.uk\/lt\/"},{"@type":"ListItem","position":2,"name":"Shop","item":"https:\/\/tiandeproducts.co.uk\/lt\/shop-2\/"},{"@type":"ListItem","position":3,"name":"Baltyminis kokteilis &#8220;SLIM BEAUTY MIX&#8221; (transformacija) 300g"}]},{"@type":"WebSite","@id":"https:\/\/tiandeproducts.co.uk\/#website","url":"https:\/\/tiandeproducts.co.uk\/","name":"TianDe Online Shop - Beauty & Health","description":"Traditional Chinese Medicine","potentialAction":[{"@type":"SearchAction","target":{"@type":"EntryPoint","urlTemplate":"https:\/\/tiandeproducts.co.uk\/?s={search_term_string}"},"query-input":{"@type":"PropertyValueSpecification","valueRequired":true,"valueName":"search_term_string"}}],"inLanguage":"lt-LT"}]}},"_links":{"self":[{"href":"https:\/\/tiandeproducts.co.uk\/lt\/wp-json\/wp\/v2\/product\/3606","targetHints":{"allow":["GET"]}}],"collection":[{"href":"https:\/\/tiandeproducts.co.uk\/lt\/wp-json\/wp\/v2\/product"}],"about":[{"href":"https:\/\/tiandeproducts.co.uk\/lt\/wp-json\/wp\/v2\/types\/product"}],"replies":[{"embeddable":true,"href":"https:\/\/tiandeproducts.co.uk\/lt\/wp-json\/wp\/v2\/comments?post=3606"}],"wp:featuredmedia":[{"embeddable":true,"href":"https:\/\/tiandeproducts.co.uk\/lt\/wp-json\/wp\/v2\/media\/3130"}],"wp:attachment":[{"href":"https:\/\/tiandeproducts.co.uk\/lt\/wp-json\/wp\/v2\/media?parent=3606"}],"wp:term":[{"taxonomy":"product_cat","embeddable":true,"href":"https:\/\/tiandeproducts.co.uk\/lt\/wp-json\/wp\/v2\/product_cat?post=3606"},{"taxonomy":"product_tag","embeddable":true,"href":"https:\/\/tiandeproducts.co.uk\/lt\/wp-json\/wp\/v2\/product_tag?post=3606"}],"curies":[{"name":"wp","href":"https:\/\/api.w.org\/{rel}","templated":true}]}}