{"id":3605,"date":"2018-11-22T10:50:40","date_gmt":"2018-11-22T10:50:40","guid":{"rendered":"https:\/\/tnd.ontesting.co.uk\/baltyminis-kokteilis-slim-beauty-mix-transformacija-sokoladinio-skonio-300g\/"},"modified":"2021-02-12T11:37:36","modified_gmt":"2021-02-12T11:37:36","slug":"baltyminis-kokteilis-slim-beauty-mix-transformacija-sokoladinio-skonio-300g","status":"publish","type":"product","link":"https:\/\/tiandeproducts.co.uk\/lt\/baltyminis-kokteilis-slim-beauty-mix-transformacija-sokoladinio-skonio-300g\/","title":{"rendered":"Baltyminis kokteilis &#8222;SLIM BEAUTY MIX&#8221; &#8211; transformacija (\u0161okoladinio skonio) 300g"},"content":{"rendered":"<p><img decoding=\"async\" style=\"max-width: 16px; margin-right: 5px;\" src=\"https:\/\/tiandeproducts.co.uk\/wp-content\/uploads\/points-green.svg\" \/>\u00a0Earn 33 points worth \u00a31.65 when buying this product<\/p>\n<p>M\u0117gstate saldumynus? Ypatingai vakare? O Jums taip svarbu i\u0161laikyti savo k\u016bno linijas be prid\u0117tini\u0173 kilogram\u0173? Sportuojate? J\u016bs\u0173 tikslas \u2013 numesti svorio?<br \/>\n<span class=\"text_exposed_show\">Dabar lengva pasiekti vis\u0173 savo tiksl\u0173, net nereikia atsisakyti savo m\u0117gstamo deserto. &#8222;Slim Beauty Mix&#8221; \u0161okoladinio skonio yra puikus derinys: skonis ir nauda. Jo sud\u0117tyje auk\u0161tos kokyb\u0117s baltym\u0173 optimalus santykis: 55% i\u0161r\u016bg\u0173 ir 45% saul\u0117gr\u0105\u017e\u0173.<br \/>\nKokteilyje n\u0117ra sojos, glitimo, cukraus, konservant\u0173, da\u017eikli\u0173 ir sintetini\u0173 premiks\u0173. Produkte yra did\u017eiausias nat\u016brali\u0173 komponent\u0173 kiekis, \u012fskaitant amino r\u016bg\u0161tis. Malon\u0173 skon\u012f kokteiliui suteikia nat\u016bralus saldiklis \u2013 stevia ekstraktas.<br \/>\nVienoje porcijoje \u2013 11 gram\u0173 baltym\u0173 ir tik 50 kilokalorij\u0173! Su \u0161iuo kokteiliu J\u016bs\u0173 svoris bus normalus, o sveikata bus puiki!<br \/>\nKam rekomenduojamas \u0161is kokteilis?<br \/>\n\u2013 sportininkams (tiek profesionalams, tiek m\u0117g\u0117jams). Kokteilyje yra nat\u016brali\u0173 aminor\u016bg\u0161\u010di\u0173, \u012fskaitant optimal\u0173 kiek\u012f svarbiausi\u0173 ir b\u016btin\u0173 k\u016bno formavimui \u2013 BCAA. \u0160is aminor\u016bg\u0161\u010di\u0173 kompleksas \u2013 leucinas, izoleucinas ir valinas, palaiko k\u016bn\u0105 esant stresui ir padeda sustiprinti raumenis. BCAA aminor\u016bg\u0161tys pirmosios teikia j\u0117gos k\u016bnui treniruo\u010di\u0173 metu ir pirmieji skuba \u012f pagalb\u0105, atstatant raumen\u0173 skaidulas ir suma\u017einant nuovargio jausm\u0105 po treniruo\u010di\u0173.<br \/>\n\u2013 tiems, kurie turi antsvor\u012f, negali intensyviai jud\u0117ti \u2013 &#8222;Slim Beauty Mix&#8221; suteiks galing\u0105 impuls\u0105 svorio ma\u017einimui.<br \/>\n\u2013 tiems, kurie nori atsikratyti perteklinio svorio, bet m\u0117gsta daug ir sald\u017eiai pavalgyti \u2013 &#8222;Slim Mix TianDe&#8221; aktyv\u016bs komponentai ma\u017eins alk\u012f ir saldumyn\u0173 tro\u0161kim\u0105.<br \/>\n\u2013 jaunimui\/studentams. &#8222;Slim Mix&#8221; suteikia mitybai tinkam\u0173 baltym\u0173, padeda formuoti gra\u017ei\u0105, tinkam\u0105 fig\u016br\u0105.<br \/>\n\u2013 pagyvenusiems \u017emon\u0117ms. Paprastai j\u0173 mityboje n\u0117ra pakankamai gyvulin\u0117s kilm\u0117s baltym\u0173, tod\u0117l \u0161is kokteilis gali papildyti naudingais baltymais.<br \/>\n\u2013 visiems! Baltymai \u2013 m\u016bs\u0173 k\u016bno statybin\u0117 med\u017eiaga!<\/span><\/p>\n<p><strong>Vartojimas:<\/strong> 2-2,5 \u0161auk\u0161telio (17-20 g) sauso produkto, kruop\u0161\u010diai sumai\u0161ykite 200 ml. nugriebto pieno, kambario temperat\u016broje. Galite naudoti blender\u012f arba tiande plaktuv\u0105.<\/p>\n","protected":false},"excerpt":{"rendered":"<p>\u00a0Earn 33 points worth \u00a31.65 when buying this product M\u0117gstate saldumynus? Ypatingai vakare? O Jums taip svarbu i\u0161laikyti savo k\u016bno linijas be prid\u0117tini\u0173 kilogram\u0173? Sportuojate? J\u016bs\u0173 tikslas \u2013 numesti svorio? Dabar lengva pasiekti vis\u0173 savo tiksl\u0173, net nereikia atsisakyti savo m\u0117gstamo deserto. &#8222;Slim Beauty Mix&#8221; \u0161okoladinio skonio yra puikus derinys: skonis ir nauda. Jo sud\u0117tyje [&#8230;]\n","protected":false},"featured_media":15881,"comment_status":"closed","ping_status":"closed","template":"","meta":[],"product_cat":[719,725,1361,718],"product_tag":[],"class_list":{"0":"post-3605","1":"product","2":"type-product","3":"status-publish","4":"has-post-thumbnail","6":"product_cat-active-life-lt","7":"product_cat-maisto-papildaivitaminai","8":"product_cat-sveikas-maistas","9":"product_cat-sveikata-lt","11":"first","12":"outofstock","13":"shipping-taxable","14":"purchasable","15":"product-type-simple"},"yoast_head":"<!-- This site is optimized with the Yoast SEO plugin v23.6 - https:\/\/yoast.com\/wordpress\/plugins\/seo\/ -->\n<title>Baltyminis kokteilis &quot;SLIM BEAUTY MIX&quot; - transformacija (\u0161okoladinio skonio) 300g - TianDe Online Shop - Beauty &amp; Health<\/title>\n<meta name=\"robots\" content=\"index, follow, max-snippet:-1, max-image-preview:large, max-video-preview:-1\" \/>\n<link rel=\"canonical\" href=\"https:\/\/tiandeproducts.co.uk\/lt\/baltyminis-kokteilis-slim-beauty-mix-transformacija-sokoladinio-skonio-300g\/\" \/>\n<meta property=\"og:locale\" content=\"lt_LT\" \/>\n<meta property=\"og:type\" content=\"article\" \/>\n<meta property=\"og:title\" content=\"Baltyminis kokteilis &quot;SLIM BEAUTY MIX&quot; - transformacija (\u0161okoladinio skonio) 300g - TianDe Online Shop - Beauty &amp; Health\" \/>\n<meta property=\"og:description\" content=\"\u00a0Earn 33 points worth \u00a31.65 when buying this product M\u0117gstate saldumynus? Ypatingai vakare? O Jums taip svarbu i\u0161laikyti savo k\u016bno linijas be prid\u0117tini\u0173 kilogram\u0173? Sportuojate? J\u016bs\u0173 tikslas \u2013 numesti svorio? Dabar lengva pasiekti vis\u0173 savo tiksl\u0173, net nereikia atsisakyti savo m\u0117gstamo deserto. &#8222;Slim Beauty Mix&#8221; \u0161okoladinio skonio yra puikus derinys: skonis ir nauda. Jo sud\u0117tyje [...]\" \/>\n<meta property=\"og:url\" content=\"https:\/\/tiandeproducts.co.uk\/lt\/baltyminis-kokteilis-slim-beauty-mix-transformacija-sokoladinio-skonio-300g\/\" \/>\n<meta property=\"og:site_name\" content=\"TianDe Online Shop - Beauty &amp; Health\" \/>\n<meta property=\"article:publisher\" content=\"https:\/\/www.facebook.com\/tiande.products.england\/\" \/>\n<meta property=\"article:modified_time\" content=\"2021-02-12T11:37:36+00:00\" \/>\n<meta property=\"og:image\" content=\"https:\/\/tiandeproducts.co.uk\/wp-content\/uploads\/195450.png\" \/>\n\t<meta property=\"og:image:width\" content=\"700\" \/>\n\t<meta property=\"og:image:height\" content=\"700\" \/>\n\t<meta property=\"og:image:type\" content=\"image\/png\" \/>\n<meta name=\"twitter:card\" content=\"summary_large_image\" \/>\n<meta name=\"twitter:label1\" content=\"Est. reading time\" \/>\n\t<meta name=\"twitter:data1\" content=\"2 minut\u0117s\" \/>\n<script type=\"application\/ld+json\" class=\"yoast-schema-graph\">{\"@context\":\"https:\/\/schema.org\",\"@graph\":[{\"@type\":\"WebPage\",\"@id\":\"https:\/\/tiandeproducts.co.uk\/lt\/baltyminis-kokteilis-slim-beauty-mix-transformacija-sokoladinio-skonio-300g\/\",\"url\":\"https:\/\/tiandeproducts.co.uk\/lt\/baltyminis-kokteilis-slim-beauty-mix-transformacija-sokoladinio-skonio-300g\/\",\"name\":\"Baltyminis kokteilis \\\"SLIM BEAUTY MIX\\\" - transformacija (\u0161okoladinio skonio) 300g - TianDe Online Shop - Beauty &amp; Health\",\"isPartOf\":{\"@id\":\"https:\/\/tiandeproducts.co.uk\/#website\"},\"primaryImageOfPage\":{\"@id\":\"https:\/\/tiandeproducts.co.uk\/lt\/baltyminis-kokteilis-slim-beauty-mix-transformacija-sokoladinio-skonio-300g\/#primaryimage\"},\"image\":{\"@id\":\"https:\/\/tiandeproducts.co.uk\/lt\/baltyminis-kokteilis-slim-beauty-mix-transformacija-sokoladinio-skonio-300g\/#primaryimage\"},\"thumbnailUrl\":\"https:\/\/tiandeproducts.co.uk\/wp-content\/uploads\/195450.png\",\"datePublished\":\"2018-11-22T10:50:40+00:00\",\"dateModified\":\"2021-02-12T11:37:36+00:00\",\"breadcrumb\":{\"@id\":\"https:\/\/tiandeproducts.co.uk\/lt\/baltyminis-kokteilis-slim-beauty-mix-transformacija-sokoladinio-skonio-300g\/#breadcrumb\"},\"inLanguage\":\"lt-LT\",\"potentialAction\":[{\"@type\":\"ReadAction\",\"target\":[\"https:\/\/tiandeproducts.co.uk\/lt\/baltyminis-kokteilis-slim-beauty-mix-transformacija-sokoladinio-skonio-300g\/\"]}]},{\"@type\":\"ImageObject\",\"inLanguage\":\"lt-LT\",\"@id\":\"https:\/\/tiandeproducts.co.uk\/lt\/baltyminis-kokteilis-slim-beauty-mix-transformacija-sokoladinio-skonio-300g\/#primaryimage\",\"url\":\"https:\/\/tiandeproducts.co.uk\/wp-content\/uploads\/195450.png\",\"contentUrl\":\"https:\/\/tiandeproducts.co.uk\/wp-content\/uploads\/195450.png\",\"width\":700,\"height\":700},{\"@type\":\"BreadcrumbList\",\"@id\":\"https:\/\/tiandeproducts.co.uk\/lt\/baltyminis-kokteilis-slim-beauty-mix-transformacija-sokoladinio-skonio-300g\/#breadcrumb\",\"itemListElement\":[{\"@type\":\"ListItem\",\"position\":1,\"name\":\"Home\",\"item\":\"https:\/\/tiandeproducts.co.uk\/lt\/\"},{\"@type\":\"ListItem\",\"position\":2,\"name\":\"Shop\",\"item\":\"https:\/\/tiandeproducts.co.uk\/lt\/shop-2\/\"},{\"@type\":\"ListItem\",\"position\":3,\"name\":\"Baltyminis kokteilis &#8220;SLIM BEAUTY MIX&#8221; &#8211; transformacija (\u0161okoladinio skonio) 300g\"}]},{\"@type\":\"WebSite\",\"@id\":\"https:\/\/tiandeproducts.co.uk\/#website\",\"url\":\"https:\/\/tiandeproducts.co.uk\/\",\"name\":\"TianDe Online Shop - Beauty & Health\",\"description\":\"Traditional Chinese Medicine\",\"potentialAction\":[{\"@type\":\"SearchAction\",\"target\":{\"@type\":\"EntryPoint\",\"urlTemplate\":\"https:\/\/tiandeproducts.co.uk\/?s={search_term_string}\"},\"query-input\":{\"@type\":\"PropertyValueSpecification\",\"valueRequired\":true,\"valueName\":\"search_term_string\"}}],\"inLanguage\":\"lt-LT\"}]}<\/script>\n<!-- \/ Yoast SEO plugin. -->","yoast_head_json":{"title":"Baltyminis kokteilis \"SLIM BEAUTY MIX\" - transformacija (\u0161okoladinio skonio) 300g - TianDe Online Shop - Beauty &amp; Health","robots":{"index":"index","follow":"follow","max-snippet":"max-snippet:-1","max-image-preview":"max-image-preview:large","max-video-preview":"max-video-preview:-1"},"canonical":"https:\/\/tiandeproducts.co.uk\/lt\/baltyminis-kokteilis-slim-beauty-mix-transformacija-sokoladinio-skonio-300g\/","og_locale":"lt_LT","og_type":"article","og_title":"Baltyminis kokteilis \"SLIM BEAUTY MIX\" - transformacija (\u0161okoladinio skonio) 300g - TianDe Online Shop - Beauty &amp; Health","og_description":"\u00a0Earn 33 points worth \u00a31.65 when buying this product M\u0117gstate saldumynus? Ypatingai vakare? O Jums taip svarbu i\u0161laikyti savo k\u016bno linijas be prid\u0117tini\u0173 kilogram\u0173? Sportuojate? J\u016bs\u0173 tikslas \u2013 numesti svorio? Dabar lengva pasiekti vis\u0173 savo tiksl\u0173, net nereikia atsisakyti savo m\u0117gstamo deserto. &#8222;Slim Beauty Mix&#8221; \u0161okoladinio skonio yra puikus derinys: skonis ir nauda. Jo sud\u0117tyje [...]","og_url":"https:\/\/tiandeproducts.co.uk\/lt\/baltyminis-kokteilis-slim-beauty-mix-transformacija-sokoladinio-skonio-300g\/","og_site_name":"TianDe Online Shop - Beauty &amp; Health","article_publisher":"https:\/\/www.facebook.com\/tiande.products.england\/","article_modified_time":"2021-02-12T11:37:36+00:00","og_image":[{"width":700,"height":700,"url":"https:\/\/tiandeproducts.co.uk\/wp-content\/uploads\/195450.png","type":"image\/png"}],"twitter_card":"summary_large_image","twitter_misc":{"Est. reading time":"2 minut\u0117s"},"schema":{"@context":"https:\/\/schema.org","@graph":[{"@type":"WebPage","@id":"https:\/\/tiandeproducts.co.uk\/lt\/baltyminis-kokteilis-slim-beauty-mix-transformacija-sokoladinio-skonio-300g\/","url":"https:\/\/tiandeproducts.co.uk\/lt\/baltyminis-kokteilis-slim-beauty-mix-transformacija-sokoladinio-skonio-300g\/","name":"Baltyminis kokteilis \"SLIM BEAUTY MIX\" - transformacija (\u0161okoladinio skonio) 300g - TianDe Online Shop - Beauty &amp; Health","isPartOf":{"@id":"https:\/\/tiandeproducts.co.uk\/#website"},"primaryImageOfPage":{"@id":"https:\/\/tiandeproducts.co.uk\/lt\/baltyminis-kokteilis-slim-beauty-mix-transformacija-sokoladinio-skonio-300g\/#primaryimage"},"image":{"@id":"https:\/\/tiandeproducts.co.uk\/lt\/baltyminis-kokteilis-slim-beauty-mix-transformacija-sokoladinio-skonio-300g\/#primaryimage"},"thumbnailUrl":"https:\/\/tiandeproducts.co.uk\/wp-content\/uploads\/195450.png","datePublished":"2018-11-22T10:50:40+00:00","dateModified":"2021-02-12T11:37:36+00:00","breadcrumb":{"@id":"https:\/\/tiandeproducts.co.uk\/lt\/baltyminis-kokteilis-slim-beauty-mix-transformacija-sokoladinio-skonio-300g\/#breadcrumb"},"inLanguage":"lt-LT","potentialAction":[{"@type":"ReadAction","target":["https:\/\/tiandeproducts.co.uk\/lt\/baltyminis-kokteilis-slim-beauty-mix-transformacija-sokoladinio-skonio-300g\/"]}]},{"@type":"ImageObject","inLanguage":"lt-LT","@id":"https:\/\/tiandeproducts.co.uk\/lt\/baltyminis-kokteilis-slim-beauty-mix-transformacija-sokoladinio-skonio-300g\/#primaryimage","url":"https:\/\/tiandeproducts.co.uk\/wp-content\/uploads\/195450.png","contentUrl":"https:\/\/tiandeproducts.co.uk\/wp-content\/uploads\/195450.png","width":700,"height":700},{"@type":"BreadcrumbList","@id":"https:\/\/tiandeproducts.co.uk\/lt\/baltyminis-kokteilis-slim-beauty-mix-transformacija-sokoladinio-skonio-300g\/#breadcrumb","itemListElement":[{"@type":"ListItem","position":1,"name":"Home","item":"https:\/\/tiandeproducts.co.uk\/lt\/"},{"@type":"ListItem","position":2,"name":"Shop","item":"https:\/\/tiandeproducts.co.uk\/lt\/shop-2\/"},{"@type":"ListItem","position":3,"name":"Baltyminis kokteilis &#8220;SLIM BEAUTY MIX&#8221; &#8211; transformacija (\u0161okoladinio skonio) 300g"}]},{"@type":"WebSite","@id":"https:\/\/tiandeproducts.co.uk\/#website","url":"https:\/\/tiandeproducts.co.uk\/","name":"TianDe Online Shop - Beauty & Health","description":"Traditional Chinese Medicine","potentialAction":[{"@type":"SearchAction","target":{"@type":"EntryPoint","urlTemplate":"https:\/\/tiandeproducts.co.uk\/?s={search_term_string}"},"query-input":{"@type":"PropertyValueSpecification","valueRequired":true,"valueName":"search_term_string"}}],"inLanguage":"lt-LT"}]}},"_links":{"self":[{"href":"https:\/\/tiandeproducts.co.uk\/lt\/wp-json\/wp\/v2\/product\/3605","targetHints":{"allow":["GET"]}}],"collection":[{"href":"https:\/\/tiandeproducts.co.uk\/lt\/wp-json\/wp\/v2\/product"}],"about":[{"href":"https:\/\/tiandeproducts.co.uk\/lt\/wp-json\/wp\/v2\/types\/product"}],"replies":[{"embeddable":true,"href":"https:\/\/tiandeproducts.co.uk\/lt\/wp-json\/wp\/v2\/comments?post=3605"}],"wp:featuredmedia":[{"embeddable":true,"href":"https:\/\/tiandeproducts.co.uk\/lt\/wp-json\/wp\/v2\/media\/15881"}],"wp:attachment":[{"href":"https:\/\/tiandeproducts.co.uk\/lt\/wp-json\/wp\/v2\/media?parent=3605"}],"wp:term":[{"taxonomy":"product_cat","embeddable":true,"href":"https:\/\/tiandeproducts.co.uk\/lt\/wp-json\/wp\/v2\/product_cat?post=3605"},{"taxonomy":"product_tag","embeddable":true,"href":"https:\/\/tiandeproducts.co.uk\/lt\/wp-json\/wp\/v2\/product_tag?post=3605"}],"curies":[{"name":"wp","href":"https:\/\/api.w.org\/{rel}","templated":true}]}}