{"id":3600,"date":"2016-04-03T15:29:16","date_gmt":"2016-04-03T14:29:16","guid":{"rendered":"https:\/\/tnd.ontesting.co.uk\/atstatomasis-serumas-kapsulese-corrective-serum%e2%80%8b-36-vnt-07-g\/"},"modified":"2020-01-01T21:22:29","modified_gmt":"2020-01-01T21:22:29","slug":"atstatomasis-serumas-kapsulese-corrective-serum%e2%80%8b-36-vnt-07-g","status":"publish","type":"product","link":"https:\/\/tiandeproducts.co.uk\/lt\/atstatomasis-serumas-kapsulese-corrective-serum%e2%80%8b-36-vnt-07-g\/","title":{"rendered":"Atstatomasis serumas kapsul\u0117se \u201eCorrective Serum\u201c\u200b 36 vnt. 0,7 g."},"content":{"rendered":"<p>Ypatingai aktyvus kompleksas, kurio pagrind\u0105 sudaro prabang\u016bs nat\u016bral\u016bs komponentai, prasiskverbia giliai \u012f od\u0105, skatina odos atsinaujinimo procesus, greitina kolageno gamyb\u0105, garantuoja pilnavert\u0119 prie\u017ei\u016br\u0105. Intensyviai jaunina od\u0105, lygina rauk\u0161les, didina odos elastingum\u0105 ir stangrum\u0105. Rekomenduojama naudoti, siekiant sugr\u0105\u017einti veido odai jaunatvi\u0161k\u0105 spalv\u0105 ir tonus\u0105.<\/p>\n<p><strong>Naudojimas:<\/strong> tepti 1-2 kartus per dien\u0105 siekiant vienkartinio efekto,\u00a0<span id=\"result_box\" lang=\"lt\">kai b\u016btina skubiai atstatyti odos tonus\u0105 ir suma\u017einti nuovargio \u017eymes<\/span>\u00a0arba 10-15 dien\u0173 kompleksiniais kursais kartu su kremu ar kauke 3-4 kartus per metus.<\/p>\n","protected":false},"excerpt":{"rendered":"<p>Ypatingai aktyvus kompleksas, kurio pagrind\u0105 sudaro prabang\u016bs nat\u016bral\u016bs komponentai, prasiskverbia giliai \u012f od\u0105, skatina odos atsinaujinimo procesus, greitina kolageno gamyb\u0105, garantuoja pilnavert\u0119 prie\u017ei\u016br\u0105. Intensyviai jaunina od\u0105, lygina rauk\u0161les, didina odos elastingum\u0105 ir stangrum\u0105. Rekomenduojama naudoti, siekiant sugr\u0105\u017einti veido odai jaunatvi\u0161k\u0105 spalv\u0105 ir tonus\u0105. Naudojimas: tepti 1-2 kartus per dien\u0105 siekiant vienkartinio efekto,\u00a0kai b\u016btina skubiai atstatyti [&#8230;]\n","protected":false},"featured_media":334,"comment_status":"closed","ping_status":"closed","template":"","meta":[],"product_cat":[524,539,567,606,506],"product_tag":[],"class_list":{"0":"post-3600","1":"product","2":"type-product","3":"status-publish","4":"has-post-thumbnail","6":"product_cat-brandziai-odai","7":"product_cat-corrective-serum-lt","8":"product_cat-drekinimas-ir-maitinimas","9":"product_cat-papildoma-odos-prieziura","10":"product_cat-veidui","12":"first","13":"instock","14":"shipping-taxable","15":"purchasable","16":"product-type-simple"},"yoast_head":"<!-- This site is optimized with the Yoast SEO plugin v23.6 - https:\/\/yoast.com\/wordpress\/plugins\/seo\/ -->\n<title>Atstatomasis serumas kapsul\u0117se \u201eCorrective Serum\u201c\u200b 36 vnt. 0,7 g. - TianDe Online Shop - Beauty &amp; Health<\/title>\n<meta name=\"robots\" content=\"index, follow, max-snippet:-1, max-image-preview:large, max-video-preview:-1\" \/>\n<link rel=\"canonical\" href=\"https:\/\/tiandeproducts.co.uk\/lt\/atstatomasis-serumas-kapsulese-corrective-serum\u200b-36-vnt-07-g\/\" \/>\n<meta property=\"og:locale\" content=\"lt_LT\" \/>\n<meta property=\"og:type\" content=\"article\" \/>\n<meta property=\"og:title\" content=\"Atstatomasis serumas kapsul\u0117se \u201eCorrective Serum\u201c\u200b 36 vnt. 0,7 g. - TianDe Online Shop - Beauty &amp; Health\" \/>\n<meta property=\"og:description\" content=\"Ypatingai aktyvus kompleksas, kurio pagrind\u0105 sudaro prabang\u016bs nat\u016bral\u016bs komponentai, prasiskverbia giliai \u012f od\u0105, skatina odos atsinaujinimo procesus, greitina kolageno gamyb\u0105, garantuoja pilnavert\u0119 prie\u017ei\u016br\u0105. Intensyviai jaunina od\u0105, lygina rauk\u0161les, didina odos elastingum\u0105 ir stangrum\u0105. Rekomenduojama naudoti, siekiant sugr\u0105\u017einti veido odai jaunatvi\u0161k\u0105 spalv\u0105 ir tonus\u0105. Naudojimas: tepti 1-2 kartus per dien\u0105 siekiant vienkartinio efekto,\u00a0kai b\u016btina skubiai atstatyti [...]\" \/>\n<meta property=\"og:url\" content=\"https:\/\/tiandeproducts.co.uk\/lt\/atstatomasis-serumas-kapsulese-corrective-serum\u200b-36-vnt-07-g\/\" \/>\n<meta property=\"og:site_name\" content=\"TianDe Online Shop - Beauty &amp; Health\" \/>\n<meta property=\"article:publisher\" content=\"https:\/\/www.facebook.com\/tiande.products.england\/\" \/>\n<meta property=\"article:modified_time\" content=\"2020-01-01T21:22:29+00:00\" \/>\n<meta property=\"og:image\" content=\"https:\/\/tiandeproducts.co.uk\/wp-content\/uploads\/2016\/04\/10101_new.png\" \/>\n\t<meta property=\"og:image:width\" content=\"700\" \/>\n\t<meta property=\"og:image:height\" content=\"700\" \/>\n\t<meta property=\"og:image:type\" content=\"image\/png\" \/>\n<meta name=\"twitter:card\" content=\"summary_large_image\" \/>\n<script type=\"application\/ld+json\" class=\"yoast-schema-graph\">{\"@context\":\"https:\/\/schema.org\",\"@graph\":[{\"@type\":\"WebPage\",\"@id\":\"https:\/\/tiandeproducts.co.uk\/lt\/atstatomasis-serumas-kapsulese-corrective-serum%e2%80%8b-36-vnt-07-g\/\",\"url\":\"https:\/\/tiandeproducts.co.uk\/lt\/atstatomasis-serumas-kapsulese-corrective-serum%e2%80%8b-36-vnt-07-g\/\",\"name\":\"Atstatomasis serumas kapsul\u0117se \u201eCorrective Serum\u201c\u200b 36 vnt. 0,7 g. - TianDe Online Shop - Beauty &amp; Health\",\"isPartOf\":{\"@id\":\"https:\/\/tiandeproducts.co.uk\/#website\"},\"primaryImageOfPage\":{\"@id\":\"https:\/\/tiandeproducts.co.uk\/lt\/atstatomasis-serumas-kapsulese-corrective-serum%e2%80%8b-36-vnt-07-g\/#primaryimage\"},\"image\":{\"@id\":\"https:\/\/tiandeproducts.co.uk\/lt\/atstatomasis-serumas-kapsulese-corrective-serum%e2%80%8b-36-vnt-07-g\/#primaryimage\"},\"thumbnailUrl\":\"https:\/\/tiandeproducts.co.uk\/wp-content\/uploads\/2016\/04\/10101_new.png\",\"datePublished\":\"2016-04-03T14:29:16+00:00\",\"dateModified\":\"2020-01-01T21:22:29+00:00\",\"breadcrumb\":{\"@id\":\"https:\/\/tiandeproducts.co.uk\/lt\/atstatomasis-serumas-kapsulese-corrective-serum%e2%80%8b-36-vnt-07-g\/#breadcrumb\"},\"inLanguage\":\"lt-LT\",\"potentialAction\":[{\"@type\":\"ReadAction\",\"target\":[\"https:\/\/tiandeproducts.co.uk\/lt\/atstatomasis-serumas-kapsulese-corrective-serum%e2%80%8b-36-vnt-07-g\/\"]}]},{\"@type\":\"ImageObject\",\"inLanguage\":\"lt-LT\",\"@id\":\"https:\/\/tiandeproducts.co.uk\/lt\/atstatomasis-serumas-kapsulese-corrective-serum%e2%80%8b-36-vnt-07-g\/#primaryimage\",\"url\":\"https:\/\/tiandeproducts.co.uk\/wp-content\/uploads\/2016\/04\/10101_new.png\",\"contentUrl\":\"https:\/\/tiandeproducts.co.uk\/wp-content\/uploads\/2016\/04\/10101_new.png\",\"width\":700,\"height\":700,\"caption\":\"Facial Corrective Serum,Improves Metabolism,36pcs-0\"},{\"@type\":\"BreadcrumbList\",\"@id\":\"https:\/\/tiandeproducts.co.uk\/lt\/atstatomasis-serumas-kapsulese-corrective-serum%e2%80%8b-36-vnt-07-g\/#breadcrumb\",\"itemListElement\":[{\"@type\":\"ListItem\",\"position\":1,\"name\":\"Home\",\"item\":\"https:\/\/tiandeproducts.co.uk\/lt\/\"},{\"@type\":\"ListItem\",\"position\":2,\"name\":\"Shop\",\"item\":\"https:\/\/tiandeproducts.co.uk\/lt\/shop-2\/\"},{\"@type\":\"ListItem\",\"position\":3,\"name\":\"Atstatomasis serumas kapsul\u0117se \u201eCorrective Serum\u201c\u200b 36 vnt. 0,7 g.\"}]},{\"@type\":\"WebSite\",\"@id\":\"https:\/\/tiandeproducts.co.uk\/#website\",\"url\":\"https:\/\/tiandeproducts.co.uk\/\",\"name\":\"TianDe Online Shop - Beauty & Health\",\"description\":\"Traditional Chinese Medicine\",\"potentialAction\":[{\"@type\":\"SearchAction\",\"target\":{\"@type\":\"EntryPoint\",\"urlTemplate\":\"https:\/\/tiandeproducts.co.uk\/?s={search_term_string}\"},\"query-input\":{\"@type\":\"PropertyValueSpecification\",\"valueRequired\":true,\"valueName\":\"search_term_string\"}}],\"inLanguage\":\"lt-LT\"}]}<\/script>\n<!-- \/ Yoast SEO plugin. -->","yoast_head_json":{"title":"Atstatomasis serumas kapsul\u0117se \u201eCorrective Serum\u201c\u200b 36 vnt. 0,7 g. - TianDe Online Shop - Beauty &amp; Health","robots":{"index":"index","follow":"follow","max-snippet":"max-snippet:-1","max-image-preview":"max-image-preview:large","max-video-preview":"max-video-preview:-1"},"canonical":"https:\/\/tiandeproducts.co.uk\/lt\/atstatomasis-serumas-kapsulese-corrective-serum\u200b-36-vnt-07-g\/","og_locale":"lt_LT","og_type":"article","og_title":"Atstatomasis serumas kapsul\u0117se \u201eCorrective Serum\u201c\u200b 36 vnt. 0,7 g. - TianDe Online Shop - Beauty &amp; Health","og_description":"Ypatingai aktyvus kompleksas, kurio pagrind\u0105 sudaro prabang\u016bs nat\u016bral\u016bs komponentai, prasiskverbia giliai \u012f od\u0105, skatina odos atsinaujinimo procesus, greitina kolageno gamyb\u0105, garantuoja pilnavert\u0119 prie\u017ei\u016br\u0105. Intensyviai jaunina od\u0105, lygina rauk\u0161les, didina odos elastingum\u0105 ir stangrum\u0105. Rekomenduojama naudoti, siekiant sugr\u0105\u017einti veido odai jaunatvi\u0161k\u0105 spalv\u0105 ir tonus\u0105. Naudojimas: tepti 1-2 kartus per dien\u0105 siekiant vienkartinio efekto,\u00a0kai b\u016btina skubiai atstatyti [...]","og_url":"https:\/\/tiandeproducts.co.uk\/lt\/atstatomasis-serumas-kapsulese-corrective-serum\u200b-36-vnt-07-g\/","og_site_name":"TianDe Online Shop - Beauty &amp; Health","article_publisher":"https:\/\/www.facebook.com\/tiande.products.england\/","article_modified_time":"2020-01-01T21:22:29+00:00","og_image":[{"width":700,"height":700,"url":"https:\/\/tiandeproducts.co.uk\/wp-content\/uploads\/2016\/04\/10101_new.png","type":"image\/png"}],"twitter_card":"summary_large_image","schema":{"@context":"https:\/\/schema.org","@graph":[{"@type":"WebPage","@id":"https:\/\/tiandeproducts.co.uk\/lt\/atstatomasis-serumas-kapsulese-corrective-serum%e2%80%8b-36-vnt-07-g\/","url":"https:\/\/tiandeproducts.co.uk\/lt\/atstatomasis-serumas-kapsulese-corrective-serum%e2%80%8b-36-vnt-07-g\/","name":"Atstatomasis serumas kapsul\u0117se \u201eCorrective Serum\u201c\u200b 36 vnt. 0,7 g. - TianDe Online Shop - Beauty &amp; Health","isPartOf":{"@id":"https:\/\/tiandeproducts.co.uk\/#website"},"primaryImageOfPage":{"@id":"https:\/\/tiandeproducts.co.uk\/lt\/atstatomasis-serumas-kapsulese-corrective-serum%e2%80%8b-36-vnt-07-g\/#primaryimage"},"image":{"@id":"https:\/\/tiandeproducts.co.uk\/lt\/atstatomasis-serumas-kapsulese-corrective-serum%e2%80%8b-36-vnt-07-g\/#primaryimage"},"thumbnailUrl":"https:\/\/tiandeproducts.co.uk\/wp-content\/uploads\/2016\/04\/10101_new.png","datePublished":"2016-04-03T14:29:16+00:00","dateModified":"2020-01-01T21:22:29+00:00","breadcrumb":{"@id":"https:\/\/tiandeproducts.co.uk\/lt\/atstatomasis-serumas-kapsulese-corrective-serum%e2%80%8b-36-vnt-07-g\/#breadcrumb"},"inLanguage":"lt-LT","potentialAction":[{"@type":"ReadAction","target":["https:\/\/tiandeproducts.co.uk\/lt\/atstatomasis-serumas-kapsulese-corrective-serum%e2%80%8b-36-vnt-07-g\/"]}]},{"@type":"ImageObject","inLanguage":"lt-LT","@id":"https:\/\/tiandeproducts.co.uk\/lt\/atstatomasis-serumas-kapsulese-corrective-serum%e2%80%8b-36-vnt-07-g\/#primaryimage","url":"https:\/\/tiandeproducts.co.uk\/wp-content\/uploads\/2016\/04\/10101_new.png","contentUrl":"https:\/\/tiandeproducts.co.uk\/wp-content\/uploads\/2016\/04\/10101_new.png","width":700,"height":700,"caption":"Facial Corrective Serum,Improves Metabolism,36pcs-0"},{"@type":"BreadcrumbList","@id":"https:\/\/tiandeproducts.co.uk\/lt\/atstatomasis-serumas-kapsulese-corrective-serum%e2%80%8b-36-vnt-07-g\/#breadcrumb","itemListElement":[{"@type":"ListItem","position":1,"name":"Home","item":"https:\/\/tiandeproducts.co.uk\/lt\/"},{"@type":"ListItem","position":2,"name":"Shop","item":"https:\/\/tiandeproducts.co.uk\/lt\/shop-2\/"},{"@type":"ListItem","position":3,"name":"Atstatomasis serumas kapsul\u0117se \u201eCorrective Serum\u201c\u200b 36 vnt. 0,7 g."}]},{"@type":"WebSite","@id":"https:\/\/tiandeproducts.co.uk\/#website","url":"https:\/\/tiandeproducts.co.uk\/","name":"TianDe Online Shop - Beauty & Health","description":"Traditional Chinese Medicine","potentialAction":[{"@type":"SearchAction","target":{"@type":"EntryPoint","urlTemplate":"https:\/\/tiandeproducts.co.uk\/?s={search_term_string}"},"query-input":{"@type":"PropertyValueSpecification","valueRequired":true,"valueName":"search_term_string"}}],"inLanguage":"lt-LT"}]}},"_links":{"self":[{"href":"https:\/\/tiandeproducts.co.uk\/lt\/wp-json\/wp\/v2\/product\/3600","targetHints":{"allow":["GET"]}}],"collection":[{"href":"https:\/\/tiandeproducts.co.uk\/lt\/wp-json\/wp\/v2\/product"}],"about":[{"href":"https:\/\/tiandeproducts.co.uk\/lt\/wp-json\/wp\/v2\/types\/product"}],"replies":[{"embeddable":true,"href":"https:\/\/tiandeproducts.co.uk\/lt\/wp-json\/wp\/v2\/comments?post=3600"}],"wp:featuredmedia":[{"embeddable":true,"href":"https:\/\/tiandeproducts.co.uk\/lt\/wp-json\/wp\/v2\/media\/334"}],"wp:attachment":[{"href":"https:\/\/tiandeproducts.co.uk\/lt\/wp-json\/wp\/v2\/media?parent=3600"}],"wp:term":[{"taxonomy":"product_cat","embeddable":true,"href":"https:\/\/tiandeproducts.co.uk\/lt\/wp-json\/wp\/v2\/product_cat?post=3600"},{"taxonomy":"product_tag","embeddable":true,"href":"https:\/\/tiandeproducts.co.uk\/lt\/wp-json\/wp\/v2\/product_tag?post=3600"}],"curies":[{"name":"wp","href":"https:\/\/api.w.org\/{rel}","templated":true}]}}