{"id":3599,"date":"2016-04-03T15:35:09","date_gmt":"2016-04-03T14:35:09","guid":{"rendered":"https:\/\/tnd.ontesting.co.uk\/atkuriamasis-serumas-kapsulese-odai-aplink-akis-eye-corrective-serum%e2%80%8b-36-vnt-po-07-g\/"},"modified":"2019-12-30T11:14:11","modified_gmt":"2019-12-30T11:14:11","slug":"atkuriamasis-serumas-kapsulese-odai-aplink-akis-eye-corrective-serum%e2%80%8b-36-vnt-po-07-g","status":"publish","type":"product","link":"https:\/\/tiandeproducts.co.uk\/lt\/atkuriamasis-serumas-kapsulese-odai-aplink-akis-eye-corrective-serum%e2%80%8b-36-vnt-po-07-g\/","title":{"rendered":"Atkuriamasis serumas kapsul\u0117se odai aplink akis \u201eEye Corrective Serum\u201c\u200b, 36 vnt. po 0,7 g"},"content":{"rendered":"<p>Atkuriamasis serumas &#8211; pilnavert\u0117, intensyvi, i\u0161skirtinai funkcionali, kompleksin\u0117, maitinamoji, dr\u0117kinamoji ir stangrinamoji priemon\u0117, skirta elastingum\u0105 ir dr\u0117gm\u0119 praradusios odos aplink akis prie\u017ei\u016brai. Serumo sud\u0117tyje gausu biologi\u0161kai aktyvi\u0173 komponent\u0173 koncentrat\u0173, kurie aktyviai stimuliuoja nauj\u0173 l\u0105steli\u0173 gamyb\u0105, skatina kolageno sintez\u0119, lygina rauk\u0161les, pa\u0161alina nuovargio ir streso po\u017eymius, padeda atsikratyti tamsi\u0173 ratil\u0173, gerina odos tekst\u016br\u0105 ir spalv\u0105. Aktyviosios med\u017eiagos giliai prasiskverbia \u012f od\u0105, i\u0161saugo sveik\u0173 l\u0105steli\u0173 jaunyst\u0119, gerina metabolizmo procesus, atitolina odos sen\u0117jim\u0105, apsaugo nuo negatyvaus laisv\u0173j\u0173 radikal\u0173 poveikio. Serumas greitai \u012fsigeria, nepalieka riebaus blizgesio. Be konservant\u0173.<\/p>\n<p>Atkuriamasis serumas yra patogiose ir saugiose gelio kapsul\u0117se (36 vnt.), jos apsaugo veikli\u0105sias med\u017eiagas nuo kontakto su aplinkos ter\u0161alais, mikrobais ar bakterijomis. Visos naudingos med\u017eiagos i\u0161lieka nepa\u017eeistos, taip oda gauna visus reikiamus kosmetinius komponentus, be kuri\u0173 buvo jau\u010diamas diskomfortas.<\/p>\n<p>Oda aplink akis ypa\u010d \u0161velni ir plona, tod\u0117l reikalauja ypatingo d\u0117mesio ir prie\u017ei\u016bros. Jos storis &#8211; 0,55 mm, kaip popieriaus lapas, ant kurio pirmiausia i\u0161ry\u0161k\u0117ja pirmosios rauk\u0161l\u0117s, o nuovargis palieka paburkimus ir juodus ratilus. Su inovatyvios sud\u0117ties koncentruotu paaki\u0173 atkuriamuoju serumu galima \u0161\u012f proces\u0105 sul\u0117tinti ir atgr\u0119\u017eti atgal. Aktyvi\u0173 atjauninan\u010di\u0173 ir dr\u0117kinan\u010di\u0173 komponent\u0173 derinys padovanos j\u016bs\u0173 \u017evilgsniui jaunyst\u0119 ir spindes\u012f.<\/p>\n<p><strong>Naudojimas:<\/strong> Lengvais, \u0161velniais judesiais tap\u0161nokite vienos kapsulyt\u0117s turin\u012f ant \u0161variai nuvalytos ir sausos odos aplink akis. Naudokite 1-2 kartus (ryte ir vakare) per dien\u0105. Galima naudoti ir kaip vienkartin\u0119, papildom\u0105 spec. prie\u017ei\u016bros priemon\u0119, ir ilgesniais kursais, iki pilno odos atstatymo arba reikiamo rezultato. Rekomenduojamas naudojimo kursas &#8211; 10-15 dien\u0173. Maksimalaus efekto pasieksite, jei kurs\u0105 kartokite 3-4 kartus per metus.<\/p>\n","protected":false},"excerpt":{"rendered":"<p>Atkuriamasis serumas &#8211; pilnavert\u0117, intensyvi, i\u0161skirtinai funkcionali, kompleksin\u0117, maitinamoji, dr\u0117kinamoji ir stangrinamoji priemon\u0117, skirta elastingum\u0105 ir dr\u0117gm\u0119 praradusios odos aplink akis prie\u017ei\u016brai. Serumo sud\u0117tyje gausu biologi\u0161kai aktyvi\u0173 komponent\u0173 koncentrat\u0173, kurie aktyviai stimuliuoja nauj\u0173 l\u0105steli\u0173 gamyb\u0105, skatina kolageno sintez\u0119, lygina rauk\u0161les, pa\u0161alina nuovargio ir streso po\u017eymius, padeda atsikratyti tamsi\u0173 ratil\u0173, gerina odos tekst\u016br\u0105 ir spalv\u0105. Aktyviosios [&#8230;]\n","protected":false},"featured_media":339,"comment_status":"closed","ping_status":"closed","template":"","meta":[],"product_cat":[539,560,559,606,506],"product_tag":[],"class_list":{"0":"post-3599","1":"product","2":"type-product","3":"status-publish","4":"has-post-thumbnail","6":"product_cat-corrective-serum-lt","7":"product_cat-paakiu-kremaiserumai","8":"product_cat-paakiu-odos-prieziura","9":"product_cat-papildoma-odos-prieziura","10":"product_cat-veidui","12":"first","13":"instock","14":"shipping-taxable","15":"purchasable","16":"product-type-simple"},"yoast_head":"<!-- This site is optimized with the Yoast SEO plugin v23.6 - https:\/\/yoast.com\/wordpress\/plugins\/seo\/ -->\n<title>Atkuriamasis serumas kapsul\u0117se odai aplink akis \u201eEye Corrective Serum\u201c\u200b, 36 vnt. po 0,7 g - TianDe Online Shop - Beauty &amp; Health<\/title>\n<meta name=\"robots\" content=\"index, follow, max-snippet:-1, max-image-preview:large, max-video-preview:-1\" \/>\n<link rel=\"canonical\" href=\"https:\/\/tiandeproducts.co.uk\/lt\/atkuriamasis-serumas-kapsulese-odai-aplink-akis-eye-corrective-serum\u200b-36-vnt-po-07-g\/\" \/>\n<meta property=\"og:locale\" content=\"lt_LT\" \/>\n<meta property=\"og:type\" content=\"article\" \/>\n<meta property=\"og:title\" content=\"Atkuriamasis serumas kapsul\u0117se odai aplink akis \u201eEye Corrective Serum\u201c\u200b, 36 vnt. po 0,7 g - TianDe Online Shop - Beauty &amp; Health\" \/>\n<meta property=\"og:description\" content=\"Atkuriamasis serumas &#8211; pilnavert\u0117, intensyvi, i\u0161skirtinai funkcionali, kompleksin\u0117, maitinamoji, dr\u0117kinamoji ir stangrinamoji priemon\u0117, skirta elastingum\u0105 ir dr\u0117gm\u0119 praradusios odos aplink akis prie\u017ei\u016brai. Serumo sud\u0117tyje gausu biologi\u0161kai aktyvi\u0173 komponent\u0173 koncentrat\u0173, kurie aktyviai stimuliuoja nauj\u0173 l\u0105steli\u0173 gamyb\u0105, skatina kolageno sintez\u0119, lygina rauk\u0161les, pa\u0161alina nuovargio ir streso po\u017eymius, padeda atsikratyti tamsi\u0173 ratil\u0173, gerina odos tekst\u016br\u0105 ir spalv\u0105. Aktyviosios [...]\" \/>\n<meta property=\"og:url\" content=\"https:\/\/tiandeproducts.co.uk\/lt\/atkuriamasis-serumas-kapsulese-odai-aplink-akis-eye-corrective-serum\u200b-36-vnt-po-07-g\/\" \/>\n<meta property=\"og:site_name\" content=\"TianDe Online Shop - Beauty &amp; Health\" \/>\n<meta property=\"article:publisher\" content=\"https:\/\/www.facebook.com\/tiande.products.england\/\" \/>\n<meta property=\"article:modified_time\" content=\"2019-12-30T11:14:11+00:00\" \/>\n<meta property=\"og:image\" content=\"https:\/\/tiandeproducts.co.uk\/wp-content\/uploads\/2016\/04\/10102_new.png\" \/>\n\t<meta property=\"og:image:width\" content=\"700\" \/>\n\t<meta property=\"og:image:height\" content=\"700\" \/>\n\t<meta property=\"og:image:type\" content=\"image\/png\" \/>\n<meta name=\"twitter:card\" content=\"summary_large_image\" \/>\n<meta name=\"twitter:label1\" content=\"Est. reading time\" \/>\n\t<meta name=\"twitter:data1\" content=\"1 minut\u0117\" \/>\n<script type=\"application\/ld+json\" class=\"yoast-schema-graph\">{\"@context\":\"https:\/\/schema.org\",\"@graph\":[{\"@type\":\"WebPage\",\"@id\":\"https:\/\/tiandeproducts.co.uk\/lt\/atkuriamasis-serumas-kapsulese-odai-aplink-akis-eye-corrective-serum%e2%80%8b-36-vnt-po-07-g\/\",\"url\":\"https:\/\/tiandeproducts.co.uk\/lt\/atkuriamasis-serumas-kapsulese-odai-aplink-akis-eye-corrective-serum%e2%80%8b-36-vnt-po-07-g\/\",\"name\":\"Atkuriamasis serumas kapsul\u0117se odai aplink akis \u201eEye Corrective Serum\u201c\u200b, 36 vnt. po 0,7 g - TianDe Online Shop - Beauty &amp; Health\",\"isPartOf\":{\"@id\":\"https:\/\/tiandeproducts.co.uk\/#website\"},\"primaryImageOfPage\":{\"@id\":\"https:\/\/tiandeproducts.co.uk\/lt\/atkuriamasis-serumas-kapsulese-odai-aplink-akis-eye-corrective-serum%e2%80%8b-36-vnt-po-07-g\/#primaryimage\"},\"image\":{\"@id\":\"https:\/\/tiandeproducts.co.uk\/lt\/atkuriamasis-serumas-kapsulese-odai-aplink-akis-eye-corrective-serum%e2%80%8b-36-vnt-po-07-g\/#primaryimage\"},\"thumbnailUrl\":\"https:\/\/tiandeproducts.co.uk\/wp-content\/uploads\/2016\/04\/10102_new.png\",\"datePublished\":\"2016-04-03T14:35:09+00:00\",\"dateModified\":\"2019-12-30T11:14:11+00:00\",\"breadcrumb\":{\"@id\":\"https:\/\/tiandeproducts.co.uk\/lt\/atkuriamasis-serumas-kapsulese-odai-aplink-akis-eye-corrective-serum%e2%80%8b-36-vnt-po-07-g\/#breadcrumb\"},\"inLanguage\":\"lt-LT\",\"potentialAction\":[{\"@type\":\"ReadAction\",\"target\":[\"https:\/\/tiandeproducts.co.uk\/lt\/atkuriamasis-serumas-kapsulese-odai-aplink-akis-eye-corrective-serum%e2%80%8b-36-vnt-po-07-g\/\"]}]},{\"@type\":\"ImageObject\",\"inLanguage\":\"lt-LT\",\"@id\":\"https:\/\/tiandeproducts.co.uk\/lt\/atkuriamasis-serumas-kapsulese-odai-aplink-akis-eye-corrective-serum%e2%80%8b-36-vnt-po-07-g\/#primaryimage\",\"url\":\"https:\/\/tiandeproducts.co.uk\/wp-content\/uploads\/2016\/04\/10102_new.png\",\"contentUrl\":\"https:\/\/tiandeproducts.co.uk\/wp-content\/uploads\/2016\/04\/10102_new.png\",\"width\":700,\"height\":700,\"caption\":\"Eye Corrective Serum,Moisturizing & Regenerating,36pcs-0\"},{\"@type\":\"BreadcrumbList\",\"@id\":\"https:\/\/tiandeproducts.co.uk\/lt\/atkuriamasis-serumas-kapsulese-odai-aplink-akis-eye-corrective-serum%e2%80%8b-36-vnt-po-07-g\/#breadcrumb\",\"itemListElement\":[{\"@type\":\"ListItem\",\"position\":1,\"name\":\"Home\",\"item\":\"https:\/\/tiandeproducts.co.uk\/lt\/\"},{\"@type\":\"ListItem\",\"position\":2,\"name\":\"Shop\",\"item\":\"https:\/\/tiandeproducts.co.uk\/lt\/shop-2\/\"},{\"@type\":\"ListItem\",\"position\":3,\"name\":\"Atkuriamasis serumas kapsul\u0117se odai aplink akis \u201eEye Corrective Serum\u201c\u200b, 36 vnt. po 0,7 g\"}]},{\"@type\":\"WebSite\",\"@id\":\"https:\/\/tiandeproducts.co.uk\/#website\",\"url\":\"https:\/\/tiandeproducts.co.uk\/\",\"name\":\"TianDe Online Shop - Beauty & Health\",\"description\":\"Traditional Chinese Medicine\",\"potentialAction\":[{\"@type\":\"SearchAction\",\"target\":{\"@type\":\"EntryPoint\",\"urlTemplate\":\"https:\/\/tiandeproducts.co.uk\/?s={search_term_string}\"},\"query-input\":{\"@type\":\"PropertyValueSpecification\",\"valueRequired\":true,\"valueName\":\"search_term_string\"}}],\"inLanguage\":\"lt-LT\"}]}<\/script>\n<!-- \/ Yoast SEO plugin. -->","yoast_head_json":{"title":"Atkuriamasis serumas kapsul\u0117se odai aplink akis \u201eEye Corrective Serum\u201c\u200b, 36 vnt. po 0,7 g - TianDe Online Shop - Beauty &amp; Health","robots":{"index":"index","follow":"follow","max-snippet":"max-snippet:-1","max-image-preview":"max-image-preview:large","max-video-preview":"max-video-preview:-1"},"canonical":"https:\/\/tiandeproducts.co.uk\/lt\/atkuriamasis-serumas-kapsulese-odai-aplink-akis-eye-corrective-serum\u200b-36-vnt-po-07-g\/","og_locale":"lt_LT","og_type":"article","og_title":"Atkuriamasis serumas kapsul\u0117se odai aplink akis \u201eEye Corrective Serum\u201c\u200b, 36 vnt. po 0,7 g - TianDe Online Shop - Beauty &amp; Health","og_description":"Atkuriamasis serumas &#8211; pilnavert\u0117, intensyvi, i\u0161skirtinai funkcionali, kompleksin\u0117, maitinamoji, dr\u0117kinamoji ir stangrinamoji priemon\u0117, skirta elastingum\u0105 ir dr\u0117gm\u0119 praradusios odos aplink akis prie\u017ei\u016brai. Serumo sud\u0117tyje gausu biologi\u0161kai aktyvi\u0173 komponent\u0173 koncentrat\u0173, kurie aktyviai stimuliuoja nauj\u0173 l\u0105steli\u0173 gamyb\u0105, skatina kolageno sintez\u0119, lygina rauk\u0161les, pa\u0161alina nuovargio ir streso po\u017eymius, padeda atsikratyti tamsi\u0173 ratil\u0173, gerina odos tekst\u016br\u0105 ir spalv\u0105. Aktyviosios [...]","og_url":"https:\/\/tiandeproducts.co.uk\/lt\/atkuriamasis-serumas-kapsulese-odai-aplink-akis-eye-corrective-serum\u200b-36-vnt-po-07-g\/","og_site_name":"TianDe Online Shop - Beauty &amp; Health","article_publisher":"https:\/\/www.facebook.com\/tiande.products.england\/","article_modified_time":"2019-12-30T11:14:11+00:00","og_image":[{"width":700,"height":700,"url":"https:\/\/tiandeproducts.co.uk\/wp-content\/uploads\/2016\/04\/10102_new.png","type":"image\/png"}],"twitter_card":"summary_large_image","twitter_misc":{"Est. reading time":"1 minut\u0117"},"schema":{"@context":"https:\/\/schema.org","@graph":[{"@type":"WebPage","@id":"https:\/\/tiandeproducts.co.uk\/lt\/atkuriamasis-serumas-kapsulese-odai-aplink-akis-eye-corrective-serum%e2%80%8b-36-vnt-po-07-g\/","url":"https:\/\/tiandeproducts.co.uk\/lt\/atkuriamasis-serumas-kapsulese-odai-aplink-akis-eye-corrective-serum%e2%80%8b-36-vnt-po-07-g\/","name":"Atkuriamasis serumas kapsul\u0117se odai aplink akis \u201eEye Corrective Serum\u201c\u200b, 36 vnt. po 0,7 g - TianDe Online Shop - Beauty &amp; Health","isPartOf":{"@id":"https:\/\/tiandeproducts.co.uk\/#website"},"primaryImageOfPage":{"@id":"https:\/\/tiandeproducts.co.uk\/lt\/atkuriamasis-serumas-kapsulese-odai-aplink-akis-eye-corrective-serum%e2%80%8b-36-vnt-po-07-g\/#primaryimage"},"image":{"@id":"https:\/\/tiandeproducts.co.uk\/lt\/atkuriamasis-serumas-kapsulese-odai-aplink-akis-eye-corrective-serum%e2%80%8b-36-vnt-po-07-g\/#primaryimage"},"thumbnailUrl":"https:\/\/tiandeproducts.co.uk\/wp-content\/uploads\/2016\/04\/10102_new.png","datePublished":"2016-04-03T14:35:09+00:00","dateModified":"2019-12-30T11:14:11+00:00","breadcrumb":{"@id":"https:\/\/tiandeproducts.co.uk\/lt\/atkuriamasis-serumas-kapsulese-odai-aplink-akis-eye-corrective-serum%e2%80%8b-36-vnt-po-07-g\/#breadcrumb"},"inLanguage":"lt-LT","potentialAction":[{"@type":"ReadAction","target":["https:\/\/tiandeproducts.co.uk\/lt\/atkuriamasis-serumas-kapsulese-odai-aplink-akis-eye-corrective-serum%e2%80%8b-36-vnt-po-07-g\/"]}]},{"@type":"ImageObject","inLanguage":"lt-LT","@id":"https:\/\/tiandeproducts.co.uk\/lt\/atkuriamasis-serumas-kapsulese-odai-aplink-akis-eye-corrective-serum%e2%80%8b-36-vnt-po-07-g\/#primaryimage","url":"https:\/\/tiandeproducts.co.uk\/wp-content\/uploads\/2016\/04\/10102_new.png","contentUrl":"https:\/\/tiandeproducts.co.uk\/wp-content\/uploads\/2016\/04\/10102_new.png","width":700,"height":700,"caption":"Eye Corrective Serum,Moisturizing & Regenerating,36pcs-0"},{"@type":"BreadcrumbList","@id":"https:\/\/tiandeproducts.co.uk\/lt\/atkuriamasis-serumas-kapsulese-odai-aplink-akis-eye-corrective-serum%e2%80%8b-36-vnt-po-07-g\/#breadcrumb","itemListElement":[{"@type":"ListItem","position":1,"name":"Home","item":"https:\/\/tiandeproducts.co.uk\/lt\/"},{"@type":"ListItem","position":2,"name":"Shop","item":"https:\/\/tiandeproducts.co.uk\/lt\/shop-2\/"},{"@type":"ListItem","position":3,"name":"Atkuriamasis serumas kapsul\u0117se odai aplink akis \u201eEye Corrective Serum\u201c\u200b, 36 vnt. po 0,7 g"}]},{"@type":"WebSite","@id":"https:\/\/tiandeproducts.co.uk\/#website","url":"https:\/\/tiandeproducts.co.uk\/","name":"TianDe Online Shop - Beauty & Health","description":"Traditional Chinese Medicine","potentialAction":[{"@type":"SearchAction","target":{"@type":"EntryPoint","urlTemplate":"https:\/\/tiandeproducts.co.uk\/?s={search_term_string}"},"query-input":{"@type":"PropertyValueSpecification","valueRequired":true,"valueName":"search_term_string"}}],"inLanguage":"lt-LT"}]}},"_links":{"self":[{"href":"https:\/\/tiandeproducts.co.uk\/lt\/wp-json\/wp\/v2\/product\/3599","targetHints":{"allow":["GET"]}}],"collection":[{"href":"https:\/\/tiandeproducts.co.uk\/lt\/wp-json\/wp\/v2\/product"}],"about":[{"href":"https:\/\/tiandeproducts.co.uk\/lt\/wp-json\/wp\/v2\/types\/product"}],"replies":[{"embeddable":true,"href":"https:\/\/tiandeproducts.co.uk\/lt\/wp-json\/wp\/v2\/comments?post=3599"}],"wp:featuredmedia":[{"embeddable":true,"href":"https:\/\/tiandeproducts.co.uk\/lt\/wp-json\/wp\/v2\/media\/339"}],"wp:attachment":[{"href":"https:\/\/tiandeproducts.co.uk\/lt\/wp-json\/wp\/v2\/media?parent=3599"}],"wp:term":[{"taxonomy":"product_cat","embeddable":true,"href":"https:\/\/tiandeproducts.co.uk\/lt\/wp-json\/wp\/v2\/product_cat?post=3599"},{"taxonomy":"product_tag","embeddable":true,"href":"https:\/\/tiandeproducts.co.uk\/lt\/wp-json\/wp\/v2\/product_tag?post=3599"}],"curies":[{"name":"wp","href":"https:\/\/api.w.org\/{rel}","templated":true}]}}