{"id":3598,"date":"2019-02-09T19:09:14","date_gmt":"2019-02-09T19:09:14","guid":{"rendered":"https:\/\/tnd.ontesting.co.uk\/hialurono-serumas-veidui-25ml\/"},"modified":"2021-02-12T11:25:21","modified_gmt":"2021-02-12T11:25:21","slug":"hialurono-serumas-veidui-25ml","status":"publish","type":"product","link":"https:\/\/tiandeproducts.co.uk\/lt\/hialurono-serumas-veidui-25ml\/","title":{"rendered":"Hialurono serumas veidui 25ml"},"content":{"rendered":"<p><img decoding=\"async\" style=\"max-width: 16px; margin-right: 5px;\" src=\"https:\/\/tiandeproducts.co.uk\/wp-content\/uploads\/points-green.svg\" \/>\u00a0Earn 20 points worth \u00a31.00 when buying this product<\/p>\n<p>Gra\u017ei oda atspindi jos dr\u0117gm\u0117s balans\u0105. Kai mes jau\u010diame nemalon\u0173 tempimo jausm\u0105, odos dehidratacij\u0105, tai rodo, kad b\u016btina kuo grei\u010diau priimti sprendim\u0105 ir pasirinkti tinkamas priemones, nes kuo daugiau saus\u0117ja oda, tuo labiau linkusi \u012f rauk\u0161li\u0173 susidarym\u0105.<br \/>\n\u201eOcean Riches\u201c hialurono serumas padeda odai kompensuoti dr\u0117gm\u0117s tr\u016bkum\u0105. Intensyvi formul\u0117, turinti didel\u0119 veikli\u0173j\u0173 med\u017eiag\u0173 koncentracij\u0105, veikia komplekse:<br \/>\n&#8211; prisotina gilius epidermio sluoksnius dr\u0117gme;<br \/>\n&#8211; sustiprina odos lipid\u0173 barjer\u0105;<br \/>\n&#8211; apsaugo nuo rauk\u0161li\u0173 atsiradimo;<br \/>\n&#8211; lygina od\u0105, suteikia \u0161velnumo ir mink\u0161tumo.<br \/>\nSerumas atgaivina ir dr\u0117kina od\u0105 po pernelyg didelio saul\u0117s poveikio, sauso oro, kompensuoja senatv\u0117s odos sausum\u0105.<br \/>\nM\u0117gaukit\u0117s odos \u0161velnumu bet kokiame am\u017eiuje!<\/p>\n<p><strong>Naudojimas:<\/strong> nedidel\u012f serumo kiek\u012f tepti ant nuvalytos veido odos, i\u0161skyrus srit\u012f aplink akis. Jis yra derinamas su bet kokia kosmetika.<\/p>\n","protected":false},"excerpt":{"rendered":"<p>\u00a0Earn 20 points worth \u00a31.00 when buying this product Gra\u017ei oda atspindi jos dr\u0117gm\u0117s balans\u0105. Kai mes jau\u010diame nemalon\u0173 tempimo jausm\u0105, odos dehidratacij\u0105, tai rodo, kad b\u016btina kuo grei\u010diau priimti sprendim\u0105 ir pasirinkti tinkamas priemones, nes kuo daugiau saus\u0117ja oda, tuo labiau linkusi \u012f rauk\u0161li\u0173 susidarym\u0105. \u201eOcean Riches\u201c hialurono serumas padeda odai kompensuoti dr\u0117gm\u0117s tr\u016bkum\u0105. [&#8230;]\n","protected":false},"featured_media":2141,"comment_status":"closed","ping_status":"closed","template":"","meta":[],"product_cat":[576,567,577,558,506],"product_tag":[],"class_list":{"0":"post-3598","1":"product","2":"type-product","3":"status-publish","4":"has-post-thumbnail","6":"product_cat-drekinimas","7":"product_cat-drekinimas-ir-maitinimas","8":"product_cat-ocean-riches-lt","9":"product_cat-sausaiserpetojanciai-odai","10":"product_cat-veidui","12":"first","13":"instock","14":"shipping-taxable","15":"purchasable","16":"product-type-simple"},"yoast_head":"<!-- This site is optimized with the Yoast SEO plugin v23.6 - https:\/\/yoast.com\/wordpress\/plugins\/seo\/ -->\n<title>Hialurono serumas veidui 25ml - TianDe Online Shop - Beauty &amp; Health<\/title>\n<meta name=\"robots\" content=\"index, follow, max-snippet:-1, max-image-preview:large, max-video-preview:-1\" \/>\n<link rel=\"canonical\" href=\"https:\/\/tiandeproducts.co.uk\/lt\/hialurono-serumas-veidui-25ml\/\" \/>\n<meta property=\"og:locale\" content=\"lt_LT\" \/>\n<meta property=\"og:type\" content=\"article\" \/>\n<meta property=\"og:title\" content=\"Hialurono serumas veidui 25ml - TianDe Online Shop - Beauty &amp; Health\" \/>\n<meta property=\"og:description\" content=\"\u00a0Earn 20 points worth \u00a31.00 when buying this product Gra\u017ei oda atspindi jos dr\u0117gm\u0117s balans\u0105. Kai mes jau\u010diame nemalon\u0173 tempimo jausm\u0105, odos dehidratacij\u0105, tai rodo, kad b\u016btina kuo grei\u010diau priimti sprendim\u0105 ir pasirinkti tinkamas priemones, nes kuo daugiau saus\u0117ja oda, tuo labiau linkusi \u012f rauk\u0161li\u0173 susidarym\u0105. \u201eOcean Riches\u201c hialurono serumas padeda odai kompensuoti dr\u0117gm\u0117s tr\u016bkum\u0105. [...]\" \/>\n<meta property=\"og:url\" content=\"https:\/\/tiandeproducts.co.uk\/lt\/hialurono-serumas-veidui-25ml\/\" \/>\n<meta property=\"og:site_name\" content=\"TianDe Online Shop - Beauty &amp; Health\" \/>\n<meta property=\"article:publisher\" content=\"https:\/\/www.facebook.com\/tiande.products.england\/\" \/>\n<meta property=\"article:modified_time\" content=\"2021-02-12T11:25:21+00:00\" \/>\n<meta property=\"og:image\" content=\"https:\/\/tiandeproducts.co.uk\/wp-content\/uploads\/2019\/02\/16001.jpg\" \/>\n\t<meta property=\"og:image:width\" content=\"800\" \/>\n\t<meta property=\"og:image:height\" content=\"800\" \/>\n\t<meta property=\"og:image:type\" content=\"image\/jpeg\" \/>\n<meta name=\"twitter:card\" content=\"summary_large_image\" \/>\n<meta name=\"twitter:label1\" content=\"Est. reading time\" \/>\n\t<meta name=\"twitter:data1\" content=\"1 minut\u0117\" \/>\n<script type=\"application\/ld+json\" class=\"yoast-schema-graph\">{\"@context\":\"https:\/\/schema.org\",\"@graph\":[{\"@type\":\"WebPage\",\"@id\":\"https:\/\/tiandeproducts.co.uk\/lt\/hialurono-serumas-veidui-25ml\/\",\"url\":\"https:\/\/tiandeproducts.co.uk\/lt\/hialurono-serumas-veidui-25ml\/\",\"name\":\"Hialurono serumas veidui 25ml - TianDe Online Shop - Beauty &amp; Health\",\"isPartOf\":{\"@id\":\"https:\/\/tiandeproducts.co.uk\/#website\"},\"primaryImageOfPage\":{\"@id\":\"https:\/\/tiandeproducts.co.uk\/lt\/hialurono-serumas-veidui-25ml\/#primaryimage\"},\"image\":{\"@id\":\"https:\/\/tiandeproducts.co.uk\/lt\/hialurono-serumas-veidui-25ml\/#primaryimage\"},\"thumbnailUrl\":\"https:\/\/tiandeproducts.co.uk\/wp-content\/uploads\/2019\/02\/16001.jpg\",\"datePublished\":\"2019-02-09T19:09:14+00:00\",\"dateModified\":\"2021-02-12T11:25:21+00:00\",\"breadcrumb\":{\"@id\":\"https:\/\/tiandeproducts.co.uk\/lt\/hialurono-serumas-veidui-25ml\/#breadcrumb\"},\"inLanguage\":\"lt-LT\",\"potentialAction\":[{\"@type\":\"ReadAction\",\"target\":[\"https:\/\/tiandeproducts.co.uk\/lt\/hialurono-serumas-veidui-25ml\/\"]}]},{\"@type\":\"ImageObject\",\"inLanguage\":\"lt-LT\",\"@id\":\"https:\/\/tiandeproducts.co.uk\/lt\/hialurono-serumas-veidui-25ml\/#primaryimage\",\"url\":\"https:\/\/tiandeproducts.co.uk\/wp-content\/uploads\/2019\/02\/16001.jpg\",\"contentUrl\":\"https:\/\/tiandeproducts.co.uk\/wp-content\/uploads\/2019\/02\/16001.jpg\",\"width\":800,\"height\":800,\"caption\":\"Hyaluronic Face Serum,25ml-0\"},{\"@type\":\"BreadcrumbList\",\"@id\":\"https:\/\/tiandeproducts.co.uk\/lt\/hialurono-serumas-veidui-25ml\/#breadcrumb\",\"itemListElement\":[{\"@type\":\"ListItem\",\"position\":1,\"name\":\"Home\",\"item\":\"https:\/\/tiandeproducts.co.uk\/lt\/\"},{\"@type\":\"ListItem\",\"position\":2,\"name\":\"Shop\",\"item\":\"https:\/\/tiandeproducts.co.uk\/lt\/shop-2\/\"},{\"@type\":\"ListItem\",\"position\":3,\"name\":\"Hialurono serumas veidui 25ml\"}]},{\"@type\":\"WebSite\",\"@id\":\"https:\/\/tiandeproducts.co.uk\/#website\",\"url\":\"https:\/\/tiandeproducts.co.uk\/\",\"name\":\"TianDe Online Shop - Beauty & Health\",\"description\":\"Traditional Chinese Medicine\",\"potentialAction\":[{\"@type\":\"SearchAction\",\"target\":{\"@type\":\"EntryPoint\",\"urlTemplate\":\"https:\/\/tiandeproducts.co.uk\/?s={search_term_string}\"},\"query-input\":{\"@type\":\"PropertyValueSpecification\",\"valueRequired\":true,\"valueName\":\"search_term_string\"}}],\"inLanguage\":\"lt-LT\"}]}<\/script>\n<!-- \/ Yoast SEO plugin. -->","yoast_head_json":{"title":"Hialurono serumas veidui 25ml - TianDe Online Shop - Beauty &amp; Health","robots":{"index":"index","follow":"follow","max-snippet":"max-snippet:-1","max-image-preview":"max-image-preview:large","max-video-preview":"max-video-preview:-1"},"canonical":"https:\/\/tiandeproducts.co.uk\/lt\/hialurono-serumas-veidui-25ml\/","og_locale":"lt_LT","og_type":"article","og_title":"Hialurono serumas veidui 25ml - TianDe Online Shop - Beauty &amp; Health","og_description":"\u00a0Earn 20 points worth \u00a31.00 when buying this product Gra\u017ei oda atspindi jos dr\u0117gm\u0117s balans\u0105. Kai mes jau\u010diame nemalon\u0173 tempimo jausm\u0105, odos dehidratacij\u0105, tai rodo, kad b\u016btina kuo grei\u010diau priimti sprendim\u0105 ir pasirinkti tinkamas priemones, nes kuo daugiau saus\u0117ja oda, tuo labiau linkusi \u012f rauk\u0161li\u0173 susidarym\u0105. \u201eOcean Riches\u201c hialurono serumas padeda odai kompensuoti dr\u0117gm\u0117s tr\u016bkum\u0105. [...]","og_url":"https:\/\/tiandeproducts.co.uk\/lt\/hialurono-serumas-veidui-25ml\/","og_site_name":"TianDe Online Shop - Beauty &amp; Health","article_publisher":"https:\/\/www.facebook.com\/tiande.products.england\/","article_modified_time":"2021-02-12T11:25:21+00:00","og_image":[{"width":800,"height":800,"url":"https:\/\/tiandeproducts.co.uk\/wp-content\/uploads\/2019\/02\/16001.jpg","type":"image\/jpeg"}],"twitter_card":"summary_large_image","twitter_misc":{"Est. reading time":"1 minut\u0117"},"schema":{"@context":"https:\/\/schema.org","@graph":[{"@type":"WebPage","@id":"https:\/\/tiandeproducts.co.uk\/lt\/hialurono-serumas-veidui-25ml\/","url":"https:\/\/tiandeproducts.co.uk\/lt\/hialurono-serumas-veidui-25ml\/","name":"Hialurono serumas veidui 25ml - TianDe Online Shop - Beauty &amp; Health","isPartOf":{"@id":"https:\/\/tiandeproducts.co.uk\/#website"},"primaryImageOfPage":{"@id":"https:\/\/tiandeproducts.co.uk\/lt\/hialurono-serumas-veidui-25ml\/#primaryimage"},"image":{"@id":"https:\/\/tiandeproducts.co.uk\/lt\/hialurono-serumas-veidui-25ml\/#primaryimage"},"thumbnailUrl":"https:\/\/tiandeproducts.co.uk\/wp-content\/uploads\/2019\/02\/16001.jpg","datePublished":"2019-02-09T19:09:14+00:00","dateModified":"2021-02-12T11:25:21+00:00","breadcrumb":{"@id":"https:\/\/tiandeproducts.co.uk\/lt\/hialurono-serumas-veidui-25ml\/#breadcrumb"},"inLanguage":"lt-LT","potentialAction":[{"@type":"ReadAction","target":["https:\/\/tiandeproducts.co.uk\/lt\/hialurono-serumas-veidui-25ml\/"]}]},{"@type":"ImageObject","inLanguage":"lt-LT","@id":"https:\/\/tiandeproducts.co.uk\/lt\/hialurono-serumas-veidui-25ml\/#primaryimage","url":"https:\/\/tiandeproducts.co.uk\/wp-content\/uploads\/2019\/02\/16001.jpg","contentUrl":"https:\/\/tiandeproducts.co.uk\/wp-content\/uploads\/2019\/02\/16001.jpg","width":800,"height":800,"caption":"Hyaluronic Face Serum,25ml-0"},{"@type":"BreadcrumbList","@id":"https:\/\/tiandeproducts.co.uk\/lt\/hialurono-serumas-veidui-25ml\/#breadcrumb","itemListElement":[{"@type":"ListItem","position":1,"name":"Home","item":"https:\/\/tiandeproducts.co.uk\/lt\/"},{"@type":"ListItem","position":2,"name":"Shop","item":"https:\/\/tiandeproducts.co.uk\/lt\/shop-2\/"},{"@type":"ListItem","position":3,"name":"Hialurono serumas veidui 25ml"}]},{"@type":"WebSite","@id":"https:\/\/tiandeproducts.co.uk\/#website","url":"https:\/\/tiandeproducts.co.uk\/","name":"TianDe Online Shop - Beauty & Health","description":"Traditional Chinese Medicine","potentialAction":[{"@type":"SearchAction","target":{"@type":"EntryPoint","urlTemplate":"https:\/\/tiandeproducts.co.uk\/?s={search_term_string}"},"query-input":{"@type":"PropertyValueSpecification","valueRequired":true,"valueName":"search_term_string"}}],"inLanguage":"lt-LT"}]}},"_links":{"self":[{"href":"https:\/\/tiandeproducts.co.uk\/lt\/wp-json\/wp\/v2\/product\/3598","targetHints":{"allow":["GET"]}}],"collection":[{"href":"https:\/\/tiandeproducts.co.uk\/lt\/wp-json\/wp\/v2\/product"}],"about":[{"href":"https:\/\/tiandeproducts.co.uk\/lt\/wp-json\/wp\/v2\/types\/product"}],"replies":[{"embeddable":true,"href":"https:\/\/tiandeproducts.co.uk\/lt\/wp-json\/wp\/v2\/comments?post=3598"}],"wp:featuredmedia":[{"embeddable":true,"href":"https:\/\/tiandeproducts.co.uk\/lt\/wp-json\/wp\/v2\/media\/2141"}],"wp:attachment":[{"href":"https:\/\/tiandeproducts.co.uk\/lt\/wp-json\/wp\/v2\/media?parent=3598"}],"wp:term":[{"taxonomy":"product_cat","embeddable":true,"href":"https:\/\/tiandeproducts.co.uk\/lt\/wp-json\/wp\/v2\/product_cat?post=3598"},{"taxonomy":"product_tag","embeddable":true,"href":"https:\/\/tiandeproducts.co.uk\/lt\/wp-json\/wp\/v2\/product_tag?post=3598"}],"curies":[{"name":"wp","href":"https:\/\/api.w.org\/{rel}","templated":true}]}}