{"id":3597,"date":"2019-07-17T18:17:47","date_gmt":"2019-07-17T17:17:47","guid":{"rendered":"https:\/\/tnd.ontesting.co.uk\/serumas-paakiu-odai25ml\/"},"modified":"2021-02-12T11:04:33","modified_gmt":"2021-02-12T11:04:33","slug":"serumas-paakiu-odai25ml","status":"publish","type":"product","link":"https:\/\/tiandeproducts.co.uk\/lt\/serumas-paakiu-odai25ml\/","title":{"rendered":"Serumas paaki\u0173 odai,25ml"},"content":{"rendered":"<p><img decoding=\"async\" style=\"max-width: 16px; margin-right: 5px;\" src=\"https:\/\/tiandeproducts.co.uk\/wp-content\/uploads\/points-green.svg\" \/>\u00a0Earn 21 points worth \u00a31.05 when buying this product<\/p>\n<p>Oda aplink akis pirmoji parodo moters am\u017ei\u0173. Kod\u0117l? Ji yra ma\u017edaug 6 kartus plonesn\u0117 u\u017e od\u0105 kitose veido dalyse, tod\u0117l ji yra jautresn\u0117 dirginimui ir dehidratacijai. Veido raumen\u0173 gausa veda prie greito rauk\u0161li\u0173 atsiradimo.<\/p>\n<p>Aki\u0173 vok\u0173 serumas Ocean Rich tai:<\/p>\n<p>&#8211; gilus odos atgaivinimas;<br \/>\n&#8211; liftingo poveikis. Serume esan\u010dios aktyvios med\u017eiagos stangrina od\u0105 aplink akis ir suma\u017eina rauk\u0161les;<br \/>\n&#8211; rauk\u0161li\u0173 lyginimas. Serume esantis j\u016bros e\u017eiuko ekstraktas, turi galing\u0105 jauninam\u0105j\u012f poveik\u012f ir aktyviai kovoja su rauk\u0161l\u0117mis. Jo d\u0117ka, aki\u0173 vok\u0173 oda atgaivinama, tampa elastingesn\u0117, i\u0161nyksta pabrinkimas.<\/p>\n<p><strong>Naudojimas:<\/strong> \u0161velniai patepkite od\u0105 aplink akis.<\/p>\n","protected":false},"excerpt":{"rendered":"<p>\u00a0Earn 21 points worth \u00a31.05 when buying this product Oda aplink akis pirmoji parodo moters am\u017ei\u0173. Kod\u0117l? Ji yra ma\u017edaug 6 kartus plonesn\u0117 u\u017e od\u0105 kitose veido dalyse, tod\u0117l ji yra jautresn\u0117 dirginimui ir dehidratacijai. Veido raumen\u0173 gausa veda prie greito rauk\u0161li\u0173 atsiradimo. Aki\u0173 vok\u0173 serumas Ocean Rich tai: &#8211; gilus odos atgaivinimas; &#8211; liftingo [&#8230;]\n","protected":false},"featured_media":3197,"comment_status":"closed","ping_status":"closed","template":"","meta":[],"product_cat":[577,560,559,506],"product_tag":[],"class_list":{"0":"post-3597","1":"product","2":"type-product","3":"status-publish","4":"has-post-thumbnail","6":"product_cat-ocean-riches-lt","7":"product_cat-paakiu-kremaiserumai","8":"product_cat-paakiu-odos-prieziura","9":"product_cat-veidui","11":"first","12":"instock","13":"shipping-taxable","14":"purchasable","15":"product-type-simple"},"yoast_head":"<!-- This site is optimized with the Yoast SEO plugin v23.6 - https:\/\/yoast.com\/wordpress\/plugins\/seo\/ -->\n<title>Serumas paaki\u0173 odai,25ml - TianDe Online Shop - Beauty &amp; Health<\/title>\n<meta name=\"robots\" content=\"index, follow, max-snippet:-1, max-image-preview:large, max-video-preview:-1\" \/>\n<link rel=\"canonical\" href=\"https:\/\/tiandeproducts.co.uk\/lt\/serumas-paakiu-odai25ml\/\" \/>\n<meta property=\"og:locale\" content=\"lt_LT\" \/>\n<meta property=\"og:type\" content=\"article\" \/>\n<meta property=\"og:title\" content=\"Serumas paaki\u0173 odai,25ml - TianDe Online Shop - Beauty &amp; Health\" \/>\n<meta property=\"og:description\" content=\"\u00a0Earn 21 points worth \u00a31.05 when buying this product Oda aplink akis pirmoji parodo moters am\u017ei\u0173. Kod\u0117l? Ji yra ma\u017edaug 6 kartus plonesn\u0117 u\u017e od\u0105 kitose veido dalyse, tod\u0117l ji yra jautresn\u0117 dirginimui ir dehidratacijai. Veido raumen\u0173 gausa veda prie greito rauk\u0161li\u0173 atsiradimo. Aki\u0173 vok\u0173 serumas Ocean Rich tai: &#8211; gilus odos atgaivinimas; &#8211; liftingo [...]\" \/>\n<meta property=\"og:url\" content=\"https:\/\/tiandeproducts.co.uk\/lt\/serumas-paakiu-odai25ml\/\" \/>\n<meta property=\"og:site_name\" content=\"TianDe Online Shop - Beauty &amp; Health\" \/>\n<meta property=\"article:publisher\" content=\"https:\/\/www.facebook.com\/tiande.products.england\/\" \/>\n<meta property=\"article:modified_time\" content=\"2021-02-12T11:04:33+00:00\" \/>\n<meta property=\"og:image\" content=\"https:\/\/tiandeproducts.co.uk\/wp-content\/uploads\/16002.png\" \/>\n\t<meta property=\"og:image:width\" content=\"700\" \/>\n\t<meta property=\"og:image:height\" content=\"700\" \/>\n\t<meta property=\"og:image:type\" content=\"image\/png\" \/>\n<meta name=\"twitter:card\" content=\"summary_large_image\" \/>\n<meta name=\"twitter:label1\" content=\"Est. reading time\" \/>\n\t<meta name=\"twitter:data1\" content=\"1 minut\u0117\" \/>\n<script type=\"application\/ld+json\" class=\"yoast-schema-graph\">{\"@context\":\"https:\/\/schema.org\",\"@graph\":[{\"@type\":\"WebPage\",\"@id\":\"https:\/\/tiandeproducts.co.uk\/lt\/serumas-paakiu-odai25ml\/\",\"url\":\"https:\/\/tiandeproducts.co.uk\/lt\/serumas-paakiu-odai25ml\/\",\"name\":\"Serumas paaki\u0173 odai,25ml - TianDe Online Shop - Beauty &amp; Health\",\"isPartOf\":{\"@id\":\"https:\/\/tiandeproducts.co.uk\/#website\"},\"primaryImageOfPage\":{\"@id\":\"https:\/\/tiandeproducts.co.uk\/lt\/serumas-paakiu-odai25ml\/#primaryimage\"},\"image\":{\"@id\":\"https:\/\/tiandeproducts.co.uk\/lt\/serumas-paakiu-odai25ml\/#primaryimage\"},\"thumbnailUrl\":\"https:\/\/tiandeproducts.co.uk\/wp-content\/uploads\/16002.png\",\"datePublished\":\"2019-07-17T17:17:47+00:00\",\"dateModified\":\"2021-02-12T11:04:33+00:00\",\"breadcrumb\":{\"@id\":\"https:\/\/tiandeproducts.co.uk\/lt\/serumas-paakiu-odai25ml\/#breadcrumb\"},\"inLanguage\":\"lt-LT\",\"potentialAction\":[{\"@type\":\"ReadAction\",\"target\":[\"https:\/\/tiandeproducts.co.uk\/lt\/serumas-paakiu-odai25ml\/\"]}]},{\"@type\":\"ImageObject\",\"inLanguage\":\"lt-LT\",\"@id\":\"https:\/\/tiandeproducts.co.uk\/lt\/serumas-paakiu-odai25ml\/#primaryimage\",\"url\":\"https:\/\/tiandeproducts.co.uk\/wp-content\/uploads\/16002.png\",\"contentUrl\":\"https:\/\/tiandeproducts.co.uk\/wp-content\/uploads\/16002.png\",\"width\":700,\"height\":700},{\"@type\":\"BreadcrumbList\",\"@id\":\"https:\/\/tiandeproducts.co.uk\/lt\/serumas-paakiu-odai25ml\/#breadcrumb\",\"itemListElement\":[{\"@type\":\"ListItem\",\"position\":1,\"name\":\"Home\",\"item\":\"https:\/\/tiandeproducts.co.uk\/lt\/\"},{\"@type\":\"ListItem\",\"position\":2,\"name\":\"Shop\",\"item\":\"https:\/\/tiandeproducts.co.uk\/lt\/shop-2\/\"},{\"@type\":\"ListItem\",\"position\":3,\"name\":\"Serumas paaki\u0173 odai,25ml\"}]},{\"@type\":\"WebSite\",\"@id\":\"https:\/\/tiandeproducts.co.uk\/#website\",\"url\":\"https:\/\/tiandeproducts.co.uk\/\",\"name\":\"TianDe Online Shop - Beauty & Health\",\"description\":\"Traditional Chinese Medicine\",\"potentialAction\":[{\"@type\":\"SearchAction\",\"target\":{\"@type\":\"EntryPoint\",\"urlTemplate\":\"https:\/\/tiandeproducts.co.uk\/?s={search_term_string}\"},\"query-input\":{\"@type\":\"PropertyValueSpecification\",\"valueRequired\":true,\"valueName\":\"search_term_string\"}}],\"inLanguage\":\"lt-LT\"}]}<\/script>\n<!-- \/ Yoast SEO plugin. -->","yoast_head_json":{"title":"Serumas paaki\u0173 odai,25ml - TianDe Online Shop - Beauty &amp; Health","robots":{"index":"index","follow":"follow","max-snippet":"max-snippet:-1","max-image-preview":"max-image-preview:large","max-video-preview":"max-video-preview:-1"},"canonical":"https:\/\/tiandeproducts.co.uk\/lt\/serumas-paakiu-odai25ml\/","og_locale":"lt_LT","og_type":"article","og_title":"Serumas paaki\u0173 odai,25ml - TianDe Online Shop - Beauty &amp; Health","og_description":"\u00a0Earn 21 points worth \u00a31.05 when buying this product Oda aplink akis pirmoji parodo moters am\u017ei\u0173. Kod\u0117l? Ji yra ma\u017edaug 6 kartus plonesn\u0117 u\u017e od\u0105 kitose veido dalyse, tod\u0117l ji yra jautresn\u0117 dirginimui ir dehidratacijai. Veido raumen\u0173 gausa veda prie greito rauk\u0161li\u0173 atsiradimo. Aki\u0173 vok\u0173 serumas Ocean Rich tai: &#8211; gilus odos atgaivinimas; &#8211; liftingo [...]","og_url":"https:\/\/tiandeproducts.co.uk\/lt\/serumas-paakiu-odai25ml\/","og_site_name":"TianDe Online Shop - Beauty &amp; Health","article_publisher":"https:\/\/www.facebook.com\/tiande.products.england\/","article_modified_time":"2021-02-12T11:04:33+00:00","og_image":[{"width":700,"height":700,"url":"https:\/\/tiandeproducts.co.uk\/wp-content\/uploads\/16002.png","type":"image\/png"}],"twitter_card":"summary_large_image","twitter_misc":{"Est. reading time":"1 minut\u0117"},"schema":{"@context":"https:\/\/schema.org","@graph":[{"@type":"WebPage","@id":"https:\/\/tiandeproducts.co.uk\/lt\/serumas-paakiu-odai25ml\/","url":"https:\/\/tiandeproducts.co.uk\/lt\/serumas-paakiu-odai25ml\/","name":"Serumas paaki\u0173 odai,25ml - TianDe Online Shop - Beauty &amp; Health","isPartOf":{"@id":"https:\/\/tiandeproducts.co.uk\/#website"},"primaryImageOfPage":{"@id":"https:\/\/tiandeproducts.co.uk\/lt\/serumas-paakiu-odai25ml\/#primaryimage"},"image":{"@id":"https:\/\/tiandeproducts.co.uk\/lt\/serumas-paakiu-odai25ml\/#primaryimage"},"thumbnailUrl":"https:\/\/tiandeproducts.co.uk\/wp-content\/uploads\/16002.png","datePublished":"2019-07-17T17:17:47+00:00","dateModified":"2021-02-12T11:04:33+00:00","breadcrumb":{"@id":"https:\/\/tiandeproducts.co.uk\/lt\/serumas-paakiu-odai25ml\/#breadcrumb"},"inLanguage":"lt-LT","potentialAction":[{"@type":"ReadAction","target":["https:\/\/tiandeproducts.co.uk\/lt\/serumas-paakiu-odai25ml\/"]}]},{"@type":"ImageObject","inLanguage":"lt-LT","@id":"https:\/\/tiandeproducts.co.uk\/lt\/serumas-paakiu-odai25ml\/#primaryimage","url":"https:\/\/tiandeproducts.co.uk\/wp-content\/uploads\/16002.png","contentUrl":"https:\/\/tiandeproducts.co.uk\/wp-content\/uploads\/16002.png","width":700,"height":700},{"@type":"BreadcrumbList","@id":"https:\/\/tiandeproducts.co.uk\/lt\/serumas-paakiu-odai25ml\/#breadcrumb","itemListElement":[{"@type":"ListItem","position":1,"name":"Home","item":"https:\/\/tiandeproducts.co.uk\/lt\/"},{"@type":"ListItem","position":2,"name":"Shop","item":"https:\/\/tiandeproducts.co.uk\/lt\/shop-2\/"},{"@type":"ListItem","position":3,"name":"Serumas paaki\u0173 odai,25ml"}]},{"@type":"WebSite","@id":"https:\/\/tiandeproducts.co.uk\/#website","url":"https:\/\/tiandeproducts.co.uk\/","name":"TianDe Online Shop - Beauty & Health","description":"Traditional Chinese Medicine","potentialAction":[{"@type":"SearchAction","target":{"@type":"EntryPoint","urlTemplate":"https:\/\/tiandeproducts.co.uk\/?s={search_term_string}"},"query-input":{"@type":"PropertyValueSpecification","valueRequired":true,"valueName":"search_term_string"}}],"inLanguage":"lt-LT"}]}},"_links":{"self":[{"href":"https:\/\/tiandeproducts.co.uk\/lt\/wp-json\/wp\/v2\/product\/3597","targetHints":{"allow":["GET"]}}],"collection":[{"href":"https:\/\/tiandeproducts.co.uk\/lt\/wp-json\/wp\/v2\/product"}],"about":[{"href":"https:\/\/tiandeproducts.co.uk\/lt\/wp-json\/wp\/v2\/types\/product"}],"replies":[{"embeddable":true,"href":"https:\/\/tiandeproducts.co.uk\/lt\/wp-json\/wp\/v2\/comments?post=3597"}],"wp:featuredmedia":[{"embeddable":true,"href":"https:\/\/tiandeproducts.co.uk\/lt\/wp-json\/wp\/v2\/media\/3197"}],"wp:attachment":[{"href":"https:\/\/tiandeproducts.co.uk\/lt\/wp-json\/wp\/v2\/media?parent=3597"}],"wp:term":[{"taxonomy":"product_cat","embeddable":true,"href":"https:\/\/tiandeproducts.co.uk\/lt\/wp-json\/wp\/v2\/product_cat?post=3597"},{"taxonomy":"product_tag","embeddable":true,"href":"https:\/\/tiandeproducts.co.uk\/lt\/wp-json\/wp\/v2\/product_tag?post=3597"}],"curies":[{"name":"wp","href":"https:\/\/api.w.org\/{rel}","templated":true}]}}