{"id":3590,"date":"2016-04-21T18:25:49","date_gmt":"2016-04-21T17:25:49","guid":{"rendered":"https:\/\/tnd.ontesting.co.uk\/gaivinantis-gelis-eliksyras-nuo-rauksliu40g\/"},"modified":"2021-02-25T12:21:09","modified_gmt":"2021-02-25T12:21:09","slug":"gaivinantis-gelis-eliksyras-nuo-rauksliu40g","status":"publish","type":"product","link":"https:\/\/tiandeproducts.co.uk\/lt\/gaivinantis-gelis-eliksyras-nuo-rauksliu40g\/","title":{"rendered":"Gaivinantis gelis-eliksyras nuo rauk\u0161li\u0173,40g"},"content":{"rendered":"<p><img decoding=\"async\" style=\"max-width: 16px; margin-right: 5px;\" src=\"https:\/\/tiandeproducts.co.uk\/wp-content\/uploads\/points-green.svg\" \/>\u00a0Earn 18 points worth \u00a30.90 when buying this product<\/p>\n<p>Gelis \u2013 eliksyras sudaro palankias s\u0105lygas efektyviai apsisaugoti nuo rauk\u0161li\u0173 be skausming\u0173 injekcij\u0173. Priemon\u0117s viduje esan\u010dios nat\u016braliai dr\u0117gm\u0119 palaikan\u010dios mikrosferos aktyvuoja apsaugines odos funkcijas, padidina odos galimybes savaranki\u0161kai atsinaujinti, maitina, skatina kolageno ir elastino gamyb\u0105, ilgam panaikina dr\u0117gm\u0117s deficit\u0105. D\u0117ka nat\u016braliai dr\u0117gm\u0119 palaikan\u010di\u0173 komponent\u0173, gaivinamasis gelis padeda odai susidoroti su am\u017eiumi susijusiais poky\u010diais.<\/p>\n<p>Gelyje esan\u010dios ma\u017eyt\u0117s gelsvos mikrogranul\u0117s (sferos) &#8211; nat\u016bral\u016bs odos dr\u0117kikliai, sudaryti i\u0161 laktoz\u0117s ir sacharoz\u0117s, kurios leid\u017eia odai ilgesn\u012f laik\u0105 nat\u016braliai dr\u0117kintis. Auksin\u0117s \u0161vies\u0105 atspindin\u010dios gelio mikro dalel\u0117s \u201ei\u0161skirsto\u201c krentan\u010di\u0105 \u0161vies\u0105 ir sukuria odos \u0161vyt\u0117jimo efekt\u0105. Kartu sustiprinamos ir antioksidantin\u0117s odos savyb\u0117s, l\u0117tinamas odos sen\u0117jimo procesas, ma\u017einamas rauk\u0161li\u0173 matomumas, oda tampa pastebimai lygesn\u0117 ir \u0161velnesn\u0117. Gelis neu\u017ekem\u0161a por\u0173.<\/p>\n<p><strong>Naudojimas:<\/strong><br \/>\nAnt nuvalytos ir tonizuotos veido ir kaklo odos u\u017etepkite nedidel\u012f kiek\u012f gelio ir sukamaisiais judesiais masa\u017euokite kol susigers (i\u0161skyrus paaki\u0173 srit\u012f). Naudokite kaip dienin\u0119 ir naktin\u0119 veido prie\u017ei\u016bros priemon\u0119.<\/p>\n<p><strong>Veikliosios med\u017eiagos:<\/strong><\/p>\n<p><strong>Laktoz\u0117<\/strong>\u00a0ir\u00a0<strong>sacharoz\u0117<\/strong>&#8211; nat\u016bralaus odos dr\u0117kinimo faktoriaus (NMF) komponentai, kurie palaiko reikiam\u0105 odos dr\u0117gm\u0117s lyg\u012f ir sveik\u0105 epidermio barjer\u0105, odos elastingum\u0105, lankstum\u0105 ir lygum\u0105.<\/p>\n<p><strong>S\u0117jam\u0173j\u0173 avi\u017e\u0173 baltymai<\/strong>\u00a0&#8211; polisacharido \u03b2-gliukano \u0161altinis, gamtinis imunomoduliatorius, sustiprinantis apsaugines odos savybes ir aktyvinantis kolageno ir elastino gamyb\u0105. \u0160ios savyb\u0117s saugo od\u0105 nuo kenksmingo aplinkos poveikio, stiprina jos elastingum\u0105, gerina spalv\u0105.<\/p>\n<p><strong>Natrio hialuronatas<\/strong>\u00a0&#8211; biotechnologi\u0161kai i\u0161valytas preparatas, gaunamas labai sud\u0117tingos hialurono r\u016bg\u0161ties ir natrio jon\u0173 sintez\u0117s d\u0117ka. Jis suteikia stipr\u0173 dr\u0117kinant\u012f efekt\u0105, stimuliuoja regeneracijos procesus, pasi\u017eymi prie\u0161u\u017edegiminiu poveikiu, dr\u0117kina ir lygina epiderm\u012f.<\/p>\n<p><strong>Vitaminas E<\/strong>\u00a0&#8211; labai stiprus antioksidantas, imunomoduliatorius, atsakingas u\u017e odos elastingum\u0105. Veikliosios med\u017eiagos saugo nuo rauk\u0161li\u0173 atsiradimo, skatina l\u0105steli\u0173 regeneracij\u0105, apr\u016bpina jas deguonimi, saugo nuo ultravioletini\u0173 spinduli\u0173. Tai vienas svarbiausi\u0173 gro\u017eio vitamin\u0173.<\/p>\n","protected":false},"excerpt":{"rendered":"<p>\u00a0Earn 18 points worth \u00a30.90 when buying this product Gelis \u2013 eliksyras sudaro palankias s\u0105lygas efektyviai apsisaugoti nuo rauk\u0161li\u0173 be skausming\u0173 injekcij\u0173. Priemon\u0117s viduje esan\u010dios nat\u016braliai dr\u0117gm\u0119 palaikan\u010dios mikrosferos aktyvuoja apsaugines odos funkcijas, padidina odos galimybes savaranki\u0161kai atsinaujinti, maitina, skatina kolageno ir elastino gamyb\u0105, ilgam panaikina dr\u0117gm\u0117s deficit\u0105. D\u0117ka nat\u016braliai dr\u0117gm\u0119 palaikan\u010di\u0173 komponent\u0173, gaivinamasis gelis [&#8230;]\n","protected":false},"featured_media":1247,"comment_status":"closed","ping_status":"closed","template":"","meta":[],"product_cat":[529,524,567,612,506],"product_tag":[],"class_list":{"0":"post-3590","1":"product","2":"type-product","3":"status-publish","4":"has-post-thumbnail","6":"product_cat-botoluxe-lt","7":"product_cat-brandziai-odai","8":"product_cat-drekinimas-ir-maitinimas","9":"product_cat-nuo-rauksliu","10":"product_cat-veidui","12":"first","13":"instock","14":"shipping-taxable","15":"purchasable","16":"product-type-simple"},"yoast_head":"<!-- This site is optimized with the Yoast SEO plugin v23.6 - https:\/\/yoast.com\/wordpress\/plugins\/seo\/ -->\n<title>Gaivinantis gelis-eliksyras nuo rauk\u0161li\u0173,40g - TianDe Online Shop - Beauty &amp; Health<\/title>\n<meta name=\"robots\" content=\"index, follow, max-snippet:-1, max-image-preview:large, max-video-preview:-1\" \/>\n<link rel=\"canonical\" href=\"https:\/\/tiandeproducts.co.uk\/lt\/gaivinantis-gelis-eliksyras-nuo-rauksliu40g\/\" \/>\n<meta property=\"og:locale\" content=\"lt_LT\" \/>\n<meta property=\"og:type\" content=\"article\" \/>\n<meta property=\"og:title\" content=\"Gaivinantis gelis-eliksyras nuo rauk\u0161li\u0173,40g - TianDe Online Shop - Beauty &amp; Health\" \/>\n<meta property=\"og:description\" content=\"\u00a0Earn 18 points worth \u00a30.90 when buying this product Gelis \u2013 eliksyras sudaro palankias s\u0105lygas efektyviai apsisaugoti nuo rauk\u0161li\u0173 be skausming\u0173 injekcij\u0173. Priemon\u0117s viduje esan\u010dios nat\u016braliai dr\u0117gm\u0119 palaikan\u010dios mikrosferos aktyvuoja apsaugines odos funkcijas, padidina odos galimybes savaranki\u0161kai atsinaujinti, maitina, skatina kolageno ir elastino gamyb\u0105, ilgam panaikina dr\u0117gm\u0117s deficit\u0105. D\u0117ka nat\u016braliai dr\u0117gm\u0119 palaikan\u010di\u0173 komponent\u0173, gaivinamasis gelis [...]\" \/>\n<meta property=\"og:url\" content=\"https:\/\/tiandeproducts.co.uk\/lt\/gaivinantis-gelis-eliksyras-nuo-rauksliu40g\/\" \/>\n<meta property=\"og:site_name\" content=\"TianDe Online Shop - Beauty &amp; Health\" \/>\n<meta property=\"article:publisher\" content=\"https:\/\/www.facebook.com\/tiande.products.england\/\" \/>\n<meta property=\"article:modified_time\" content=\"2021-02-25T12:21:09+00:00\" \/>\n<meta property=\"og:image\" content=\"https:\/\/tiandeproducts.co.uk\/wp-content\/uploads\/2016\/04\/14802_2.png\" \/>\n\t<meta property=\"og:image:width\" content=\"700\" \/>\n\t<meta property=\"og:image:height\" content=\"700\" \/>\n\t<meta property=\"og:image:type\" content=\"image\/png\" \/>\n<meta name=\"twitter:card\" content=\"summary_large_image\" \/>\n<meta name=\"twitter:label1\" content=\"Est. reading time\" \/>\n\t<meta name=\"twitter:data1\" content=\"2 minut\u0117s\" \/>\n<script type=\"application\/ld+json\" class=\"yoast-schema-graph\">{\"@context\":\"https:\/\/schema.org\",\"@graph\":[{\"@type\":\"WebPage\",\"@id\":\"https:\/\/tiandeproducts.co.uk\/lt\/gaivinantis-gelis-eliksyras-nuo-rauksliu40g\/\",\"url\":\"https:\/\/tiandeproducts.co.uk\/lt\/gaivinantis-gelis-eliksyras-nuo-rauksliu40g\/\",\"name\":\"Gaivinantis gelis-eliksyras nuo rauk\u0161li\u0173,40g - TianDe Online Shop - Beauty &amp; Health\",\"isPartOf\":{\"@id\":\"https:\/\/tiandeproducts.co.uk\/#website\"},\"primaryImageOfPage\":{\"@id\":\"https:\/\/tiandeproducts.co.uk\/lt\/gaivinantis-gelis-eliksyras-nuo-rauksliu40g\/#primaryimage\"},\"image\":{\"@id\":\"https:\/\/tiandeproducts.co.uk\/lt\/gaivinantis-gelis-eliksyras-nuo-rauksliu40g\/#primaryimage\"},\"thumbnailUrl\":\"https:\/\/tiandeproducts.co.uk\/wp-content\/uploads\/2016\/04\/14802_2.png\",\"datePublished\":\"2016-04-21T17:25:49+00:00\",\"dateModified\":\"2021-02-25T12:21:09+00:00\",\"breadcrumb\":{\"@id\":\"https:\/\/tiandeproducts.co.uk\/lt\/gaivinantis-gelis-eliksyras-nuo-rauksliu40g\/#breadcrumb\"},\"inLanguage\":\"lt-LT\",\"potentialAction\":[{\"@type\":\"ReadAction\",\"target\":[\"https:\/\/tiandeproducts.co.uk\/lt\/gaivinantis-gelis-eliksyras-nuo-rauksliu40g\/\"]}]},{\"@type\":\"ImageObject\",\"inLanguage\":\"lt-LT\",\"@id\":\"https:\/\/tiandeproducts.co.uk\/lt\/gaivinantis-gelis-eliksyras-nuo-rauksliu40g\/#primaryimage\",\"url\":\"https:\/\/tiandeproducts.co.uk\/wp-content\/uploads\/2016\/04\/14802_2.png\",\"contentUrl\":\"https:\/\/tiandeproducts.co.uk\/wp-content\/uploads\/2016\/04\/14802_2.png\",\"width\":700,\"height\":700,\"caption\":\"\\\"Botoluxe\\\" Revitalizing Anti-Wrinkle Face Gel-Elixir,40g-0\"},{\"@type\":\"BreadcrumbList\",\"@id\":\"https:\/\/tiandeproducts.co.uk\/lt\/gaivinantis-gelis-eliksyras-nuo-rauksliu40g\/#breadcrumb\",\"itemListElement\":[{\"@type\":\"ListItem\",\"position\":1,\"name\":\"Home\",\"item\":\"https:\/\/tiandeproducts.co.uk\/lt\/\"},{\"@type\":\"ListItem\",\"position\":2,\"name\":\"Shop\",\"item\":\"https:\/\/tiandeproducts.co.uk\/lt\/shop-2\/\"},{\"@type\":\"ListItem\",\"position\":3,\"name\":\"Gaivinantis gelis-eliksyras nuo rauk\u0161li\u0173,40g\"}]},{\"@type\":\"WebSite\",\"@id\":\"https:\/\/tiandeproducts.co.uk\/#website\",\"url\":\"https:\/\/tiandeproducts.co.uk\/\",\"name\":\"TianDe Online Shop - Beauty & Health\",\"description\":\"Traditional Chinese Medicine\",\"potentialAction\":[{\"@type\":\"SearchAction\",\"target\":{\"@type\":\"EntryPoint\",\"urlTemplate\":\"https:\/\/tiandeproducts.co.uk\/?s={search_term_string}\"},\"query-input\":{\"@type\":\"PropertyValueSpecification\",\"valueRequired\":true,\"valueName\":\"search_term_string\"}}],\"inLanguage\":\"lt-LT\"}]}<\/script>\n<!-- \/ Yoast SEO plugin. -->","yoast_head_json":{"title":"Gaivinantis gelis-eliksyras nuo rauk\u0161li\u0173,40g - TianDe Online Shop - Beauty &amp; Health","robots":{"index":"index","follow":"follow","max-snippet":"max-snippet:-1","max-image-preview":"max-image-preview:large","max-video-preview":"max-video-preview:-1"},"canonical":"https:\/\/tiandeproducts.co.uk\/lt\/gaivinantis-gelis-eliksyras-nuo-rauksliu40g\/","og_locale":"lt_LT","og_type":"article","og_title":"Gaivinantis gelis-eliksyras nuo rauk\u0161li\u0173,40g - TianDe Online Shop - Beauty &amp; Health","og_description":"\u00a0Earn 18 points worth \u00a30.90 when buying this product Gelis \u2013 eliksyras sudaro palankias s\u0105lygas efektyviai apsisaugoti nuo rauk\u0161li\u0173 be skausming\u0173 injekcij\u0173. Priemon\u0117s viduje esan\u010dios nat\u016braliai dr\u0117gm\u0119 palaikan\u010dios mikrosferos aktyvuoja apsaugines odos funkcijas, padidina odos galimybes savaranki\u0161kai atsinaujinti, maitina, skatina kolageno ir elastino gamyb\u0105, ilgam panaikina dr\u0117gm\u0117s deficit\u0105. D\u0117ka nat\u016braliai dr\u0117gm\u0119 palaikan\u010di\u0173 komponent\u0173, gaivinamasis gelis [...]","og_url":"https:\/\/tiandeproducts.co.uk\/lt\/gaivinantis-gelis-eliksyras-nuo-rauksliu40g\/","og_site_name":"TianDe Online Shop - Beauty &amp; Health","article_publisher":"https:\/\/www.facebook.com\/tiande.products.england\/","article_modified_time":"2021-02-25T12:21:09+00:00","og_image":[{"width":700,"height":700,"url":"https:\/\/tiandeproducts.co.uk\/wp-content\/uploads\/2016\/04\/14802_2.png","type":"image\/png"}],"twitter_card":"summary_large_image","twitter_misc":{"Est. reading time":"2 minut\u0117s"},"schema":{"@context":"https:\/\/schema.org","@graph":[{"@type":"WebPage","@id":"https:\/\/tiandeproducts.co.uk\/lt\/gaivinantis-gelis-eliksyras-nuo-rauksliu40g\/","url":"https:\/\/tiandeproducts.co.uk\/lt\/gaivinantis-gelis-eliksyras-nuo-rauksliu40g\/","name":"Gaivinantis gelis-eliksyras nuo rauk\u0161li\u0173,40g - TianDe Online Shop - Beauty &amp; Health","isPartOf":{"@id":"https:\/\/tiandeproducts.co.uk\/#website"},"primaryImageOfPage":{"@id":"https:\/\/tiandeproducts.co.uk\/lt\/gaivinantis-gelis-eliksyras-nuo-rauksliu40g\/#primaryimage"},"image":{"@id":"https:\/\/tiandeproducts.co.uk\/lt\/gaivinantis-gelis-eliksyras-nuo-rauksliu40g\/#primaryimage"},"thumbnailUrl":"https:\/\/tiandeproducts.co.uk\/wp-content\/uploads\/2016\/04\/14802_2.png","datePublished":"2016-04-21T17:25:49+00:00","dateModified":"2021-02-25T12:21:09+00:00","breadcrumb":{"@id":"https:\/\/tiandeproducts.co.uk\/lt\/gaivinantis-gelis-eliksyras-nuo-rauksliu40g\/#breadcrumb"},"inLanguage":"lt-LT","potentialAction":[{"@type":"ReadAction","target":["https:\/\/tiandeproducts.co.uk\/lt\/gaivinantis-gelis-eliksyras-nuo-rauksliu40g\/"]}]},{"@type":"ImageObject","inLanguage":"lt-LT","@id":"https:\/\/tiandeproducts.co.uk\/lt\/gaivinantis-gelis-eliksyras-nuo-rauksliu40g\/#primaryimage","url":"https:\/\/tiandeproducts.co.uk\/wp-content\/uploads\/2016\/04\/14802_2.png","contentUrl":"https:\/\/tiandeproducts.co.uk\/wp-content\/uploads\/2016\/04\/14802_2.png","width":700,"height":700,"caption":"\"Botoluxe\" Revitalizing Anti-Wrinkle Face Gel-Elixir,40g-0"},{"@type":"BreadcrumbList","@id":"https:\/\/tiandeproducts.co.uk\/lt\/gaivinantis-gelis-eliksyras-nuo-rauksliu40g\/#breadcrumb","itemListElement":[{"@type":"ListItem","position":1,"name":"Home","item":"https:\/\/tiandeproducts.co.uk\/lt\/"},{"@type":"ListItem","position":2,"name":"Shop","item":"https:\/\/tiandeproducts.co.uk\/lt\/shop-2\/"},{"@type":"ListItem","position":3,"name":"Gaivinantis gelis-eliksyras nuo rauk\u0161li\u0173,40g"}]},{"@type":"WebSite","@id":"https:\/\/tiandeproducts.co.uk\/#website","url":"https:\/\/tiandeproducts.co.uk\/","name":"TianDe Online Shop - Beauty & Health","description":"Traditional Chinese Medicine","potentialAction":[{"@type":"SearchAction","target":{"@type":"EntryPoint","urlTemplate":"https:\/\/tiandeproducts.co.uk\/?s={search_term_string}"},"query-input":{"@type":"PropertyValueSpecification","valueRequired":true,"valueName":"search_term_string"}}],"inLanguage":"lt-LT"}]}},"_links":{"self":[{"href":"https:\/\/tiandeproducts.co.uk\/lt\/wp-json\/wp\/v2\/product\/3590","targetHints":{"allow":["GET"]}}],"collection":[{"href":"https:\/\/tiandeproducts.co.uk\/lt\/wp-json\/wp\/v2\/product"}],"about":[{"href":"https:\/\/tiandeproducts.co.uk\/lt\/wp-json\/wp\/v2\/types\/product"}],"replies":[{"embeddable":true,"href":"https:\/\/tiandeproducts.co.uk\/lt\/wp-json\/wp\/v2\/comments?post=3590"}],"wp:featuredmedia":[{"embeddable":true,"href":"https:\/\/tiandeproducts.co.uk\/lt\/wp-json\/wp\/v2\/media\/1247"}],"wp:attachment":[{"href":"https:\/\/tiandeproducts.co.uk\/lt\/wp-json\/wp\/v2\/media?parent=3590"}],"wp:term":[{"taxonomy":"product_cat","embeddable":true,"href":"https:\/\/tiandeproducts.co.uk\/lt\/wp-json\/wp\/v2\/product_cat?post=3590"},{"taxonomy":"product_tag","embeddable":true,"href":"https:\/\/tiandeproducts.co.uk\/lt\/wp-json\/wp\/v2\/product_tag?post=3590"}],"curies":[{"name":"wp","href":"https:\/\/api.w.org\/{rel}","templated":true}]}}