{"id":16074,"date":"2021-05-06T14:22:20","date_gmt":"2021-05-06T13:22:20","guid":{"rendered":"https:\/\/www.tiandeproducts.co.uk\/zoleliu-ekstrakto-subtilus-intymios-prieziuros-gelis-360-g\/"},"modified":"2021-05-06T14:22:20","modified_gmt":"2021-05-06T13:22:20","slug":"zoleliu-ekstrakto-subtilus-intymios-prieziuros-gelis-360-g","status":"publish","type":"product","link":"https:\/\/tiandeproducts.co.uk\/lt\/zoleliu-ekstrakto-subtilus-intymios-prieziuros-gelis-360-g\/","title":{"rendered":"\u017doleli\u0173 ekstrakto subtilus intymios prie\u017ei\u016bros gelis 360g."},"content":{"rendered":"<p><strong>Nat\u016brali moter\u0173 sveikatos apsauga!<\/strong><\/p>\n<p>Gamta yra nuostabi ir daugialyp\u0117, tod\u0117l \u012fkv\u0117p\u0117 korporacij\u0105 sukurti \u017eoleli\u0173 ekstrakto subtilaus prie\u017ei\u016bros gel\u012f, kuris teigiamai veikia moter\u0173 sveikat\u0105. Produktas buvo sukurtas Altajaus rajone ir turi daugiau kaip 90% nat\u016brali\u0173 komponent\u0173. \u0160velni gelio formul\u0117 tinka jautriausiai odai pri\u017ei\u016br\u0117ti. Aktyv\u016bs produkto komponentai padeda stiprinti vietin\u012f imunitet\u0105, i\u0161laikydami nat\u016bral\u0173 apsaugin\u012f barjer\u0105 ir pH pusiausvyr\u0105 intymioje vietoje. D\u0117l subalansuotos sud\u0117ties \u0161is gelis ramina subtili\u0105 od\u0105 ir suteikia komforto jausm\u0105 kiekvien\u0105 dien\u0105. Jis gaivina ir dr\u0117kina od\u0105, taip pat palengvina diskomfort\u0105 po depiliacijos.<\/p>\n<p>Naudokite auk\u0161tos kokyb\u0117s produktus ir b\u016bkite sveiki.<\/p>\n<p><strong>Naudojimas:<\/strong> nedidel\u012f kiek\u012f gelio naudoti intymiai k\u016bno sri\u010diai, nuplauti su vandeniu. Tik i\u0161oriniam naudojimui.<\/p>\n","protected":false},"excerpt":{"rendered":"<p>Nat\u016brali moter\u0173 sveikatos apsauga! Gamta yra nuostabi ir daugialyp\u0117, tod\u0117l \u012fkv\u0117p\u0117 korporacij\u0105 sukurti \u017eoleli\u0173 ekstrakto subtilaus prie\u017ei\u016bros gel\u012f, kuris teigiamai veikia moter\u0173 sveikat\u0105. Produktas buvo sukurtas Altajaus rajone ir turi daugiau kaip 90% nat\u016brali\u0173 komponent\u0173. \u0160velni gelio formul\u0117 tinka jautriausiai odai pri\u017ei\u016br\u0117ti. Aktyv\u016bs produkto komponentai padeda stiprinti vietin\u012f imunitet\u0105, i\u0161laikydami nat\u016bral\u0173 apsaugin\u012f barjer\u0105 ir pH [&#8230;]\n","protected":false},"featured_media":16070,"comment_status":"open","ping_status":"closed","template":"","meta":[],"product_cat":[678,1376,677,682],"product_tag":[],"class_list":{"0":"post-16074","1":"product","2":"type-product","3":"status-publish","4":"has-post-thumbnail","6":"product_cat-valymas-ir-apsauga","7":"product_cat-ecodeviva-lt","8":"product_cat-higiena","9":"product_cat-intymi-higiena","11":"first","12":"instock","13":"shipping-taxable","14":"purchasable","15":"product-type-simple"},"yoast_head":"<!-- This site is optimized with the Yoast SEO plugin v23.6 - https:\/\/yoast.com\/wordpress\/plugins\/seo\/ -->\n<title>\u017doleli\u0173 ekstrakto subtilus intymios prie\u017ei\u016bros gelis 360g. - TianDe Online Shop - Beauty &amp; Health<\/title>\n<meta name=\"robots\" content=\"index, follow, max-snippet:-1, max-image-preview:large, max-video-preview:-1\" \/>\n<link rel=\"canonical\" href=\"https:\/\/tiandeproducts.co.uk\/lt\/zoleliu-ekstrakto-subtilus-intymios-prieziuros-gelis-360-g\/\" \/>\n<meta property=\"og:locale\" content=\"lt_LT\" \/>\n<meta property=\"og:type\" content=\"article\" \/>\n<meta property=\"og:title\" content=\"\u017doleli\u0173 ekstrakto subtilus intymios prie\u017ei\u016bros gelis 360g. - TianDe Online Shop - Beauty &amp; Health\" \/>\n<meta property=\"og:description\" content=\"Nat\u016brali moter\u0173 sveikatos apsauga! Gamta yra nuostabi ir daugialyp\u0117, tod\u0117l \u012fkv\u0117p\u0117 korporacij\u0105 sukurti \u017eoleli\u0173 ekstrakto subtilaus prie\u017ei\u016bros gel\u012f, kuris teigiamai veikia moter\u0173 sveikat\u0105. Produktas buvo sukurtas Altajaus rajone ir turi daugiau kaip 90% nat\u016brali\u0173 komponent\u0173. \u0160velni gelio formul\u0117 tinka jautriausiai odai pri\u017ei\u016br\u0117ti. Aktyv\u016bs produkto komponentai padeda stiprinti vietin\u012f imunitet\u0105, i\u0161laikydami nat\u016bral\u0173 apsaugin\u012f barjer\u0105 ir pH [...]\" \/>\n<meta property=\"og:url\" content=\"https:\/\/tiandeproducts.co.uk\/lt\/zoleliu-ekstrakto-subtilus-intymios-prieziuros-gelis-360-g\/\" \/>\n<meta property=\"og:site_name\" content=\"TianDe Online Shop - Beauty &amp; Health\" \/>\n<meta property=\"article:publisher\" content=\"https:\/\/www.facebook.com\/tiande.products.england\/\" \/>\n<meta property=\"og:image\" content=\"https:\/\/tiandeproducts.co.uk\/wp-content\/uploads\/680111.png\" \/>\n\t<meta property=\"og:image:width\" content=\"700\" \/>\n\t<meta property=\"og:image:height\" content=\"700\" \/>\n\t<meta property=\"og:image:type\" content=\"image\/png\" \/>\n<meta name=\"twitter:card\" content=\"summary_large_image\" \/>\n<meta name=\"twitter:label1\" content=\"Est. reading time\" \/>\n\t<meta name=\"twitter:data1\" content=\"1 minut\u0117\" \/>\n<script type=\"application\/ld+json\" class=\"yoast-schema-graph\">{\"@context\":\"https:\/\/schema.org\",\"@graph\":[{\"@type\":\"WebPage\",\"@id\":\"https:\/\/tiandeproducts.co.uk\/lt\/zoleliu-ekstrakto-subtilus-intymios-prieziuros-gelis-360-g\/\",\"url\":\"https:\/\/tiandeproducts.co.uk\/lt\/zoleliu-ekstrakto-subtilus-intymios-prieziuros-gelis-360-g\/\",\"name\":\"\u017doleli\u0173 ekstrakto subtilus intymios prie\u017ei\u016bros gelis 360g. - TianDe Online Shop - Beauty &amp; Health\",\"isPartOf\":{\"@id\":\"https:\/\/tiandeproducts.co.uk\/#website\"},\"primaryImageOfPage\":{\"@id\":\"https:\/\/tiandeproducts.co.uk\/lt\/zoleliu-ekstrakto-subtilus-intymios-prieziuros-gelis-360-g\/#primaryimage\"},\"image\":{\"@id\":\"https:\/\/tiandeproducts.co.uk\/lt\/zoleliu-ekstrakto-subtilus-intymios-prieziuros-gelis-360-g\/#primaryimage\"},\"thumbnailUrl\":\"https:\/\/tiandeproducts.co.uk\/wp-content\/uploads\/680111.png\",\"datePublished\":\"2021-05-06T13:22:20+00:00\",\"dateModified\":\"2021-05-06T13:22:20+00:00\",\"breadcrumb\":{\"@id\":\"https:\/\/tiandeproducts.co.uk\/lt\/zoleliu-ekstrakto-subtilus-intymios-prieziuros-gelis-360-g\/#breadcrumb\"},\"inLanguage\":\"lt-LT\",\"potentialAction\":[{\"@type\":\"ReadAction\",\"target\":[\"https:\/\/tiandeproducts.co.uk\/lt\/zoleliu-ekstrakto-subtilus-intymios-prieziuros-gelis-360-g\/\"]}]},{\"@type\":\"ImageObject\",\"inLanguage\":\"lt-LT\",\"@id\":\"https:\/\/tiandeproducts.co.uk\/lt\/zoleliu-ekstrakto-subtilus-intymios-prieziuros-gelis-360-g\/#primaryimage\",\"url\":\"https:\/\/tiandeproducts.co.uk\/wp-content\/uploads\/680111.png\",\"contentUrl\":\"https:\/\/tiandeproducts.co.uk\/wp-content\/uploads\/680111.png\",\"width\":700,\"height\":700},{\"@type\":\"BreadcrumbList\",\"@id\":\"https:\/\/tiandeproducts.co.uk\/lt\/zoleliu-ekstrakto-subtilus-intymios-prieziuros-gelis-360-g\/#breadcrumb\",\"itemListElement\":[{\"@type\":\"ListItem\",\"position\":1,\"name\":\"Home\",\"item\":\"https:\/\/tiandeproducts.co.uk\/lt\/\"},{\"@type\":\"ListItem\",\"position\":2,\"name\":\"Shop\",\"item\":\"https:\/\/tiandeproducts.co.uk\/lt\/shop-2\/\"},{\"@type\":\"ListItem\",\"position\":3,\"name\":\"\u017doleli\u0173 ekstrakto subtilus intymios prie\u017ei\u016bros gelis 360g.\"}]},{\"@type\":\"WebSite\",\"@id\":\"https:\/\/tiandeproducts.co.uk\/#website\",\"url\":\"https:\/\/tiandeproducts.co.uk\/\",\"name\":\"TianDe Online Shop - Beauty & Health\",\"description\":\"Traditional Chinese Medicine\",\"potentialAction\":[{\"@type\":\"SearchAction\",\"target\":{\"@type\":\"EntryPoint\",\"urlTemplate\":\"https:\/\/tiandeproducts.co.uk\/?s={search_term_string}\"},\"query-input\":{\"@type\":\"PropertyValueSpecification\",\"valueRequired\":true,\"valueName\":\"search_term_string\"}}],\"inLanguage\":\"lt-LT\"}]}<\/script>\n<!-- \/ Yoast SEO plugin. -->","yoast_head_json":{"title":"\u017doleli\u0173 ekstrakto subtilus intymios prie\u017ei\u016bros gelis 360g. - TianDe Online Shop - Beauty &amp; Health","robots":{"index":"index","follow":"follow","max-snippet":"max-snippet:-1","max-image-preview":"max-image-preview:large","max-video-preview":"max-video-preview:-1"},"canonical":"https:\/\/tiandeproducts.co.uk\/lt\/zoleliu-ekstrakto-subtilus-intymios-prieziuros-gelis-360-g\/","og_locale":"lt_LT","og_type":"article","og_title":"\u017doleli\u0173 ekstrakto subtilus intymios prie\u017ei\u016bros gelis 360g. - TianDe Online Shop - Beauty &amp; Health","og_description":"Nat\u016brali moter\u0173 sveikatos apsauga! Gamta yra nuostabi ir daugialyp\u0117, tod\u0117l \u012fkv\u0117p\u0117 korporacij\u0105 sukurti \u017eoleli\u0173 ekstrakto subtilaus prie\u017ei\u016bros gel\u012f, kuris teigiamai veikia moter\u0173 sveikat\u0105. Produktas buvo sukurtas Altajaus rajone ir turi daugiau kaip 90% nat\u016brali\u0173 komponent\u0173. \u0160velni gelio formul\u0117 tinka jautriausiai odai pri\u017ei\u016br\u0117ti. Aktyv\u016bs produkto komponentai padeda stiprinti vietin\u012f imunitet\u0105, i\u0161laikydami nat\u016bral\u0173 apsaugin\u012f barjer\u0105 ir pH [...]","og_url":"https:\/\/tiandeproducts.co.uk\/lt\/zoleliu-ekstrakto-subtilus-intymios-prieziuros-gelis-360-g\/","og_site_name":"TianDe Online Shop - Beauty &amp; Health","article_publisher":"https:\/\/www.facebook.com\/tiande.products.england\/","og_image":[{"width":700,"height":700,"url":"https:\/\/tiandeproducts.co.uk\/wp-content\/uploads\/680111.png","type":"image\/png"}],"twitter_card":"summary_large_image","twitter_misc":{"Est. reading time":"1 minut\u0117"},"schema":{"@context":"https:\/\/schema.org","@graph":[{"@type":"WebPage","@id":"https:\/\/tiandeproducts.co.uk\/lt\/zoleliu-ekstrakto-subtilus-intymios-prieziuros-gelis-360-g\/","url":"https:\/\/tiandeproducts.co.uk\/lt\/zoleliu-ekstrakto-subtilus-intymios-prieziuros-gelis-360-g\/","name":"\u017doleli\u0173 ekstrakto subtilus intymios prie\u017ei\u016bros gelis 360g. - TianDe Online Shop - Beauty &amp; Health","isPartOf":{"@id":"https:\/\/tiandeproducts.co.uk\/#website"},"primaryImageOfPage":{"@id":"https:\/\/tiandeproducts.co.uk\/lt\/zoleliu-ekstrakto-subtilus-intymios-prieziuros-gelis-360-g\/#primaryimage"},"image":{"@id":"https:\/\/tiandeproducts.co.uk\/lt\/zoleliu-ekstrakto-subtilus-intymios-prieziuros-gelis-360-g\/#primaryimage"},"thumbnailUrl":"https:\/\/tiandeproducts.co.uk\/wp-content\/uploads\/680111.png","datePublished":"2021-05-06T13:22:20+00:00","dateModified":"2021-05-06T13:22:20+00:00","breadcrumb":{"@id":"https:\/\/tiandeproducts.co.uk\/lt\/zoleliu-ekstrakto-subtilus-intymios-prieziuros-gelis-360-g\/#breadcrumb"},"inLanguage":"lt-LT","potentialAction":[{"@type":"ReadAction","target":["https:\/\/tiandeproducts.co.uk\/lt\/zoleliu-ekstrakto-subtilus-intymios-prieziuros-gelis-360-g\/"]}]},{"@type":"ImageObject","inLanguage":"lt-LT","@id":"https:\/\/tiandeproducts.co.uk\/lt\/zoleliu-ekstrakto-subtilus-intymios-prieziuros-gelis-360-g\/#primaryimage","url":"https:\/\/tiandeproducts.co.uk\/wp-content\/uploads\/680111.png","contentUrl":"https:\/\/tiandeproducts.co.uk\/wp-content\/uploads\/680111.png","width":700,"height":700},{"@type":"BreadcrumbList","@id":"https:\/\/tiandeproducts.co.uk\/lt\/zoleliu-ekstrakto-subtilus-intymios-prieziuros-gelis-360-g\/#breadcrumb","itemListElement":[{"@type":"ListItem","position":1,"name":"Home","item":"https:\/\/tiandeproducts.co.uk\/lt\/"},{"@type":"ListItem","position":2,"name":"Shop","item":"https:\/\/tiandeproducts.co.uk\/lt\/shop-2\/"},{"@type":"ListItem","position":3,"name":"\u017doleli\u0173 ekstrakto subtilus intymios prie\u017ei\u016bros gelis 360g."}]},{"@type":"WebSite","@id":"https:\/\/tiandeproducts.co.uk\/#website","url":"https:\/\/tiandeproducts.co.uk\/","name":"TianDe Online Shop - Beauty & Health","description":"Traditional Chinese Medicine","potentialAction":[{"@type":"SearchAction","target":{"@type":"EntryPoint","urlTemplate":"https:\/\/tiandeproducts.co.uk\/?s={search_term_string}"},"query-input":{"@type":"PropertyValueSpecification","valueRequired":true,"valueName":"search_term_string"}}],"inLanguage":"lt-LT"}]}},"_links":{"self":[{"href":"https:\/\/tiandeproducts.co.uk\/lt\/wp-json\/wp\/v2\/product\/16074","targetHints":{"allow":["GET"]}}],"collection":[{"href":"https:\/\/tiandeproducts.co.uk\/lt\/wp-json\/wp\/v2\/product"}],"about":[{"href":"https:\/\/tiandeproducts.co.uk\/lt\/wp-json\/wp\/v2\/types\/product"}],"replies":[{"embeddable":true,"href":"https:\/\/tiandeproducts.co.uk\/lt\/wp-json\/wp\/v2\/comments?post=16074"}],"wp:featuredmedia":[{"embeddable":true,"href":"https:\/\/tiandeproducts.co.uk\/lt\/wp-json\/wp\/v2\/media\/16070"}],"wp:attachment":[{"href":"https:\/\/tiandeproducts.co.uk\/lt\/wp-json\/wp\/v2\/media?parent=16074"}],"wp:term":[{"taxonomy":"product_cat","embeddable":true,"href":"https:\/\/tiandeproducts.co.uk\/lt\/wp-json\/wp\/v2\/product_cat?post=16074"},{"taxonomy":"product_tag","embeddable":true,"href":"https:\/\/tiandeproducts.co.uk\/lt\/wp-json\/wp\/v2\/product_tag?post=16074"}],"curies":[{"name":"wp","href":"https:\/\/api.w.org\/{rel}","templated":true}]}}