{"id":16065,"date":"2021-03-29T14:26:19","date_gmt":"2021-03-29T13:26:19","guid":{"rendered":"https:\/\/www.tiandeproducts.co.uk\/higieniniai-iklotai-su-zolelemis-nakciai-maxi-4-vnt\/"},"modified":"2021-03-29T14:26:19","modified_gmt":"2021-03-29T13:26:19","slug":"higieniniai-iklotai-su-zolelemis-nakciai-maxi-4-vnt","status":"publish","type":"product","link":"https:\/\/tiandeproducts.co.uk\/lt\/higieniniai-iklotai-su-zolelemis-nakciai-maxi-4-vnt\/","title":{"rendered":"Higieniniai \u012fklotai su \u017eolel\u0117mis nak\u010diai \u201eMaxi\u201c 4 vnt."},"content":{"rendered":"<p><img decoding=\"async\" style=\"max-width: 16px; margin-right: 5px;\" src=\"https:\/\/tiandeproducts.co.uk\/wp-content\/uploads\/points-green.svg\" \/> Earn 11 points worth \u00a30.55 when buying this product<\/p>\n<div class=\"bi6gxh9e\" data-block=\"true\" data-editor=\"aij8g\" data-offset-key=\"bcp44-0-0\">\n<div class=\"_1mf _1mj\" data-offset-key=\"bcp44-0-0\"><span data-offset-key=\"bcp44-0-0\">Higieniniai \u012fklotai, \u201eMaxi\u201c, sukurti patikimai apsaugai, visi\u0161kam patogumui ir moter\u0173 sveikatai! Didesnis sugeriamumas, padidintas dydis ir dar patikimesn\u0117 apsauga pad\u0117s i\u0161vengti pratek\u0117jimo net esant &#8222;gausioms dienoms&#8221;.<\/span><\/div>\n<\/div>\n<div class=\"bi6gxh9e\" data-block=\"true\" data-editor=\"aij8g\" data-offset-key=\"dkqd7-0-0\">\n<div class=\"_1mf _1mj\" data-offset-key=\"dkqd7-0-0\"><span data-offset-key=\"dkqd7-0-0\">Nat\u016bralus \u201ekv\u0117puojantis\u201c vir\u0161utinis sluoksnis, u\u017etikrinantis ger\u0105 oro cirkuliacij\u0105 ir apsaugantis nuo bakterij\u0173 dauginimosi, o tai ypa\u010d svarbu nakt\u012f, kai higienini\u0173 \u012fklot\u0173 negalima taip da\u017enai keisti.<\/span><\/div>\n<\/div>\n<div class=\"bi6gxh9e\" data-block=\"true\" data-editor=\"aij8g\" data-offset-key=\"6b9tr-0-0\">\n<div class=\"_1mf _1mj\" data-offset-key=\"6b9tr-0-0\"><span data-offset-key=\"6b9tr-0-0\">Sud\u0117tyje yra patentuotas fitokompleksas, sukurtas Guangd\u017eou mokslini\u0173 tyrim\u0173 institute, turintis raminant\u012f ir antibakterin\u012f poveik\u012f, kuris padeda reguliuoti menstruacij\u0173 cikl\u0105.<\/span><\/div>\n<\/div>\n<div class=\"bi6gxh9e\" data-block=\"true\" data-editor=\"aij8g\" data-offset-key=\"2jh3-0-0\">\n<div class=\"_1mf _1mj\" data-offset-key=\"2jh3-0-0\"><span data-offset-key=\"2jh3-0-0\">Higieniniai \u012fklotai, \u201eMaxi\u201c, idealiai tinka \u0161velniai ir jautriai odai, u\u017etikrinantys sustiprint\u0105 apsaug\u0105 ir ramyb\u0119 nakt\u012f ir padedantys jaustis u\u017etikrintai.<\/span><\/div>\n<\/div>\n","protected":false},"excerpt":{"rendered":"<p>Earn 11 points worth \u00a30.55 when buying this product Higieniniai \u012fklotai, \u201eMaxi\u201c, sukurti patikimai apsaugai, visi\u0161kam patogumui ir moter\u0173 sveikatai! Didesnis sugeriamumas, padidintas dydis ir dar patikimesn\u0117 apsauga pad\u0117s i\u0161vengti pratek\u0117jimo net esant &#8222;gausioms dienoms&#8221;. Nat\u016bralus \u201ekv\u0117puojantis\u201c vir\u0161utinis sluoksnis, u\u017etikrinantis ger\u0105 oro cirkuliacij\u0105 ir apsaugantis nuo bakterij\u0173 dauginimosi, o tai ypa\u010d svarbu nakt\u012f, kai higienini\u0173 [&#8230;]\n","protected":false},"featured_media":15877,"comment_status":"open","ping_status":"closed","template":"","meta":[],"product_cat":[1376,677,683],"product_tag":[],"class_list":{"0":"post-16065","1":"product","2":"type-product","3":"status-publish","4":"has-post-thumbnail","6":"product_cat-ecodeviva-lt","7":"product_cat-higiena","8":"product_cat-kritinems-naktims-iklotai","10":"first","11":"instock","12":"shipping-taxable","13":"purchasable","14":"product-type-simple"},"yoast_head":"<!-- This site is optimized with the Yoast SEO plugin v23.6 - https:\/\/yoast.com\/wordpress\/plugins\/seo\/ -->\n<title>Higieniniai \u012fklotai su \u017eolel\u0117mis nak\u010diai \u201eMaxi\u201c 4 vnt. - TianDe Online Shop - Beauty &amp; Health<\/title>\n<meta name=\"robots\" content=\"index, follow, max-snippet:-1, max-image-preview:large, max-video-preview:-1\" \/>\n<link rel=\"canonical\" href=\"https:\/\/tiandeproducts.co.uk\/lt\/higieniniai-iklotai-su-zolelemis-nakciai-maxi-4-vnt\/\" \/>\n<meta property=\"og:locale\" content=\"lt_LT\" \/>\n<meta property=\"og:type\" content=\"article\" \/>\n<meta property=\"og:title\" content=\"Higieniniai \u012fklotai su \u017eolel\u0117mis nak\u010diai \u201eMaxi\u201c 4 vnt. - TianDe Online Shop - Beauty &amp; Health\" \/>\n<meta property=\"og:description\" content=\"Earn 11 points worth \u00a30.55 when buying this product Higieniniai \u012fklotai, \u201eMaxi\u201c, sukurti patikimai apsaugai, visi\u0161kam patogumui ir moter\u0173 sveikatai! Didesnis sugeriamumas, padidintas dydis ir dar patikimesn\u0117 apsauga pad\u0117s i\u0161vengti pratek\u0117jimo net esant &#8222;gausioms dienoms&#8221;. Nat\u016bralus \u201ekv\u0117puojantis\u201c vir\u0161utinis sluoksnis, u\u017etikrinantis ger\u0105 oro cirkuliacij\u0105 ir apsaugantis nuo bakterij\u0173 dauginimosi, o tai ypa\u010d svarbu nakt\u012f, kai higienini\u0173 [...]\" \/>\n<meta property=\"og:url\" content=\"https:\/\/tiandeproducts.co.uk\/lt\/higieniniai-iklotai-su-zolelemis-nakciai-maxi-4-vnt\/\" \/>\n<meta property=\"og:site_name\" content=\"TianDe Online Shop - Beauty &amp; Health\" \/>\n<meta property=\"article:publisher\" content=\"https:\/\/www.facebook.com\/tiande.products.england\/\" \/>\n<meta property=\"og:image\" content=\"https:\/\/tiandeproducts.co.uk\/wp-content\/uploads\/681922.png\" \/>\n\t<meta property=\"og:image:width\" content=\"700\" \/>\n\t<meta property=\"og:image:height\" content=\"700\" \/>\n\t<meta property=\"og:image:type\" content=\"image\/png\" \/>\n<meta name=\"twitter:card\" content=\"summary_large_image\" \/>\n<meta name=\"twitter:label1\" content=\"Est. reading time\" \/>\n\t<meta name=\"twitter:data1\" content=\"1 minut\u0117\" \/>\n<script type=\"application\/ld+json\" class=\"yoast-schema-graph\">{\"@context\":\"https:\/\/schema.org\",\"@graph\":[{\"@type\":\"WebPage\",\"@id\":\"https:\/\/tiandeproducts.co.uk\/lt\/higieniniai-iklotai-su-zolelemis-nakciai-maxi-4-vnt\/\",\"url\":\"https:\/\/tiandeproducts.co.uk\/lt\/higieniniai-iklotai-su-zolelemis-nakciai-maxi-4-vnt\/\",\"name\":\"Higieniniai \u012fklotai su \u017eolel\u0117mis nak\u010diai \u201eMaxi\u201c 4 vnt. - TianDe Online Shop - Beauty &amp; Health\",\"isPartOf\":{\"@id\":\"https:\/\/tiandeproducts.co.uk\/#website\"},\"primaryImageOfPage\":{\"@id\":\"https:\/\/tiandeproducts.co.uk\/lt\/higieniniai-iklotai-su-zolelemis-nakciai-maxi-4-vnt\/#primaryimage\"},\"image\":{\"@id\":\"https:\/\/tiandeproducts.co.uk\/lt\/higieniniai-iklotai-su-zolelemis-nakciai-maxi-4-vnt\/#primaryimage\"},\"thumbnailUrl\":\"https:\/\/tiandeproducts.co.uk\/wp-content\/uploads\/681922.png\",\"datePublished\":\"2021-03-29T13:26:19+00:00\",\"dateModified\":\"2021-03-29T13:26:19+00:00\",\"breadcrumb\":{\"@id\":\"https:\/\/tiandeproducts.co.uk\/lt\/higieniniai-iklotai-su-zolelemis-nakciai-maxi-4-vnt\/#breadcrumb\"},\"inLanguage\":\"lt-LT\",\"potentialAction\":[{\"@type\":\"ReadAction\",\"target\":[\"https:\/\/tiandeproducts.co.uk\/lt\/higieniniai-iklotai-su-zolelemis-nakciai-maxi-4-vnt\/\"]}]},{\"@type\":\"ImageObject\",\"inLanguage\":\"lt-LT\",\"@id\":\"https:\/\/tiandeproducts.co.uk\/lt\/higieniniai-iklotai-su-zolelemis-nakciai-maxi-4-vnt\/#primaryimage\",\"url\":\"https:\/\/tiandeproducts.co.uk\/wp-content\/uploads\/681922.png\",\"contentUrl\":\"https:\/\/tiandeproducts.co.uk\/wp-content\/uploads\/681922.png\",\"width\":700,\"height\":700},{\"@type\":\"BreadcrumbList\",\"@id\":\"https:\/\/tiandeproducts.co.uk\/lt\/higieniniai-iklotai-su-zolelemis-nakciai-maxi-4-vnt\/#breadcrumb\",\"itemListElement\":[{\"@type\":\"ListItem\",\"position\":1,\"name\":\"Home\",\"item\":\"https:\/\/tiandeproducts.co.uk\/lt\/\"},{\"@type\":\"ListItem\",\"position\":2,\"name\":\"Shop\",\"item\":\"https:\/\/tiandeproducts.co.uk\/lt\/shop-2\/\"},{\"@type\":\"ListItem\",\"position\":3,\"name\":\"Higieniniai \u012fklotai su \u017eolel\u0117mis nak\u010diai \u201eMaxi\u201c 4 vnt.\"}]},{\"@type\":\"WebSite\",\"@id\":\"https:\/\/tiandeproducts.co.uk\/#website\",\"url\":\"https:\/\/tiandeproducts.co.uk\/\",\"name\":\"TianDe Online Shop - Beauty & Health\",\"description\":\"Traditional Chinese Medicine\",\"potentialAction\":[{\"@type\":\"SearchAction\",\"target\":{\"@type\":\"EntryPoint\",\"urlTemplate\":\"https:\/\/tiandeproducts.co.uk\/?s={search_term_string}\"},\"query-input\":{\"@type\":\"PropertyValueSpecification\",\"valueRequired\":true,\"valueName\":\"search_term_string\"}}],\"inLanguage\":\"lt-LT\"}]}<\/script>\n<!-- \/ Yoast SEO plugin. -->","yoast_head_json":{"title":"Higieniniai \u012fklotai su \u017eolel\u0117mis nak\u010diai \u201eMaxi\u201c 4 vnt. - TianDe Online Shop - Beauty &amp; Health","robots":{"index":"index","follow":"follow","max-snippet":"max-snippet:-1","max-image-preview":"max-image-preview:large","max-video-preview":"max-video-preview:-1"},"canonical":"https:\/\/tiandeproducts.co.uk\/lt\/higieniniai-iklotai-su-zolelemis-nakciai-maxi-4-vnt\/","og_locale":"lt_LT","og_type":"article","og_title":"Higieniniai \u012fklotai su \u017eolel\u0117mis nak\u010diai \u201eMaxi\u201c 4 vnt. - TianDe Online Shop - Beauty &amp; Health","og_description":"Earn 11 points worth \u00a30.55 when buying this product Higieniniai \u012fklotai, \u201eMaxi\u201c, sukurti patikimai apsaugai, visi\u0161kam patogumui ir moter\u0173 sveikatai! Didesnis sugeriamumas, padidintas dydis ir dar patikimesn\u0117 apsauga pad\u0117s i\u0161vengti pratek\u0117jimo net esant &#8222;gausioms dienoms&#8221;. Nat\u016bralus \u201ekv\u0117puojantis\u201c vir\u0161utinis sluoksnis, u\u017etikrinantis ger\u0105 oro cirkuliacij\u0105 ir apsaugantis nuo bakterij\u0173 dauginimosi, o tai ypa\u010d svarbu nakt\u012f, kai higienini\u0173 [...]","og_url":"https:\/\/tiandeproducts.co.uk\/lt\/higieniniai-iklotai-su-zolelemis-nakciai-maxi-4-vnt\/","og_site_name":"TianDe Online Shop - Beauty &amp; Health","article_publisher":"https:\/\/www.facebook.com\/tiande.products.england\/","og_image":[{"width":700,"height":700,"url":"https:\/\/tiandeproducts.co.uk\/wp-content\/uploads\/681922.png","type":"image\/png"}],"twitter_card":"summary_large_image","twitter_misc":{"Est. reading time":"1 minut\u0117"},"schema":{"@context":"https:\/\/schema.org","@graph":[{"@type":"WebPage","@id":"https:\/\/tiandeproducts.co.uk\/lt\/higieniniai-iklotai-su-zolelemis-nakciai-maxi-4-vnt\/","url":"https:\/\/tiandeproducts.co.uk\/lt\/higieniniai-iklotai-su-zolelemis-nakciai-maxi-4-vnt\/","name":"Higieniniai \u012fklotai su \u017eolel\u0117mis nak\u010diai \u201eMaxi\u201c 4 vnt. - TianDe Online Shop - Beauty &amp; Health","isPartOf":{"@id":"https:\/\/tiandeproducts.co.uk\/#website"},"primaryImageOfPage":{"@id":"https:\/\/tiandeproducts.co.uk\/lt\/higieniniai-iklotai-su-zolelemis-nakciai-maxi-4-vnt\/#primaryimage"},"image":{"@id":"https:\/\/tiandeproducts.co.uk\/lt\/higieniniai-iklotai-su-zolelemis-nakciai-maxi-4-vnt\/#primaryimage"},"thumbnailUrl":"https:\/\/tiandeproducts.co.uk\/wp-content\/uploads\/681922.png","datePublished":"2021-03-29T13:26:19+00:00","dateModified":"2021-03-29T13:26:19+00:00","breadcrumb":{"@id":"https:\/\/tiandeproducts.co.uk\/lt\/higieniniai-iklotai-su-zolelemis-nakciai-maxi-4-vnt\/#breadcrumb"},"inLanguage":"lt-LT","potentialAction":[{"@type":"ReadAction","target":["https:\/\/tiandeproducts.co.uk\/lt\/higieniniai-iklotai-su-zolelemis-nakciai-maxi-4-vnt\/"]}]},{"@type":"ImageObject","inLanguage":"lt-LT","@id":"https:\/\/tiandeproducts.co.uk\/lt\/higieniniai-iklotai-su-zolelemis-nakciai-maxi-4-vnt\/#primaryimage","url":"https:\/\/tiandeproducts.co.uk\/wp-content\/uploads\/681922.png","contentUrl":"https:\/\/tiandeproducts.co.uk\/wp-content\/uploads\/681922.png","width":700,"height":700},{"@type":"BreadcrumbList","@id":"https:\/\/tiandeproducts.co.uk\/lt\/higieniniai-iklotai-su-zolelemis-nakciai-maxi-4-vnt\/#breadcrumb","itemListElement":[{"@type":"ListItem","position":1,"name":"Home","item":"https:\/\/tiandeproducts.co.uk\/lt\/"},{"@type":"ListItem","position":2,"name":"Shop","item":"https:\/\/tiandeproducts.co.uk\/lt\/shop-2\/"},{"@type":"ListItem","position":3,"name":"Higieniniai \u012fklotai su \u017eolel\u0117mis nak\u010diai \u201eMaxi\u201c 4 vnt."}]},{"@type":"WebSite","@id":"https:\/\/tiandeproducts.co.uk\/#website","url":"https:\/\/tiandeproducts.co.uk\/","name":"TianDe Online Shop - Beauty & Health","description":"Traditional Chinese Medicine","potentialAction":[{"@type":"SearchAction","target":{"@type":"EntryPoint","urlTemplate":"https:\/\/tiandeproducts.co.uk\/?s={search_term_string}"},"query-input":{"@type":"PropertyValueSpecification","valueRequired":true,"valueName":"search_term_string"}}],"inLanguage":"lt-LT"}]}},"_links":{"self":[{"href":"https:\/\/tiandeproducts.co.uk\/lt\/wp-json\/wp\/v2\/product\/16065","targetHints":{"allow":["GET"]}}],"collection":[{"href":"https:\/\/tiandeproducts.co.uk\/lt\/wp-json\/wp\/v2\/product"}],"about":[{"href":"https:\/\/tiandeproducts.co.uk\/lt\/wp-json\/wp\/v2\/types\/product"}],"replies":[{"embeddable":true,"href":"https:\/\/tiandeproducts.co.uk\/lt\/wp-json\/wp\/v2\/comments?post=16065"}],"wp:featuredmedia":[{"embeddable":true,"href":"https:\/\/tiandeproducts.co.uk\/lt\/wp-json\/wp\/v2\/media\/15877"}],"wp:attachment":[{"href":"https:\/\/tiandeproducts.co.uk\/lt\/wp-json\/wp\/v2\/media?parent=16065"}],"wp:term":[{"taxonomy":"product_cat","embeddable":true,"href":"https:\/\/tiandeproducts.co.uk\/lt\/wp-json\/wp\/v2\/product_cat?post=16065"},{"taxonomy":"product_tag","embeddable":true,"href":"https:\/\/tiandeproducts.co.uk\/lt\/wp-json\/wp\/v2\/product_tag?post=16065"}],"curies":[{"name":"wp","href":"https:\/\/api.w.org\/{rel}","templated":true}]}}