{"id":16062,"date":"2021-03-29T14:18:34","date_gmt":"2021-03-29T13:18:34","guid":{"rendered":"https:\/\/www.tiandeproducts.co.uk\/rinkinys-silkinis-tobulumas-12015080g\/"},"modified":"2021-03-29T14:18:34","modified_gmt":"2021-03-29T13:18:34","slug":"rinkinys-silkinis-tobulumas-12015080g","status":"publish","type":"product","link":"https:\/\/tiandeproducts.co.uk\/lt\/rinkinys-silkinis-tobulumas-12015080g\/","title":{"rendered":"Rinkinys \u201e\u0160ilkinis tobulumas\u201c, 120+150+80g"},"content":{"rendered":"<p><img decoding=\"async\" style=\"max-width: 16px; margin-right: 5px;\" src=\"https:\/\/tiandeproducts.co.uk\/wp-content\/uploads\/points-green.svg\" \/> Earn 23 points worth \u00a31.15 when buying this product<\/p>\n<p><strong><span class=\"VIiyi\" lang=\"lt\"><span class=\"JLqJ4b ChMk0b\" data-language-for-alternatives=\"lt\" data-language-to-translate-into=\"en\" data-phrase-index=\"0\">\u0160velni, \u0161ilkin\u0117 oda!<\/span><\/span><\/strong><\/p>\n<p><span class=\"VIiyi\" lang=\"lt\"><span class=\"JLqJ4b ChMk0b\" data-language-for-alternatives=\"lt\" data-language-to-translate-into=\"en\" data-phrase-index=\"10\">Pilna \u0161velni\u0173 rank\u0173 prie\u017ei\u016bra:<\/span><\/span><\/p>\n<ul>\n<li><span class=\"VIiyi\" lang=\"lt\"><span class=\"JLqJ4b ChMk0b\" data-language-for-alternatives=\"lt\" data-language-to-translate-into=\"en\" data-phrase-index=\"12\">pilingas gelis pa\u0161alina surag\u0117jus\u012f odos sluoksn\u012f ir valo, tod\u0117l J\u016bs\u0173 oda tampa elastinga ir tvirta;<\/span><\/span><\/li>\n<li><span class=\"VIiyi\" lang=\"lt\"><span class=\"JLqJ4b ChMk0b\" data-language-for-alternatives=\"lt\" data-language-to-translate-into=\"en\" data-phrase-index=\"14\">druskos \u0161veitiklis pagerina prisotina od\u0105 vitaminais ir mineralais, suteikdamas jai \u0161ilkin\u012f prisilietim\u0105;<\/span><\/span><\/li>\n<li><span class=\"VIiyi\" lang=\"lt\"><span class=\"JLqJ4b ChMk0b\" data-language-for-alternatives=\"lt\" data-language-to-translate-into=\"en\" data-phrase-index=\"16\">kremas dr\u0117kina, maitina ir atkuria J\u016bs\u0173 od\u0105, paliekdamas j\u0105 mink\u0161t\u0105 ir elasting\u0105.<\/span><\/span><\/li>\n<\/ul>\n<p>Priemon\u0117s su \u0161ilko proteinais patogioje kosmetin\u0117je: gelis &#8211; pilingas, \u0161velnus druskos pilingas, rank\u0173 kremas.<\/p>\n<p>1. Ant sudr\u0117kint\u0173 rank\u0173 u\u017etepti nedidel\u012f kiek\u012f gelio &#8211; pilingo;<\/p>\n<p>2. Kruop\u0161\u010diai nuplauti vandeniu;<\/p>\n<p>3. Panaudoti druskos piling\u0105;<\/p>\n<p>4. Nor\u0117dami padidinti efekt\u0105 naudokite celofanines pir\u0161tines;<\/p>\n<p>5. Kruop\u0161\u010diai nuplaukite vandeniu;<\/p>\n<p>6. U\u017etepti krem\u0105 rankoms ant \u0161varios odos;<\/p>\n<p>7. Pa\u0161alinti kremo liku\u010dius.<\/p>\n<p>M\u0117gaukit\u0117s savo rank\u0173 mink\u0161tumu!<\/p>\n","protected":false},"excerpt":{"rendered":"<p>Earn 23 points worth \u00a31.15 when buying this product \u0160velni, \u0161ilkin\u0117 oda! Pilna \u0161velni\u0173 rank\u0173 prie\u017ei\u016bra: pilingas gelis pa\u0161alina surag\u0117jus\u012f odos sluoksn\u012f ir valo, tod\u0117l J\u016bs\u0173 oda tampa elastinga ir tvirta; druskos \u0161veitiklis pagerina prisotina od\u0105 vitaminais ir mineralais, suteikdamas jai \u0161ilkin\u012f prisilietim\u0105; kremas dr\u0117kina, maitina ir atkuria J\u016bs\u0173 od\u0105, paliekdamas j\u0105 mink\u0161t\u0105 ir elasting\u0105. [&#8230;]\n","protected":false},"featured_media":15872,"comment_status":"open","ping_status":"closed","template":"","meta":[],"product_cat":[497,514],"product_tag":[],"class_list":{"0":"post-16062","1":"product","2":"type-product","3":"status-publish","4":"has-post-thumbnail","6":"product_cat-kunui","7":"product_cat-ranku-prieziura","9":"first","10":"instock","11":"shipping-taxable","12":"purchasable","13":"product-type-simple"},"yoast_head":"<!-- This site is optimized with the Yoast SEO plugin v23.6 - https:\/\/yoast.com\/wordpress\/plugins\/seo\/ -->\n<title>Rinkinys \u201e\u0160ilkinis tobulumas\u201c, 120+150+80g - TianDe Online Shop - Beauty &amp; Health<\/title>\n<meta name=\"robots\" content=\"index, follow, max-snippet:-1, max-image-preview:large, max-video-preview:-1\" \/>\n<link rel=\"canonical\" href=\"https:\/\/tiandeproducts.co.uk\/lt\/rinkinys-silkinis-tobulumas-12015080g\/\" \/>\n<meta property=\"og:locale\" content=\"lt_LT\" \/>\n<meta property=\"og:type\" content=\"article\" \/>\n<meta property=\"og:title\" content=\"Rinkinys \u201e\u0160ilkinis tobulumas\u201c, 120+150+80g - TianDe Online Shop - Beauty &amp; Health\" \/>\n<meta property=\"og:description\" content=\"Earn 23 points worth \u00a31.15 when buying this product \u0160velni, \u0161ilkin\u0117 oda! Pilna \u0161velni\u0173 rank\u0173 prie\u017ei\u016bra: pilingas gelis pa\u0161alina surag\u0117jus\u012f odos sluoksn\u012f ir valo, tod\u0117l J\u016bs\u0173 oda tampa elastinga ir tvirta; druskos \u0161veitiklis pagerina prisotina od\u0105 vitaminais ir mineralais, suteikdamas jai \u0161ilkin\u012f prisilietim\u0105; kremas dr\u0117kina, maitina ir atkuria J\u016bs\u0173 od\u0105, paliekdamas j\u0105 mink\u0161t\u0105 ir elasting\u0105. [...]\" \/>\n<meta property=\"og:url\" content=\"https:\/\/tiandeproducts.co.uk\/lt\/rinkinys-silkinis-tobulumas-12015080g\/\" \/>\n<meta property=\"og:site_name\" content=\"TianDe Online Shop - Beauty &amp; Health\" \/>\n<meta property=\"article:publisher\" content=\"https:\/\/www.facebook.com\/tiande.products.england\/\" \/>\n<meta property=\"og:image\" content=\"https:\/\/tiandeproducts.co.uk\/wp-content\/uploads\/43301_new.png\" \/>\n\t<meta property=\"og:image:width\" content=\"400\" \/>\n\t<meta property=\"og:image:height\" content=\"400\" \/>\n\t<meta property=\"og:image:type\" content=\"image\/png\" \/>\n<meta name=\"twitter:card\" content=\"summary_large_image\" \/>\n<meta name=\"twitter:label1\" content=\"Est. reading time\" \/>\n\t<meta name=\"twitter:data1\" content=\"1 minut\u0117\" \/>\n<script type=\"application\/ld+json\" class=\"yoast-schema-graph\">{\"@context\":\"https:\/\/schema.org\",\"@graph\":[{\"@type\":\"WebPage\",\"@id\":\"https:\/\/tiandeproducts.co.uk\/lt\/rinkinys-silkinis-tobulumas-12015080g\/\",\"url\":\"https:\/\/tiandeproducts.co.uk\/lt\/rinkinys-silkinis-tobulumas-12015080g\/\",\"name\":\"Rinkinys \u201e\u0160ilkinis tobulumas\u201c, 120+150+80g - TianDe Online Shop - Beauty &amp; Health\",\"isPartOf\":{\"@id\":\"https:\/\/tiandeproducts.co.uk\/#website\"},\"primaryImageOfPage\":{\"@id\":\"https:\/\/tiandeproducts.co.uk\/lt\/rinkinys-silkinis-tobulumas-12015080g\/#primaryimage\"},\"image\":{\"@id\":\"https:\/\/tiandeproducts.co.uk\/lt\/rinkinys-silkinis-tobulumas-12015080g\/#primaryimage\"},\"thumbnailUrl\":\"https:\/\/tiandeproducts.co.uk\/wp-content\/uploads\/43301_new.png\",\"datePublished\":\"2021-03-29T13:18:34+00:00\",\"dateModified\":\"2021-03-29T13:18:34+00:00\",\"breadcrumb\":{\"@id\":\"https:\/\/tiandeproducts.co.uk\/lt\/rinkinys-silkinis-tobulumas-12015080g\/#breadcrumb\"},\"inLanguage\":\"lt-LT\",\"potentialAction\":[{\"@type\":\"ReadAction\",\"target\":[\"https:\/\/tiandeproducts.co.uk\/lt\/rinkinys-silkinis-tobulumas-12015080g\/\"]}]},{\"@type\":\"ImageObject\",\"inLanguage\":\"lt-LT\",\"@id\":\"https:\/\/tiandeproducts.co.uk\/lt\/rinkinys-silkinis-tobulumas-12015080g\/#primaryimage\",\"url\":\"https:\/\/tiandeproducts.co.uk\/wp-content\/uploads\/43301_new.png\",\"contentUrl\":\"https:\/\/tiandeproducts.co.uk\/wp-content\/uploads\/43301_new.png\",\"width\":400,\"height\":400},{\"@type\":\"BreadcrumbList\",\"@id\":\"https:\/\/tiandeproducts.co.uk\/lt\/rinkinys-silkinis-tobulumas-12015080g\/#breadcrumb\",\"itemListElement\":[{\"@type\":\"ListItem\",\"position\":1,\"name\":\"Home\",\"item\":\"https:\/\/tiandeproducts.co.uk\/lt\/\"},{\"@type\":\"ListItem\",\"position\":2,\"name\":\"Shop\",\"item\":\"https:\/\/tiandeproducts.co.uk\/lt\/shop-2\/\"},{\"@type\":\"ListItem\",\"position\":3,\"name\":\"Rinkinys \u201e\u0160ilkinis tobulumas\u201c, 120+150+80g\"}]},{\"@type\":\"WebSite\",\"@id\":\"https:\/\/tiandeproducts.co.uk\/#website\",\"url\":\"https:\/\/tiandeproducts.co.uk\/\",\"name\":\"TianDe Online Shop - Beauty & Health\",\"description\":\"Traditional Chinese Medicine\",\"potentialAction\":[{\"@type\":\"SearchAction\",\"target\":{\"@type\":\"EntryPoint\",\"urlTemplate\":\"https:\/\/tiandeproducts.co.uk\/?s={search_term_string}\"},\"query-input\":{\"@type\":\"PropertyValueSpecification\",\"valueRequired\":true,\"valueName\":\"search_term_string\"}}],\"inLanguage\":\"lt-LT\"}]}<\/script>\n<!-- \/ Yoast SEO plugin. -->","yoast_head_json":{"title":"Rinkinys \u201e\u0160ilkinis tobulumas\u201c, 120+150+80g - TianDe Online Shop - Beauty &amp; Health","robots":{"index":"index","follow":"follow","max-snippet":"max-snippet:-1","max-image-preview":"max-image-preview:large","max-video-preview":"max-video-preview:-1"},"canonical":"https:\/\/tiandeproducts.co.uk\/lt\/rinkinys-silkinis-tobulumas-12015080g\/","og_locale":"lt_LT","og_type":"article","og_title":"Rinkinys \u201e\u0160ilkinis tobulumas\u201c, 120+150+80g - TianDe Online Shop - Beauty &amp; Health","og_description":"Earn 23 points worth \u00a31.15 when buying this product \u0160velni, \u0161ilkin\u0117 oda! Pilna \u0161velni\u0173 rank\u0173 prie\u017ei\u016bra: pilingas gelis pa\u0161alina surag\u0117jus\u012f odos sluoksn\u012f ir valo, tod\u0117l J\u016bs\u0173 oda tampa elastinga ir tvirta; druskos \u0161veitiklis pagerina prisotina od\u0105 vitaminais ir mineralais, suteikdamas jai \u0161ilkin\u012f prisilietim\u0105; kremas dr\u0117kina, maitina ir atkuria J\u016bs\u0173 od\u0105, paliekdamas j\u0105 mink\u0161t\u0105 ir elasting\u0105. [...]","og_url":"https:\/\/tiandeproducts.co.uk\/lt\/rinkinys-silkinis-tobulumas-12015080g\/","og_site_name":"TianDe Online Shop - Beauty &amp; Health","article_publisher":"https:\/\/www.facebook.com\/tiande.products.england\/","og_image":[{"width":400,"height":400,"url":"https:\/\/tiandeproducts.co.uk\/wp-content\/uploads\/43301_new.png","type":"image\/png"}],"twitter_card":"summary_large_image","twitter_misc":{"Est. reading time":"1 minut\u0117"},"schema":{"@context":"https:\/\/schema.org","@graph":[{"@type":"WebPage","@id":"https:\/\/tiandeproducts.co.uk\/lt\/rinkinys-silkinis-tobulumas-12015080g\/","url":"https:\/\/tiandeproducts.co.uk\/lt\/rinkinys-silkinis-tobulumas-12015080g\/","name":"Rinkinys \u201e\u0160ilkinis tobulumas\u201c, 120+150+80g - TianDe Online Shop - Beauty &amp; Health","isPartOf":{"@id":"https:\/\/tiandeproducts.co.uk\/#website"},"primaryImageOfPage":{"@id":"https:\/\/tiandeproducts.co.uk\/lt\/rinkinys-silkinis-tobulumas-12015080g\/#primaryimage"},"image":{"@id":"https:\/\/tiandeproducts.co.uk\/lt\/rinkinys-silkinis-tobulumas-12015080g\/#primaryimage"},"thumbnailUrl":"https:\/\/tiandeproducts.co.uk\/wp-content\/uploads\/43301_new.png","datePublished":"2021-03-29T13:18:34+00:00","dateModified":"2021-03-29T13:18:34+00:00","breadcrumb":{"@id":"https:\/\/tiandeproducts.co.uk\/lt\/rinkinys-silkinis-tobulumas-12015080g\/#breadcrumb"},"inLanguage":"lt-LT","potentialAction":[{"@type":"ReadAction","target":["https:\/\/tiandeproducts.co.uk\/lt\/rinkinys-silkinis-tobulumas-12015080g\/"]}]},{"@type":"ImageObject","inLanguage":"lt-LT","@id":"https:\/\/tiandeproducts.co.uk\/lt\/rinkinys-silkinis-tobulumas-12015080g\/#primaryimage","url":"https:\/\/tiandeproducts.co.uk\/wp-content\/uploads\/43301_new.png","contentUrl":"https:\/\/tiandeproducts.co.uk\/wp-content\/uploads\/43301_new.png","width":400,"height":400},{"@type":"BreadcrumbList","@id":"https:\/\/tiandeproducts.co.uk\/lt\/rinkinys-silkinis-tobulumas-12015080g\/#breadcrumb","itemListElement":[{"@type":"ListItem","position":1,"name":"Home","item":"https:\/\/tiandeproducts.co.uk\/lt\/"},{"@type":"ListItem","position":2,"name":"Shop","item":"https:\/\/tiandeproducts.co.uk\/lt\/shop-2\/"},{"@type":"ListItem","position":3,"name":"Rinkinys \u201e\u0160ilkinis tobulumas\u201c, 120+150+80g"}]},{"@type":"WebSite","@id":"https:\/\/tiandeproducts.co.uk\/#website","url":"https:\/\/tiandeproducts.co.uk\/","name":"TianDe Online Shop - Beauty & Health","description":"Traditional Chinese Medicine","potentialAction":[{"@type":"SearchAction","target":{"@type":"EntryPoint","urlTemplate":"https:\/\/tiandeproducts.co.uk\/?s={search_term_string}"},"query-input":{"@type":"PropertyValueSpecification","valueRequired":true,"valueName":"search_term_string"}}],"inLanguage":"lt-LT"}]}},"_links":{"self":[{"href":"https:\/\/tiandeproducts.co.uk\/lt\/wp-json\/wp\/v2\/product\/16062","targetHints":{"allow":["GET"]}}],"collection":[{"href":"https:\/\/tiandeproducts.co.uk\/lt\/wp-json\/wp\/v2\/product"}],"about":[{"href":"https:\/\/tiandeproducts.co.uk\/lt\/wp-json\/wp\/v2\/types\/product"}],"replies":[{"embeddable":true,"href":"https:\/\/tiandeproducts.co.uk\/lt\/wp-json\/wp\/v2\/comments?post=16062"}],"wp:featuredmedia":[{"embeddable":true,"href":"https:\/\/tiandeproducts.co.uk\/lt\/wp-json\/wp\/v2\/media\/15872"}],"wp:attachment":[{"href":"https:\/\/tiandeproducts.co.uk\/lt\/wp-json\/wp\/v2\/media?parent=16062"}],"wp:term":[{"taxonomy":"product_cat","embeddable":true,"href":"https:\/\/tiandeproducts.co.uk\/lt\/wp-json\/wp\/v2\/product_cat?post=16062"},{"taxonomy":"product_tag","embeddable":true,"href":"https:\/\/tiandeproducts.co.uk\/lt\/wp-json\/wp\/v2\/product_tag?post=16062"}],"curies":[{"name":"wp","href":"https:\/\/api.w.org\/{rel}","templated":true}]}}