{"id":15718,"date":"2020-09-22T11:09:24","date_gmt":"2020-09-22T10:09:24","guid":{"rendered":"https:\/\/www.tiandeproducts.co.uk\/levanda-detox-koju-pleistrai-2-vnt\/"},"modified":"2021-09-29T23:17:20","modified_gmt":"2021-09-29T22:17:20","slug":"levanda-detox-koju-pleistrai-2-vnt","status":"publish","type":"product","link":"https:\/\/tiandeproducts.co.uk\/lt\/levanda-detox-koju-pleistrai-2-vnt\/","title":{"rendered":"\u201eLevanda Detox\u201c koj\u0173 pleistrai 2 vnt."},"content":{"rendered":"<div class=\"desc_points\"><img decoding=\"async\" style=\"max-width: 16px; margin-right: 5px;\" src=\"https:\/\/tiandeproducts.co.uk\/wp-content\/uploads\/points-green.svg\" \/> Earn 5 points worth \u00a30.25 when buying this product<\/div>\n<div class=\"description\"><\/div>\n<div class=\"instruction\">\n<p><strong>J\u016bs\u0173 lengvumo paslaptis: pa\u0161alinkite i\u0161 sav\u0119s toksinus!<\/strong><\/p>\n<p>Ar jau\u010diate nuovarg\u012f i\u0161kart pabud\u0119 ir greitai pavargstate? Atrodo, kad pada\u017en\u0117jo per\u0161alimas ir alergija, pablog\u0117jo odos ir plauk\u0173 b\u016bkl\u0117? Sunkumas k\u016bne, silpnumas, mieguistumas, suma\u017e\u0117j\u0119s apetitas, dirglumas &#8211; visa tai yra tik keli intoksikacijos po\u017eymiai. J\u016bs\u0173 k\u016bnui reikalingas \u201evalymas\u201c!<\/p>\n<div class=\"text_exposed_show\">\n<p>\u201eTianDe Levanda Detox\u201c koj\u0173 pleistrai yra \u0161imtme\u010di\u0173 senumo kin\u0173 tradicij\u0173 ir \u0161iuolaikini\u0173 poky\u010di\u0173 derinys. Pleistro komponentai:<\/p>\n<p>&#8211; paveikti akupunkt\u016bros ta\u0161kus, esan\u010dius ant p\u0117dos, padedant i\u0161valyti k\u016bn\u0105;<\/p>\n<p>&#8211; suaktyvinti toksin\u0173 ir kenksming\u0173 med\u017eiag\u0173 \u0161alinimo proces\u0105;<\/p>\n<p>&#8211; padeda suma\u017einti diskomfort\u0105, nuovarg\u012f, \u012ftampos ir \u201edegan\u010di\u0173 koj\u0173\u201c jausm\u0105.<\/p>\n<p>Pleistro sud\u0117tis praturtinta turmalinu, kuris pagerina limfos jud\u0117jim\u0105, pagreitindamas valymo proces\u0105.<\/p>\n<p>Reguliaraus ir visapusi\u0161ko k\u016bno valymo rezultatas: bendros savijautos pager\u0117jimas, lengvumas i\u0161 vidaus ir gro\u017eis i\u0161 i\u0161or\u0117s!<\/p>\n<p><strong>Naudojimas:<\/strong> naudokite miego metu 6-8 valandas. Nuimkite apsaugin\u012f popieri\u0173, pritvirtinkite lipnia puse prie \u0161vari\u0173 saus\u0173 p\u0117d\u0173, gerai prispauskite, kad prilipt\u0173. Ryte nuimkite pleistr\u0105 ir nuplaukite kojas vandeniu. Sunaudoti i\u0161kart atidarius pakuot\u0119.<\/p>\n<p><strong><em>Aktyv\u016bs komponentai:<\/em><\/strong><\/p>\n<p><em><span class=\"tlid-translation translation\" lang=\"lt\">Chitinas &#8211; galingas nat\u016bralios kilm\u0117s sorbentas absorbuoja toksinus, toksinus, sunki\u0173j\u0173 metal\u0173 druskas, kurias i\u0161skiria organizmas.<\/span><\/em><\/p>\n<p><em><span class=\"tlid-translation translation\" lang=\"lt\">Turmalino milteliai &#8211; gaunami i\u0161 mineralo, turin\u010dio elektromagnetin\u012f lauk\u0105. Bendraudamas su \u017emogaus k\u016bnu, turmalinas sukuria sroves, d\u0117l kuri\u0173 metabolizmas yra sustiprinamas, taigi ir organizmo geb\u0117jimas pa\u0161alinti toksinus.<\/span><\/em><\/p>\n<p><em><span class=\"tlid-translation translation\" lang=\"lt\">Bambuko actas d\u0117l didelio \u012fsiskverbimo ir absorbavimo geb\u0117jimo jis padeda organizmui atsikratyti kenksming\u0173 skilimo produkt\u0173, toksin\u0173 ir toksin\u0173, turi antimikrobin\u012f poveik\u012f.<\/span><\/em><\/p>\n<p><em><span class=\"tlid-translation translation\" lang=\"lt\">Levand\u0173 ekstraktas padeda pa\u0161alinti toksinus i\u0161 dermos sluoksni\u0173, teigiamai veikia vis\u0105 k\u016bn\u0105, gerina miego kokyb\u0119.<\/span><\/em><\/p>\n<p><em><span class=\"tlid-translation translation\" lang=\"lt\">Vitamino C atstato k\u016bn\u0105, puikiai stimuliuoja imunin\u0119 sistem\u0105, suma\u017eina lig\u0173 da\u017en\u012f ir teigiamai veikia k\u016bno sveikat\u0105 ir jaunyst\u0119.<\/span><\/em><\/p>\n<p><em><span class=\"tlid-translation translation\" lang=\"lt\">Dekstrinas &#8211; tai polisacharidas, gautas termi\u0161kai apdorojant bulvi\u0173 arba kukur\u016bz\u0173 krakmol\u0105. Labai absorbuojantis. Dekstrinai naudojami suri\u0161ant ir pa\u0161alinant i\u0161 organizmo sunkiuosius metalus ir toksinus.<\/span><\/em><\/p>\n<p><em><span class=\"tlid-translation translation\" lang=\"lt\">Chitozanas &#8211; polisacharidas, gautas i\u0161 chitino. Kaip nat\u016bralus sorbentas, jis gali suri\u0161ti ir pa\u0161alinti toksinus ir sunkiuosius metalus.<\/span><\/em><\/p>\n<\/div>\n<\/div>\n","protected":false},"excerpt":{"rendered":"<p>Earn 5 points worth \u00a30.25 when buying this product J\u016bs\u0173 lengvumo paslaptis: pa\u0161alinkite i\u0161 sav\u0119s toksinus! Ar jau\u010diate nuovarg\u012f i\u0161kart pabud\u0119 ir greitai pavargstate? Atrodo, kad pada\u017en\u0117jo per\u0161alimas ir alergija, pablog\u0117jo odos ir plauk\u0173 b\u016bkl\u0117? Sunkumas k\u016bne, silpnumas, mieguistumas, suma\u017e\u0117j\u0119s apetitas, dirglumas &#8211; visa tai yra tik keli intoksikacijos po\u017eymiai. J\u016bs\u0173 k\u016bnui reikalingas \u201evalymas\u201c! \u201eTianDe [&#8230;]\n","protected":false},"featured_media":14538,"comment_status":"open","ping_status":"closed","template":"","meta":[],"product_cat":[729,497,515,718,522],"product_tag":[],"class_list":{"0":"post-15718","1":"product","2":"type-product","3":"status-publish","4":"has-post-thumbnail","6":"product_cat-kuno-pleistrai","7":"product_cat-kunui","8":"product_cat-master-herb-lt","9":"product_cat-sveikata-lt","10":"product_cat-sveikatingumo-produktai","12":"first","13":"instock","14":"shipping-taxable","15":"purchasable","16":"product-type-simple"},"yoast_head":"<!-- This site is optimized with the Yoast SEO plugin v23.6 - https:\/\/yoast.com\/wordpress\/plugins\/seo\/ -->\n<title>\u201eLevanda Detox\u201c koj\u0173 pleistrai 2 vnt. - TianDe Online Shop - Beauty &amp; Health<\/title>\n<meta name=\"robots\" content=\"index, follow, max-snippet:-1, max-image-preview:large, max-video-preview:-1\" \/>\n<link rel=\"canonical\" href=\"https:\/\/tiandeproducts.co.uk\/lt\/levanda-detox-koju-pleistrai-2-vnt\/\" \/>\n<meta property=\"og:locale\" content=\"lt_LT\" \/>\n<meta property=\"og:type\" content=\"article\" \/>\n<meta property=\"og:title\" content=\"\u201eLevanda Detox\u201c koj\u0173 pleistrai 2 vnt. - TianDe Online Shop - Beauty &amp; Health\" \/>\n<meta property=\"og:description\" content=\"Earn 5 points worth \u00a30.25 when buying this product J\u016bs\u0173 lengvumo paslaptis: pa\u0161alinkite i\u0161 sav\u0119s toksinus! Ar jau\u010diate nuovarg\u012f i\u0161kart pabud\u0119 ir greitai pavargstate? Atrodo, kad pada\u017en\u0117jo per\u0161alimas ir alergija, pablog\u0117jo odos ir plauk\u0173 b\u016bkl\u0117? Sunkumas k\u016bne, silpnumas, mieguistumas, suma\u017e\u0117j\u0119s apetitas, dirglumas &#8211; visa tai yra tik keli intoksikacijos po\u017eymiai. J\u016bs\u0173 k\u016bnui reikalingas \u201evalymas\u201c! \u201eTianDe [...]\" \/>\n<meta property=\"og:url\" content=\"https:\/\/tiandeproducts.co.uk\/lt\/levanda-detox-koju-pleistrai-2-vnt\/\" \/>\n<meta property=\"og:site_name\" content=\"TianDe Online Shop - Beauty &amp; Health\" \/>\n<meta property=\"article:publisher\" content=\"https:\/\/www.facebook.com\/tiande.products.england\/\" \/>\n<meta property=\"article:modified_time\" content=\"2021-09-29T22:17:20+00:00\" \/>\n<meta property=\"og:image\" content=\"https:\/\/tiandeproducts.co.uk\/wp-content\/uploads\/master-herb-\u043b\u0430\u0432\u0430\u043d\u0434\u0430.png\" \/>\n\t<meta property=\"og:image:width\" content=\"700\" \/>\n\t<meta property=\"og:image:height\" content=\"700\" \/>\n\t<meta property=\"og:image:type\" content=\"image\/png\" \/>\n<meta name=\"twitter:card\" content=\"summary_large_image\" \/>\n<meta name=\"twitter:label1\" content=\"Est. reading time\" \/>\n\t<meta name=\"twitter:data1\" content=\"2 minut\u0117s\" \/>\n<script type=\"application\/ld+json\" class=\"yoast-schema-graph\">{\"@context\":\"https:\/\/schema.org\",\"@graph\":[{\"@type\":\"WebPage\",\"@id\":\"https:\/\/tiandeproducts.co.uk\/lt\/levanda-detox-koju-pleistrai-2-vnt\/\",\"url\":\"https:\/\/tiandeproducts.co.uk\/lt\/levanda-detox-koju-pleistrai-2-vnt\/\",\"name\":\"\u201eLevanda Detox\u201c koj\u0173 pleistrai 2 vnt. - TianDe Online Shop - Beauty &amp; Health\",\"isPartOf\":{\"@id\":\"https:\/\/tiandeproducts.co.uk\/#website\"},\"primaryImageOfPage\":{\"@id\":\"https:\/\/tiandeproducts.co.uk\/lt\/levanda-detox-koju-pleistrai-2-vnt\/#primaryimage\"},\"image\":{\"@id\":\"https:\/\/tiandeproducts.co.uk\/lt\/levanda-detox-koju-pleistrai-2-vnt\/#primaryimage\"},\"thumbnailUrl\":\"https:\/\/tiandeproducts.co.uk\/wp-content\/uploads\/master-herb-\u043b\u0430\u0432\u0430\u043d\u0434\u0430.png\",\"datePublished\":\"2020-09-22T10:09:24+00:00\",\"dateModified\":\"2021-09-29T22:17:20+00:00\",\"breadcrumb\":{\"@id\":\"https:\/\/tiandeproducts.co.uk\/lt\/levanda-detox-koju-pleistrai-2-vnt\/#breadcrumb\"},\"inLanguage\":\"lt-LT\",\"potentialAction\":[{\"@type\":\"ReadAction\",\"target\":[\"https:\/\/tiandeproducts.co.uk\/lt\/levanda-detox-koju-pleistrai-2-vnt\/\"]}]},{\"@type\":\"ImageObject\",\"inLanguage\":\"lt-LT\",\"@id\":\"https:\/\/tiandeproducts.co.uk\/lt\/levanda-detox-koju-pleistrai-2-vnt\/#primaryimage\",\"url\":\"https:\/\/tiandeproducts.co.uk\/wp-content\/uploads\/master-herb-\u043b\u0430\u0432\u0430\u043d\u0434\u0430.png\",\"contentUrl\":\"https:\/\/tiandeproducts.co.uk\/wp-content\/uploads\/master-herb-\u043b\u0430\u0432\u0430\u043d\u0434\u0430.png\",\"width\":700,\"height\":700},{\"@type\":\"BreadcrumbList\",\"@id\":\"https:\/\/tiandeproducts.co.uk\/lt\/levanda-detox-koju-pleistrai-2-vnt\/#breadcrumb\",\"itemListElement\":[{\"@type\":\"ListItem\",\"position\":1,\"name\":\"Home\",\"item\":\"https:\/\/tiandeproducts.co.uk\/lt\/\"},{\"@type\":\"ListItem\",\"position\":2,\"name\":\"Shop\",\"item\":\"https:\/\/tiandeproducts.co.uk\/lt\/shop-2\/\"},{\"@type\":\"ListItem\",\"position\":3,\"name\":\"\u201eLevanda Detox\u201c koj\u0173 pleistrai 2 vnt.\"}]},{\"@type\":\"WebSite\",\"@id\":\"https:\/\/tiandeproducts.co.uk\/#website\",\"url\":\"https:\/\/tiandeproducts.co.uk\/\",\"name\":\"TianDe Online Shop - Beauty & Health\",\"description\":\"Traditional Chinese Medicine\",\"potentialAction\":[{\"@type\":\"SearchAction\",\"target\":{\"@type\":\"EntryPoint\",\"urlTemplate\":\"https:\/\/tiandeproducts.co.uk\/?s={search_term_string}\"},\"query-input\":{\"@type\":\"PropertyValueSpecification\",\"valueRequired\":true,\"valueName\":\"search_term_string\"}}],\"inLanguage\":\"lt-LT\"}]}<\/script>\n<!-- \/ Yoast SEO plugin. -->","yoast_head_json":{"title":"\u201eLevanda Detox\u201c koj\u0173 pleistrai 2 vnt. - TianDe Online Shop - Beauty &amp; Health","robots":{"index":"index","follow":"follow","max-snippet":"max-snippet:-1","max-image-preview":"max-image-preview:large","max-video-preview":"max-video-preview:-1"},"canonical":"https:\/\/tiandeproducts.co.uk\/lt\/levanda-detox-koju-pleistrai-2-vnt\/","og_locale":"lt_LT","og_type":"article","og_title":"\u201eLevanda Detox\u201c koj\u0173 pleistrai 2 vnt. - TianDe Online Shop - Beauty &amp; Health","og_description":"Earn 5 points worth \u00a30.25 when buying this product J\u016bs\u0173 lengvumo paslaptis: pa\u0161alinkite i\u0161 sav\u0119s toksinus! Ar jau\u010diate nuovarg\u012f i\u0161kart pabud\u0119 ir greitai pavargstate? Atrodo, kad pada\u017en\u0117jo per\u0161alimas ir alergija, pablog\u0117jo odos ir plauk\u0173 b\u016bkl\u0117? Sunkumas k\u016bne, silpnumas, mieguistumas, suma\u017e\u0117j\u0119s apetitas, dirglumas &#8211; visa tai yra tik keli intoksikacijos po\u017eymiai. J\u016bs\u0173 k\u016bnui reikalingas \u201evalymas\u201c! \u201eTianDe [...]","og_url":"https:\/\/tiandeproducts.co.uk\/lt\/levanda-detox-koju-pleistrai-2-vnt\/","og_site_name":"TianDe Online Shop - Beauty &amp; Health","article_publisher":"https:\/\/www.facebook.com\/tiande.products.england\/","article_modified_time":"2021-09-29T22:17:20+00:00","og_image":[{"width":700,"height":700,"url":"https:\/\/tiandeproducts.co.uk\/wp-content\/uploads\/master-herb-\u043b\u0430\u0432\u0430\u043d\u0434\u0430.png","type":"image\/png"}],"twitter_card":"summary_large_image","twitter_misc":{"Est. reading time":"2 minut\u0117s"},"schema":{"@context":"https:\/\/schema.org","@graph":[{"@type":"WebPage","@id":"https:\/\/tiandeproducts.co.uk\/lt\/levanda-detox-koju-pleistrai-2-vnt\/","url":"https:\/\/tiandeproducts.co.uk\/lt\/levanda-detox-koju-pleistrai-2-vnt\/","name":"\u201eLevanda Detox\u201c koj\u0173 pleistrai 2 vnt. - TianDe Online Shop - Beauty &amp; Health","isPartOf":{"@id":"https:\/\/tiandeproducts.co.uk\/#website"},"primaryImageOfPage":{"@id":"https:\/\/tiandeproducts.co.uk\/lt\/levanda-detox-koju-pleistrai-2-vnt\/#primaryimage"},"image":{"@id":"https:\/\/tiandeproducts.co.uk\/lt\/levanda-detox-koju-pleistrai-2-vnt\/#primaryimage"},"thumbnailUrl":"https:\/\/tiandeproducts.co.uk\/wp-content\/uploads\/master-herb-\u043b\u0430\u0432\u0430\u043d\u0434\u0430.png","datePublished":"2020-09-22T10:09:24+00:00","dateModified":"2021-09-29T22:17:20+00:00","breadcrumb":{"@id":"https:\/\/tiandeproducts.co.uk\/lt\/levanda-detox-koju-pleistrai-2-vnt\/#breadcrumb"},"inLanguage":"lt-LT","potentialAction":[{"@type":"ReadAction","target":["https:\/\/tiandeproducts.co.uk\/lt\/levanda-detox-koju-pleistrai-2-vnt\/"]}]},{"@type":"ImageObject","inLanguage":"lt-LT","@id":"https:\/\/tiandeproducts.co.uk\/lt\/levanda-detox-koju-pleistrai-2-vnt\/#primaryimage","url":"https:\/\/tiandeproducts.co.uk\/wp-content\/uploads\/master-herb-\u043b\u0430\u0432\u0430\u043d\u0434\u0430.png","contentUrl":"https:\/\/tiandeproducts.co.uk\/wp-content\/uploads\/master-herb-\u043b\u0430\u0432\u0430\u043d\u0434\u0430.png","width":700,"height":700},{"@type":"BreadcrumbList","@id":"https:\/\/tiandeproducts.co.uk\/lt\/levanda-detox-koju-pleistrai-2-vnt\/#breadcrumb","itemListElement":[{"@type":"ListItem","position":1,"name":"Home","item":"https:\/\/tiandeproducts.co.uk\/lt\/"},{"@type":"ListItem","position":2,"name":"Shop","item":"https:\/\/tiandeproducts.co.uk\/lt\/shop-2\/"},{"@type":"ListItem","position":3,"name":"\u201eLevanda Detox\u201c koj\u0173 pleistrai 2 vnt."}]},{"@type":"WebSite","@id":"https:\/\/tiandeproducts.co.uk\/#website","url":"https:\/\/tiandeproducts.co.uk\/","name":"TianDe Online Shop - Beauty & Health","description":"Traditional Chinese Medicine","potentialAction":[{"@type":"SearchAction","target":{"@type":"EntryPoint","urlTemplate":"https:\/\/tiandeproducts.co.uk\/?s={search_term_string}"},"query-input":{"@type":"PropertyValueSpecification","valueRequired":true,"valueName":"search_term_string"}}],"inLanguage":"lt-LT"}]}},"_links":{"self":[{"href":"https:\/\/tiandeproducts.co.uk\/lt\/wp-json\/wp\/v2\/product\/15718","targetHints":{"allow":["GET"]}}],"collection":[{"href":"https:\/\/tiandeproducts.co.uk\/lt\/wp-json\/wp\/v2\/product"}],"about":[{"href":"https:\/\/tiandeproducts.co.uk\/lt\/wp-json\/wp\/v2\/types\/product"}],"replies":[{"embeddable":true,"href":"https:\/\/tiandeproducts.co.uk\/lt\/wp-json\/wp\/v2\/comments?post=15718"}],"wp:featuredmedia":[{"embeddable":true,"href":"https:\/\/tiandeproducts.co.uk\/lt\/wp-json\/wp\/v2\/media\/14538"}],"wp:attachment":[{"href":"https:\/\/tiandeproducts.co.uk\/lt\/wp-json\/wp\/v2\/media?parent=15718"}],"wp:term":[{"taxonomy":"product_cat","embeddable":true,"href":"https:\/\/tiandeproducts.co.uk\/lt\/wp-json\/wp\/v2\/product_cat?post=15718"},{"taxonomy":"product_tag","embeddable":true,"href":"https:\/\/tiandeproducts.co.uk\/lt\/wp-json\/wp\/v2\/product_tag?post=15718"}],"curies":[{"name":"wp","href":"https:\/\/api.w.org\/{rel}","templated":true}]}}