{"id":15707,"date":"2020-11-04T10:57:03","date_gmt":"2020-11-04T10:57:03","guid":{"rendered":"https:\/\/www.tiandeproducts.co.uk\/kvepalai-vyrams-pleasure-planet-parfumuoti-50-ml\/"},"modified":"2020-11-04T10:57:03","modified_gmt":"2020-11-04T10:57:03","slug":"kvepalai-vyrams-pleasure-planet-parfumuoti-50-ml","status":"publish","type":"product","link":"https:\/\/tiandeproducts.co.uk\/lt\/kvepalai-vyrams-pleasure-planet-parfumuoti-50-ml\/","title":{"rendered":"Kvepalai vyrams \u201ePleasure Planet\u201c parfumuoti 50 ml"},"content":{"rendered":"<div class=\"desc_points\"><img decoding=\"async\" style=\"max-width: 16px; margin-right: 5px;\" src=\"https:\/\/tiandeproducts.co.uk\/wp-content\/uploads\/points-green.svg\" \/> Earn 33 points worth \u00a31.65 when buying this product<\/div>\n<div><\/div>\n<div>Vyri\u0161ki kvepalai \u201ePleasure Planet\u201c sukuria stipri\u0105 citrusi\u0161k\u0105 kar\u010di\u0173j\u0173 ir gaivi\u0173j\u0173 bergamot\u0117s bei sulting\u0173 greipfrut\u0173 s\u0105veik\u0105, o j\u0173 kra\u0161t\u0105 i\u0161lygina saldesnis mandarinas. Sprogmens prad\u017ei\u0105 seka labai jausmingi svaiginan\u010di\u0173 rausv\u0173j\u0173 pipir\u0173, kartaus saldaus galbano dervos\u00a0 ir g\u0117li\u0173 medienos gyvatvor\u0117s ir petitgraino kvapas su kamparo u\u017euomina. Kvapo pagrind\u0105 ir \u0161yd\u0105 formuoja labai vyri\u0161kas medienos gaivumas.<\/div>\n<div>TianDe\u00a0 \u201ePleasure Planet\u201c yra aromatas nuotyki\u0173 ie\u0161kotojams ir moter\u0173 \u0161ird\u017ei\u0173 med\u017eiotojams.<\/div>\n","protected":false},"excerpt":{"rendered":"<p>Earn 33 points worth \u00a31.65 when buying this product Vyri\u0161ki kvepalai \u201ePleasure Planet\u201c sukuria stipri\u0105 citrusi\u0161k\u0105 kar\u010di\u0173j\u0173 ir gaivi\u0173j\u0173 bergamot\u0117s bei sulting\u0173 greipfrut\u0173 s\u0105veik\u0105, o j\u0173 kra\u0161t\u0105 i\u0161lygina saldesnis mandarinas. Sprogmens prad\u017ei\u0105 seka labai jausmingi svaiginan\u010di\u0173 rausv\u0173j\u0173 pipir\u0173, kartaus saldaus galbano dervos\u00a0 ir g\u0117li\u0173 medienos gyvatvor\u0117s ir petitgraino kvapas su kamparo u\u017euomina. Kvapo pagrind\u0105 ir [&#8230;]\n","protected":false},"featured_media":14776,"comment_status":"open","ping_status":"closed","template":"","meta":[],"product_cat":[631,629,626,632],"product_tag":[],"class_list":{"0":"post-15707","1":"product","2":"type-product","3":"status-publish","4":"has-post-thumbnail","6":"product_cat-kvepalai","7":"product_cat-parfumerija","8":"product_cat-vyr","9":"product_cat-vyrams","11":"first","12":"instock","13":"shipping-taxable","14":"purchasable","15":"product-type-simple"},"yoast_head":"<!-- This site is optimized with the Yoast SEO plugin v23.6 - https:\/\/yoast.com\/wordpress\/plugins\/seo\/ -->\n<title>Kvepalai vyrams \u201ePleasure Planet\u201c parfumuoti 50 ml - TianDe Online Shop - Beauty &amp; Health<\/title>\n<meta name=\"robots\" content=\"index, follow, max-snippet:-1, max-image-preview:large, max-video-preview:-1\" \/>\n<link rel=\"canonical\" href=\"https:\/\/tiandeproducts.co.uk\/lt\/kvepalai-vyrams-pleasure-planet-parfumuoti-50-ml\/\" \/>\n<meta property=\"og:locale\" content=\"lt_LT\" \/>\n<meta property=\"og:type\" content=\"article\" \/>\n<meta property=\"og:title\" content=\"Kvepalai vyrams \u201ePleasure Planet\u201c parfumuoti 50 ml - TianDe Online Shop - Beauty &amp; Health\" \/>\n<meta property=\"og:description\" content=\"Earn 33 points worth \u00a31.65 when buying this product Vyri\u0161ki kvepalai \u201ePleasure Planet\u201c sukuria stipri\u0105 citrusi\u0161k\u0105 kar\u010di\u0173j\u0173 ir gaivi\u0173j\u0173 bergamot\u0117s bei sulting\u0173 greipfrut\u0173 s\u0105veik\u0105, o j\u0173 kra\u0161t\u0105 i\u0161lygina saldesnis mandarinas. Sprogmens prad\u017ei\u0105 seka labai jausmingi svaiginan\u010di\u0173 rausv\u0173j\u0173 pipir\u0173, kartaus saldaus galbano dervos\u00a0 ir g\u0117li\u0173 medienos gyvatvor\u0117s ir petitgraino kvapas su kamparo u\u017euomina. Kvapo pagrind\u0105 ir [...]\" \/>\n<meta property=\"og:url\" content=\"https:\/\/tiandeproducts.co.uk\/lt\/kvepalai-vyrams-pleasure-planet-parfumuoti-50-ml\/\" \/>\n<meta property=\"og:site_name\" content=\"TianDe Online Shop - Beauty &amp; Health\" \/>\n<meta property=\"article:publisher\" content=\"https:\/\/www.facebook.com\/tiande.products.england\/\" \/>\n<meta property=\"og:image\" content=\"https:\/\/tiandeproducts.co.uk\/wp-content\/uploads\/70146.png\" \/>\n\t<meta property=\"og:image:width\" content=\"700\" \/>\n\t<meta property=\"og:image:height\" content=\"700\" \/>\n\t<meta property=\"og:image:type\" content=\"image\/png\" \/>\n<meta name=\"twitter:card\" content=\"summary_large_image\" \/>\n<script type=\"application\/ld+json\" class=\"yoast-schema-graph\">{\"@context\":\"https:\/\/schema.org\",\"@graph\":[{\"@type\":\"WebPage\",\"@id\":\"https:\/\/tiandeproducts.co.uk\/lt\/kvepalai-vyrams-pleasure-planet-parfumuoti-50-ml\/\",\"url\":\"https:\/\/tiandeproducts.co.uk\/lt\/kvepalai-vyrams-pleasure-planet-parfumuoti-50-ml\/\",\"name\":\"Kvepalai vyrams \u201ePleasure Planet\u201c parfumuoti 50 ml - TianDe Online Shop - Beauty &amp; Health\",\"isPartOf\":{\"@id\":\"https:\/\/tiandeproducts.co.uk\/#website\"},\"primaryImageOfPage\":{\"@id\":\"https:\/\/tiandeproducts.co.uk\/lt\/kvepalai-vyrams-pleasure-planet-parfumuoti-50-ml\/#primaryimage\"},\"image\":{\"@id\":\"https:\/\/tiandeproducts.co.uk\/lt\/kvepalai-vyrams-pleasure-planet-parfumuoti-50-ml\/#primaryimage\"},\"thumbnailUrl\":\"https:\/\/tiandeproducts.co.uk\/wp-content\/uploads\/70146.png\",\"datePublished\":\"2020-11-04T10:57:03+00:00\",\"dateModified\":\"2020-11-04T10:57:03+00:00\",\"breadcrumb\":{\"@id\":\"https:\/\/tiandeproducts.co.uk\/lt\/kvepalai-vyrams-pleasure-planet-parfumuoti-50-ml\/#breadcrumb\"},\"inLanguage\":\"lt-LT\",\"potentialAction\":[{\"@type\":\"ReadAction\",\"target\":[\"https:\/\/tiandeproducts.co.uk\/lt\/kvepalai-vyrams-pleasure-planet-parfumuoti-50-ml\/\"]}]},{\"@type\":\"ImageObject\",\"inLanguage\":\"lt-LT\",\"@id\":\"https:\/\/tiandeproducts.co.uk\/lt\/kvepalai-vyrams-pleasure-planet-parfumuoti-50-ml\/#primaryimage\",\"url\":\"https:\/\/tiandeproducts.co.uk\/wp-content\/uploads\/70146.png\",\"contentUrl\":\"https:\/\/tiandeproducts.co.uk\/wp-content\/uploads\/70146.png\",\"width\":700,\"height\":700},{\"@type\":\"BreadcrumbList\",\"@id\":\"https:\/\/tiandeproducts.co.uk\/lt\/kvepalai-vyrams-pleasure-planet-parfumuoti-50-ml\/#breadcrumb\",\"itemListElement\":[{\"@type\":\"ListItem\",\"position\":1,\"name\":\"Home\",\"item\":\"https:\/\/tiandeproducts.co.uk\/lt\/\"},{\"@type\":\"ListItem\",\"position\":2,\"name\":\"Shop\",\"item\":\"https:\/\/tiandeproducts.co.uk\/lt\/shop-2\/\"},{\"@type\":\"ListItem\",\"position\":3,\"name\":\"Kvepalai vyrams \u201ePleasure Planet\u201c parfumuoti 50 ml\"}]},{\"@type\":\"WebSite\",\"@id\":\"https:\/\/tiandeproducts.co.uk\/#website\",\"url\":\"https:\/\/tiandeproducts.co.uk\/\",\"name\":\"TianDe Online Shop - Beauty & Health\",\"description\":\"Traditional Chinese Medicine\",\"potentialAction\":[{\"@type\":\"SearchAction\",\"target\":{\"@type\":\"EntryPoint\",\"urlTemplate\":\"https:\/\/tiandeproducts.co.uk\/?s={search_term_string}\"},\"query-input\":{\"@type\":\"PropertyValueSpecification\",\"valueRequired\":true,\"valueName\":\"search_term_string\"}}],\"inLanguage\":\"lt-LT\"}]}<\/script>\n<!-- \/ Yoast SEO plugin. -->","yoast_head_json":{"title":"Kvepalai vyrams \u201ePleasure Planet\u201c parfumuoti 50 ml - TianDe Online Shop - Beauty &amp; Health","robots":{"index":"index","follow":"follow","max-snippet":"max-snippet:-1","max-image-preview":"max-image-preview:large","max-video-preview":"max-video-preview:-1"},"canonical":"https:\/\/tiandeproducts.co.uk\/lt\/kvepalai-vyrams-pleasure-planet-parfumuoti-50-ml\/","og_locale":"lt_LT","og_type":"article","og_title":"Kvepalai vyrams \u201ePleasure Planet\u201c parfumuoti 50 ml - TianDe Online Shop - Beauty &amp; Health","og_description":"Earn 33 points worth \u00a31.65 when buying this product Vyri\u0161ki kvepalai \u201ePleasure Planet\u201c sukuria stipri\u0105 citrusi\u0161k\u0105 kar\u010di\u0173j\u0173 ir gaivi\u0173j\u0173 bergamot\u0117s bei sulting\u0173 greipfrut\u0173 s\u0105veik\u0105, o j\u0173 kra\u0161t\u0105 i\u0161lygina saldesnis mandarinas. Sprogmens prad\u017ei\u0105 seka labai jausmingi svaiginan\u010di\u0173 rausv\u0173j\u0173 pipir\u0173, kartaus saldaus galbano dervos\u00a0 ir g\u0117li\u0173 medienos gyvatvor\u0117s ir petitgraino kvapas su kamparo u\u017euomina. Kvapo pagrind\u0105 ir [...]","og_url":"https:\/\/tiandeproducts.co.uk\/lt\/kvepalai-vyrams-pleasure-planet-parfumuoti-50-ml\/","og_site_name":"TianDe Online Shop - Beauty &amp; Health","article_publisher":"https:\/\/www.facebook.com\/tiande.products.england\/","og_image":[{"width":700,"height":700,"url":"https:\/\/tiandeproducts.co.uk\/wp-content\/uploads\/70146.png","type":"image\/png"}],"twitter_card":"summary_large_image","schema":{"@context":"https:\/\/schema.org","@graph":[{"@type":"WebPage","@id":"https:\/\/tiandeproducts.co.uk\/lt\/kvepalai-vyrams-pleasure-planet-parfumuoti-50-ml\/","url":"https:\/\/tiandeproducts.co.uk\/lt\/kvepalai-vyrams-pleasure-planet-parfumuoti-50-ml\/","name":"Kvepalai vyrams \u201ePleasure Planet\u201c parfumuoti 50 ml - TianDe Online Shop - Beauty &amp; Health","isPartOf":{"@id":"https:\/\/tiandeproducts.co.uk\/#website"},"primaryImageOfPage":{"@id":"https:\/\/tiandeproducts.co.uk\/lt\/kvepalai-vyrams-pleasure-planet-parfumuoti-50-ml\/#primaryimage"},"image":{"@id":"https:\/\/tiandeproducts.co.uk\/lt\/kvepalai-vyrams-pleasure-planet-parfumuoti-50-ml\/#primaryimage"},"thumbnailUrl":"https:\/\/tiandeproducts.co.uk\/wp-content\/uploads\/70146.png","datePublished":"2020-11-04T10:57:03+00:00","dateModified":"2020-11-04T10:57:03+00:00","breadcrumb":{"@id":"https:\/\/tiandeproducts.co.uk\/lt\/kvepalai-vyrams-pleasure-planet-parfumuoti-50-ml\/#breadcrumb"},"inLanguage":"lt-LT","potentialAction":[{"@type":"ReadAction","target":["https:\/\/tiandeproducts.co.uk\/lt\/kvepalai-vyrams-pleasure-planet-parfumuoti-50-ml\/"]}]},{"@type":"ImageObject","inLanguage":"lt-LT","@id":"https:\/\/tiandeproducts.co.uk\/lt\/kvepalai-vyrams-pleasure-planet-parfumuoti-50-ml\/#primaryimage","url":"https:\/\/tiandeproducts.co.uk\/wp-content\/uploads\/70146.png","contentUrl":"https:\/\/tiandeproducts.co.uk\/wp-content\/uploads\/70146.png","width":700,"height":700},{"@type":"BreadcrumbList","@id":"https:\/\/tiandeproducts.co.uk\/lt\/kvepalai-vyrams-pleasure-planet-parfumuoti-50-ml\/#breadcrumb","itemListElement":[{"@type":"ListItem","position":1,"name":"Home","item":"https:\/\/tiandeproducts.co.uk\/lt\/"},{"@type":"ListItem","position":2,"name":"Shop","item":"https:\/\/tiandeproducts.co.uk\/lt\/shop-2\/"},{"@type":"ListItem","position":3,"name":"Kvepalai vyrams \u201ePleasure Planet\u201c parfumuoti 50 ml"}]},{"@type":"WebSite","@id":"https:\/\/tiandeproducts.co.uk\/#website","url":"https:\/\/tiandeproducts.co.uk\/","name":"TianDe Online Shop - Beauty & Health","description":"Traditional Chinese Medicine","potentialAction":[{"@type":"SearchAction","target":{"@type":"EntryPoint","urlTemplate":"https:\/\/tiandeproducts.co.uk\/?s={search_term_string}"},"query-input":{"@type":"PropertyValueSpecification","valueRequired":true,"valueName":"search_term_string"}}],"inLanguage":"lt-LT"}]}},"_links":{"self":[{"href":"https:\/\/tiandeproducts.co.uk\/lt\/wp-json\/wp\/v2\/product\/15707","targetHints":{"allow":["GET"]}}],"collection":[{"href":"https:\/\/tiandeproducts.co.uk\/lt\/wp-json\/wp\/v2\/product"}],"about":[{"href":"https:\/\/tiandeproducts.co.uk\/lt\/wp-json\/wp\/v2\/types\/product"}],"replies":[{"embeddable":true,"href":"https:\/\/tiandeproducts.co.uk\/lt\/wp-json\/wp\/v2\/comments?post=15707"}],"wp:featuredmedia":[{"embeddable":true,"href":"https:\/\/tiandeproducts.co.uk\/lt\/wp-json\/wp\/v2\/media\/14776"}],"wp:attachment":[{"href":"https:\/\/tiandeproducts.co.uk\/lt\/wp-json\/wp\/v2\/media?parent=15707"}],"wp:term":[{"taxonomy":"product_cat","embeddable":true,"href":"https:\/\/tiandeproducts.co.uk\/lt\/wp-json\/wp\/v2\/product_cat?post=15707"},{"taxonomy":"product_tag","embeddable":true,"href":"https:\/\/tiandeproducts.co.uk\/lt\/wp-json\/wp\/v2\/product_tag?post=15707"}],"curies":[{"name":"wp","href":"https:\/\/api.w.org\/{rel}","templated":true}]}}