{"id":15701,"date":"2020-11-04T11:13:41","date_gmt":"2020-11-04T11:13:41","guid":{"rendered":"https:\/\/www.tiandeproducts.co.uk\/3-in-1-makiazo-sepetelis-1vnt\/"},"modified":"2021-05-06T13:19:55","modified_gmt":"2021-05-06T12:19:55","slug":"3-in-1-makiazo-sepetelis-1vnt","status":"publish","type":"product","link":"https:\/\/tiandeproducts.co.uk\/lt\/3-in-1-makiazo-sepetelis-1vnt\/","title":{"rendered":"3 in 1 makia\u017eo \u0161epet\u0117lis, 1vnt"},"content":{"rendered":"<div class=\"desc_points\"><img decoding=\"async\" style=\"max-width: 16px; margin-right: 5px;\" src=\"https:\/\/tiandeproducts.co.uk\/wp-content\/uploads\/points-green.svg\" \/> Earn 20 points worth \u00a31.00 when buying this product<\/div>\n<p><strong>Daugiafunkcin\u0117 makia\u017eo priemon\u0117<\/strong><\/p>\n<p>Kempin\u0117l\u0117 toninei priemonei, pudros \u0161epet\u0117lis, l\u016bp\u0173 da\u017eams, antakiams &#8211; nepriekai\u0161tingam makia\u017eui reikia keliolikos skirting\u0173 \u0161epet\u0117li\u0173 ar &#8230; Vieno transformuojan\u010dio \u0161epet\u0117lio i\u0161 TianDe!<\/p>\n<p>Viename patogiame stilingame \u201ed\u0117kle\u201c vienu metu dedami 3 \u0161epet\u0117liai:<br \/>\n&#8211; didelis &#8211; pudrai ir skaistalams tepti ir mai\u0161yti;<br \/>\n&#8211; kempin\u0117l\u0117s \u0161epet\u0117lis toniniam pagrindui u\u017etepti, pagrindui;<br \/>\n&#8211; ma\u017eas \u0161epet\u0117lis su nuo\u017eulniu kra\u0161tu, kuriuo tepami l\u016bp\u0173 da\u017eai ir l\u016bp\u0173 blizgis, aki\u0173 \u0161e\u0161\u0117liai, pie\u0161iami antakiai ir pravedimai ant vok\u0173.<\/p>\n<p>\u0160is ne\u0161iojamas ir patogus gro\u017eio aksesuaras lengvai telpa net maniki\u016brin\u0117je ir visada pasir\u016bpins J\u016bs\u0173 nepriekai\u0161tingumu!<\/p>\n","protected":false},"excerpt":{"rendered":"<p>Earn 20 points worth \u00a31.00 when buying this product Daugiafunkcin\u0117 makia\u017eo priemon\u0117 Kempin\u0117l\u0117 toninei priemonei, pudros \u0161epet\u0117lis, l\u016bp\u0173 da\u017eams, antakiams &#8211; nepriekai\u0161tingam makia\u017eui reikia keliolikos skirting\u0173 \u0161epet\u0117li\u0173 ar &#8230; Vieno transformuojan\u010dio \u0161epet\u0117lio i\u0161 TianDe! Viename patogiame stilingame \u201ed\u0117kle\u201c vienu metu dedami 3 \u0161epet\u0117liai: &#8211; didelis &#8211; pudrai ir skaistalams tepti ir mai\u0161yti; &#8211; kempin\u0117l\u0117s \u0161epet\u0117lis [&#8230;]\n","protected":false},"featured_media":14791,"comment_status":"open","ping_status":"closed","template":"","meta":[],"product_cat":[717,461,467,1352,476],"product_tag":[],"class_list":{"0":"post-15701","1":"product","2":"type-product","3":"status-publish","4":"has-post-thumbnail","6":"product_cat-akcijos","7":"product_cat-aksesuarai","8":"product_cat-kosmetikos-reikmenys","9":"product_cat-kosmetikos-produktai-lt","10":"product_cat-makiazas","12":"first","13":"instock","14":"shipping-taxable","15":"purchasable","16":"product-type-simple"},"yoast_head":"<!-- This site is optimized with the Yoast SEO plugin v23.6 - https:\/\/yoast.com\/wordpress\/plugins\/seo\/ -->\n<title>3 in 1 makia\u017eo \u0161epet\u0117lis, 1vnt - TianDe Online Shop - Beauty &amp; Health<\/title>\n<meta name=\"robots\" content=\"index, follow, max-snippet:-1, max-image-preview:large, max-video-preview:-1\" \/>\n<link rel=\"canonical\" href=\"https:\/\/tiandeproducts.co.uk\/lt\/3-in-1-makiazo-sepetelis-1vnt\/\" \/>\n<meta property=\"og:locale\" content=\"lt_LT\" \/>\n<meta property=\"og:type\" content=\"article\" \/>\n<meta property=\"og:title\" content=\"3 in 1 makia\u017eo \u0161epet\u0117lis, 1vnt - TianDe Online Shop - Beauty &amp; Health\" \/>\n<meta property=\"og:description\" content=\"Earn 20 points worth \u00a31.00 when buying this product Daugiafunkcin\u0117 makia\u017eo priemon\u0117 Kempin\u0117l\u0117 toninei priemonei, pudros \u0161epet\u0117lis, l\u016bp\u0173 da\u017eams, antakiams &#8211; nepriekai\u0161tingam makia\u017eui reikia keliolikos skirting\u0173 \u0161epet\u0117li\u0173 ar &#8230; Vieno transformuojan\u010dio \u0161epet\u0117lio i\u0161 TianDe! Viename patogiame stilingame \u201ed\u0117kle\u201c vienu metu dedami 3 \u0161epet\u0117liai: &#8211; didelis &#8211; pudrai ir skaistalams tepti ir mai\u0161yti; &#8211; kempin\u0117l\u0117s \u0161epet\u0117lis [...]\" \/>\n<meta property=\"og:url\" content=\"https:\/\/tiandeproducts.co.uk\/lt\/3-in-1-makiazo-sepetelis-1vnt\/\" \/>\n<meta property=\"og:site_name\" content=\"TianDe Online Shop - Beauty &amp; Health\" \/>\n<meta property=\"article:publisher\" content=\"https:\/\/www.facebook.com\/tiande.products.england\/\" \/>\n<meta property=\"article:modified_time\" content=\"2021-05-06T12:19:55+00:00\" \/>\n<meta property=\"og:image\" content=\"https:\/\/tiandeproducts.co.uk\/wp-content\/uploads\/90194.png\" \/>\n\t<meta property=\"og:image:width\" content=\"700\" \/>\n\t<meta property=\"og:image:height\" content=\"700\" \/>\n\t<meta property=\"og:image:type\" content=\"image\/png\" \/>\n<meta name=\"twitter:card\" content=\"summary_large_image\" \/>\n<meta name=\"twitter:label1\" content=\"Est. reading time\" \/>\n\t<meta name=\"twitter:data1\" content=\"1 minut\u0117\" \/>\n<script type=\"application\/ld+json\" class=\"yoast-schema-graph\">{\"@context\":\"https:\/\/schema.org\",\"@graph\":[{\"@type\":\"WebPage\",\"@id\":\"https:\/\/tiandeproducts.co.uk\/lt\/3-in-1-makiazo-sepetelis-1vnt\/\",\"url\":\"https:\/\/tiandeproducts.co.uk\/lt\/3-in-1-makiazo-sepetelis-1vnt\/\",\"name\":\"3 in 1 makia\u017eo \u0161epet\u0117lis, 1vnt - TianDe Online Shop - Beauty &amp; Health\",\"isPartOf\":{\"@id\":\"https:\/\/tiandeproducts.co.uk\/#website\"},\"primaryImageOfPage\":{\"@id\":\"https:\/\/tiandeproducts.co.uk\/lt\/3-in-1-makiazo-sepetelis-1vnt\/#primaryimage\"},\"image\":{\"@id\":\"https:\/\/tiandeproducts.co.uk\/lt\/3-in-1-makiazo-sepetelis-1vnt\/#primaryimage\"},\"thumbnailUrl\":\"https:\/\/tiandeproducts.co.uk\/wp-content\/uploads\/90194.png\",\"datePublished\":\"2020-11-04T11:13:41+00:00\",\"dateModified\":\"2021-05-06T12:19:55+00:00\",\"breadcrumb\":{\"@id\":\"https:\/\/tiandeproducts.co.uk\/lt\/3-in-1-makiazo-sepetelis-1vnt\/#breadcrumb\"},\"inLanguage\":\"lt-LT\",\"potentialAction\":[{\"@type\":\"ReadAction\",\"target\":[\"https:\/\/tiandeproducts.co.uk\/lt\/3-in-1-makiazo-sepetelis-1vnt\/\"]}]},{\"@type\":\"ImageObject\",\"inLanguage\":\"lt-LT\",\"@id\":\"https:\/\/tiandeproducts.co.uk\/lt\/3-in-1-makiazo-sepetelis-1vnt\/#primaryimage\",\"url\":\"https:\/\/tiandeproducts.co.uk\/wp-content\/uploads\/90194.png\",\"contentUrl\":\"https:\/\/tiandeproducts.co.uk\/wp-content\/uploads\/90194.png\",\"width\":700,\"height\":700},{\"@type\":\"BreadcrumbList\",\"@id\":\"https:\/\/tiandeproducts.co.uk\/lt\/3-in-1-makiazo-sepetelis-1vnt\/#breadcrumb\",\"itemListElement\":[{\"@type\":\"ListItem\",\"position\":1,\"name\":\"Home\",\"item\":\"https:\/\/tiandeproducts.co.uk\/lt\/\"},{\"@type\":\"ListItem\",\"position\":2,\"name\":\"Shop\",\"item\":\"https:\/\/tiandeproducts.co.uk\/lt\/shop-2\/\"},{\"@type\":\"ListItem\",\"position\":3,\"name\":\"3 in 1 makia\u017eo \u0161epet\u0117lis, 1vnt\"}]},{\"@type\":\"WebSite\",\"@id\":\"https:\/\/tiandeproducts.co.uk\/#website\",\"url\":\"https:\/\/tiandeproducts.co.uk\/\",\"name\":\"TianDe Online Shop - Beauty & Health\",\"description\":\"Traditional Chinese Medicine\",\"potentialAction\":[{\"@type\":\"SearchAction\",\"target\":{\"@type\":\"EntryPoint\",\"urlTemplate\":\"https:\/\/tiandeproducts.co.uk\/?s={search_term_string}\"},\"query-input\":{\"@type\":\"PropertyValueSpecification\",\"valueRequired\":true,\"valueName\":\"search_term_string\"}}],\"inLanguage\":\"lt-LT\"}]}<\/script>\n<!-- \/ Yoast SEO plugin. -->","yoast_head_json":{"title":"3 in 1 makia\u017eo \u0161epet\u0117lis, 1vnt - TianDe Online Shop - Beauty &amp; Health","robots":{"index":"index","follow":"follow","max-snippet":"max-snippet:-1","max-image-preview":"max-image-preview:large","max-video-preview":"max-video-preview:-1"},"canonical":"https:\/\/tiandeproducts.co.uk\/lt\/3-in-1-makiazo-sepetelis-1vnt\/","og_locale":"lt_LT","og_type":"article","og_title":"3 in 1 makia\u017eo \u0161epet\u0117lis, 1vnt - TianDe Online Shop - Beauty &amp; Health","og_description":"Earn 20 points worth \u00a31.00 when buying this product Daugiafunkcin\u0117 makia\u017eo priemon\u0117 Kempin\u0117l\u0117 toninei priemonei, pudros \u0161epet\u0117lis, l\u016bp\u0173 da\u017eams, antakiams &#8211; nepriekai\u0161tingam makia\u017eui reikia keliolikos skirting\u0173 \u0161epet\u0117li\u0173 ar &#8230; Vieno transformuojan\u010dio \u0161epet\u0117lio i\u0161 TianDe! Viename patogiame stilingame \u201ed\u0117kle\u201c vienu metu dedami 3 \u0161epet\u0117liai: &#8211; didelis &#8211; pudrai ir skaistalams tepti ir mai\u0161yti; &#8211; kempin\u0117l\u0117s \u0161epet\u0117lis [...]","og_url":"https:\/\/tiandeproducts.co.uk\/lt\/3-in-1-makiazo-sepetelis-1vnt\/","og_site_name":"TianDe Online Shop - Beauty &amp; Health","article_publisher":"https:\/\/www.facebook.com\/tiande.products.england\/","article_modified_time":"2021-05-06T12:19:55+00:00","og_image":[{"width":700,"height":700,"url":"https:\/\/tiandeproducts.co.uk\/wp-content\/uploads\/90194.png","type":"image\/png"}],"twitter_card":"summary_large_image","twitter_misc":{"Est. reading time":"1 minut\u0117"},"schema":{"@context":"https:\/\/schema.org","@graph":[{"@type":"WebPage","@id":"https:\/\/tiandeproducts.co.uk\/lt\/3-in-1-makiazo-sepetelis-1vnt\/","url":"https:\/\/tiandeproducts.co.uk\/lt\/3-in-1-makiazo-sepetelis-1vnt\/","name":"3 in 1 makia\u017eo \u0161epet\u0117lis, 1vnt - TianDe Online Shop - Beauty &amp; Health","isPartOf":{"@id":"https:\/\/tiandeproducts.co.uk\/#website"},"primaryImageOfPage":{"@id":"https:\/\/tiandeproducts.co.uk\/lt\/3-in-1-makiazo-sepetelis-1vnt\/#primaryimage"},"image":{"@id":"https:\/\/tiandeproducts.co.uk\/lt\/3-in-1-makiazo-sepetelis-1vnt\/#primaryimage"},"thumbnailUrl":"https:\/\/tiandeproducts.co.uk\/wp-content\/uploads\/90194.png","datePublished":"2020-11-04T11:13:41+00:00","dateModified":"2021-05-06T12:19:55+00:00","breadcrumb":{"@id":"https:\/\/tiandeproducts.co.uk\/lt\/3-in-1-makiazo-sepetelis-1vnt\/#breadcrumb"},"inLanguage":"lt-LT","potentialAction":[{"@type":"ReadAction","target":["https:\/\/tiandeproducts.co.uk\/lt\/3-in-1-makiazo-sepetelis-1vnt\/"]}]},{"@type":"ImageObject","inLanguage":"lt-LT","@id":"https:\/\/tiandeproducts.co.uk\/lt\/3-in-1-makiazo-sepetelis-1vnt\/#primaryimage","url":"https:\/\/tiandeproducts.co.uk\/wp-content\/uploads\/90194.png","contentUrl":"https:\/\/tiandeproducts.co.uk\/wp-content\/uploads\/90194.png","width":700,"height":700},{"@type":"BreadcrumbList","@id":"https:\/\/tiandeproducts.co.uk\/lt\/3-in-1-makiazo-sepetelis-1vnt\/#breadcrumb","itemListElement":[{"@type":"ListItem","position":1,"name":"Home","item":"https:\/\/tiandeproducts.co.uk\/lt\/"},{"@type":"ListItem","position":2,"name":"Shop","item":"https:\/\/tiandeproducts.co.uk\/lt\/shop-2\/"},{"@type":"ListItem","position":3,"name":"3 in 1 makia\u017eo \u0161epet\u0117lis, 1vnt"}]},{"@type":"WebSite","@id":"https:\/\/tiandeproducts.co.uk\/#website","url":"https:\/\/tiandeproducts.co.uk\/","name":"TianDe Online Shop - Beauty & Health","description":"Traditional Chinese Medicine","potentialAction":[{"@type":"SearchAction","target":{"@type":"EntryPoint","urlTemplate":"https:\/\/tiandeproducts.co.uk\/?s={search_term_string}"},"query-input":{"@type":"PropertyValueSpecification","valueRequired":true,"valueName":"search_term_string"}}],"inLanguage":"lt-LT"}]}},"_links":{"self":[{"href":"https:\/\/tiandeproducts.co.uk\/lt\/wp-json\/wp\/v2\/product\/15701","targetHints":{"allow":["GET"]}}],"collection":[{"href":"https:\/\/tiandeproducts.co.uk\/lt\/wp-json\/wp\/v2\/product"}],"about":[{"href":"https:\/\/tiandeproducts.co.uk\/lt\/wp-json\/wp\/v2\/types\/product"}],"replies":[{"embeddable":true,"href":"https:\/\/tiandeproducts.co.uk\/lt\/wp-json\/wp\/v2\/comments?post=15701"}],"wp:featuredmedia":[{"embeddable":true,"href":"https:\/\/tiandeproducts.co.uk\/lt\/wp-json\/wp\/v2\/media\/14791"}],"wp:attachment":[{"href":"https:\/\/tiandeproducts.co.uk\/lt\/wp-json\/wp\/v2\/media?parent=15701"}],"wp:term":[{"taxonomy":"product_cat","embeddable":true,"href":"https:\/\/tiandeproducts.co.uk\/lt\/wp-json\/wp\/v2\/product_cat?post=15701"},{"taxonomy":"product_tag","embeddable":true,"href":"https:\/\/tiandeproducts.co.uk\/lt\/wp-json\/wp\/v2\/product_tag?post=15701"}],"curies":[{"name":"wp","href":"https:\/\/api.w.org\/{rel}","templated":true}]}}