{"id":15644,"date":"2020-11-04T11:22:20","date_gmt":"2020-11-04T11:22:20","guid":{"rendered":"https:\/\/www.tiandeproducts.co.uk\/kauke-sveitiklis-lupoms-bubble-cocktail-12-ml\/"},"modified":"2021-05-06T13:19:38","modified_gmt":"2021-05-06T12:19:38","slug":"kauke-sveitiklis-lupoms-bubble-cocktail-12-ml","status":"publish","type":"product","link":"https:\/\/tiandeproducts.co.uk\/lt\/kauke-sveitiklis-lupoms-bubble-cocktail-12-ml\/","title":{"rendered":"Kauk\u0117 &#8211; \u0161veitiklis l\u016bpoms \u201eBubble cocktail\u201c 12 ml."},"content":{"rendered":"<div class=\"desc_points\"><img decoding=\"async\" style=\"max-width: 16px; margin-right: 5px;\" src=\"https:\/\/tiandeproducts.co.uk\/wp-content\/uploads\/points-green.svg\" \/> Earn 26 points worth \u00a31.30 when buying this product<\/div>\n<div class=\"description\"><\/div>\n<div class=\"instruction\">\n<p><strong>\u0160velniems bu\u010diniams!<\/strong><br \/>\nAr j\u016bs\u0173 l\u016bpos visada pasirengusios bu\u010diniui? L\u016bp\u0173 od\u0105 reikia labai \u0161velniai pri\u017ei\u016br\u0117ti. Joje n\u0117ra riebalini\u0173 liauk\u0173, o tai rei\u0161kia, kad ji greitai praranda dr\u0117gm\u0119 ir atrodo kaip v\u0117jo nugairintos. Visada b\u016bkite u\u017etikrinta l\u016bp\u0173 \u0161velnumu, naudodamos \u201eBubble Cocktail\u201c kauk\u0119 &#8211; \u0161veitikl\u012f i\u0161 Kor\u0117jos produkt\u0173 linijos \u201eChoahae\u201c*.<\/p>\n<p>Skirkite kelet\u0105 minu\u010di\u0173 maloniai ir ne\u012fprastai proced\u016brai, ir b\u016bsite nustebintos, kokios \u0161velnios tampa l\u016bpos. Stebukling\u0173 burbul\u0173 ir veiksming\u0173 ingredient\u0173 mi\u0161inys \u0161velniai pri\u017ei\u016br\u0117s j\u016bs\u0173 l\u016bpas:<\/p>\n<ul>\n<li>subtiliai valo pa\u0161alindama \u0161erpetojim\u0105;<\/li>\n<li>skatina dr\u0117kinim\u0105 ir atsigavim\u0105.<\/li>\n<\/ul>\n<p>* \u0421hoahae &#8211; \u201eChoahae\u201c &#8211; i\u0161vertus i\u0161 kor\u0117jie\u010di\u0173 kalbos rei\u0161kia \u201etu man patinki!\u201c Kod\u0117l toks pavadinimas? Suprasite, kai panaudoj\u0119 \u0161i\u0105 serij\u0105 pamatysite savo atspind\u012f veidrodyje.<\/p>\n<p>Naudojimas: kauk\u0119 tepkite ant saus\u0173 l\u016bp\u0173, palaukite, kol produktas suputos, po 3-5 minu\u010di\u0173 pir\u0161to galiuku pamasa\u017euokite l\u016bpas ir nuplaukite kauk\u0119 &#8211; \u0161veitikl\u012f vandeniu. I\u0161oriniam naudojimui.<\/p>\n<p><strong>Veiklieji komponentai:<\/strong><\/p>\n<p>Papajos ekstraktas mink\u0161tina od\u0105, pagreitina jos atsinaujinimo proces\u0105 ir pagerina l\u0105steli\u0173 apykait\u0105.<\/p>\n<p>Japoni\u0161ko sausmed\u017eio \u017eied\u0173 ekstraktas pagerina odos i\u0161vaizd\u0105, i\u0161lygindamas smulkias rauk\u0161les.<\/p>\n<p>Baltojo gluosnio \u017eiev\u0117s ekstraktas tonizuoja, gerina mikrocirkuliacij\u0105, normalizuoja med\u017eiag\u0173 apykait\u0105 audiniuose.<\/p>\n<p>Persik\u0173 ekstraktas skatina epidermio raginio sluoksnio atmetim\u0105 ir greit\u0105 atsinaujinim\u0105, pagerina audini\u0173 kv\u0117pavim\u0105, atstato odos dr\u0117gm\u0117s balans\u0105, suma\u017eina smulki\u0173 rauk\u0161leli\u0173 skai\u010di\u0173 ir gyl\u012f, padaro od\u0105 \u0161velni\u0105 ir lygi\u0105.<\/p>\n<p>Kompleksas \u201eAquasil\u201c<\/p>\n<p>Veiksmingas dr\u0117kintojas, i\u0161 nat\u016brali\u0173 augalini\u0173 ir mineralini\u0173 komponent\u0173 (gliukoz\u0117s ir ksilitolio, i\u0161gaut\u0173 i\u0161 med\u017eio), mink\u0161tina ir regeneruoja od\u0105, neleisdamas jai dehidratuoti.<\/p>\n<p>Perilos ekstraktas (kini\u0161kas bazilikas) yra antioksidantas, turintis sudirgim\u0105 ma\u017einan\u010di\u0173 savybi\u0173 ir antialergin\u012f poveik\u012f.<\/p>\n<p>Bij\u016bn\u0173 \u0161akn\u0173 ekstraktas yra puikus antioksidantas, suteikia odos dr\u0117kinim\u0105, tonizuoja, skatina jos atsinaujinim\u0105 ir atjauninim\u0105.<\/p>\n<p>Japoni\u0161k\u0173 pipir\u0173 ekstraktas yra puikus antiseptikas, mal\u0161ina dirginim\u0105.<\/p>\n<p>Japoninio kop\u010dio ekstraktas dr\u0117kina od\u0105 giliuose epidermio sluoksniuose.<\/p>\n<p>Bentonitas &#8211; tai nat\u016bralaus molio mineralas, kuris puikiai absorbuoja ne\u0161varumus.<\/p>\n<\/div>\n","protected":false},"excerpt":{"rendered":"<p>Earn 26 points worth \u00a31.30 when buying this product \u0160velniems bu\u010diniams! Ar j\u016bs\u0173 l\u016bpos visada pasirengusios bu\u010diniui? L\u016bp\u0173 od\u0105 reikia labai \u0161velniai pri\u017ei\u016br\u0117ti. Joje n\u0117ra riebalini\u0173 liauk\u0173, o tai rei\u0161kia, kad ji greitai praranda dr\u0117gm\u0119 ir atrodo kaip v\u0117jo nugairintos. Visada b\u016bkite u\u017etikrinta l\u016bp\u0173 \u0161velnumu, naudodamos \u201eBubble Cocktail\u201c kauk\u0119 &#8211; \u0161veitikl\u012f i\u0161 Kor\u0117jos produkt\u0173 linijos [&#8230;]\n","protected":false},"featured_media":14796,"comment_status":"open","ping_status":"closed","template":"","meta":[],"product_cat":[687,703],"product_tag":[],"class_list":{"0":"post-15644","1":"product","2":"type-product","3":"status-publish","4":"has-post-thumbnail","6":"product_cat-makiazas-lt","7":"product_cat-lupoms","9":"first","10":"outofstock","11":"shipping-taxable","12":"purchasable","13":"product-type-simple"},"yoast_head":"<!-- This site is optimized with the Yoast SEO plugin v23.6 - https:\/\/yoast.com\/wordpress\/plugins\/seo\/ -->\n<title>Kauk\u0117 - \u0161veitiklis l\u016bpoms \u201eBubble cocktail\u201c 12 ml. - TianDe Online Shop - Beauty &amp; Health<\/title>\n<meta name=\"robots\" content=\"index, follow, max-snippet:-1, max-image-preview:large, max-video-preview:-1\" \/>\n<link rel=\"canonical\" href=\"https:\/\/tiandeproducts.co.uk\/lt\/kauke-sveitiklis-lupoms-bubble-cocktail-12-ml\/\" \/>\n<meta property=\"og:locale\" content=\"lt_LT\" \/>\n<meta property=\"og:type\" content=\"article\" \/>\n<meta property=\"og:title\" content=\"Kauk\u0117 - \u0161veitiklis l\u016bpoms \u201eBubble cocktail\u201c 12 ml. - TianDe Online Shop - Beauty &amp; Health\" \/>\n<meta property=\"og:description\" content=\"Earn 26 points worth \u00a31.30 when buying this product \u0160velniems bu\u010diniams! Ar j\u016bs\u0173 l\u016bpos visada pasirengusios bu\u010diniui? L\u016bp\u0173 od\u0105 reikia labai \u0161velniai pri\u017ei\u016br\u0117ti. Joje n\u0117ra riebalini\u0173 liauk\u0173, o tai rei\u0161kia, kad ji greitai praranda dr\u0117gm\u0119 ir atrodo kaip v\u0117jo nugairintos. Visada b\u016bkite u\u017etikrinta l\u016bp\u0173 \u0161velnumu, naudodamos \u201eBubble Cocktail\u201c kauk\u0119 &#8211; \u0161veitikl\u012f i\u0161 Kor\u0117jos produkt\u0173 linijos [...]\" \/>\n<meta property=\"og:url\" content=\"https:\/\/tiandeproducts.co.uk\/lt\/kauke-sveitiklis-lupoms-bubble-cocktail-12-ml\/\" \/>\n<meta property=\"og:site_name\" content=\"TianDe Online Shop - Beauty &amp; Health\" \/>\n<meta property=\"article:publisher\" content=\"https:\/\/www.facebook.com\/tiande.products.england\/\" \/>\n<meta property=\"article:modified_time\" content=\"2021-05-06T12:19:38+00:00\" \/>\n<meta property=\"og:image\" content=\"https:\/\/tiandeproducts.co.uk\/wp-content\/uploads\/86503.png\" \/>\n\t<meta property=\"og:image:width\" content=\"700\" \/>\n\t<meta property=\"og:image:height\" content=\"700\" \/>\n\t<meta property=\"og:image:type\" content=\"image\/png\" \/>\n<meta name=\"twitter:card\" content=\"summary_large_image\" \/>\n<meta name=\"twitter:label1\" content=\"Est. reading time\" \/>\n\t<meta name=\"twitter:data1\" content=\"2 minut\u0117s\" \/>\n<script type=\"application\/ld+json\" class=\"yoast-schema-graph\">{\"@context\":\"https:\/\/schema.org\",\"@graph\":[{\"@type\":\"WebPage\",\"@id\":\"https:\/\/tiandeproducts.co.uk\/lt\/kauke-sveitiklis-lupoms-bubble-cocktail-12-ml\/\",\"url\":\"https:\/\/tiandeproducts.co.uk\/lt\/kauke-sveitiklis-lupoms-bubble-cocktail-12-ml\/\",\"name\":\"Kauk\u0117 - \u0161veitiklis l\u016bpoms \u201eBubble cocktail\u201c 12 ml. - TianDe Online Shop - Beauty &amp; Health\",\"isPartOf\":{\"@id\":\"https:\/\/tiandeproducts.co.uk\/#website\"},\"primaryImageOfPage\":{\"@id\":\"https:\/\/tiandeproducts.co.uk\/lt\/kauke-sveitiklis-lupoms-bubble-cocktail-12-ml\/#primaryimage\"},\"image\":{\"@id\":\"https:\/\/tiandeproducts.co.uk\/lt\/kauke-sveitiklis-lupoms-bubble-cocktail-12-ml\/#primaryimage\"},\"thumbnailUrl\":\"https:\/\/tiandeproducts.co.uk\/wp-content\/uploads\/86503.png\",\"datePublished\":\"2020-11-04T11:22:20+00:00\",\"dateModified\":\"2021-05-06T12:19:38+00:00\",\"breadcrumb\":{\"@id\":\"https:\/\/tiandeproducts.co.uk\/lt\/kauke-sveitiklis-lupoms-bubble-cocktail-12-ml\/#breadcrumb\"},\"inLanguage\":\"lt-LT\",\"potentialAction\":[{\"@type\":\"ReadAction\",\"target\":[\"https:\/\/tiandeproducts.co.uk\/lt\/kauke-sveitiklis-lupoms-bubble-cocktail-12-ml\/\"]}]},{\"@type\":\"ImageObject\",\"inLanguage\":\"lt-LT\",\"@id\":\"https:\/\/tiandeproducts.co.uk\/lt\/kauke-sveitiklis-lupoms-bubble-cocktail-12-ml\/#primaryimage\",\"url\":\"https:\/\/tiandeproducts.co.uk\/wp-content\/uploads\/86503.png\",\"contentUrl\":\"https:\/\/tiandeproducts.co.uk\/wp-content\/uploads\/86503.png\",\"width\":700,\"height\":700},{\"@type\":\"BreadcrumbList\",\"@id\":\"https:\/\/tiandeproducts.co.uk\/lt\/kauke-sveitiklis-lupoms-bubble-cocktail-12-ml\/#breadcrumb\",\"itemListElement\":[{\"@type\":\"ListItem\",\"position\":1,\"name\":\"Home\",\"item\":\"https:\/\/tiandeproducts.co.uk\/lt\/\"},{\"@type\":\"ListItem\",\"position\":2,\"name\":\"Shop\",\"item\":\"https:\/\/tiandeproducts.co.uk\/lt\/shop-2\/\"},{\"@type\":\"ListItem\",\"position\":3,\"name\":\"Kauk\u0117 &#8211; \u0161veitiklis l\u016bpoms \u201eBubble cocktail\u201c 12 ml.\"}]},{\"@type\":\"WebSite\",\"@id\":\"https:\/\/tiandeproducts.co.uk\/#website\",\"url\":\"https:\/\/tiandeproducts.co.uk\/\",\"name\":\"TianDe Online Shop - Beauty & Health\",\"description\":\"Traditional Chinese Medicine\",\"potentialAction\":[{\"@type\":\"SearchAction\",\"target\":{\"@type\":\"EntryPoint\",\"urlTemplate\":\"https:\/\/tiandeproducts.co.uk\/?s={search_term_string}\"},\"query-input\":{\"@type\":\"PropertyValueSpecification\",\"valueRequired\":true,\"valueName\":\"search_term_string\"}}],\"inLanguage\":\"lt-LT\"}]}<\/script>\n<!-- \/ Yoast SEO plugin. -->","yoast_head_json":{"title":"Kauk\u0117 - \u0161veitiklis l\u016bpoms \u201eBubble cocktail\u201c 12 ml. - TianDe Online Shop - Beauty &amp; Health","robots":{"index":"index","follow":"follow","max-snippet":"max-snippet:-1","max-image-preview":"max-image-preview:large","max-video-preview":"max-video-preview:-1"},"canonical":"https:\/\/tiandeproducts.co.uk\/lt\/kauke-sveitiklis-lupoms-bubble-cocktail-12-ml\/","og_locale":"lt_LT","og_type":"article","og_title":"Kauk\u0117 - \u0161veitiklis l\u016bpoms \u201eBubble cocktail\u201c 12 ml. - TianDe Online Shop - Beauty &amp; Health","og_description":"Earn 26 points worth \u00a31.30 when buying this product \u0160velniems bu\u010diniams! Ar j\u016bs\u0173 l\u016bpos visada pasirengusios bu\u010diniui? L\u016bp\u0173 od\u0105 reikia labai \u0161velniai pri\u017ei\u016br\u0117ti. Joje n\u0117ra riebalini\u0173 liauk\u0173, o tai rei\u0161kia, kad ji greitai praranda dr\u0117gm\u0119 ir atrodo kaip v\u0117jo nugairintos. Visada b\u016bkite u\u017etikrinta l\u016bp\u0173 \u0161velnumu, naudodamos \u201eBubble Cocktail\u201c kauk\u0119 &#8211; \u0161veitikl\u012f i\u0161 Kor\u0117jos produkt\u0173 linijos [...]","og_url":"https:\/\/tiandeproducts.co.uk\/lt\/kauke-sveitiklis-lupoms-bubble-cocktail-12-ml\/","og_site_name":"TianDe Online Shop - Beauty &amp; Health","article_publisher":"https:\/\/www.facebook.com\/tiande.products.england\/","article_modified_time":"2021-05-06T12:19:38+00:00","og_image":[{"width":700,"height":700,"url":"https:\/\/tiandeproducts.co.uk\/wp-content\/uploads\/86503.png","type":"image\/png"}],"twitter_card":"summary_large_image","twitter_misc":{"Est. reading time":"2 minut\u0117s"},"schema":{"@context":"https:\/\/schema.org","@graph":[{"@type":"WebPage","@id":"https:\/\/tiandeproducts.co.uk\/lt\/kauke-sveitiklis-lupoms-bubble-cocktail-12-ml\/","url":"https:\/\/tiandeproducts.co.uk\/lt\/kauke-sveitiklis-lupoms-bubble-cocktail-12-ml\/","name":"Kauk\u0117 - \u0161veitiklis l\u016bpoms \u201eBubble cocktail\u201c 12 ml. - TianDe Online Shop - Beauty &amp; Health","isPartOf":{"@id":"https:\/\/tiandeproducts.co.uk\/#website"},"primaryImageOfPage":{"@id":"https:\/\/tiandeproducts.co.uk\/lt\/kauke-sveitiklis-lupoms-bubble-cocktail-12-ml\/#primaryimage"},"image":{"@id":"https:\/\/tiandeproducts.co.uk\/lt\/kauke-sveitiklis-lupoms-bubble-cocktail-12-ml\/#primaryimage"},"thumbnailUrl":"https:\/\/tiandeproducts.co.uk\/wp-content\/uploads\/86503.png","datePublished":"2020-11-04T11:22:20+00:00","dateModified":"2021-05-06T12:19:38+00:00","breadcrumb":{"@id":"https:\/\/tiandeproducts.co.uk\/lt\/kauke-sveitiklis-lupoms-bubble-cocktail-12-ml\/#breadcrumb"},"inLanguage":"lt-LT","potentialAction":[{"@type":"ReadAction","target":["https:\/\/tiandeproducts.co.uk\/lt\/kauke-sveitiklis-lupoms-bubble-cocktail-12-ml\/"]}]},{"@type":"ImageObject","inLanguage":"lt-LT","@id":"https:\/\/tiandeproducts.co.uk\/lt\/kauke-sveitiklis-lupoms-bubble-cocktail-12-ml\/#primaryimage","url":"https:\/\/tiandeproducts.co.uk\/wp-content\/uploads\/86503.png","contentUrl":"https:\/\/tiandeproducts.co.uk\/wp-content\/uploads\/86503.png","width":700,"height":700},{"@type":"BreadcrumbList","@id":"https:\/\/tiandeproducts.co.uk\/lt\/kauke-sveitiklis-lupoms-bubble-cocktail-12-ml\/#breadcrumb","itemListElement":[{"@type":"ListItem","position":1,"name":"Home","item":"https:\/\/tiandeproducts.co.uk\/lt\/"},{"@type":"ListItem","position":2,"name":"Shop","item":"https:\/\/tiandeproducts.co.uk\/lt\/shop-2\/"},{"@type":"ListItem","position":3,"name":"Kauk\u0117 &#8211; \u0161veitiklis l\u016bpoms \u201eBubble cocktail\u201c 12 ml."}]},{"@type":"WebSite","@id":"https:\/\/tiandeproducts.co.uk\/#website","url":"https:\/\/tiandeproducts.co.uk\/","name":"TianDe Online Shop - Beauty & Health","description":"Traditional Chinese Medicine","potentialAction":[{"@type":"SearchAction","target":{"@type":"EntryPoint","urlTemplate":"https:\/\/tiandeproducts.co.uk\/?s={search_term_string}"},"query-input":{"@type":"PropertyValueSpecification","valueRequired":true,"valueName":"search_term_string"}}],"inLanguage":"lt-LT"}]}},"_links":{"self":[{"href":"https:\/\/tiandeproducts.co.uk\/lt\/wp-json\/wp\/v2\/product\/15644","targetHints":{"allow":["GET"]}}],"collection":[{"href":"https:\/\/tiandeproducts.co.uk\/lt\/wp-json\/wp\/v2\/product"}],"about":[{"href":"https:\/\/tiandeproducts.co.uk\/lt\/wp-json\/wp\/v2\/types\/product"}],"replies":[{"embeddable":true,"href":"https:\/\/tiandeproducts.co.uk\/lt\/wp-json\/wp\/v2\/comments?post=15644"}],"wp:featuredmedia":[{"embeddable":true,"href":"https:\/\/tiandeproducts.co.uk\/lt\/wp-json\/wp\/v2\/media\/14796"}],"wp:attachment":[{"href":"https:\/\/tiandeproducts.co.uk\/lt\/wp-json\/wp\/v2\/media?parent=15644"}],"wp:term":[{"taxonomy":"product_cat","embeddable":true,"href":"https:\/\/tiandeproducts.co.uk\/lt\/wp-json\/wp\/v2\/product_cat?post=15644"},{"taxonomy":"product_tag","embeddable":true,"href":"https:\/\/tiandeproducts.co.uk\/lt\/wp-json\/wp\/v2\/product_tag?post=15644"}],"curies":[{"name":"wp","href":"https:\/\/api.w.org\/{rel}","templated":true}]}}