{"id":15641,"date":"2020-11-04T11:30:00","date_gmt":"2020-11-04T11:30:00","guid":{"rendered":"https:\/\/www.tiandeproducts.co.uk\/astri-soru-kose-su-figomis-abrikosais-ir-moliugais-35g\/"},"modified":"2020-11-04T11:30:00","modified_gmt":"2020-11-04T11:30:00","slug":"astri-soru-kose-su-figomis-abrikosais-ir-moliugais-35g","status":"publish","type":"product","link":"https:\/\/tiandeproducts.co.uk\/lt\/astri-soru-kose-su-figomis-abrikosais-ir-moliugais-35g\/","title":{"rendered":"A\u0161tri sor\u0173 ko\u0161\u0117 su figomis, abrikosais ir moli\u016bgais 35g."},"content":{"rendered":"<div class=\"desc_points\"><img decoding=\"async\" style=\"max-width: 16px; margin-right: 5px;\" src=\"https:\/\/tiandeproducts.co.uk\/wp-content\/uploads\/points-green.svg\" \/> Earn 2 points worth \u00a30.10 when buying this product<\/div>\n<div class=\"description\">\n<p><strong>Naudinga reg\u0117jimui ir vir\u0161kinimui!<\/strong><br \/>\nMes norime sveikos, nat\u016bralios ir racionalios mitybos! A\u0161tri sor\u0173 ko\u0161\u0117 su figomis, abrikosais ir moli\u016bgais yra puikus skonis ir nauda, \u200b\u200bidealus pusry\u010di\u0173 variantas ir sotus maistas, kur\u012f galima valgyti vis\u0105 dien\u0105.<\/p>\n<p>Be konservant\u0173, cukraus, glitimo, aromatizatori\u0173 ir skonio stiprikli\u0173 &#8211; 100% nat\u016brali produkto sud\u0117tis yra organizmui svarbi\u0173 med\u017eiag\u0173 \u0161altinis:<\/p>\n<ul>\n<li>karotinoidai &#8211; naudingi reg\u0117jimui;<\/li>\n<li>figos, abrikosai ir moli\u016bgai normalizuoja vir\u0161kinam\u0105j\u012f trakt\u0105;<\/li>\n<li>sud\u0117tyje esantys kalis ir magnis yra b\u016btini normaliam kraujagysli\u0173 ir \u0161irdies funkcionavimui;<\/li>\n<li>ko\u0161\u0117je gausu vitamin\u0173 A ir PP, kurie prisideda prie odos atsinaujinimo;<\/li>\n<li>gele\u017eis ir silicis i\u0161 sor\u0173 &#8211; statybin\u0117s med\u017eiagos plaukams, dantims ir nagams.<\/li>\n<\/ul>\n<p>Kiekvienoje porcijoje yra tik 103 kalorijos. Sor\u0173 ko\u0161\u0117 suteikia ilgalaik\u012f sotumo jausm\u0105 ir puikiai tinka tiems, kurie pri\u017ei\u016bri savo fig\u016br\u0105. Ir tai taps nepakei\u010diama miesto gyventojams &#8211; pa\u0161alins i\u0161 organizmo toksinus ir mineralini\u0173 drusk\u0173 pertekli\u0173. Tai taip pat \u012fvertins sportininkai ir \u017emon\u0117s, dirbantys fizin\u012f darb\u0105 &#8211; ko\u0161\u0117 suteikia energijos ir j\u0117g\u0173 antpl\u016bd\u012f.<\/p>\n<p><strong>Vartojimas:<\/strong> nor\u0117dami paruo\u0161ti ko\u0161\u0119, turite u\u017epilti 60-70 ml verdan\u010dio vandens, tada kruop\u0161\u010diai i\u0161mai\u0161yti, o po 3-5 minu\u010di\u0173 produktas yra paruo\u0161tas naudoti.<\/p>\n<\/div>\n","protected":false},"excerpt":{"rendered":"<p>Earn 2 points worth \u00a30.10 when buying this product Naudinga reg\u0117jimui ir vir\u0161kinimui! Mes norime sveikos, nat\u016bralios ir racionalios mitybos! A\u0161tri sor\u0173 ko\u0161\u0117 su figomis, abrikosais ir moli\u016bgais yra puikus skonis ir nauda, \u200b\u200bidealus pusry\u010di\u0173 variantas ir sotus maistas, kur\u012f galima valgyti vis\u0105 dien\u0105. Be konservant\u0173, cukraus, glitimo, aromatizatori\u0173 ir skonio stiprikli\u0173 &#8211; 100% nat\u016brali [&#8230;]\n","protected":false},"featured_media":14802,"comment_status":"open","ping_status":"closed","template":"","meta":[],"product_cat":[719,1361,718],"product_tag":[],"class_list":{"0":"post-15641","1":"product","2":"type-product","3":"status-publish","4":"has-post-thumbnail","6":"product_cat-active-life-lt","7":"product_cat-sveikas-maistas","8":"product_cat-sveikata-lt","10":"first","11":"instock","12":"shipping-taxable","13":"purchasable","14":"product-type-simple"},"yoast_head":"<!-- This site is optimized with the Yoast SEO plugin v23.6 - https:\/\/yoast.com\/wordpress\/plugins\/seo\/ -->\n<title>A\u0161tri sor\u0173 ko\u0161\u0117 su figomis, abrikosais ir moli\u016bgais 35g. - TianDe Online Shop - Beauty &amp; Health<\/title>\n<meta name=\"robots\" content=\"index, follow, max-snippet:-1, max-image-preview:large, max-video-preview:-1\" \/>\n<link rel=\"canonical\" href=\"https:\/\/tiandeproducts.co.uk\/lt\/astri-soru-kose-su-figomis-abrikosais-ir-moliugais-35g\/\" \/>\n<meta property=\"og:locale\" content=\"lt_LT\" \/>\n<meta property=\"og:type\" content=\"article\" \/>\n<meta property=\"og:title\" content=\"A\u0161tri sor\u0173 ko\u0161\u0117 su figomis, abrikosais ir moli\u016bgais 35g. - TianDe Online Shop - Beauty &amp; Health\" \/>\n<meta property=\"og:description\" content=\"Earn 2 points worth \u00a30.10 when buying this product Naudinga reg\u0117jimui ir vir\u0161kinimui! Mes norime sveikos, nat\u016bralios ir racionalios mitybos! A\u0161tri sor\u0173 ko\u0161\u0117 su figomis, abrikosais ir moli\u016bgais yra puikus skonis ir nauda, \u200b\u200bidealus pusry\u010di\u0173 variantas ir sotus maistas, kur\u012f galima valgyti vis\u0105 dien\u0105. Be konservant\u0173, cukraus, glitimo, aromatizatori\u0173 ir skonio stiprikli\u0173 &#8211; 100% nat\u016brali [...]\" \/>\n<meta property=\"og:url\" content=\"https:\/\/tiandeproducts.co.uk\/lt\/astri-soru-kose-su-figomis-abrikosais-ir-moliugais-35g\/\" \/>\n<meta property=\"og:site_name\" content=\"TianDe Online Shop - Beauty &amp; Health\" \/>\n<meta property=\"article:publisher\" content=\"https:\/\/www.facebook.com\/tiande.products.england\/\" \/>\n<meta property=\"og:image\" content=\"https:\/\/tiandeproducts.co.uk\/wp-content\/uploads\/195438-1.png\" \/>\n\t<meta property=\"og:image:width\" content=\"400\" \/>\n\t<meta property=\"og:image:height\" content=\"400\" \/>\n\t<meta property=\"og:image:type\" content=\"image\/png\" \/>\n<meta name=\"twitter:card\" content=\"summary_large_image\" \/>\n<meta name=\"twitter:label1\" content=\"Est. reading time\" \/>\n\t<meta name=\"twitter:data1\" content=\"1 minut\u0117\" \/>\n<script type=\"application\/ld+json\" class=\"yoast-schema-graph\">{\"@context\":\"https:\/\/schema.org\",\"@graph\":[{\"@type\":\"WebPage\",\"@id\":\"https:\/\/tiandeproducts.co.uk\/lt\/astri-soru-kose-su-figomis-abrikosais-ir-moliugais-35g\/\",\"url\":\"https:\/\/tiandeproducts.co.uk\/lt\/astri-soru-kose-su-figomis-abrikosais-ir-moliugais-35g\/\",\"name\":\"A\u0161tri sor\u0173 ko\u0161\u0117 su figomis, abrikosais ir moli\u016bgais 35g. - TianDe Online Shop - Beauty &amp; Health\",\"isPartOf\":{\"@id\":\"https:\/\/tiandeproducts.co.uk\/#website\"},\"primaryImageOfPage\":{\"@id\":\"https:\/\/tiandeproducts.co.uk\/lt\/astri-soru-kose-su-figomis-abrikosais-ir-moliugais-35g\/#primaryimage\"},\"image\":{\"@id\":\"https:\/\/tiandeproducts.co.uk\/lt\/astri-soru-kose-su-figomis-abrikosais-ir-moliugais-35g\/#primaryimage\"},\"thumbnailUrl\":\"https:\/\/tiandeproducts.co.uk\/wp-content\/uploads\/195438-1.png\",\"datePublished\":\"2020-11-04T11:30:00+00:00\",\"dateModified\":\"2020-11-04T11:30:00+00:00\",\"breadcrumb\":{\"@id\":\"https:\/\/tiandeproducts.co.uk\/lt\/astri-soru-kose-su-figomis-abrikosais-ir-moliugais-35g\/#breadcrumb\"},\"inLanguage\":\"lt-LT\",\"potentialAction\":[{\"@type\":\"ReadAction\",\"target\":[\"https:\/\/tiandeproducts.co.uk\/lt\/astri-soru-kose-su-figomis-abrikosais-ir-moliugais-35g\/\"]}]},{\"@type\":\"ImageObject\",\"inLanguage\":\"lt-LT\",\"@id\":\"https:\/\/tiandeproducts.co.uk\/lt\/astri-soru-kose-su-figomis-abrikosais-ir-moliugais-35g\/#primaryimage\",\"url\":\"https:\/\/tiandeproducts.co.uk\/wp-content\/uploads\/195438-1.png\",\"contentUrl\":\"https:\/\/tiandeproducts.co.uk\/wp-content\/uploads\/195438-1.png\",\"width\":400,\"height\":400},{\"@type\":\"BreadcrumbList\",\"@id\":\"https:\/\/tiandeproducts.co.uk\/lt\/astri-soru-kose-su-figomis-abrikosais-ir-moliugais-35g\/#breadcrumb\",\"itemListElement\":[{\"@type\":\"ListItem\",\"position\":1,\"name\":\"Home\",\"item\":\"https:\/\/tiandeproducts.co.uk\/lt\/\"},{\"@type\":\"ListItem\",\"position\":2,\"name\":\"Shop\",\"item\":\"https:\/\/tiandeproducts.co.uk\/lt\/shop-2\/\"},{\"@type\":\"ListItem\",\"position\":3,\"name\":\"A\u0161tri sor\u0173 ko\u0161\u0117 su figomis, abrikosais ir moli\u016bgais 35g.\"}]},{\"@type\":\"WebSite\",\"@id\":\"https:\/\/tiandeproducts.co.uk\/#website\",\"url\":\"https:\/\/tiandeproducts.co.uk\/\",\"name\":\"TianDe Online Shop - Beauty & Health\",\"description\":\"Traditional Chinese Medicine\",\"potentialAction\":[{\"@type\":\"SearchAction\",\"target\":{\"@type\":\"EntryPoint\",\"urlTemplate\":\"https:\/\/tiandeproducts.co.uk\/?s={search_term_string}\"},\"query-input\":{\"@type\":\"PropertyValueSpecification\",\"valueRequired\":true,\"valueName\":\"search_term_string\"}}],\"inLanguage\":\"lt-LT\"}]}<\/script>\n<!-- \/ Yoast SEO plugin. -->","yoast_head_json":{"title":"A\u0161tri sor\u0173 ko\u0161\u0117 su figomis, abrikosais ir moli\u016bgais 35g. - TianDe Online Shop - Beauty &amp; Health","robots":{"index":"index","follow":"follow","max-snippet":"max-snippet:-1","max-image-preview":"max-image-preview:large","max-video-preview":"max-video-preview:-1"},"canonical":"https:\/\/tiandeproducts.co.uk\/lt\/astri-soru-kose-su-figomis-abrikosais-ir-moliugais-35g\/","og_locale":"lt_LT","og_type":"article","og_title":"A\u0161tri sor\u0173 ko\u0161\u0117 su figomis, abrikosais ir moli\u016bgais 35g. - TianDe Online Shop - Beauty &amp; Health","og_description":"Earn 2 points worth \u00a30.10 when buying this product Naudinga reg\u0117jimui ir vir\u0161kinimui! Mes norime sveikos, nat\u016bralios ir racionalios mitybos! A\u0161tri sor\u0173 ko\u0161\u0117 su figomis, abrikosais ir moli\u016bgais yra puikus skonis ir nauda, \u200b\u200bidealus pusry\u010di\u0173 variantas ir sotus maistas, kur\u012f galima valgyti vis\u0105 dien\u0105. Be konservant\u0173, cukraus, glitimo, aromatizatori\u0173 ir skonio stiprikli\u0173 &#8211; 100% nat\u016brali [...]","og_url":"https:\/\/tiandeproducts.co.uk\/lt\/astri-soru-kose-su-figomis-abrikosais-ir-moliugais-35g\/","og_site_name":"TianDe Online Shop - Beauty &amp; Health","article_publisher":"https:\/\/www.facebook.com\/tiande.products.england\/","og_image":[{"width":400,"height":400,"url":"https:\/\/tiandeproducts.co.uk\/wp-content\/uploads\/195438-1.png","type":"image\/png"}],"twitter_card":"summary_large_image","twitter_misc":{"Est. reading time":"1 minut\u0117"},"schema":{"@context":"https:\/\/schema.org","@graph":[{"@type":"WebPage","@id":"https:\/\/tiandeproducts.co.uk\/lt\/astri-soru-kose-su-figomis-abrikosais-ir-moliugais-35g\/","url":"https:\/\/tiandeproducts.co.uk\/lt\/astri-soru-kose-su-figomis-abrikosais-ir-moliugais-35g\/","name":"A\u0161tri sor\u0173 ko\u0161\u0117 su figomis, abrikosais ir moli\u016bgais 35g. - TianDe Online Shop - Beauty &amp; Health","isPartOf":{"@id":"https:\/\/tiandeproducts.co.uk\/#website"},"primaryImageOfPage":{"@id":"https:\/\/tiandeproducts.co.uk\/lt\/astri-soru-kose-su-figomis-abrikosais-ir-moliugais-35g\/#primaryimage"},"image":{"@id":"https:\/\/tiandeproducts.co.uk\/lt\/astri-soru-kose-su-figomis-abrikosais-ir-moliugais-35g\/#primaryimage"},"thumbnailUrl":"https:\/\/tiandeproducts.co.uk\/wp-content\/uploads\/195438-1.png","datePublished":"2020-11-04T11:30:00+00:00","dateModified":"2020-11-04T11:30:00+00:00","breadcrumb":{"@id":"https:\/\/tiandeproducts.co.uk\/lt\/astri-soru-kose-su-figomis-abrikosais-ir-moliugais-35g\/#breadcrumb"},"inLanguage":"lt-LT","potentialAction":[{"@type":"ReadAction","target":["https:\/\/tiandeproducts.co.uk\/lt\/astri-soru-kose-su-figomis-abrikosais-ir-moliugais-35g\/"]}]},{"@type":"ImageObject","inLanguage":"lt-LT","@id":"https:\/\/tiandeproducts.co.uk\/lt\/astri-soru-kose-su-figomis-abrikosais-ir-moliugais-35g\/#primaryimage","url":"https:\/\/tiandeproducts.co.uk\/wp-content\/uploads\/195438-1.png","contentUrl":"https:\/\/tiandeproducts.co.uk\/wp-content\/uploads\/195438-1.png","width":400,"height":400},{"@type":"BreadcrumbList","@id":"https:\/\/tiandeproducts.co.uk\/lt\/astri-soru-kose-su-figomis-abrikosais-ir-moliugais-35g\/#breadcrumb","itemListElement":[{"@type":"ListItem","position":1,"name":"Home","item":"https:\/\/tiandeproducts.co.uk\/lt\/"},{"@type":"ListItem","position":2,"name":"Shop","item":"https:\/\/tiandeproducts.co.uk\/lt\/shop-2\/"},{"@type":"ListItem","position":3,"name":"A\u0161tri sor\u0173 ko\u0161\u0117 su figomis, abrikosais ir moli\u016bgais 35g."}]},{"@type":"WebSite","@id":"https:\/\/tiandeproducts.co.uk\/#website","url":"https:\/\/tiandeproducts.co.uk\/","name":"TianDe Online Shop - Beauty & Health","description":"Traditional Chinese Medicine","potentialAction":[{"@type":"SearchAction","target":{"@type":"EntryPoint","urlTemplate":"https:\/\/tiandeproducts.co.uk\/?s={search_term_string}"},"query-input":{"@type":"PropertyValueSpecification","valueRequired":true,"valueName":"search_term_string"}}],"inLanguage":"lt-LT"}]}},"_links":{"self":[{"href":"https:\/\/tiandeproducts.co.uk\/lt\/wp-json\/wp\/v2\/product\/15641","targetHints":{"allow":["GET"]}}],"collection":[{"href":"https:\/\/tiandeproducts.co.uk\/lt\/wp-json\/wp\/v2\/product"}],"about":[{"href":"https:\/\/tiandeproducts.co.uk\/lt\/wp-json\/wp\/v2\/types\/product"}],"replies":[{"embeddable":true,"href":"https:\/\/tiandeproducts.co.uk\/lt\/wp-json\/wp\/v2\/comments?post=15641"}],"wp:featuredmedia":[{"embeddable":true,"href":"https:\/\/tiandeproducts.co.uk\/lt\/wp-json\/wp\/v2\/media\/14802"}],"wp:attachment":[{"href":"https:\/\/tiandeproducts.co.uk\/lt\/wp-json\/wp\/v2\/media?parent=15641"}],"wp:term":[{"taxonomy":"product_cat","embeddable":true,"href":"https:\/\/tiandeproducts.co.uk\/lt\/wp-json\/wp\/v2\/product_cat?post=15641"},{"taxonomy":"product_tag","embeddable":true,"href":"https:\/\/tiandeproducts.co.uk\/lt\/wp-json\/wp\/v2\/product_tag?post=15641"}],"curies":[{"name":"wp","href":"https:\/\/api.w.org\/{rel}","templated":true}]}}