{"id":15638,"date":"2020-11-04T11:34:12","date_gmt":"2020-11-04T11:34:12","guid":{"rendered":"https:\/\/www.tiandeproducts.co.uk\/sampunas-su-sidabru-vyrams-250g\/"},"modified":"2020-11-04T11:34:12","modified_gmt":"2020-11-04T11:34:12","slug":"sampunas-su-sidabru-vyrams-250g","status":"publish","type":"product","link":"https:\/\/tiandeproducts.co.uk\/lt\/sampunas-su-sidabru-vyrams-250g\/","title":{"rendered":"\u0160amp\u016bnas su sidabru vyrams 250g."},"content":{"rendered":"<div class=\"desc_points\"><img decoding=\"async\" style=\"max-width: 16px; margin-right: 5px;\" src=\"https:\/\/tiandeproducts.co.uk\/wp-content\/uploads\/points-green.svg\" \/> Earn 10 points worth \u00a30.50 when buying this product<\/div>\n<div class=\"description\">\n<p>Pasitikintiems vyrams reikia tikrai vyri\u0161k\u0173 produkt\u0173! Toks kaip &#8222;TianDe Silver&#8221; \u0161amp\u016bnas! Sukurtas atsi\u017evelgiant \u012f fiziologines vyr\u0173 odos ypatybes, \u0161is produktas veikia vienu metu trimis lygiais:<\/p>\n<ul>\n<li>stiprina plaukus;<\/li>\n<li>kontroliuoja per didel\u012f riebal\u0173 kiek\u012f \u0161aknyse;<\/li>\n<li>apsaugo od\u0105 nuo dirginimo.<\/li>\n<\/ul>\n<p>\u0160amp\u016bnas \u201eTianDe\u201c yra puikus pasirinkimas sportininkams ir lauko entuziastams. Produkte yra koloidinio sidabro, kuris yra stiprus antiseptikas. Esant padid\u0117jusiam prakaitavimui puikiai valo od\u0105 ir plaukus, gaivina ir turi baktericidin\u012f poveik\u012f.<\/p>\n<p><strong>Naudojimas:<\/strong> tepkite ant dr\u0117gn\u0173 plauk\u0173, masa\u017euokite, tada nuplaukite.<\/p>\n<\/div>\n","protected":false},"excerpt":{"rendered":"<p>Earn 10 points worth \u00a30.50 when buying this product Pasitikintiems vyrams reikia tikrai vyri\u0161k\u0173 produkt\u0173! Toks kaip &#8222;TianDe Silver&#8221; \u0161amp\u016bnas! Sukurtas atsi\u017evelgiant \u012f fiziologines vyr\u0173 odos ypatybes, \u0161is produktas veikia vienu metu trimis lygiais: stiprina plaukus; kontroliuoja per didel\u012f riebal\u0173 kiek\u012f \u0161aknyse; apsaugo od\u0105 nuo dirginimo. \u0160amp\u016bnas \u201eTianDe\u201c yra puikus pasirinkimas sportininkams ir lauko entuziastams. [&#8230;]\n","protected":false},"featured_media":14807,"comment_status":"open","ping_status":"closed","template":"","meta":[],"product_cat":[627,634,672,626],"product_tag":[],"class_list":{"0":"post-15638","1":"product","2":"type-product","3":"status-publish","4":"has-post-thumbnail","6":"product_cat-kosmetikos-produktai","7":"product_cat-plaukams","8":"product_cat-sampunai","9":"product_cat-vyr","11":"first","12":"outofstock","13":"shipping-taxable","14":"purchasable","15":"product-type-simple"},"yoast_head":"<!-- This site is optimized with the Yoast SEO plugin v23.6 - https:\/\/yoast.com\/wordpress\/plugins\/seo\/ -->\n<title>\u0160amp\u016bnas su sidabru vyrams 250g. - TianDe Online Shop - Beauty &amp; Health<\/title>\n<meta name=\"robots\" content=\"index, follow, max-snippet:-1, max-image-preview:large, max-video-preview:-1\" \/>\n<link rel=\"canonical\" href=\"https:\/\/tiandeproducts.co.uk\/lt\/sampunas-su-sidabru-vyrams-250g\/\" \/>\n<meta property=\"og:locale\" content=\"lt_LT\" \/>\n<meta property=\"og:type\" content=\"article\" \/>\n<meta property=\"og:title\" content=\"\u0160amp\u016bnas su sidabru vyrams 250g. - TianDe Online Shop - Beauty &amp; Health\" \/>\n<meta property=\"og:description\" content=\"Earn 10 points worth \u00a30.50 when buying this product Pasitikintiems vyrams reikia tikrai vyri\u0161k\u0173 produkt\u0173! Toks kaip &#8222;TianDe Silver&#8221; \u0161amp\u016bnas! Sukurtas atsi\u017evelgiant \u012f fiziologines vyr\u0173 odos ypatybes, \u0161is produktas veikia vienu metu trimis lygiais: stiprina plaukus; kontroliuoja per didel\u012f riebal\u0173 kiek\u012f \u0161aknyse; apsaugo od\u0105 nuo dirginimo. \u0160amp\u016bnas \u201eTianDe\u201c yra puikus pasirinkimas sportininkams ir lauko entuziastams. [...]\" \/>\n<meta property=\"og:url\" content=\"https:\/\/tiandeproducts.co.uk\/lt\/sampunas-su-sidabru-vyrams-250g\/\" \/>\n<meta property=\"og:site_name\" content=\"TianDe Online Shop - Beauty &amp; Health\" \/>\n<meta property=\"article:publisher\" content=\"https:\/\/www.facebook.com\/tiande.products.england\/\" \/>\n<meta property=\"og:image\" content=\"https:\/\/tiandeproducts.co.uk\/wp-content\/uploads\/20150.png\" \/>\n\t<meta property=\"og:image:width\" content=\"700\" \/>\n\t<meta property=\"og:image:height\" content=\"700\" \/>\n\t<meta property=\"og:image:type\" content=\"image\/png\" \/>\n<meta name=\"twitter:card\" content=\"summary_large_image\" \/>\n<script type=\"application\/ld+json\" class=\"yoast-schema-graph\">{\"@context\":\"https:\/\/schema.org\",\"@graph\":[{\"@type\":\"WebPage\",\"@id\":\"https:\/\/tiandeproducts.co.uk\/lt\/sampunas-su-sidabru-vyrams-250g\/\",\"url\":\"https:\/\/tiandeproducts.co.uk\/lt\/sampunas-su-sidabru-vyrams-250g\/\",\"name\":\"\u0160amp\u016bnas su sidabru vyrams 250g. - TianDe Online Shop - Beauty &amp; Health\",\"isPartOf\":{\"@id\":\"https:\/\/tiandeproducts.co.uk\/#website\"},\"primaryImageOfPage\":{\"@id\":\"https:\/\/tiandeproducts.co.uk\/lt\/sampunas-su-sidabru-vyrams-250g\/#primaryimage\"},\"image\":{\"@id\":\"https:\/\/tiandeproducts.co.uk\/lt\/sampunas-su-sidabru-vyrams-250g\/#primaryimage\"},\"thumbnailUrl\":\"https:\/\/tiandeproducts.co.uk\/wp-content\/uploads\/20150.png\",\"datePublished\":\"2020-11-04T11:34:12+00:00\",\"dateModified\":\"2020-11-04T11:34:12+00:00\",\"breadcrumb\":{\"@id\":\"https:\/\/tiandeproducts.co.uk\/lt\/sampunas-su-sidabru-vyrams-250g\/#breadcrumb\"},\"inLanguage\":\"lt-LT\",\"potentialAction\":[{\"@type\":\"ReadAction\",\"target\":[\"https:\/\/tiandeproducts.co.uk\/lt\/sampunas-su-sidabru-vyrams-250g\/\"]}]},{\"@type\":\"ImageObject\",\"inLanguage\":\"lt-LT\",\"@id\":\"https:\/\/tiandeproducts.co.uk\/lt\/sampunas-su-sidabru-vyrams-250g\/#primaryimage\",\"url\":\"https:\/\/tiandeproducts.co.uk\/wp-content\/uploads\/20150.png\",\"contentUrl\":\"https:\/\/tiandeproducts.co.uk\/wp-content\/uploads\/20150.png\",\"width\":700,\"height\":700},{\"@type\":\"BreadcrumbList\",\"@id\":\"https:\/\/tiandeproducts.co.uk\/lt\/sampunas-su-sidabru-vyrams-250g\/#breadcrumb\",\"itemListElement\":[{\"@type\":\"ListItem\",\"position\":1,\"name\":\"Home\",\"item\":\"https:\/\/tiandeproducts.co.uk\/lt\/\"},{\"@type\":\"ListItem\",\"position\":2,\"name\":\"Shop\",\"item\":\"https:\/\/tiandeproducts.co.uk\/lt\/shop-2\/\"},{\"@type\":\"ListItem\",\"position\":3,\"name\":\"\u0160amp\u016bnas su sidabru vyrams 250g.\"}]},{\"@type\":\"WebSite\",\"@id\":\"https:\/\/tiandeproducts.co.uk\/#website\",\"url\":\"https:\/\/tiandeproducts.co.uk\/\",\"name\":\"TianDe Online Shop - Beauty & Health\",\"description\":\"Traditional Chinese Medicine\",\"potentialAction\":[{\"@type\":\"SearchAction\",\"target\":{\"@type\":\"EntryPoint\",\"urlTemplate\":\"https:\/\/tiandeproducts.co.uk\/?s={search_term_string}\"},\"query-input\":{\"@type\":\"PropertyValueSpecification\",\"valueRequired\":true,\"valueName\":\"search_term_string\"}}],\"inLanguage\":\"lt-LT\"}]}<\/script>\n<!-- \/ Yoast SEO plugin. -->","yoast_head_json":{"title":"\u0160amp\u016bnas su sidabru vyrams 250g. - TianDe Online Shop - Beauty &amp; Health","robots":{"index":"index","follow":"follow","max-snippet":"max-snippet:-1","max-image-preview":"max-image-preview:large","max-video-preview":"max-video-preview:-1"},"canonical":"https:\/\/tiandeproducts.co.uk\/lt\/sampunas-su-sidabru-vyrams-250g\/","og_locale":"lt_LT","og_type":"article","og_title":"\u0160amp\u016bnas su sidabru vyrams 250g. - TianDe Online Shop - Beauty &amp; Health","og_description":"Earn 10 points worth \u00a30.50 when buying this product Pasitikintiems vyrams reikia tikrai vyri\u0161k\u0173 produkt\u0173! Toks kaip &#8222;TianDe Silver&#8221; \u0161amp\u016bnas! Sukurtas atsi\u017evelgiant \u012f fiziologines vyr\u0173 odos ypatybes, \u0161is produktas veikia vienu metu trimis lygiais: stiprina plaukus; kontroliuoja per didel\u012f riebal\u0173 kiek\u012f \u0161aknyse; apsaugo od\u0105 nuo dirginimo. \u0160amp\u016bnas \u201eTianDe\u201c yra puikus pasirinkimas sportininkams ir lauko entuziastams. [...]","og_url":"https:\/\/tiandeproducts.co.uk\/lt\/sampunas-su-sidabru-vyrams-250g\/","og_site_name":"TianDe Online Shop - Beauty &amp; Health","article_publisher":"https:\/\/www.facebook.com\/tiande.products.england\/","og_image":[{"width":700,"height":700,"url":"https:\/\/tiandeproducts.co.uk\/wp-content\/uploads\/20150.png","type":"image\/png"}],"twitter_card":"summary_large_image","schema":{"@context":"https:\/\/schema.org","@graph":[{"@type":"WebPage","@id":"https:\/\/tiandeproducts.co.uk\/lt\/sampunas-su-sidabru-vyrams-250g\/","url":"https:\/\/tiandeproducts.co.uk\/lt\/sampunas-su-sidabru-vyrams-250g\/","name":"\u0160amp\u016bnas su sidabru vyrams 250g. - TianDe Online Shop - Beauty &amp; Health","isPartOf":{"@id":"https:\/\/tiandeproducts.co.uk\/#website"},"primaryImageOfPage":{"@id":"https:\/\/tiandeproducts.co.uk\/lt\/sampunas-su-sidabru-vyrams-250g\/#primaryimage"},"image":{"@id":"https:\/\/tiandeproducts.co.uk\/lt\/sampunas-su-sidabru-vyrams-250g\/#primaryimage"},"thumbnailUrl":"https:\/\/tiandeproducts.co.uk\/wp-content\/uploads\/20150.png","datePublished":"2020-11-04T11:34:12+00:00","dateModified":"2020-11-04T11:34:12+00:00","breadcrumb":{"@id":"https:\/\/tiandeproducts.co.uk\/lt\/sampunas-su-sidabru-vyrams-250g\/#breadcrumb"},"inLanguage":"lt-LT","potentialAction":[{"@type":"ReadAction","target":["https:\/\/tiandeproducts.co.uk\/lt\/sampunas-su-sidabru-vyrams-250g\/"]}]},{"@type":"ImageObject","inLanguage":"lt-LT","@id":"https:\/\/tiandeproducts.co.uk\/lt\/sampunas-su-sidabru-vyrams-250g\/#primaryimage","url":"https:\/\/tiandeproducts.co.uk\/wp-content\/uploads\/20150.png","contentUrl":"https:\/\/tiandeproducts.co.uk\/wp-content\/uploads\/20150.png","width":700,"height":700},{"@type":"BreadcrumbList","@id":"https:\/\/tiandeproducts.co.uk\/lt\/sampunas-su-sidabru-vyrams-250g\/#breadcrumb","itemListElement":[{"@type":"ListItem","position":1,"name":"Home","item":"https:\/\/tiandeproducts.co.uk\/lt\/"},{"@type":"ListItem","position":2,"name":"Shop","item":"https:\/\/tiandeproducts.co.uk\/lt\/shop-2\/"},{"@type":"ListItem","position":3,"name":"\u0160amp\u016bnas su sidabru vyrams 250g."}]},{"@type":"WebSite","@id":"https:\/\/tiandeproducts.co.uk\/#website","url":"https:\/\/tiandeproducts.co.uk\/","name":"TianDe Online Shop - Beauty & Health","description":"Traditional Chinese Medicine","potentialAction":[{"@type":"SearchAction","target":{"@type":"EntryPoint","urlTemplate":"https:\/\/tiandeproducts.co.uk\/?s={search_term_string}"},"query-input":{"@type":"PropertyValueSpecification","valueRequired":true,"valueName":"search_term_string"}}],"inLanguage":"lt-LT"}]}},"_links":{"self":[{"href":"https:\/\/tiandeproducts.co.uk\/lt\/wp-json\/wp\/v2\/product\/15638","targetHints":{"allow":["GET"]}}],"collection":[{"href":"https:\/\/tiandeproducts.co.uk\/lt\/wp-json\/wp\/v2\/product"}],"about":[{"href":"https:\/\/tiandeproducts.co.uk\/lt\/wp-json\/wp\/v2\/types\/product"}],"replies":[{"embeddable":true,"href":"https:\/\/tiandeproducts.co.uk\/lt\/wp-json\/wp\/v2\/comments?post=15638"}],"wp:featuredmedia":[{"embeddable":true,"href":"https:\/\/tiandeproducts.co.uk\/lt\/wp-json\/wp\/v2\/media\/14807"}],"wp:attachment":[{"href":"https:\/\/tiandeproducts.co.uk\/lt\/wp-json\/wp\/v2\/media?parent=15638"}],"wp:term":[{"taxonomy":"product_cat","embeddable":true,"href":"https:\/\/tiandeproducts.co.uk\/lt\/wp-json\/wp\/v2\/product_cat?post=15638"},{"taxonomy":"product_tag","embeddable":true,"href":"https:\/\/tiandeproducts.co.uk\/lt\/wp-json\/wp\/v2\/product_tag?post=15638"}],"curies":[{"name":"wp","href":"https:\/\/api.w.org\/{rel}","templated":true}]}}