{"id":15635,"date":"2021-01-16T11:17:07","date_gmt":"2021-01-16T11:17:07","guid":{"rendered":"https:\/\/www.tiandeproducts.co.uk\/vysniu-granatu-zele-su-kolagenu-21-vnt-x12-g\/"},"modified":"2021-01-16T11:17:07","modified_gmt":"2021-01-16T11:17:07","slug":"vysniu-granatu-zele-su-kolagenu-21-vnt-x12-g","status":"publish","type":"product","link":"https:\/\/tiandeproducts.co.uk\/lt\/vysniu-granatu-zele-su-kolagenu-21-vnt-x12-g\/","title":{"rendered":"Vy\u0161ni\u0173 granat\u0173 \u017eel\u0117 su kolagenu 21 vnt.x12 g."},"content":{"rendered":"<div class=\"desc_points\"><img decoding=\"async\" style=\"max-width: 16px; margin-right: 5px;\" src=\"https:\/\/tiandeproducts.co.uk\/wp-content\/uploads\/points-green.svg\" \/> Earn 32 points worth \u00a31.60 when buying this product<\/div>\n<p><strong>J\u016bs\u0173 jaunyst\u0117s architektas!<\/strong><\/p>\n<p>Siekdami jaunyst\u0117s, daugelis, ypa\u010d moterys, yra pasirengusios beveik viskam &#8211; brangiai kainuojan\u010dioms kosmetin\u0117ms proced\u016broms, plastikos chirurgo skalpeliui&#8230; Ta\u010diau visi \u0161ie metodai yra skirti tik i\u0161oriniam problemos pa\u0161alinimui &#8211; k\u016bno viduje lieka tas pats. Ar \u012fmanoma \u201eatjaun\u0117ti\u201c ne tik i\u0161 i\u0161or\u0117s, bet ir i\u0161 vidaus? Taip, jei reguliariai \u201eprisotinate\u201c savo k\u016bn\u0105 kolagenu.<\/p>\n<p>Kolagenas yra baltymas, jungiamojo viso k\u016bno audinio pagrindas, kurio kiekis nei\u0161vengiamai ma\u017e\u0117ja su am\u017eiumi. Mums reikia jo papildyti i\u0161 i\u0161or\u0117s! Dabar tai padaryti lengva ir patogu su TianDe vy\u0161ni\u0173 granat\u0173 kolageno \u017eele! Produkte n\u0117ra GMO (geneti\u0161kai modifikuot\u0173 organizm\u0173), da\u017eikli\u0173 ir cukraus. D\u0117l nat\u016bralaus granato ir vy\u0161ni\u0173 sul\u010di\u0173 kiekio \u017eel\u0117 turi malon\u0173 uog\u0173 skon\u012f!<\/p>\n<p>Jame yra nat\u016bralaus hidrolizuoto kolageno, kurio vir\u0161kinamumas yra auk\u0161tesnis &#8211; daugiau nei 80%. Kolagenas yra:<\/p>\n<ul>\n<li>aktyvumas ir lankstumas &#8211; palaiko s\u0105narius, rai\u0161\u010dius ir raumenis;<\/li>\n<li>gro\u017eis ir jaunyst\u0117 &#8211; r\u016bpinasi odos, plauk\u0173 ir nag\u0173 b\u016bkle;<\/li>\n<li>puiki sveikata &#8211; turi teigiam\u0105 poveik\u012f \u0161irdies ir kraujagysli\u0173 sistemos b\u016bklei.<\/li>\n<\/ul>\n<p>Nat\u016bralus vitaminas C, esantis granat\u0173 ir vy\u0161ni\u0173 sultyse, padeda kuo efektyviau \u012fsisavinti kolagen\u0105.<\/p>\n<p><strong>Vartojimas:<\/strong> 1 pakelis per dien\u0105.<\/p>\n<p>Veiklieji komponentai:<\/p>\n<p><span class=\"VIiyi\" lang=\"lt\"><span class=\"JLqJ4b\" data-language-for-alternatives=\"lt\" data-language-to-translate-into=\"en\" data-phrase-index=\"0\">Pektinas padeda organizmui atsikratyti kenksming\u0173 med\u017eiag\u0173 ir suma\u017einti cholesterolio kiek\u012f organizme. Tai puikiai stabilizuoja med\u017eiag\u0173 apykait\u0105 ir gerina \u017earnyno peristaltik\u0105.<\/span><\/span><\/p>\n<p><span class=\"VIiyi\" lang=\"lt\"><span class=\"JLqJ4b\" data-language-for-alternatives=\"lt\" data-language-to-translate-into=\"en\" data-phrase-index=\"0\">Vy\u0161nia &#8211; tai nat\u016bralus antioksidantas, teigiamai veikiantis kraujagysli\u0173 sistem\u0105 ir padedantis stiprinti \u0161ird\u012f. Vy\u0161niose ir j\u0173 sultyse yra daug vitamino C.<\/span><\/span><\/p>\n<p><span class=\"VIiyi\" lang=\"lt\"><span class=\"JLqJ4b\" data-language-for-alternatives=\"lt\" data-language-to-translate-into=\"en\" data-phrase-index=\"0\">Granat\u0173 aliejus sukuria odai b\u016btin\u0105 apsaugin\u012f barjer\u0105. Jis \u201eapsaugo\u201c od\u0105 nuo saul\u0117s ir neigiam\u0173 aplinkos veiksni\u0173 (v\u0117jo ir \u0161al\u010dio), dr\u0117kina, maitina ir regeneruoja od\u0105. \u0160is aliejus puikiai veikia kaip raminantis ir regeneruojantis produktas po saul\u0117s voni\u0173. Tai palengvina dirginim\u0105 ir mink\u0161tina od\u0105.<\/span><\/span><\/p>\n<p><span class=\"VIiyi\" lang=\"lt\"><span class=\"JLqJ4b\" data-language-for-alternatives=\"lt\" data-language-to-translate-into=\"en\" data-phrase-index=\"0\">Hidrolizuotas kolagenas suskaidomas \u012f ma\u017eus segmentus, kuri\u0173 didelis absorbavimas vir\u0161ija 80%. Kolagenas yra \u017emogaus k\u016bno statybin\u0117 med\u017eiaga. Tai apr\u016bpina k\u016bn\u0105 energija ir u\u017etikrina s\u0105nari\u0173 lankstum\u0105, odos elastingum\u0105 ir gra\u017eius plaukus.<\/span><\/span><\/p>\n","protected":false},"excerpt":{"rendered":"<p>Earn 32 points worth \u00a31.60 when buying this product J\u016bs\u0173 jaunyst\u0117s architektas! Siekdami jaunyst\u0117s, daugelis, ypa\u010d moterys, yra pasirengusios beveik viskam &#8211; brangiai kainuojan\u010dioms kosmetin\u0117ms proced\u016broms, plastikos chirurgo skalpeliui&#8230; Ta\u010diau visi \u0161ie metodai yra skirti tik i\u0161oriniam problemos pa\u0161alinimui &#8211; k\u016bno viduje lieka tas pats. Ar \u012fmanoma \u201eatjaun\u0117ti\u201c ne tik i\u0161 i\u0161or\u0117s, bet ir i\u0161 [&#8230;]\n","protected":false},"featured_media":15543,"comment_status":"open","ping_status":"closed","template":"","meta":[],"product_cat":[719,725,718],"product_tag":[],"class_list":{"0":"post-15635","1":"product","2":"type-product","3":"status-publish","4":"has-post-thumbnail","6":"product_cat-active-life-lt","7":"product_cat-maisto-papildaivitaminai","8":"product_cat-sveikata-lt","10":"first","11":"outofstock","12":"shipping-taxable","13":"purchasable","14":"product-type-simple"},"yoast_head":"<!-- This site is optimized with the Yoast SEO plugin v23.6 - https:\/\/yoast.com\/wordpress\/plugins\/seo\/ -->\n<title>Vy\u0161ni\u0173 granat\u0173 \u017eel\u0117 su kolagenu 21 vnt.x12 g. - TianDe Online Shop - Beauty &amp; Health<\/title>\n<meta name=\"robots\" content=\"index, follow, max-snippet:-1, max-image-preview:large, max-video-preview:-1\" \/>\n<link rel=\"canonical\" href=\"https:\/\/tiandeproducts.co.uk\/lt\/vysniu-granatu-zele-su-kolagenu-21-vnt-x12-g\/\" \/>\n<meta property=\"og:locale\" content=\"lt_LT\" \/>\n<meta property=\"og:type\" content=\"article\" \/>\n<meta property=\"og:title\" content=\"Vy\u0161ni\u0173 granat\u0173 \u017eel\u0117 su kolagenu 21 vnt.x12 g. - TianDe Online Shop - Beauty &amp; Health\" \/>\n<meta property=\"og:description\" content=\"Earn 32 points worth \u00a31.60 when buying this product J\u016bs\u0173 jaunyst\u0117s architektas! Siekdami jaunyst\u0117s, daugelis, ypa\u010d moterys, yra pasirengusios beveik viskam &#8211; brangiai kainuojan\u010dioms kosmetin\u0117ms proced\u016broms, plastikos chirurgo skalpeliui&#8230; Ta\u010diau visi \u0161ie metodai yra skirti tik i\u0161oriniam problemos pa\u0161alinimui &#8211; k\u016bno viduje lieka tas pats. Ar \u012fmanoma \u201eatjaun\u0117ti\u201c ne tik i\u0161 i\u0161or\u0117s, bet ir i\u0161 [...]\" \/>\n<meta property=\"og:url\" content=\"https:\/\/tiandeproducts.co.uk\/lt\/vysniu-granatu-zele-su-kolagenu-21-vnt-x12-g\/\" \/>\n<meta property=\"og:site_name\" content=\"TianDe Online Shop - Beauty &amp; Health\" \/>\n<meta property=\"article:publisher\" content=\"https:\/\/www.facebook.com\/tiande.products.england\/\" \/>\n<meta property=\"og:image\" content=\"https:\/\/tiandeproducts.co.uk\/wp-content\/uploads\/195429_box.png\" \/>\n\t<meta property=\"og:image:width\" content=\"700\" \/>\n\t<meta property=\"og:image:height\" content=\"700\" \/>\n\t<meta property=\"og:image:type\" content=\"image\/png\" \/>\n<meta name=\"twitter:card\" content=\"summary_large_image\" \/>\n<meta name=\"twitter:label1\" content=\"Est. reading time\" \/>\n\t<meta name=\"twitter:data1\" content=\"2 minut\u0117s\" \/>\n<script type=\"application\/ld+json\" class=\"yoast-schema-graph\">{\"@context\":\"https:\/\/schema.org\",\"@graph\":[{\"@type\":\"WebPage\",\"@id\":\"https:\/\/tiandeproducts.co.uk\/lt\/vysniu-granatu-zele-su-kolagenu-21-vnt-x12-g\/\",\"url\":\"https:\/\/tiandeproducts.co.uk\/lt\/vysniu-granatu-zele-su-kolagenu-21-vnt-x12-g\/\",\"name\":\"Vy\u0161ni\u0173 granat\u0173 \u017eel\u0117 su kolagenu 21 vnt.x12 g. - TianDe Online Shop - Beauty &amp; Health\",\"isPartOf\":{\"@id\":\"https:\/\/tiandeproducts.co.uk\/#website\"},\"primaryImageOfPage\":{\"@id\":\"https:\/\/tiandeproducts.co.uk\/lt\/vysniu-granatu-zele-su-kolagenu-21-vnt-x12-g\/#primaryimage\"},\"image\":{\"@id\":\"https:\/\/tiandeproducts.co.uk\/lt\/vysniu-granatu-zele-su-kolagenu-21-vnt-x12-g\/#primaryimage\"},\"thumbnailUrl\":\"https:\/\/tiandeproducts.co.uk\/wp-content\/uploads\/195429_box.png\",\"datePublished\":\"2021-01-16T11:17:07+00:00\",\"dateModified\":\"2021-01-16T11:17:07+00:00\",\"breadcrumb\":{\"@id\":\"https:\/\/tiandeproducts.co.uk\/lt\/vysniu-granatu-zele-su-kolagenu-21-vnt-x12-g\/#breadcrumb\"},\"inLanguage\":\"lt-LT\",\"potentialAction\":[{\"@type\":\"ReadAction\",\"target\":[\"https:\/\/tiandeproducts.co.uk\/lt\/vysniu-granatu-zele-su-kolagenu-21-vnt-x12-g\/\"]}]},{\"@type\":\"ImageObject\",\"inLanguage\":\"lt-LT\",\"@id\":\"https:\/\/tiandeproducts.co.uk\/lt\/vysniu-granatu-zele-su-kolagenu-21-vnt-x12-g\/#primaryimage\",\"url\":\"https:\/\/tiandeproducts.co.uk\/wp-content\/uploads\/195429_box.png\",\"contentUrl\":\"https:\/\/tiandeproducts.co.uk\/wp-content\/uploads\/195429_box.png\",\"width\":700,\"height\":700},{\"@type\":\"BreadcrumbList\",\"@id\":\"https:\/\/tiandeproducts.co.uk\/lt\/vysniu-granatu-zele-su-kolagenu-21-vnt-x12-g\/#breadcrumb\",\"itemListElement\":[{\"@type\":\"ListItem\",\"position\":1,\"name\":\"Home\",\"item\":\"https:\/\/tiandeproducts.co.uk\/lt\/\"},{\"@type\":\"ListItem\",\"position\":2,\"name\":\"Shop\",\"item\":\"https:\/\/tiandeproducts.co.uk\/lt\/shop-2\/\"},{\"@type\":\"ListItem\",\"position\":3,\"name\":\"Vy\u0161ni\u0173 granat\u0173 \u017eel\u0117 su kolagenu 21 vnt.x12 g.\"}]},{\"@type\":\"WebSite\",\"@id\":\"https:\/\/tiandeproducts.co.uk\/#website\",\"url\":\"https:\/\/tiandeproducts.co.uk\/\",\"name\":\"TianDe Online Shop - Beauty & Health\",\"description\":\"Traditional Chinese Medicine\",\"potentialAction\":[{\"@type\":\"SearchAction\",\"target\":{\"@type\":\"EntryPoint\",\"urlTemplate\":\"https:\/\/tiandeproducts.co.uk\/?s={search_term_string}\"},\"query-input\":{\"@type\":\"PropertyValueSpecification\",\"valueRequired\":true,\"valueName\":\"search_term_string\"}}],\"inLanguage\":\"lt-LT\"}]}<\/script>\n<!-- \/ Yoast SEO plugin. -->","yoast_head_json":{"title":"Vy\u0161ni\u0173 granat\u0173 \u017eel\u0117 su kolagenu 21 vnt.x12 g. - TianDe Online Shop - Beauty &amp; Health","robots":{"index":"index","follow":"follow","max-snippet":"max-snippet:-1","max-image-preview":"max-image-preview:large","max-video-preview":"max-video-preview:-1"},"canonical":"https:\/\/tiandeproducts.co.uk\/lt\/vysniu-granatu-zele-su-kolagenu-21-vnt-x12-g\/","og_locale":"lt_LT","og_type":"article","og_title":"Vy\u0161ni\u0173 granat\u0173 \u017eel\u0117 su kolagenu 21 vnt.x12 g. - TianDe Online Shop - Beauty &amp; Health","og_description":"Earn 32 points worth \u00a31.60 when buying this product J\u016bs\u0173 jaunyst\u0117s architektas! Siekdami jaunyst\u0117s, daugelis, ypa\u010d moterys, yra pasirengusios beveik viskam &#8211; brangiai kainuojan\u010dioms kosmetin\u0117ms proced\u016broms, plastikos chirurgo skalpeliui&#8230; Ta\u010diau visi \u0161ie metodai yra skirti tik i\u0161oriniam problemos pa\u0161alinimui &#8211; k\u016bno viduje lieka tas pats. Ar \u012fmanoma \u201eatjaun\u0117ti\u201c ne tik i\u0161 i\u0161or\u0117s, bet ir i\u0161 [...]","og_url":"https:\/\/tiandeproducts.co.uk\/lt\/vysniu-granatu-zele-su-kolagenu-21-vnt-x12-g\/","og_site_name":"TianDe Online Shop - Beauty &amp; Health","article_publisher":"https:\/\/www.facebook.com\/tiande.products.england\/","og_image":[{"width":700,"height":700,"url":"https:\/\/tiandeproducts.co.uk\/wp-content\/uploads\/195429_box.png","type":"image\/png"}],"twitter_card":"summary_large_image","twitter_misc":{"Est. reading time":"2 minut\u0117s"},"schema":{"@context":"https:\/\/schema.org","@graph":[{"@type":"WebPage","@id":"https:\/\/tiandeproducts.co.uk\/lt\/vysniu-granatu-zele-su-kolagenu-21-vnt-x12-g\/","url":"https:\/\/tiandeproducts.co.uk\/lt\/vysniu-granatu-zele-su-kolagenu-21-vnt-x12-g\/","name":"Vy\u0161ni\u0173 granat\u0173 \u017eel\u0117 su kolagenu 21 vnt.x12 g. - TianDe Online Shop - Beauty &amp; Health","isPartOf":{"@id":"https:\/\/tiandeproducts.co.uk\/#website"},"primaryImageOfPage":{"@id":"https:\/\/tiandeproducts.co.uk\/lt\/vysniu-granatu-zele-su-kolagenu-21-vnt-x12-g\/#primaryimage"},"image":{"@id":"https:\/\/tiandeproducts.co.uk\/lt\/vysniu-granatu-zele-su-kolagenu-21-vnt-x12-g\/#primaryimage"},"thumbnailUrl":"https:\/\/tiandeproducts.co.uk\/wp-content\/uploads\/195429_box.png","datePublished":"2021-01-16T11:17:07+00:00","dateModified":"2021-01-16T11:17:07+00:00","breadcrumb":{"@id":"https:\/\/tiandeproducts.co.uk\/lt\/vysniu-granatu-zele-su-kolagenu-21-vnt-x12-g\/#breadcrumb"},"inLanguage":"lt-LT","potentialAction":[{"@type":"ReadAction","target":["https:\/\/tiandeproducts.co.uk\/lt\/vysniu-granatu-zele-su-kolagenu-21-vnt-x12-g\/"]}]},{"@type":"ImageObject","inLanguage":"lt-LT","@id":"https:\/\/tiandeproducts.co.uk\/lt\/vysniu-granatu-zele-su-kolagenu-21-vnt-x12-g\/#primaryimage","url":"https:\/\/tiandeproducts.co.uk\/wp-content\/uploads\/195429_box.png","contentUrl":"https:\/\/tiandeproducts.co.uk\/wp-content\/uploads\/195429_box.png","width":700,"height":700},{"@type":"BreadcrumbList","@id":"https:\/\/tiandeproducts.co.uk\/lt\/vysniu-granatu-zele-su-kolagenu-21-vnt-x12-g\/#breadcrumb","itemListElement":[{"@type":"ListItem","position":1,"name":"Home","item":"https:\/\/tiandeproducts.co.uk\/lt\/"},{"@type":"ListItem","position":2,"name":"Shop","item":"https:\/\/tiandeproducts.co.uk\/lt\/shop-2\/"},{"@type":"ListItem","position":3,"name":"Vy\u0161ni\u0173 granat\u0173 \u017eel\u0117 su kolagenu 21 vnt.x12 g."}]},{"@type":"WebSite","@id":"https:\/\/tiandeproducts.co.uk\/#website","url":"https:\/\/tiandeproducts.co.uk\/","name":"TianDe Online Shop - Beauty & Health","description":"Traditional Chinese Medicine","potentialAction":[{"@type":"SearchAction","target":{"@type":"EntryPoint","urlTemplate":"https:\/\/tiandeproducts.co.uk\/?s={search_term_string}"},"query-input":{"@type":"PropertyValueSpecification","valueRequired":true,"valueName":"search_term_string"}}],"inLanguage":"lt-LT"}]}},"_links":{"self":[{"href":"https:\/\/tiandeproducts.co.uk\/lt\/wp-json\/wp\/v2\/product\/15635","targetHints":{"allow":["GET"]}}],"collection":[{"href":"https:\/\/tiandeproducts.co.uk\/lt\/wp-json\/wp\/v2\/product"}],"about":[{"href":"https:\/\/tiandeproducts.co.uk\/lt\/wp-json\/wp\/v2\/types\/product"}],"replies":[{"embeddable":true,"href":"https:\/\/tiandeproducts.co.uk\/lt\/wp-json\/wp\/v2\/comments?post=15635"}],"wp:featuredmedia":[{"embeddable":true,"href":"https:\/\/tiandeproducts.co.uk\/lt\/wp-json\/wp\/v2\/media\/15543"}],"wp:attachment":[{"href":"https:\/\/tiandeproducts.co.uk\/lt\/wp-json\/wp\/v2\/media?parent=15635"}],"wp:term":[{"taxonomy":"product_cat","embeddable":true,"href":"https:\/\/tiandeproducts.co.uk\/lt\/wp-json\/wp\/v2\/product_cat?post=15635"},{"taxonomy":"product_tag","embeddable":true,"href":"https:\/\/tiandeproducts.co.uk\/lt\/wp-json\/wp\/v2\/product_tag?post=15635"}],"curies":[{"name":"wp","href":"https:\/\/api.w.org\/{rel}","templated":true}]}}