{"id":15632,"date":"2021-01-16T11:27:45","date_gmt":"2021-01-16T11:27:45","guid":{"rendered":"https:\/\/www.tiandeproducts.co.uk\/kelio-itvaras-su-taskiniu-turmalinu-2-vnt\/"},"modified":"2021-01-23T16:07:47","modified_gmt":"2021-01-23T16:07:47","slug":"kelio-itvaras-su-taskiniu-turmalinu-2-vnt","status":"publish","type":"product","link":"https:\/\/tiandeproducts.co.uk\/lt\/kelio-itvaras-su-taskiniu-turmalinu-2-vnt\/","title":{"rendered":"Kelio \u012ftvaras su ta\u0161kiniu turmalinu 2 vnt."},"content":{"rendered":"<div class=\"desc_points\"><img decoding=\"async\" style=\"max-width: 16px; margin-right: 5px;\" src=\"https:\/\/tiandeproducts.co.uk\/wp-content\/uploads\/points-green.svg\" \/> Earn 67 points worth \u00a33.35 when buying this product<\/div>\n<div class=\"description\">\n<p><strong>Laisv\u0117 ir komfortas kiekviename judesyje!<\/strong><\/p>\n<p>Turmalinas padeda suma\u017einti raumen\u0173 \u012ftamp\u0105, tuo pa\u010diu u\u017etikrina komfort\u0105 vaik\u0161\u010diojant. Rekomenduojama \u017emon\u0117ms, kuri\u0173 veikla susijusi su ilgalaikiu kr\u016bviu ant kelio s\u0105nario.<\/p>\n<p>Naudojimas: &#8222;ant kelio u\u017ed\u0117kite dr\u0117gn\u0105 servet\u0117l\u0119, ant vir\u0161aus pritvirtinkite kelio \u012ftvar\u0105. Nuo 1-osios iki 7-osios dienos naudokite keli\u0173 \u012ftvarus 10 minu\u010di\u0173 2 kartus per dien\u0105. Jei n\u0117ra produkto netoleravimo, kitomis dienomis kiekvieno u\u017esi\u0117mimo laik\u0105 galima padidinti po 1 minut\u0119, prailginkite iki 20 minu\u010di\u0173 2 kartus per dien\u0105 ir palaikykite \u0161\u012f re\u017eim\u0105 3 m\u0117nesius. Po vieno m\u0117nesio pertraukos kurs\u0105 galima pakartoti, laikantis to paties re\u017eimo. D\u0117mesio! Vietose, kuriose buvo naudojami kelio \u012ftvarai, gali atsirasti odos paraudimas ir deginimo poj\u016btis. Tai yra normali reakcija, kuri i\u0161nyks per 3-4 valandas nu\u0117mus kelio \u012ftvarus\u201c.<\/p>\n<\/div>\n","protected":false},"excerpt":{"rendered":"<p>Earn 67 points worth \u00a33.35 when buying this product Laisv\u0117 ir komfortas kiekviename judesyje! Turmalinas padeda suma\u017einti raumen\u0173 \u012ftamp\u0105, tuo pa\u010diu u\u017etikrina komfort\u0105 vaik\u0161\u010diojant. Rekomenduojama \u017emon\u0117ms, kuri\u0173 veikla susijusi su ilgalaikiu kr\u016bviu ant kelio s\u0105nario. Naudojimas: &#8222;ant kelio u\u017ed\u0117kite dr\u0117gn\u0105 servet\u0117l\u0119, ant vir\u0161aus pritvirtinkite kelio \u012ftvar\u0105. Nuo 1-osios iki 7-osios dienos naudokite keli\u0173 \u012ftvarus 10 [&#8230;]\n","protected":false},"featured_media":15548,"comment_status":"open","ping_status":"closed","template":"","meta":[],"product_cat":[731,718],"product_tag":[],"class_list":{"0":"post-15632","1":"product","2":"type-product","3":"status-publish","4":"has-post-thumbnail","6":"product_cat-produktai-su-turmalinu","7":"product_cat-sveikata-lt","9":"first","10":"instock","11":"shipping-taxable","12":"purchasable","13":"product-type-simple"},"yoast_head":"<!-- This site is optimized with the Yoast SEO plugin v23.6 - https:\/\/yoast.com\/wordpress\/plugins\/seo\/ -->\n<title>Kelio \u012ftvaras su ta\u0161kiniu turmalinu 2 vnt. - TianDe Online Shop - Beauty &amp; Health<\/title>\n<meta name=\"robots\" content=\"index, follow, max-snippet:-1, max-image-preview:large, max-video-preview:-1\" \/>\n<link rel=\"canonical\" href=\"https:\/\/tiandeproducts.co.uk\/lt\/kelio-itvaras-su-taskiniu-turmalinu-2-vnt\/\" \/>\n<meta property=\"og:locale\" content=\"lt_LT\" \/>\n<meta property=\"og:type\" content=\"article\" \/>\n<meta property=\"og:title\" content=\"Kelio \u012ftvaras su ta\u0161kiniu turmalinu 2 vnt. - TianDe Online Shop - Beauty &amp; Health\" \/>\n<meta property=\"og:description\" content=\"Earn 67 points worth \u00a33.35 when buying this product Laisv\u0117 ir komfortas kiekviename judesyje! Turmalinas padeda suma\u017einti raumen\u0173 \u012ftamp\u0105, tuo pa\u010diu u\u017etikrina komfort\u0105 vaik\u0161\u010diojant. Rekomenduojama \u017emon\u0117ms, kuri\u0173 veikla susijusi su ilgalaikiu kr\u016bviu ant kelio s\u0105nario. Naudojimas: &#8222;ant kelio u\u017ed\u0117kite dr\u0117gn\u0105 servet\u0117l\u0119, ant vir\u0161aus pritvirtinkite kelio \u012ftvar\u0105. Nuo 1-osios iki 7-osios dienos naudokite keli\u0173 \u012ftvarus 10 [...]\" \/>\n<meta property=\"og:url\" content=\"https:\/\/tiandeproducts.co.uk\/lt\/kelio-itvaras-su-taskiniu-turmalinu-2-vnt\/\" \/>\n<meta property=\"og:site_name\" content=\"TianDe Online Shop - Beauty &amp; Health\" \/>\n<meta property=\"article:publisher\" content=\"https:\/\/www.facebook.com\/tiande.products.england\/\" \/>\n<meta property=\"article:modified_time\" content=\"2021-01-23T16:07:47+00:00\" \/>\n<meta property=\"og:image\" content=\"https:\/\/tiandeproducts.co.uk\/wp-content\/uploads\/30129.png\" \/>\n\t<meta property=\"og:image:width\" content=\"700\" \/>\n\t<meta property=\"og:image:height\" content=\"700\" \/>\n\t<meta property=\"og:image:type\" content=\"image\/png\" \/>\n<meta name=\"twitter:card\" content=\"summary_large_image\" \/>\n<meta name=\"twitter:label1\" content=\"Est. reading time\" \/>\n\t<meta name=\"twitter:data1\" content=\"1 minut\u0117\" \/>\n<script type=\"application\/ld+json\" class=\"yoast-schema-graph\">{\"@context\":\"https:\/\/schema.org\",\"@graph\":[{\"@type\":\"WebPage\",\"@id\":\"https:\/\/tiandeproducts.co.uk\/lt\/kelio-itvaras-su-taskiniu-turmalinu-2-vnt\/\",\"url\":\"https:\/\/tiandeproducts.co.uk\/lt\/kelio-itvaras-su-taskiniu-turmalinu-2-vnt\/\",\"name\":\"Kelio \u012ftvaras su ta\u0161kiniu turmalinu 2 vnt. - TianDe Online Shop - Beauty &amp; Health\",\"isPartOf\":{\"@id\":\"https:\/\/tiandeproducts.co.uk\/#website\"},\"primaryImageOfPage\":{\"@id\":\"https:\/\/tiandeproducts.co.uk\/lt\/kelio-itvaras-su-taskiniu-turmalinu-2-vnt\/#primaryimage\"},\"image\":{\"@id\":\"https:\/\/tiandeproducts.co.uk\/lt\/kelio-itvaras-su-taskiniu-turmalinu-2-vnt\/#primaryimage\"},\"thumbnailUrl\":\"https:\/\/tiandeproducts.co.uk\/wp-content\/uploads\/30129.png\",\"datePublished\":\"2021-01-16T11:27:45+00:00\",\"dateModified\":\"2021-01-23T16:07:47+00:00\",\"breadcrumb\":{\"@id\":\"https:\/\/tiandeproducts.co.uk\/lt\/kelio-itvaras-su-taskiniu-turmalinu-2-vnt\/#breadcrumb\"},\"inLanguage\":\"lt-LT\",\"potentialAction\":[{\"@type\":\"ReadAction\",\"target\":[\"https:\/\/tiandeproducts.co.uk\/lt\/kelio-itvaras-su-taskiniu-turmalinu-2-vnt\/\"]}]},{\"@type\":\"ImageObject\",\"inLanguage\":\"lt-LT\",\"@id\":\"https:\/\/tiandeproducts.co.uk\/lt\/kelio-itvaras-su-taskiniu-turmalinu-2-vnt\/#primaryimage\",\"url\":\"https:\/\/tiandeproducts.co.uk\/wp-content\/uploads\/30129.png\",\"contentUrl\":\"https:\/\/tiandeproducts.co.uk\/wp-content\/uploads\/30129.png\",\"width\":700,\"height\":700},{\"@type\":\"BreadcrumbList\",\"@id\":\"https:\/\/tiandeproducts.co.uk\/lt\/kelio-itvaras-su-taskiniu-turmalinu-2-vnt\/#breadcrumb\",\"itemListElement\":[{\"@type\":\"ListItem\",\"position\":1,\"name\":\"Home\",\"item\":\"https:\/\/tiandeproducts.co.uk\/lt\/\"},{\"@type\":\"ListItem\",\"position\":2,\"name\":\"Shop\",\"item\":\"https:\/\/tiandeproducts.co.uk\/lt\/shop-2\/\"},{\"@type\":\"ListItem\",\"position\":3,\"name\":\"Kelio \u012ftvaras su ta\u0161kiniu turmalinu 2 vnt.\"}]},{\"@type\":\"WebSite\",\"@id\":\"https:\/\/tiandeproducts.co.uk\/#website\",\"url\":\"https:\/\/tiandeproducts.co.uk\/\",\"name\":\"TianDe Online Shop - Beauty & Health\",\"description\":\"Traditional Chinese Medicine\",\"potentialAction\":[{\"@type\":\"SearchAction\",\"target\":{\"@type\":\"EntryPoint\",\"urlTemplate\":\"https:\/\/tiandeproducts.co.uk\/?s={search_term_string}\"},\"query-input\":{\"@type\":\"PropertyValueSpecification\",\"valueRequired\":true,\"valueName\":\"search_term_string\"}}],\"inLanguage\":\"lt-LT\"}]}<\/script>\n<!-- \/ Yoast SEO plugin. -->","yoast_head_json":{"title":"Kelio \u012ftvaras su ta\u0161kiniu turmalinu 2 vnt. - TianDe Online Shop - Beauty &amp; Health","robots":{"index":"index","follow":"follow","max-snippet":"max-snippet:-1","max-image-preview":"max-image-preview:large","max-video-preview":"max-video-preview:-1"},"canonical":"https:\/\/tiandeproducts.co.uk\/lt\/kelio-itvaras-su-taskiniu-turmalinu-2-vnt\/","og_locale":"lt_LT","og_type":"article","og_title":"Kelio \u012ftvaras su ta\u0161kiniu turmalinu 2 vnt. - TianDe Online Shop - Beauty &amp; Health","og_description":"Earn 67 points worth \u00a33.35 when buying this product Laisv\u0117 ir komfortas kiekviename judesyje! Turmalinas padeda suma\u017einti raumen\u0173 \u012ftamp\u0105, tuo pa\u010diu u\u017etikrina komfort\u0105 vaik\u0161\u010diojant. Rekomenduojama \u017emon\u0117ms, kuri\u0173 veikla susijusi su ilgalaikiu kr\u016bviu ant kelio s\u0105nario. Naudojimas: &#8222;ant kelio u\u017ed\u0117kite dr\u0117gn\u0105 servet\u0117l\u0119, ant vir\u0161aus pritvirtinkite kelio \u012ftvar\u0105. Nuo 1-osios iki 7-osios dienos naudokite keli\u0173 \u012ftvarus 10 [...]","og_url":"https:\/\/tiandeproducts.co.uk\/lt\/kelio-itvaras-su-taskiniu-turmalinu-2-vnt\/","og_site_name":"TianDe Online Shop - Beauty &amp; Health","article_publisher":"https:\/\/www.facebook.com\/tiande.products.england\/","article_modified_time":"2021-01-23T16:07:47+00:00","og_image":[{"width":700,"height":700,"url":"https:\/\/tiandeproducts.co.uk\/wp-content\/uploads\/30129.png","type":"image\/png"}],"twitter_card":"summary_large_image","twitter_misc":{"Est. reading time":"1 minut\u0117"},"schema":{"@context":"https:\/\/schema.org","@graph":[{"@type":"WebPage","@id":"https:\/\/tiandeproducts.co.uk\/lt\/kelio-itvaras-su-taskiniu-turmalinu-2-vnt\/","url":"https:\/\/tiandeproducts.co.uk\/lt\/kelio-itvaras-su-taskiniu-turmalinu-2-vnt\/","name":"Kelio \u012ftvaras su ta\u0161kiniu turmalinu 2 vnt. - TianDe Online Shop - Beauty &amp; Health","isPartOf":{"@id":"https:\/\/tiandeproducts.co.uk\/#website"},"primaryImageOfPage":{"@id":"https:\/\/tiandeproducts.co.uk\/lt\/kelio-itvaras-su-taskiniu-turmalinu-2-vnt\/#primaryimage"},"image":{"@id":"https:\/\/tiandeproducts.co.uk\/lt\/kelio-itvaras-su-taskiniu-turmalinu-2-vnt\/#primaryimage"},"thumbnailUrl":"https:\/\/tiandeproducts.co.uk\/wp-content\/uploads\/30129.png","datePublished":"2021-01-16T11:27:45+00:00","dateModified":"2021-01-23T16:07:47+00:00","breadcrumb":{"@id":"https:\/\/tiandeproducts.co.uk\/lt\/kelio-itvaras-su-taskiniu-turmalinu-2-vnt\/#breadcrumb"},"inLanguage":"lt-LT","potentialAction":[{"@type":"ReadAction","target":["https:\/\/tiandeproducts.co.uk\/lt\/kelio-itvaras-su-taskiniu-turmalinu-2-vnt\/"]}]},{"@type":"ImageObject","inLanguage":"lt-LT","@id":"https:\/\/tiandeproducts.co.uk\/lt\/kelio-itvaras-su-taskiniu-turmalinu-2-vnt\/#primaryimage","url":"https:\/\/tiandeproducts.co.uk\/wp-content\/uploads\/30129.png","contentUrl":"https:\/\/tiandeproducts.co.uk\/wp-content\/uploads\/30129.png","width":700,"height":700},{"@type":"BreadcrumbList","@id":"https:\/\/tiandeproducts.co.uk\/lt\/kelio-itvaras-su-taskiniu-turmalinu-2-vnt\/#breadcrumb","itemListElement":[{"@type":"ListItem","position":1,"name":"Home","item":"https:\/\/tiandeproducts.co.uk\/lt\/"},{"@type":"ListItem","position":2,"name":"Shop","item":"https:\/\/tiandeproducts.co.uk\/lt\/shop-2\/"},{"@type":"ListItem","position":3,"name":"Kelio \u012ftvaras su ta\u0161kiniu turmalinu 2 vnt."}]},{"@type":"WebSite","@id":"https:\/\/tiandeproducts.co.uk\/#website","url":"https:\/\/tiandeproducts.co.uk\/","name":"TianDe Online Shop - Beauty & Health","description":"Traditional Chinese Medicine","potentialAction":[{"@type":"SearchAction","target":{"@type":"EntryPoint","urlTemplate":"https:\/\/tiandeproducts.co.uk\/?s={search_term_string}"},"query-input":{"@type":"PropertyValueSpecification","valueRequired":true,"valueName":"search_term_string"}}],"inLanguage":"lt-LT"}]}},"_links":{"self":[{"href":"https:\/\/tiandeproducts.co.uk\/lt\/wp-json\/wp\/v2\/product\/15632","targetHints":{"allow":["GET"]}}],"collection":[{"href":"https:\/\/tiandeproducts.co.uk\/lt\/wp-json\/wp\/v2\/product"}],"about":[{"href":"https:\/\/tiandeproducts.co.uk\/lt\/wp-json\/wp\/v2\/types\/product"}],"replies":[{"embeddable":true,"href":"https:\/\/tiandeproducts.co.uk\/lt\/wp-json\/wp\/v2\/comments?post=15632"}],"wp:featuredmedia":[{"embeddable":true,"href":"https:\/\/tiandeproducts.co.uk\/lt\/wp-json\/wp\/v2\/media\/15548"}],"wp:attachment":[{"href":"https:\/\/tiandeproducts.co.uk\/lt\/wp-json\/wp\/v2\/media?parent=15632"}],"wp:term":[{"taxonomy":"product_cat","embeddable":true,"href":"https:\/\/tiandeproducts.co.uk\/lt\/wp-json\/wp\/v2\/product_cat?post=15632"},{"taxonomy":"product_tag","embeddable":true,"href":"https:\/\/tiandeproducts.co.uk\/lt\/wp-json\/wp\/v2\/product_tag?post=15632"}],"curies":[{"name":"wp","href":"https:\/\/api.w.org\/{rel}","templated":true}]}}