{"id":14763,"date":"2020-02-21T11:46:49","date_gmt":"2020-02-21T11:46:49","guid":{"rendered":"https:\/\/www.tiandeproducts.co.uk\/servetele-sveitiklis-valymui-2-in-1-1-vnt\/"},"modified":"2021-02-05T18:16:34","modified_gmt":"2021-02-05T18:16:34","slug":"servetele-sveitiklis-valymui-2-in-1-1-vnt","status":"publish","type":"product","link":"https:\/\/tiandeproducts.co.uk\/lt\/servetele-sveitiklis-valymui-2-in-1-1-vnt\/","title":{"rendered":"Servet\u0117l\u0117 \u0161veitiklis valymui &#8222;2 in 1&#8221;, 1 vnt."},"content":{"rendered":"<p><img decoding=\"async\" style=\"max-width: 16px; margin-right: 5px;\" src=\"https:\/\/tiandeproducts.co.uk\/wp-content\/uploads\/points-green.svg\" \/>\u00a0Earn 9 points worth \u00a30.45 when buying this product<\/p>\n<p><strong>\u0160vara ir blizgesys be pastang\u0173!<\/strong><\/p>\n<p>Ar norite atkurti tvark\u0105 namuose neilgai u\u017etrunkant ir minimaliomis fizin\u0117mis pastangomis?<\/p>\n<p>Universali dvipus\u0117 \u0161veitimo servet\u0117l\u0117 pad\u0117s greitai ir efektyviai atlikti nam\u0173 ruo\u0161os darbus:<\/p>\n<ul>\n<li>mikropluo\u0161to mink\u0161ta pus\u0117 &#8211; bet kokiam pavir\u0161iui valyti nuo ne\u0161varum\u0173, dulki\u0173 ir riebal\u0173;<\/li>\n<li>\u0161veitiklis kietesniais, bet elastingais \u0161onais &#8211; ypa\u010d patvariems ter\u0161alams pa\u0161alinti.<\/li>\n<\/ul>\n<p>Servet\u0117l\u0117 pad\u0117s valyti tiek virtuv\u0117je, tiek gyvenamajame ar vonios kambaryje. Specialios audimo servet\u0117l\u0117s:<\/p>\n<ul>\n<li>leid\u017eia sulaikyti ne\u0161varumus, sugeria dr\u0117gm\u0119;<\/li>\n<li>nepalieka d\u0117mi\u0173;<\/li>\n<li>u\u017etikrina servet\u0117l\u0117s \u200b\u200bilg\u0105 tarnavimo laik\u0105.<\/li>\n<\/ul>\n<p>Servet\u0117l\u0117 yra veiksminga net nenaudojant speciali\u0173 \u012franki\u0173, jei reikia, galite naudoti skalbikl\u012f.<\/p>\n<p><strong>Naudojimas:<\/strong> nor\u0117dami nuvalyti bet kok\u012f pavir\u0161i\u0173 nuo ne\u0161varum\u0173, dulki\u0173, riebal\u0173 ir kt., nuvalykite j\u012f mink\u0161ta \u0161luost\u0117s puse. Pa\u0161alinkite rimtesnius ne\u0161varumus \u0161veitikliu. Jei reikia, naudokite plovikl\u012f. Skalbkite atskirai nuo kit\u0173 audini\u0173. Nenaudokite lygintuvo ir ned\u017eiovinkite ant radiatoriaus.<\/p>\n<p>Matmenys: 32 cm. x 32 cm.<\/p>\n","protected":false},"excerpt":{"rendered":"<p>\u00a0Earn 9 points worth \u00a30.45 when buying this product \u0160vara ir blizgesys be pastang\u0173! Ar norite atkurti tvark\u0105 namuose neilgai u\u017etrunkant ir minimaliomis fizin\u0117mis pastangomis? Universali dvipus\u0117 \u0161veitimo servet\u0117l\u0117 pad\u0117s greitai ir efektyviai atlikti nam\u0173 ruo\u0161os darbus: mikropluo\u0161to mink\u0161ta pus\u0117 &#8211; bet kokiam pavir\u0161iui valyti nuo ne\u0161varum\u0173, dulki\u0173 ir riebal\u0173; \u0161veitiklis kietesniais, bet elastingais \u0161onais [&#8230;]\n","protected":false},"featured_media":12657,"comment_status":"open","ping_status":"closed","template":"","meta":[],"product_cat":[717,620,622],"product_tag":[],"class_list":{"0":"post-14763","1":"product","2":"type-product","3":"status-publish","4":"has-post-thumbnail","6":"product_cat-akcijos","7":"product_cat-namams","8":"product_cat-virtuvei","10":"first","11":"instock","12":"sale","13":"shipping-taxable","14":"purchasable","15":"product-type-simple"},"yoast_head":"<!-- This site is optimized with the Yoast SEO plugin v23.6 - https:\/\/yoast.com\/wordpress\/plugins\/seo\/ -->\n<title>Servet\u0117l\u0117 \u0161veitiklis valymui &quot;2 in 1&quot;, 1 vnt. - TianDe Online Shop - Beauty &amp; Health<\/title>\n<meta name=\"robots\" content=\"index, follow, max-snippet:-1, max-image-preview:large, max-video-preview:-1\" \/>\n<link rel=\"canonical\" href=\"https:\/\/tiandeproducts.co.uk\/lt\/servetele-sveitiklis-valymui-2-in-1-1-vnt\/\" \/>\n<meta property=\"og:locale\" content=\"lt_LT\" \/>\n<meta property=\"og:type\" content=\"article\" \/>\n<meta property=\"og:title\" content=\"Servet\u0117l\u0117 \u0161veitiklis valymui &quot;2 in 1&quot;, 1 vnt. - TianDe Online Shop - Beauty &amp; Health\" \/>\n<meta property=\"og:description\" content=\"\u00a0Earn 9 points worth \u00a30.45 when buying this product \u0160vara ir blizgesys be pastang\u0173! Ar norite atkurti tvark\u0105 namuose neilgai u\u017etrunkant ir minimaliomis fizin\u0117mis pastangomis? Universali dvipus\u0117 \u0161veitimo servet\u0117l\u0117 pad\u0117s greitai ir efektyviai atlikti nam\u0173 ruo\u0161os darbus: mikropluo\u0161to mink\u0161ta pus\u0117 &#8211; bet kokiam pavir\u0161iui valyti nuo ne\u0161varum\u0173, dulki\u0173 ir riebal\u0173; \u0161veitiklis kietesniais, bet elastingais \u0161onais [...]\" \/>\n<meta property=\"og:url\" content=\"https:\/\/tiandeproducts.co.uk\/lt\/servetele-sveitiklis-valymui-2-in-1-1-vnt\/\" \/>\n<meta property=\"og:site_name\" content=\"TianDe Online Shop - Beauty &amp; Health\" \/>\n<meta property=\"article:publisher\" content=\"https:\/\/www.facebook.com\/tiande.products.england\/\" \/>\n<meta property=\"article:modified_time\" content=\"2021-02-05T18:16:34+00:00\" \/>\n<meta property=\"og:image\" content=\"https:\/\/tiandeproducts.co.uk\/wp-content\/uploads\/90188.1.png\" \/>\n\t<meta property=\"og:image:width\" content=\"700\" \/>\n\t<meta property=\"og:image:height\" content=\"700\" \/>\n\t<meta property=\"og:image:type\" content=\"image\/png\" \/>\n<meta name=\"twitter:card\" content=\"summary_large_image\" \/>\n<meta name=\"twitter:label1\" content=\"Est. reading time\" \/>\n\t<meta name=\"twitter:data1\" content=\"1 minut\u0117\" \/>\n<script type=\"application\/ld+json\" class=\"yoast-schema-graph\">{\"@context\":\"https:\/\/schema.org\",\"@graph\":[{\"@type\":\"WebPage\",\"@id\":\"https:\/\/tiandeproducts.co.uk\/lt\/servetele-sveitiklis-valymui-2-in-1-1-vnt\/\",\"url\":\"https:\/\/tiandeproducts.co.uk\/lt\/servetele-sveitiklis-valymui-2-in-1-1-vnt\/\",\"name\":\"Servet\u0117l\u0117 \u0161veitiklis valymui \\\"2 in 1\\\", 1 vnt. - TianDe Online Shop - Beauty &amp; Health\",\"isPartOf\":{\"@id\":\"https:\/\/tiandeproducts.co.uk\/#website\"},\"primaryImageOfPage\":{\"@id\":\"https:\/\/tiandeproducts.co.uk\/lt\/servetele-sveitiklis-valymui-2-in-1-1-vnt\/#primaryimage\"},\"image\":{\"@id\":\"https:\/\/tiandeproducts.co.uk\/lt\/servetele-sveitiklis-valymui-2-in-1-1-vnt\/#primaryimage\"},\"thumbnailUrl\":\"https:\/\/tiandeproducts.co.uk\/wp-content\/uploads\/90188.1.png\",\"datePublished\":\"2020-02-21T11:46:49+00:00\",\"dateModified\":\"2021-02-05T18:16:34+00:00\",\"breadcrumb\":{\"@id\":\"https:\/\/tiandeproducts.co.uk\/lt\/servetele-sveitiklis-valymui-2-in-1-1-vnt\/#breadcrumb\"},\"inLanguage\":\"lt-LT\",\"potentialAction\":[{\"@type\":\"ReadAction\",\"target\":[\"https:\/\/tiandeproducts.co.uk\/lt\/servetele-sveitiklis-valymui-2-in-1-1-vnt\/\"]}]},{\"@type\":\"ImageObject\",\"inLanguage\":\"lt-LT\",\"@id\":\"https:\/\/tiandeproducts.co.uk\/lt\/servetele-sveitiklis-valymui-2-in-1-1-vnt\/#primaryimage\",\"url\":\"https:\/\/tiandeproducts.co.uk\/wp-content\/uploads\/90188.1.png\",\"contentUrl\":\"https:\/\/tiandeproducts.co.uk\/wp-content\/uploads\/90188.1.png\",\"width\":700,\"height\":700},{\"@type\":\"BreadcrumbList\",\"@id\":\"https:\/\/tiandeproducts.co.uk\/lt\/servetele-sveitiklis-valymui-2-in-1-1-vnt\/#breadcrumb\",\"itemListElement\":[{\"@type\":\"ListItem\",\"position\":1,\"name\":\"Home\",\"item\":\"https:\/\/tiandeproducts.co.uk\/lt\/\"},{\"@type\":\"ListItem\",\"position\":2,\"name\":\"Shop\",\"item\":\"https:\/\/tiandeproducts.co.uk\/lt\/shop-2\/\"},{\"@type\":\"ListItem\",\"position\":3,\"name\":\"Servet\u0117l\u0117 \u0161veitiklis valymui &#8220;2 in 1&#8221;, 1 vnt.\"}]},{\"@type\":\"WebSite\",\"@id\":\"https:\/\/tiandeproducts.co.uk\/#website\",\"url\":\"https:\/\/tiandeproducts.co.uk\/\",\"name\":\"TianDe Online Shop - Beauty & Health\",\"description\":\"Traditional Chinese Medicine\",\"potentialAction\":[{\"@type\":\"SearchAction\",\"target\":{\"@type\":\"EntryPoint\",\"urlTemplate\":\"https:\/\/tiandeproducts.co.uk\/?s={search_term_string}\"},\"query-input\":{\"@type\":\"PropertyValueSpecification\",\"valueRequired\":true,\"valueName\":\"search_term_string\"}}],\"inLanguage\":\"lt-LT\"}]}<\/script>\n<!-- \/ Yoast SEO plugin. -->","yoast_head_json":{"title":"Servet\u0117l\u0117 \u0161veitiklis valymui \"2 in 1\", 1 vnt. - TianDe Online Shop - Beauty &amp; Health","robots":{"index":"index","follow":"follow","max-snippet":"max-snippet:-1","max-image-preview":"max-image-preview:large","max-video-preview":"max-video-preview:-1"},"canonical":"https:\/\/tiandeproducts.co.uk\/lt\/servetele-sveitiklis-valymui-2-in-1-1-vnt\/","og_locale":"lt_LT","og_type":"article","og_title":"Servet\u0117l\u0117 \u0161veitiklis valymui \"2 in 1\", 1 vnt. - TianDe Online Shop - Beauty &amp; Health","og_description":"\u00a0Earn 9 points worth \u00a30.45 when buying this product \u0160vara ir blizgesys be pastang\u0173! Ar norite atkurti tvark\u0105 namuose neilgai u\u017etrunkant ir minimaliomis fizin\u0117mis pastangomis? Universali dvipus\u0117 \u0161veitimo servet\u0117l\u0117 pad\u0117s greitai ir efektyviai atlikti nam\u0173 ruo\u0161os darbus: mikropluo\u0161to mink\u0161ta pus\u0117 &#8211; bet kokiam pavir\u0161iui valyti nuo ne\u0161varum\u0173, dulki\u0173 ir riebal\u0173; \u0161veitiklis kietesniais, bet elastingais \u0161onais [...]","og_url":"https:\/\/tiandeproducts.co.uk\/lt\/servetele-sveitiklis-valymui-2-in-1-1-vnt\/","og_site_name":"TianDe Online Shop - Beauty &amp; Health","article_publisher":"https:\/\/www.facebook.com\/tiande.products.england\/","article_modified_time":"2021-02-05T18:16:34+00:00","og_image":[{"width":700,"height":700,"url":"https:\/\/tiandeproducts.co.uk\/wp-content\/uploads\/90188.1.png","type":"image\/png"}],"twitter_card":"summary_large_image","twitter_misc":{"Est. reading time":"1 minut\u0117"},"schema":{"@context":"https:\/\/schema.org","@graph":[{"@type":"WebPage","@id":"https:\/\/tiandeproducts.co.uk\/lt\/servetele-sveitiklis-valymui-2-in-1-1-vnt\/","url":"https:\/\/tiandeproducts.co.uk\/lt\/servetele-sveitiklis-valymui-2-in-1-1-vnt\/","name":"Servet\u0117l\u0117 \u0161veitiklis valymui \"2 in 1\", 1 vnt. - TianDe Online Shop - Beauty &amp; Health","isPartOf":{"@id":"https:\/\/tiandeproducts.co.uk\/#website"},"primaryImageOfPage":{"@id":"https:\/\/tiandeproducts.co.uk\/lt\/servetele-sveitiklis-valymui-2-in-1-1-vnt\/#primaryimage"},"image":{"@id":"https:\/\/tiandeproducts.co.uk\/lt\/servetele-sveitiklis-valymui-2-in-1-1-vnt\/#primaryimage"},"thumbnailUrl":"https:\/\/tiandeproducts.co.uk\/wp-content\/uploads\/90188.1.png","datePublished":"2020-02-21T11:46:49+00:00","dateModified":"2021-02-05T18:16:34+00:00","breadcrumb":{"@id":"https:\/\/tiandeproducts.co.uk\/lt\/servetele-sveitiklis-valymui-2-in-1-1-vnt\/#breadcrumb"},"inLanguage":"lt-LT","potentialAction":[{"@type":"ReadAction","target":["https:\/\/tiandeproducts.co.uk\/lt\/servetele-sveitiklis-valymui-2-in-1-1-vnt\/"]}]},{"@type":"ImageObject","inLanguage":"lt-LT","@id":"https:\/\/tiandeproducts.co.uk\/lt\/servetele-sveitiklis-valymui-2-in-1-1-vnt\/#primaryimage","url":"https:\/\/tiandeproducts.co.uk\/wp-content\/uploads\/90188.1.png","contentUrl":"https:\/\/tiandeproducts.co.uk\/wp-content\/uploads\/90188.1.png","width":700,"height":700},{"@type":"BreadcrumbList","@id":"https:\/\/tiandeproducts.co.uk\/lt\/servetele-sveitiklis-valymui-2-in-1-1-vnt\/#breadcrumb","itemListElement":[{"@type":"ListItem","position":1,"name":"Home","item":"https:\/\/tiandeproducts.co.uk\/lt\/"},{"@type":"ListItem","position":2,"name":"Shop","item":"https:\/\/tiandeproducts.co.uk\/lt\/shop-2\/"},{"@type":"ListItem","position":3,"name":"Servet\u0117l\u0117 \u0161veitiklis valymui &#8220;2 in 1&#8221;, 1 vnt."}]},{"@type":"WebSite","@id":"https:\/\/tiandeproducts.co.uk\/#website","url":"https:\/\/tiandeproducts.co.uk\/","name":"TianDe Online Shop - Beauty & Health","description":"Traditional Chinese Medicine","potentialAction":[{"@type":"SearchAction","target":{"@type":"EntryPoint","urlTemplate":"https:\/\/tiandeproducts.co.uk\/?s={search_term_string}"},"query-input":{"@type":"PropertyValueSpecification","valueRequired":true,"valueName":"search_term_string"}}],"inLanguage":"lt-LT"}]}},"_links":{"self":[{"href":"https:\/\/tiandeproducts.co.uk\/lt\/wp-json\/wp\/v2\/product\/14763","targetHints":{"allow":["GET"]}}],"collection":[{"href":"https:\/\/tiandeproducts.co.uk\/lt\/wp-json\/wp\/v2\/product"}],"about":[{"href":"https:\/\/tiandeproducts.co.uk\/lt\/wp-json\/wp\/v2\/types\/product"}],"replies":[{"embeddable":true,"href":"https:\/\/tiandeproducts.co.uk\/lt\/wp-json\/wp\/v2\/comments?post=14763"}],"wp:featuredmedia":[{"embeddable":true,"href":"https:\/\/tiandeproducts.co.uk\/lt\/wp-json\/wp\/v2\/media\/12657"}],"wp:attachment":[{"href":"https:\/\/tiandeproducts.co.uk\/lt\/wp-json\/wp\/v2\/media?parent=14763"}],"wp:term":[{"taxonomy":"product_cat","embeddable":true,"href":"https:\/\/tiandeproducts.co.uk\/lt\/wp-json\/wp\/v2\/product_cat?post=14763"},{"taxonomy":"product_tag","embeddable":true,"href":"https:\/\/tiandeproducts.co.uk\/lt\/wp-json\/wp\/v2\/product_tag?post=14763"}],"curies":[{"name":"wp","href":"https:\/\/api.w.org\/{rel}","templated":true}]}}