{"id":14762,"date":"2020-02-21T12:02:55","date_gmt":"2020-02-21T12:02:55","guid":{"rendered":"https:\/\/www.tiandeproducts.co.uk\/atkuriamasis-fluidas-apsauga-veido-odai-110-ml\/"},"modified":"2021-02-05T18:15:44","modified_gmt":"2021-02-05T18:15:44","slug":"atkuriamasis-fluidas-apsauga-veido-odai-110-ml","status":"publish","type":"product","link":"https:\/\/tiandeproducts.co.uk\/lt\/atkuriamasis-fluidas-apsauga-veido-odai-110-ml\/","title":{"rendered":"Atkuriamasis fluidas &#8211; apsauga veido odai 110 ml."},"content":{"rendered":"<div class=\"_2cuy _3dgx\" data-block=\"true\" data-editor=\"2b64k\" data-offset-key=\"f3g6c-0-0\">\n<div data-offset-key=\"5pr9c-0-0\"><img decoding=\"async\" style=\"max-width: 16px; margin-right: 5px;\" src=\"https:\/\/tiandeproducts.co.uk\/wp-content\/uploads\/points-green.svg\" \/>\u00a0Earn 29 points worth \u00a31.45 when buying this product<\/div>\n<div data-offset-key=\"5pr9c-0-0\"><\/div>\n<div class=\"_1mf _1mj\" data-offset-key=\"5pr9c-0-0\"><strong>Joki\u0173 nuovargio ir streso po\u017eymi\u0173.<\/strong><\/div>\n<\/div>\n<div class=\"_2cuy _3dgx\" data-block=\"true\" data-editor=\"2b64k\" data-offset-key=\"3pcht-0-0\">\n<div class=\"_1mf _1mj\" data-offset-key=\"3pcht-0-0\"><span data-offset-key=\"3pcht-0-0\">Vita Derm\u201c veido apsauginis fluidas, pagr\u012fstas \u201eMyramaze \u2122\u201c patentuotu antioksidant\u0173 kompleksu, vitaminu C, dr\u0117kinan\u010diais ir regeneruojan\u010diais komponentais:<\/span><\/div>\n<\/div>\n<ul class=\"_1bv0\" data-offset-key=\"eq455-0-0\">\n<li class=\"_2cuy _509q _3kpz _3kq0 _3kq1 _3kq6\" data-block=\"true\" data-editor=\"2b64k\" data-offset-key=\"eq455-0-0\">\n<div class=\"_1mf _1mj\" data-offset-key=\"eq455-0-0\"><span data-offset-key=\"eq455-0-0\">apsaugo od\u0105 nuo HEV radiacijos (m\u0117lynoji \u0161viesa skleid\u017eiama ekran\u0173 ir lempu\u010di\u0173), u\u017ekertant keli\u0105 \u201eskaitmeniniam sen\u0117jimui\u201c;<\/span><\/div>\n<\/li>\n<li class=\"_2cuy _509q _3kpz _3kq1 _3kq6\" data-block=\"true\" data-editor=\"2b64k\" data-offset-key=\"4vbc2-0-0\">\n<div class=\"_1mf _1mj\" data-offset-key=\"4vbc2-0-0\"><span data-offset-key=\"4vbc2-0-0\">apsaugo odos lipidus nuo oksidacijos;<\/span><\/div>\n<\/li>\n<li class=\"_2cuy _509q _3kpz _3kq1 _3kq6\" data-block=\"true\" data-editor=\"2b64k\" data-offset-key=\"4a7dp-0-0\">\n<div class=\"_1mf _1mj\" data-offset-key=\"4a7dp-0-0\"><span data-offset-key=\"4a7dp-0-0\">stiprina apsaugin\u012f odos barjer\u0105;<\/span><\/div>\n<\/li>\n<li class=\"_2cuy _509q _3kpz _3kq1 _3kq6\" data-block=\"true\" data-editor=\"2b64k\" data-offset-key=\"6dko7-0-0\">\n<div class=\"_1mf _1mj\" data-offset-key=\"6dko7-0-0\"><span data-offset-key=\"6dko7-0-0\">lygina veido rauk\u0161les;<\/span><\/div>\n<\/li>\n<li class=\"_2cuy _509q _3kpz _3kq1 _3kq6\" data-block=\"true\" data-editor=\"2b64k\" data-offset-key=\"16fv3-0-0\">\n<div class=\"_1mf _1mj\" data-offset-key=\"16fv3-0-0\"><span data-offset-key=\"16fv3-0-0\">giliai dr\u0117kina, suteikdamas ilgalaik\u012f gaivum\u0105.<\/span><\/div>\n<\/li>\n<\/ul>\n<div class=\"_2cuy _3dgx\" data-block=\"true\" data-editor=\"2b64k\" data-offset-key=\"6l13p-0-0\">\n<div class=\"_1mf _1mj\" data-offset-key=\"6l13p-0-0\"><span data-offset-key=\"6l13p-0-0\">Fluidas idealiai tinka vis\u0173 tip\u0173 odai, \u012fskaitant ir riebi\u0105. Jis ne\u012ftik\u0117tinai lengvos tekst\u016bros ir akimirksniu \u012fsigeria nepalikdamas riebaus blizgesio. Jis gali b\u016bti rekomenduojamas kaip pagrindin\u0117 priemon\u0117 at\u0161ilus orams.<\/span><\/div>\n<\/div>\n<div class=\"_2cuy _3dgx\" data-block=\"true\" data-editor=\"2b64k\" data-offset-key=\"8kehb-0-0\">\n<div class=\"_1mf _1mj\" data-offset-key=\"9jo88-0-0\"><span data-offset-key=\"9jo88-0-0\">Apsauga nuo dr\u0117gm\u0117s praradimo reikalinga tiems, kurie naudojasi i\u0161maniaisiais telefonais ir dirba prie kompiuterio! Tad jis reikalingas visiems ir visada!<\/span><\/div>\n<div class=\"_1mf _1mj\" data-offset-key=\"9jo88-0-0\">\u201eMyrothamnus\u201c augalas yra \u201eVitaDerm\u201c m\u0117lynosios linijos atstatom\u0173j\u0173 med\u017eiag\u0173 pagrindas:<br \/>\n&#8211; turi unikal\u0173 sugeb\u0117jim\u0105 savaranki\u0161kai atsinaujinti;<br \/>\n&#8211; yra stiprus antioksidantas;<br \/>\n&#8211; apsaugo od\u0105 nuo agresyvaus aplinkos poveikio;<br \/>\n&#8211; Padeda palaikyti dr\u0117gm\u0119 odoje.<\/div>\n<div data-offset-key=\"9jo88-0-0\">\n<div class=\"_2cuy _3dgx\" data-block=\"true\" data-editor=\"2b64k\" data-offset-key=\"8kehb-0-0\">\n<div class=\"_1mf _1mj\" data-offset-key=\"9jo88-0-0\"><em>Aktyv\u016bs komponentai:<br \/>\nMirothamnus yra patentuoto \u201eMyramaze \u2122\u201c komplekso dalis:<br \/>\nBeta-gliukanas &#8211; stimuliuoja nat\u016bralaus odos atsinaujinimo procesus.<br \/>\nTrehaloz\u0117 &#8211; padeda palaikyti dr\u0117gm\u0119, i\u0161lygina rauk\u0161les.<br \/>\nPantenolis &#8211; pagreitina odos atsinaujinimo procesus, mink\u0161tina, lygina rauk\u0161les.<br \/>\nNatrio hialuronatas &#8211; giliai dr\u0117kina epiderm\u012f.<\/em><\/div>\n<div class=\"_1mf _1mj\" data-offset-key=\"9jo88-0-0\"><\/div>\n<div class=\"_1mf _1mj\" data-offset-key=\"9jo88-0-0\"><span data-offset-key=\"9jo88-0-0\"><strong>Naudojimas:<\/strong> pir\u0161t\u0173 galiukais paskleiskite fluid\u0105 ant veido. Naudokite j\u012f prie\u0161 tepdami krem\u0105 arba kaip savaranki\u0161k\u0105 prie\u017ei\u016bros produkt\u0105. Nereikia nuplauti. Nor\u0117dami gauti geriausi\u0105 efekt\u0105, naudokite ryte ir vakare.<\/span><\/div>\n<\/div>\n<div class=\"_2cuy _3dgx\" data-block=\"true\" data-editor=\"2b64k\" data-offset-key=\"2dt0s-0-0\">\n<div class=\"_1mf _1mj\" data-offset-key=\"9jo88-0-0\"><\/div>\n<\/div>\n<\/div>\n<\/div>\n","protected":false},"excerpt":{"rendered":"<p>\u00a0Earn 29 points worth \u00a31.45 when buying this product Joki\u0173 nuovargio ir streso po\u017eymi\u0173. Vita Derm\u201c veido apsauginis fluidas, pagr\u012fstas \u201eMyramaze \u2122\u201c patentuotu antioksidant\u0173 kompleksu, vitaminu C, dr\u0117kinan\u010diais ir regeneruojan\u010diais komponentais: apsaugo od\u0105 nuo HEV radiacijos (m\u0117lynoji \u0161viesa skleid\u017eiama ekran\u0173 ir lempu\u010di\u0173), u\u017ekertant keli\u0105 \u201eskaitmeniniam sen\u0117jimui\u201c; apsaugo odos lipidus nuo oksidacijos; stiprina apsaugin\u012f odos barjer\u0105; [&#8230;]\n","protected":false},"featured_media":12664,"comment_status":"open","ping_status":"closed","template":"","meta":[],"product_cat":[532,610,506,1321],"product_tag":[],"class_list":{"0":"post-14762","1":"product","2":"type-product","3":"status-publish","4":"has-post-thumbnail","6":"product_cat-jautriai-odai","7":"product_cat-tonikai-ir-losjonai","8":"product_cat-veidui","9":"product_cat-vita-derm-lt","11":"first","12":"instock","13":"shipping-taxable","14":"purchasable","15":"product-type-simple"},"yoast_head":"<!-- This site is optimized with the Yoast SEO plugin v23.6 - https:\/\/yoast.com\/wordpress\/plugins\/seo\/ -->\n<title>Atkuriamasis fluidas - apsauga veido odai 110 ml. - TianDe Online Shop - Beauty &amp; Health<\/title>\n<meta name=\"robots\" content=\"index, follow, max-snippet:-1, max-image-preview:large, max-video-preview:-1\" \/>\n<link rel=\"canonical\" href=\"https:\/\/tiandeproducts.co.uk\/lt\/atkuriamasis-fluidas-apsauga-veido-odai-110-ml\/\" \/>\n<meta property=\"og:locale\" content=\"lt_LT\" \/>\n<meta property=\"og:type\" content=\"article\" \/>\n<meta property=\"og:title\" content=\"Atkuriamasis fluidas - apsauga veido odai 110 ml. - TianDe Online Shop - Beauty &amp; Health\" \/>\n<meta property=\"og:description\" content=\"\u00a0Earn 29 points worth \u00a31.45 when buying this product Joki\u0173 nuovargio ir streso po\u017eymi\u0173. Vita Derm\u201c veido apsauginis fluidas, pagr\u012fstas \u201eMyramaze \u2122\u201c patentuotu antioksidant\u0173 kompleksu, vitaminu C, dr\u0117kinan\u010diais ir regeneruojan\u010diais komponentais: apsaugo od\u0105 nuo HEV radiacijos (m\u0117lynoji \u0161viesa skleid\u017eiama ekran\u0173 ir lempu\u010di\u0173), u\u017ekertant keli\u0105 \u201eskaitmeniniam sen\u0117jimui\u201c; apsaugo odos lipidus nuo oksidacijos; stiprina apsaugin\u012f odos barjer\u0105; [...]\" \/>\n<meta property=\"og:url\" content=\"https:\/\/tiandeproducts.co.uk\/lt\/atkuriamasis-fluidas-apsauga-veido-odai-110-ml\/\" \/>\n<meta property=\"og:site_name\" content=\"TianDe Online Shop - Beauty &amp; Health\" \/>\n<meta property=\"article:publisher\" content=\"https:\/\/www.facebook.com\/tiande.products.england\/\" \/>\n<meta property=\"article:modified_time\" content=\"2021-02-05T18:15:44+00:00\" \/>\n<meta property=\"og:image\" content=\"https:\/\/tiandeproducts.co.uk\/wp-content\/uploads\/16307.png\" \/>\n\t<meta property=\"og:image:width\" content=\"700\" \/>\n\t<meta property=\"og:image:height\" content=\"700\" \/>\n\t<meta property=\"og:image:type\" content=\"image\/png\" \/>\n<meta name=\"twitter:card\" content=\"summary_large_image\" \/>\n<meta name=\"twitter:label1\" content=\"Est. reading time\" \/>\n\t<meta name=\"twitter:data1\" content=\"1 minut\u0117\" \/>\n<script type=\"application\/ld+json\" class=\"yoast-schema-graph\">{\"@context\":\"https:\/\/schema.org\",\"@graph\":[{\"@type\":\"WebPage\",\"@id\":\"https:\/\/tiandeproducts.co.uk\/lt\/atkuriamasis-fluidas-apsauga-veido-odai-110-ml\/\",\"url\":\"https:\/\/tiandeproducts.co.uk\/lt\/atkuriamasis-fluidas-apsauga-veido-odai-110-ml\/\",\"name\":\"Atkuriamasis fluidas - apsauga veido odai 110 ml. - TianDe Online Shop - Beauty &amp; Health\",\"isPartOf\":{\"@id\":\"https:\/\/tiandeproducts.co.uk\/#website\"},\"primaryImageOfPage\":{\"@id\":\"https:\/\/tiandeproducts.co.uk\/lt\/atkuriamasis-fluidas-apsauga-veido-odai-110-ml\/#primaryimage\"},\"image\":{\"@id\":\"https:\/\/tiandeproducts.co.uk\/lt\/atkuriamasis-fluidas-apsauga-veido-odai-110-ml\/#primaryimage\"},\"thumbnailUrl\":\"https:\/\/tiandeproducts.co.uk\/wp-content\/uploads\/16307.png\",\"datePublished\":\"2020-02-21T12:02:55+00:00\",\"dateModified\":\"2021-02-05T18:15:44+00:00\",\"breadcrumb\":{\"@id\":\"https:\/\/tiandeproducts.co.uk\/lt\/atkuriamasis-fluidas-apsauga-veido-odai-110-ml\/#breadcrumb\"},\"inLanguage\":\"lt-LT\",\"potentialAction\":[{\"@type\":\"ReadAction\",\"target\":[\"https:\/\/tiandeproducts.co.uk\/lt\/atkuriamasis-fluidas-apsauga-veido-odai-110-ml\/\"]}]},{\"@type\":\"ImageObject\",\"inLanguage\":\"lt-LT\",\"@id\":\"https:\/\/tiandeproducts.co.uk\/lt\/atkuriamasis-fluidas-apsauga-veido-odai-110-ml\/#primaryimage\",\"url\":\"https:\/\/tiandeproducts.co.uk\/wp-content\/uploads\/16307.png\",\"contentUrl\":\"https:\/\/tiandeproducts.co.uk\/wp-content\/uploads\/16307.png\",\"width\":700,\"height\":700},{\"@type\":\"BreadcrumbList\",\"@id\":\"https:\/\/tiandeproducts.co.uk\/lt\/atkuriamasis-fluidas-apsauga-veido-odai-110-ml\/#breadcrumb\",\"itemListElement\":[{\"@type\":\"ListItem\",\"position\":1,\"name\":\"Home\",\"item\":\"https:\/\/tiandeproducts.co.uk\/lt\/\"},{\"@type\":\"ListItem\",\"position\":2,\"name\":\"Shop\",\"item\":\"https:\/\/tiandeproducts.co.uk\/lt\/shop-2\/\"},{\"@type\":\"ListItem\",\"position\":3,\"name\":\"Atkuriamasis fluidas &#8211; apsauga veido odai 110 ml.\"}]},{\"@type\":\"WebSite\",\"@id\":\"https:\/\/tiandeproducts.co.uk\/#website\",\"url\":\"https:\/\/tiandeproducts.co.uk\/\",\"name\":\"TianDe Online Shop - Beauty & Health\",\"description\":\"Traditional Chinese Medicine\",\"potentialAction\":[{\"@type\":\"SearchAction\",\"target\":{\"@type\":\"EntryPoint\",\"urlTemplate\":\"https:\/\/tiandeproducts.co.uk\/?s={search_term_string}\"},\"query-input\":{\"@type\":\"PropertyValueSpecification\",\"valueRequired\":true,\"valueName\":\"search_term_string\"}}],\"inLanguage\":\"lt-LT\"}]}<\/script>\n<!-- \/ Yoast SEO plugin. -->","yoast_head_json":{"title":"Atkuriamasis fluidas - apsauga veido odai 110 ml. - TianDe Online Shop - Beauty &amp; Health","robots":{"index":"index","follow":"follow","max-snippet":"max-snippet:-1","max-image-preview":"max-image-preview:large","max-video-preview":"max-video-preview:-1"},"canonical":"https:\/\/tiandeproducts.co.uk\/lt\/atkuriamasis-fluidas-apsauga-veido-odai-110-ml\/","og_locale":"lt_LT","og_type":"article","og_title":"Atkuriamasis fluidas - apsauga veido odai 110 ml. - TianDe Online Shop - Beauty &amp; Health","og_description":"\u00a0Earn 29 points worth \u00a31.45 when buying this product Joki\u0173 nuovargio ir streso po\u017eymi\u0173. Vita Derm\u201c veido apsauginis fluidas, pagr\u012fstas \u201eMyramaze \u2122\u201c patentuotu antioksidant\u0173 kompleksu, vitaminu C, dr\u0117kinan\u010diais ir regeneruojan\u010diais komponentais: apsaugo od\u0105 nuo HEV radiacijos (m\u0117lynoji \u0161viesa skleid\u017eiama ekran\u0173 ir lempu\u010di\u0173), u\u017ekertant keli\u0105 \u201eskaitmeniniam sen\u0117jimui\u201c; apsaugo odos lipidus nuo oksidacijos; stiprina apsaugin\u012f odos barjer\u0105; [...]","og_url":"https:\/\/tiandeproducts.co.uk\/lt\/atkuriamasis-fluidas-apsauga-veido-odai-110-ml\/","og_site_name":"TianDe Online Shop - Beauty &amp; Health","article_publisher":"https:\/\/www.facebook.com\/tiande.products.england\/","article_modified_time":"2021-02-05T18:15:44+00:00","og_image":[{"width":700,"height":700,"url":"https:\/\/tiandeproducts.co.uk\/wp-content\/uploads\/16307.png","type":"image\/png"}],"twitter_card":"summary_large_image","twitter_misc":{"Est. reading time":"1 minut\u0117"},"schema":{"@context":"https:\/\/schema.org","@graph":[{"@type":"WebPage","@id":"https:\/\/tiandeproducts.co.uk\/lt\/atkuriamasis-fluidas-apsauga-veido-odai-110-ml\/","url":"https:\/\/tiandeproducts.co.uk\/lt\/atkuriamasis-fluidas-apsauga-veido-odai-110-ml\/","name":"Atkuriamasis fluidas - apsauga veido odai 110 ml. - TianDe Online Shop - Beauty &amp; Health","isPartOf":{"@id":"https:\/\/tiandeproducts.co.uk\/#website"},"primaryImageOfPage":{"@id":"https:\/\/tiandeproducts.co.uk\/lt\/atkuriamasis-fluidas-apsauga-veido-odai-110-ml\/#primaryimage"},"image":{"@id":"https:\/\/tiandeproducts.co.uk\/lt\/atkuriamasis-fluidas-apsauga-veido-odai-110-ml\/#primaryimage"},"thumbnailUrl":"https:\/\/tiandeproducts.co.uk\/wp-content\/uploads\/16307.png","datePublished":"2020-02-21T12:02:55+00:00","dateModified":"2021-02-05T18:15:44+00:00","breadcrumb":{"@id":"https:\/\/tiandeproducts.co.uk\/lt\/atkuriamasis-fluidas-apsauga-veido-odai-110-ml\/#breadcrumb"},"inLanguage":"lt-LT","potentialAction":[{"@type":"ReadAction","target":["https:\/\/tiandeproducts.co.uk\/lt\/atkuriamasis-fluidas-apsauga-veido-odai-110-ml\/"]}]},{"@type":"ImageObject","inLanguage":"lt-LT","@id":"https:\/\/tiandeproducts.co.uk\/lt\/atkuriamasis-fluidas-apsauga-veido-odai-110-ml\/#primaryimage","url":"https:\/\/tiandeproducts.co.uk\/wp-content\/uploads\/16307.png","contentUrl":"https:\/\/tiandeproducts.co.uk\/wp-content\/uploads\/16307.png","width":700,"height":700},{"@type":"BreadcrumbList","@id":"https:\/\/tiandeproducts.co.uk\/lt\/atkuriamasis-fluidas-apsauga-veido-odai-110-ml\/#breadcrumb","itemListElement":[{"@type":"ListItem","position":1,"name":"Home","item":"https:\/\/tiandeproducts.co.uk\/lt\/"},{"@type":"ListItem","position":2,"name":"Shop","item":"https:\/\/tiandeproducts.co.uk\/lt\/shop-2\/"},{"@type":"ListItem","position":3,"name":"Atkuriamasis fluidas &#8211; apsauga veido odai 110 ml."}]},{"@type":"WebSite","@id":"https:\/\/tiandeproducts.co.uk\/#website","url":"https:\/\/tiandeproducts.co.uk\/","name":"TianDe Online Shop - Beauty & Health","description":"Traditional Chinese Medicine","potentialAction":[{"@type":"SearchAction","target":{"@type":"EntryPoint","urlTemplate":"https:\/\/tiandeproducts.co.uk\/?s={search_term_string}"},"query-input":{"@type":"PropertyValueSpecification","valueRequired":true,"valueName":"search_term_string"}}],"inLanguage":"lt-LT"}]}},"_links":{"self":[{"href":"https:\/\/tiandeproducts.co.uk\/lt\/wp-json\/wp\/v2\/product\/14762","targetHints":{"allow":["GET"]}}],"collection":[{"href":"https:\/\/tiandeproducts.co.uk\/lt\/wp-json\/wp\/v2\/product"}],"about":[{"href":"https:\/\/tiandeproducts.co.uk\/lt\/wp-json\/wp\/v2\/types\/product"}],"replies":[{"embeddable":true,"href":"https:\/\/tiandeproducts.co.uk\/lt\/wp-json\/wp\/v2\/comments?post=14762"}],"wp:featuredmedia":[{"embeddable":true,"href":"https:\/\/tiandeproducts.co.uk\/lt\/wp-json\/wp\/v2\/media\/12664"}],"wp:attachment":[{"href":"https:\/\/tiandeproducts.co.uk\/lt\/wp-json\/wp\/v2\/media?parent=14762"}],"wp:term":[{"taxonomy":"product_cat","embeddable":true,"href":"https:\/\/tiandeproducts.co.uk\/lt\/wp-json\/wp\/v2\/product_cat?post=14762"},{"taxonomy":"product_tag","embeddable":true,"href":"https:\/\/tiandeproducts.co.uk\/lt\/wp-json\/wp\/v2\/product_tag?post=14762"}],"curies":[{"name":"wp","href":"https:\/\/api.w.org\/{rel}","templated":true}]}}