{"id":14761,"date":"2020-02-21T12:15:38","date_gmt":"2020-02-21T12:15:38","guid":{"rendered":"https:\/\/www.tiandeproducts.co.uk\/kauke-plevele-placentine-80-g\/"},"modified":"2021-02-05T18:14:24","modified_gmt":"2021-02-05T18:14:24","slug":"kauke-plevele-placentine-80-g","status":"publish","type":"product","link":"https:\/\/tiandeproducts.co.uk\/lt\/kauke-plevele-placentine-80-g\/","title":{"rendered":"Kauk\u0117 \u2013 pl\u0117vel\u0117 \u201ePlacentin\u0117\u201c 80 g."},"content":{"rendered":"<p><img decoding=\"async\" style=\"max-width: 16px; margin-right: 5px;\" src=\"https:\/\/tiandeproducts.co.uk\/wp-content\/uploads\/points-green.svg\" \/>\u00a0Earn 9 points worth \u00a30.45 when buying this product<\/p>\n<p>Kauk\u0117 turi antioksidantini\u0173 savybi\u0173, nuolat naudojant kauk\u0119 sul\u0117t\u0117ja sen\u0117jimo procesas. Apsaugo od\u0105 nuo \u017ealingo aplinkos poveikio, giliai ir greitai valo poras, intensyviai maitina, dr\u0117kina, balina, pa\u0161alina sudirginim\u0105, mink\u0161tina veido od\u0105. Oda tampa tvirta ir elastinga.<\/p>\n","protected":false},"excerpt":{"rendered":"<p>\u00a0Earn 9 points worth \u00a30.45 when buying this product Kauk\u0117 turi antioksidantini\u0173 savybi\u0173, nuolat naudojant kauk\u0119 sul\u0117t\u0117ja sen\u0117jimo procesas. Apsaugo od\u0105 nuo \u017ealingo aplinkos poveikio, giliai ir greitai valo poras, intensyviai maitina, dr\u0117kina, balina, pa\u0161alina sudirginim\u0105, mink\u0161tina veido od\u0105. Oda tampa tvirta ir elastinga.<\/p>\n","protected":false},"featured_media":12672,"comment_status":"open","ping_status":"closed","template":"","meta":[],"product_cat":[562,571,563,506],"product_tag":[],"class_list":{"0":"post-14761","1":"product","2":"type-product","3":"status-publish","4":"has-post-thumbnail","6":"product_cat-kaukes-lt","7":"product_cat-liftingas","8":"product_cat-odos-elastngumas","9":"product_cat-veidui","11":"first","12":"outofstock","13":"shipping-taxable","14":"purchasable","15":"product-type-simple"},"yoast_head":"<!-- This site is optimized with the Yoast SEO plugin v23.6 - https:\/\/yoast.com\/wordpress\/plugins\/seo\/ -->\n<title>Kauk\u0117 \u2013 pl\u0117vel\u0117 \u201ePlacentin\u0117\u201c 80 g. - TianDe Online Shop - Beauty &amp; Health<\/title>\n<meta name=\"robots\" content=\"index, follow, max-snippet:-1, max-image-preview:large, max-video-preview:-1\" \/>\n<link rel=\"canonical\" href=\"https:\/\/tiandeproducts.co.uk\/lt\/kauke-plevele-placentine-80-g\/\" \/>\n<meta property=\"og:locale\" content=\"lt_LT\" \/>\n<meta property=\"og:type\" content=\"article\" \/>\n<meta property=\"og:title\" content=\"Kauk\u0117 \u2013 pl\u0117vel\u0117 \u201ePlacentin\u0117\u201c 80 g. - TianDe Online Shop - Beauty &amp; Health\" \/>\n<meta property=\"og:description\" content=\"\u00a0Earn 9 points worth \u00a30.45 when buying this product Kauk\u0117 turi antioksidantini\u0173 savybi\u0173, nuolat naudojant kauk\u0119 sul\u0117t\u0117ja sen\u0117jimo procesas. Apsaugo od\u0105 nuo \u017ealingo aplinkos poveikio, giliai ir greitai valo poras, intensyviai maitina, dr\u0117kina, balina, pa\u0161alina sudirginim\u0105, mink\u0161tina veido od\u0105. Oda tampa tvirta ir elastinga.\" \/>\n<meta property=\"og:url\" content=\"https:\/\/tiandeproducts.co.uk\/lt\/kauke-plevele-placentine-80-g\/\" \/>\n<meta property=\"og:site_name\" content=\"TianDe Online Shop - Beauty &amp; Health\" \/>\n<meta property=\"article:publisher\" content=\"https:\/\/www.facebook.com\/tiande.products.england\/\" \/>\n<meta property=\"article:modified_time\" content=\"2021-02-05T18:14:24+00:00\" \/>\n<meta property=\"og:image\" content=\"https:\/\/tiandeproducts.co.uk\/wp-content\/uploads\/50202_new.png\" \/>\n\t<meta property=\"og:image:width\" content=\"700\" \/>\n\t<meta property=\"og:image:height\" content=\"700\" \/>\n\t<meta property=\"og:image:type\" content=\"image\/png\" \/>\n<meta name=\"twitter:card\" content=\"summary_large_image\" \/>\n<script type=\"application\/ld+json\" class=\"yoast-schema-graph\">{\"@context\":\"https:\/\/schema.org\",\"@graph\":[{\"@type\":\"WebPage\",\"@id\":\"https:\/\/tiandeproducts.co.uk\/lt\/kauke-plevele-placentine-80-g\/\",\"url\":\"https:\/\/tiandeproducts.co.uk\/lt\/kauke-plevele-placentine-80-g\/\",\"name\":\"Kauk\u0117 \u2013 pl\u0117vel\u0117 \u201ePlacentin\u0117\u201c 80 g. - TianDe Online Shop - Beauty &amp; Health\",\"isPartOf\":{\"@id\":\"https:\/\/tiandeproducts.co.uk\/#website\"},\"primaryImageOfPage\":{\"@id\":\"https:\/\/tiandeproducts.co.uk\/lt\/kauke-plevele-placentine-80-g\/#primaryimage\"},\"image\":{\"@id\":\"https:\/\/tiandeproducts.co.uk\/lt\/kauke-plevele-placentine-80-g\/#primaryimage\"},\"thumbnailUrl\":\"https:\/\/tiandeproducts.co.uk\/wp-content\/uploads\/50202_new.png\",\"datePublished\":\"2020-02-21T12:15:38+00:00\",\"dateModified\":\"2021-02-05T18:14:24+00:00\",\"breadcrumb\":{\"@id\":\"https:\/\/tiandeproducts.co.uk\/lt\/kauke-plevele-placentine-80-g\/#breadcrumb\"},\"inLanguage\":\"lt-LT\",\"potentialAction\":[{\"@type\":\"ReadAction\",\"target\":[\"https:\/\/tiandeproducts.co.uk\/lt\/kauke-plevele-placentine-80-g\/\"]}]},{\"@type\":\"ImageObject\",\"inLanguage\":\"lt-LT\",\"@id\":\"https:\/\/tiandeproducts.co.uk\/lt\/kauke-plevele-placentine-80-g\/#primaryimage\",\"url\":\"https:\/\/tiandeproducts.co.uk\/wp-content\/uploads\/50202_new.png\",\"contentUrl\":\"https:\/\/tiandeproducts.co.uk\/wp-content\/uploads\/50202_new.png\",\"width\":700,\"height\":700},{\"@type\":\"BreadcrumbList\",\"@id\":\"https:\/\/tiandeproducts.co.uk\/lt\/kauke-plevele-placentine-80-g\/#breadcrumb\",\"itemListElement\":[{\"@type\":\"ListItem\",\"position\":1,\"name\":\"Home\",\"item\":\"https:\/\/tiandeproducts.co.uk\/lt\/\"},{\"@type\":\"ListItem\",\"position\":2,\"name\":\"Shop\",\"item\":\"https:\/\/tiandeproducts.co.uk\/lt\/shop-2\/\"},{\"@type\":\"ListItem\",\"position\":3,\"name\":\"Kauk\u0117 \u2013 pl\u0117vel\u0117 \u201ePlacentin\u0117\u201c 80 g.\"}]},{\"@type\":\"WebSite\",\"@id\":\"https:\/\/tiandeproducts.co.uk\/#website\",\"url\":\"https:\/\/tiandeproducts.co.uk\/\",\"name\":\"TianDe Online Shop - Beauty & Health\",\"description\":\"Traditional Chinese Medicine\",\"potentialAction\":[{\"@type\":\"SearchAction\",\"target\":{\"@type\":\"EntryPoint\",\"urlTemplate\":\"https:\/\/tiandeproducts.co.uk\/?s={search_term_string}\"},\"query-input\":{\"@type\":\"PropertyValueSpecification\",\"valueRequired\":true,\"valueName\":\"search_term_string\"}}],\"inLanguage\":\"lt-LT\"}]}<\/script>\n<!-- \/ Yoast SEO plugin. -->","yoast_head_json":{"title":"Kauk\u0117 \u2013 pl\u0117vel\u0117 \u201ePlacentin\u0117\u201c 80 g. - TianDe Online Shop - Beauty &amp; Health","robots":{"index":"index","follow":"follow","max-snippet":"max-snippet:-1","max-image-preview":"max-image-preview:large","max-video-preview":"max-video-preview:-1"},"canonical":"https:\/\/tiandeproducts.co.uk\/lt\/kauke-plevele-placentine-80-g\/","og_locale":"lt_LT","og_type":"article","og_title":"Kauk\u0117 \u2013 pl\u0117vel\u0117 \u201ePlacentin\u0117\u201c 80 g. - TianDe Online Shop - Beauty &amp; Health","og_description":"\u00a0Earn 9 points worth \u00a30.45 when buying this product Kauk\u0117 turi antioksidantini\u0173 savybi\u0173, nuolat naudojant kauk\u0119 sul\u0117t\u0117ja sen\u0117jimo procesas. Apsaugo od\u0105 nuo \u017ealingo aplinkos poveikio, giliai ir greitai valo poras, intensyviai maitina, dr\u0117kina, balina, pa\u0161alina sudirginim\u0105, mink\u0161tina veido od\u0105. Oda tampa tvirta ir elastinga.","og_url":"https:\/\/tiandeproducts.co.uk\/lt\/kauke-plevele-placentine-80-g\/","og_site_name":"TianDe Online Shop - Beauty &amp; Health","article_publisher":"https:\/\/www.facebook.com\/tiande.products.england\/","article_modified_time":"2021-02-05T18:14:24+00:00","og_image":[{"width":700,"height":700,"url":"https:\/\/tiandeproducts.co.uk\/wp-content\/uploads\/50202_new.png","type":"image\/png"}],"twitter_card":"summary_large_image","schema":{"@context":"https:\/\/schema.org","@graph":[{"@type":"WebPage","@id":"https:\/\/tiandeproducts.co.uk\/lt\/kauke-plevele-placentine-80-g\/","url":"https:\/\/tiandeproducts.co.uk\/lt\/kauke-plevele-placentine-80-g\/","name":"Kauk\u0117 \u2013 pl\u0117vel\u0117 \u201ePlacentin\u0117\u201c 80 g. - TianDe Online Shop - Beauty &amp; Health","isPartOf":{"@id":"https:\/\/tiandeproducts.co.uk\/#website"},"primaryImageOfPage":{"@id":"https:\/\/tiandeproducts.co.uk\/lt\/kauke-plevele-placentine-80-g\/#primaryimage"},"image":{"@id":"https:\/\/tiandeproducts.co.uk\/lt\/kauke-plevele-placentine-80-g\/#primaryimage"},"thumbnailUrl":"https:\/\/tiandeproducts.co.uk\/wp-content\/uploads\/50202_new.png","datePublished":"2020-02-21T12:15:38+00:00","dateModified":"2021-02-05T18:14:24+00:00","breadcrumb":{"@id":"https:\/\/tiandeproducts.co.uk\/lt\/kauke-plevele-placentine-80-g\/#breadcrumb"},"inLanguage":"lt-LT","potentialAction":[{"@type":"ReadAction","target":["https:\/\/tiandeproducts.co.uk\/lt\/kauke-plevele-placentine-80-g\/"]}]},{"@type":"ImageObject","inLanguage":"lt-LT","@id":"https:\/\/tiandeproducts.co.uk\/lt\/kauke-plevele-placentine-80-g\/#primaryimage","url":"https:\/\/tiandeproducts.co.uk\/wp-content\/uploads\/50202_new.png","contentUrl":"https:\/\/tiandeproducts.co.uk\/wp-content\/uploads\/50202_new.png","width":700,"height":700},{"@type":"BreadcrumbList","@id":"https:\/\/tiandeproducts.co.uk\/lt\/kauke-plevele-placentine-80-g\/#breadcrumb","itemListElement":[{"@type":"ListItem","position":1,"name":"Home","item":"https:\/\/tiandeproducts.co.uk\/lt\/"},{"@type":"ListItem","position":2,"name":"Shop","item":"https:\/\/tiandeproducts.co.uk\/lt\/shop-2\/"},{"@type":"ListItem","position":3,"name":"Kauk\u0117 \u2013 pl\u0117vel\u0117 \u201ePlacentin\u0117\u201c 80 g."}]},{"@type":"WebSite","@id":"https:\/\/tiandeproducts.co.uk\/#website","url":"https:\/\/tiandeproducts.co.uk\/","name":"TianDe Online Shop - Beauty & Health","description":"Traditional Chinese Medicine","potentialAction":[{"@type":"SearchAction","target":{"@type":"EntryPoint","urlTemplate":"https:\/\/tiandeproducts.co.uk\/?s={search_term_string}"},"query-input":{"@type":"PropertyValueSpecification","valueRequired":true,"valueName":"search_term_string"}}],"inLanguage":"lt-LT"}]}},"_links":{"self":[{"href":"https:\/\/tiandeproducts.co.uk\/lt\/wp-json\/wp\/v2\/product\/14761","targetHints":{"allow":["GET"]}}],"collection":[{"href":"https:\/\/tiandeproducts.co.uk\/lt\/wp-json\/wp\/v2\/product"}],"about":[{"href":"https:\/\/tiandeproducts.co.uk\/lt\/wp-json\/wp\/v2\/types\/product"}],"replies":[{"embeddable":true,"href":"https:\/\/tiandeproducts.co.uk\/lt\/wp-json\/wp\/v2\/comments?post=14761"}],"wp:featuredmedia":[{"embeddable":true,"href":"https:\/\/tiandeproducts.co.uk\/lt\/wp-json\/wp\/v2\/media\/12672"}],"wp:attachment":[{"href":"https:\/\/tiandeproducts.co.uk\/lt\/wp-json\/wp\/v2\/media?parent=14761"}],"wp:term":[{"taxonomy":"product_cat","embeddable":true,"href":"https:\/\/tiandeproducts.co.uk\/lt\/wp-json\/wp\/v2\/product_cat?post=14761"},{"taxonomy":"product_tag","embeddable":true,"href":"https:\/\/tiandeproducts.co.uk\/lt\/wp-json\/wp\/v2\/product_tag?post=14761"}],"curies":[{"name":"wp","href":"https:\/\/api.w.org\/{rel}","templated":true}]}}