{"id":14760,"date":"2020-09-22T11:02:48","date_gmt":"2020-09-22T10:02:48","guid":{"rendered":"https:\/\/www.tiandeproducts.co.uk\/duso-zele-mandarininis-likeris-250-g\/"},"modified":"2021-02-05T18:00:43","modified_gmt":"2021-02-05T18:00:43","slug":"duso-zele-mandarininis-likeris-250-g","status":"publish","type":"product","link":"https:\/\/tiandeproducts.co.uk\/lt\/duso-zele-mandarininis-likeris-250-g\/","title":{"rendered":"Du\u0161o \u017eel\u0117 \u201eMandarininis likeris\u201c 250 g."},"content":{"rendered":"<p><img decoding=\"async\" style=\"max-width: 16px; margin-right: 5px;\" src=\"https:\/\/tiandeproducts.co.uk\/wp-content\/uploads\/points-green.svg\" \/>\u00a0Earn 6 points worth \u00a30.30 when buying this product<\/p>\n<p><strong>Rafinuotas ry\u0161kus mandarino aromatas!<\/strong><\/p>\n<p>M\u0117gaukit\u0117s prabangia SPA patirtimi, ramybe ir privatumu! Pajuskite hipnotizuojant\u012f mandarino kvap\u0105, suteikite sau galimyb\u0119 atsitraukti nuo problem\u0173 ir atsidurti ma\u017eame rojaus kampelyje, sukurtame specialiai Jums&#8230; ir visa tai savo vonios kambaryje!<\/p>\n<div class=\"text_exposed_show\">\n<p>Du\u0161o \u017eel\u0117 \u201eMandarininis likeris\u201c i\u0161 \u201eHainan Tao\u201c linijos yra svaiginan\u010dio aromato, \u0161velni\u0173 put\u0173 ir \u0161velnios odos prie\u017ei\u016bros priemon\u0117.<\/p>\n<p>Nuostabi aromato savyb\u0117: absoliu\u010diai visiems, nepriklausomai nuo am\u017eiaus ir lyties, tai patinka. Saldus ir visavertis, \u017eavus, derinant kar\u010dius tonus su g\u0117li\u0173 ir vaisi\u0173 baz\u0117mis.<\/p>\n<p>Du\u0161o \u017eel\u0117 \u201eMandarininis likeris\u201c pad\u0117s Jums prad\u0117ti ir baigti dien\u0105 pozityviomis mintimis, i\u0161stums nuobodul\u012f ir pripildys Jus d\u017eiaugsmo!<\/p>\n<p><strong>Naudojimas:<\/strong> tepkite tolygiai ant dr\u0117gnos k\u016bno odos, gerai nuplaukite vandeniu.<\/p>\n<\/div>\n","protected":false},"excerpt":{"rendered":"<p>\u00a0Earn 6 points worth \u00a30.30 when buying this product Rafinuotas ry\u0161kus mandarino aromatas! M\u0117gaukit\u0117s prabangia SPA patirtimi, ramybe ir privatumu! Pajuskite hipnotizuojant\u012f mandarino kvap\u0105, suteikite sau galimyb\u0119 atsitraukti nuo problem\u0173 ir atsidurti ma\u017eame rojaus kampelyje, sukurtame specialiai Jums&#8230; ir visa tai savo vonios kambaryje! Du\u0161o \u017eel\u0117 \u201eMandarininis likeris\u201c i\u0161 \u201eHainan Tao\u201c linijos yra svaiginan\u010dio aromato, [&#8230;]\n","protected":false},"featured_media":14528,"comment_status":"open","ping_status":"closed","template":"","meta":[],"product_cat":[497,510],"product_tag":[],"class_list":{"0":"post-14760","1":"product","2":"type-product","3":"status-publish","4":"has-post-thumbnail","6":"product_cat-kunui","7":"product_cat-prausimosi-geliai","9":"first","10":"instock","11":"sale","12":"shipping-taxable","13":"purchasable","14":"product-type-simple"},"yoast_head":"<!-- This site is optimized with the Yoast SEO plugin v23.6 - https:\/\/yoast.com\/wordpress\/plugins\/seo\/ -->\n<title>Du\u0161o \u017eel\u0117 \u201eMandarininis likeris\u201c 250 g. - TianDe Online Shop - Beauty &amp; Health<\/title>\n<meta name=\"robots\" content=\"index, follow, max-snippet:-1, max-image-preview:large, max-video-preview:-1\" \/>\n<link rel=\"canonical\" href=\"https:\/\/tiandeproducts.co.uk\/lt\/duso-zele-mandarininis-likeris-250-g\/\" \/>\n<meta property=\"og:locale\" content=\"lt_LT\" \/>\n<meta property=\"og:type\" content=\"article\" \/>\n<meta property=\"og:title\" content=\"Du\u0161o \u017eel\u0117 \u201eMandarininis likeris\u201c 250 g. - TianDe Online Shop - Beauty &amp; Health\" \/>\n<meta property=\"og:description\" content=\"\u00a0Earn 6 points worth \u00a30.30 when buying this product Rafinuotas ry\u0161kus mandarino aromatas! M\u0117gaukit\u0117s prabangia SPA patirtimi, ramybe ir privatumu! Pajuskite hipnotizuojant\u012f mandarino kvap\u0105, suteikite sau galimyb\u0119 atsitraukti nuo problem\u0173 ir atsidurti ma\u017eame rojaus kampelyje, sukurtame specialiai Jums&#8230; ir visa tai savo vonios kambaryje! Du\u0161o \u017eel\u0117 \u201eMandarininis likeris\u201c i\u0161 \u201eHainan Tao\u201c linijos yra svaiginan\u010dio aromato, [...]\" \/>\n<meta property=\"og:url\" content=\"https:\/\/tiandeproducts.co.uk\/lt\/duso-zele-mandarininis-likeris-250-g\/\" \/>\n<meta property=\"og:site_name\" content=\"TianDe Online Shop - Beauty &amp; Health\" \/>\n<meta property=\"article:publisher\" content=\"https:\/\/www.facebook.com\/tiande.products.england\/\" \/>\n<meta property=\"article:modified_time\" content=\"2021-02-05T18:00:43+00:00\" \/>\n<meta property=\"og:image\" content=\"https:\/\/tiandeproducts.co.uk\/wp-content\/uploads\/32623.png\" \/>\n\t<meta property=\"og:image:width\" content=\"700\" \/>\n\t<meta property=\"og:image:height\" content=\"700\" \/>\n\t<meta property=\"og:image:type\" content=\"image\/png\" \/>\n<meta name=\"twitter:card\" content=\"summary_large_image\" \/>\n<meta name=\"twitter:label1\" content=\"Est. reading time\" \/>\n\t<meta name=\"twitter:data1\" content=\"1 minut\u0117\" \/>\n<script type=\"application\/ld+json\" class=\"yoast-schema-graph\">{\"@context\":\"https:\/\/schema.org\",\"@graph\":[{\"@type\":\"WebPage\",\"@id\":\"https:\/\/tiandeproducts.co.uk\/lt\/duso-zele-mandarininis-likeris-250-g\/\",\"url\":\"https:\/\/tiandeproducts.co.uk\/lt\/duso-zele-mandarininis-likeris-250-g\/\",\"name\":\"Du\u0161o \u017eel\u0117 \u201eMandarininis likeris\u201c 250 g. - TianDe Online Shop - Beauty &amp; Health\",\"isPartOf\":{\"@id\":\"https:\/\/tiandeproducts.co.uk\/#website\"},\"primaryImageOfPage\":{\"@id\":\"https:\/\/tiandeproducts.co.uk\/lt\/duso-zele-mandarininis-likeris-250-g\/#primaryimage\"},\"image\":{\"@id\":\"https:\/\/tiandeproducts.co.uk\/lt\/duso-zele-mandarininis-likeris-250-g\/#primaryimage\"},\"thumbnailUrl\":\"https:\/\/tiandeproducts.co.uk\/wp-content\/uploads\/32623.png\",\"datePublished\":\"2020-09-22T10:02:48+00:00\",\"dateModified\":\"2021-02-05T18:00:43+00:00\",\"breadcrumb\":{\"@id\":\"https:\/\/tiandeproducts.co.uk\/lt\/duso-zele-mandarininis-likeris-250-g\/#breadcrumb\"},\"inLanguage\":\"lt-LT\",\"potentialAction\":[{\"@type\":\"ReadAction\",\"target\":[\"https:\/\/tiandeproducts.co.uk\/lt\/duso-zele-mandarininis-likeris-250-g\/\"]}]},{\"@type\":\"ImageObject\",\"inLanguage\":\"lt-LT\",\"@id\":\"https:\/\/tiandeproducts.co.uk\/lt\/duso-zele-mandarininis-likeris-250-g\/#primaryimage\",\"url\":\"https:\/\/tiandeproducts.co.uk\/wp-content\/uploads\/32623.png\",\"contentUrl\":\"https:\/\/tiandeproducts.co.uk\/wp-content\/uploads\/32623.png\",\"width\":700,\"height\":700},{\"@type\":\"BreadcrumbList\",\"@id\":\"https:\/\/tiandeproducts.co.uk\/lt\/duso-zele-mandarininis-likeris-250-g\/#breadcrumb\",\"itemListElement\":[{\"@type\":\"ListItem\",\"position\":1,\"name\":\"Home\",\"item\":\"https:\/\/tiandeproducts.co.uk\/lt\/\"},{\"@type\":\"ListItem\",\"position\":2,\"name\":\"Shop\",\"item\":\"https:\/\/tiandeproducts.co.uk\/lt\/shop-2\/\"},{\"@type\":\"ListItem\",\"position\":3,\"name\":\"Du\u0161o \u017eel\u0117 \u201eMandarininis likeris\u201c 250 g.\"}]},{\"@type\":\"WebSite\",\"@id\":\"https:\/\/tiandeproducts.co.uk\/#website\",\"url\":\"https:\/\/tiandeproducts.co.uk\/\",\"name\":\"TianDe Online Shop - Beauty & Health\",\"description\":\"Traditional Chinese Medicine\",\"potentialAction\":[{\"@type\":\"SearchAction\",\"target\":{\"@type\":\"EntryPoint\",\"urlTemplate\":\"https:\/\/tiandeproducts.co.uk\/?s={search_term_string}\"},\"query-input\":{\"@type\":\"PropertyValueSpecification\",\"valueRequired\":true,\"valueName\":\"search_term_string\"}}],\"inLanguage\":\"lt-LT\"}]}<\/script>\n<!-- \/ Yoast SEO plugin. -->","yoast_head_json":{"title":"Du\u0161o \u017eel\u0117 \u201eMandarininis likeris\u201c 250 g. - TianDe Online Shop - Beauty &amp; Health","robots":{"index":"index","follow":"follow","max-snippet":"max-snippet:-1","max-image-preview":"max-image-preview:large","max-video-preview":"max-video-preview:-1"},"canonical":"https:\/\/tiandeproducts.co.uk\/lt\/duso-zele-mandarininis-likeris-250-g\/","og_locale":"lt_LT","og_type":"article","og_title":"Du\u0161o \u017eel\u0117 \u201eMandarininis likeris\u201c 250 g. - TianDe Online Shop - Beauty &amp; Health","og_description":"\u00a0Earn 6 points worth \u00a30.30 when buying this product Rafinuotas ry\u0161kus mandarino aromatas! M\u0117gaukit\u0117s prabangia SPA patirtimi, ramybe ir privatumu! Pajuskite hipnotizuojant\u012f mandarino kvap\u0105, suteikite sau galimyb\u0119 atsitraukti nuo problem\u0173 ir atsidurti ma\u017eame rojaus kampelyje, sukurtame specialiai Jums&#8230; ir visa tai savo vonios kambaryje! Du\u0161o \u017eel\u0117 \u201eMandarininis likeris\u201c i\u0161 \u201eHainan Tao\u201c linijos yra svaiginan\u010dio aromato, [...]","og_url":"https:\/\/tiandeproducts.co.uk\/lt\/duso-zele-mandarininis-likeris-250-g\/","og_site_name":"TianDe Online Shop - Beauty &amp; Health","article_publisher":"https:\/\/www.facebook.com\/tiande.products.england\/","article_modified_time":"2021-02-05T18:00:43+00:00","og_image":[{"width":700,"height":700,"url":"https:\/\/tiandeproducts.co.uk\/wp-content\/uploads\/32623.png","type":"image\/png"}],"twitter_card":"summary_large_image","twitter_misc":{"Est. reading time":"1 minut\u0117"},"schema":{"@context":"https:\/\/schema.org","@graph":[{"@type":"WebPage","@id":"https:\/\/tiandeproducts.co.uk\/lt\/duso-zele-mandarininis-likeris-250-g\/","url":"https:\/\/tiandeproducts.co.uk\/lt\/duso-zele-mandarininis-likeris-250-g\/","name":"Du\u0161o \u017eel\u0117 \u201eMandarininis likeris\u201c 250 g. - TianDe Online Shop - Beauty &amp; Health","isPartOf":{"@id":"https:\/\/tiandeproducts.co.uk\/#website"},"primaryImageOfPage":{"@id":"https:\/\/tiandeproducts.co.uk\/lt\/duso-zele-mandarininis-likeris-250-g\/#primaryimage"},"image":{"@id":"https:\/\/tiandeproducts.co.uk\/lt\/duso-zele-mandarininis-likeris-250-g\/#primaryimage"},"thumbnailUrl":"https:\/\/tiandeproducts.co.uk\/wp-content\/uploads\/32623.png","datePublished":"2020-09-22T10:02:48+00:00","dateModified":"2021-02-05T18:00:43+00:00","breadcrumb":{"@id":"https:\/\/tiandeproducts.co.uk\/lt\/duso-zele-mandarininis-likeris-250-g\/#breadcrumb"},"inLanguage":"lt-LT","potentialAction":[{"@type":"ReadAction","target":["https:\/\/tiandeproducts.co.uk\/lt\/duso-zele-mandarininis-likeris-250-g\/"]}]},{"@type":"ImageObject","inLanguage":"lt-LT","@id":"https:\/\/tiandeproducts.co.uk\/lt\/duso-zele-mandarininis-likeris-250-g\/#primaryimage","url":"https:\/\/tiandeproducts.co.uk\/wp-content\/uploads\/32623.png","contentUrl":"https:\/\/tiandeproducts.co.uk\/wp-content\/uploads\/32623.png","width":700,"height":700},{"@type":"BreadcrumbList","@id":"https:\/\/tiandeproducts.co.uk\/lt\/duso-zele-mandarininis-likeris-250-g\/#breadcrumb","itemListElement":[{"@type":"ListItem","position":1,"name":"Home","item":"https:\/\/tiandeproducts.co.uk\/lt\/"},{"@type":"ListItem","position":2,"name":"Shop","item":"https:\/\/tiandeproducts.co.uk\/lt\/shop-2\/"},{"@type":"ListItem","position":3,"name":"Du\u0161o \u017eel\u0117 \u201eMandarininis likeris\u201c 250 g."}]},{"@type":"WebSite","@id":"https:\/\/tiandeproducts.co.uk\/#website","url":"https:\/\/tiandeproducts.co.uk\/","name":"TianDe Online Shop - Beauty & Health","description":"Traditional Chinese Medicine","potentialAction":[{"@type":"SearchAction","target":{"@type":"EntryPoint","urlTemplate":"https:\/\/tiandeproducts.co.uk\/?s={search_term_string}"},"query-input":{"@type":"PropertyValueSpecification","valueRequired":true,"valueName":"search_term_string"}}],"inLanguage":"lt-LT"}]}},"_links":{"self":[{"href":"https:\/\/tiandeproducts.co.uk\/lt\/wp-json\/wp\/v2\/product\/14760","targetHints":{"allow":["GET"]}}],"collection":[{"href":"https:\/\/tiandeproducts.co.uk\/lt\/wp-json\/wp\/v2\/product"}],"about":[{"href":"https:\/\/tiandeproducts.co.uk\/lt\/wp-json\/wp\/v2\/types\/product"}],"replies":[{"embeddable":true,"href":"https:\/\/tiandeproducts.co.uk\/lt\/wp-json\/wp\/v2\/comments?post=14760"}],"wp:featuredmedia":[{"embeddable":true,"href":"https:\/\/tiandeproducts.co.uk\/lt\/wp-json\/wp\/v2\/media\/14528"}],"wp:attachment":[{"href":"https:\/\/tiandeproducts.co.uk\/lt\/wp-json\/wp\/v2\/media?parent=14760"}],"wp:term":[{"taxonomy":"product_cat","embeddable":true,"href":"https:\/\/tiandeproducts.co.uk\/lt\/wp-json\/wp\/v2\/product_cat?post=14760"},{"taxonomy":"product_tag","embeddable":true,"href":"https:\/\/tiandeproducts.co.uk\/lt\/wp-json\/wp\/v2\/product_tag?post=14760"}],"curies":[{"name":"wp","href":"https:\/\/api.w.org\/{rel}","templated":true}]}}