{"id":14758,"date":"2020-09-22T11:00:36","date_gmt":"2020-09-22T10:00:36","guid":{"rendered":"https:\/\/www.tiandeproducts.co.uk\/duso-zele-tropinis-kokteilis-250-g\/"},"modified":"2021-02-05T18:02:51","modified_gmt":"2021-02-05T18:02:51","slug":"duso-zele-tropinis-kokteilis-250-g","status":"publish","type":"product","link":"https:\/\/tiandeproducts.co.uk\/lt\/duso-zele-tropinis-kokteilis-250-g\/","title":{"rendered":"Du\u0161o \u017eel\u0117 \u201eTropinis kokteilis\u201c 250 g."},"content":{"rendered":"<p><img decoding=\"async\" style=\"max-width: 16px; margin-right: 5px;\" src=\"https:\/\/tiandeproducts.co.uk\/wp-content\/uploads\/points-green.svg\" \/>\u00a0Earn 6 points worth \u00a30.30 when buying this product<\/p>\n<p><strong>Putojantis sulting\u0173 ananas\u0173 aromatas!<\/strong><\/p>\n<p>Skaidrus j\u016bros vandens, balto papl\u016bdimio ir egzoti\u0161kos gamtos spindesys&#8230; Pajuskite saul\u0117t\u0173 ananas\u0173 aromat\u0105 su \u201eTropinis kokteilis\u201c du\u0161o \u017eel\u0117. Pajuskite, kaip kiekviena nauja diena virsta nepamir\u0161tamomis laim\u0117s atostogomis!<\/p>\n<div class=\"text_exposed_show\">\n<p>\u201eTropinis kokteilis\u201c yra egzoti\u0161kas ir viliojantis, jis sukurs jus naujiems pasiekimams ir pad\u0117s pasinerti \u012f malonias svajones. Svaiginantis aromatas, \u0161velniausios putos ir \u0161velni odos prie\u017ei\u016bra yra sujungtos viename butelyje.<\/p>\n<p>Surenkite atostogas rojuje nepalikdami savo nam\u0173!<\/p>\n<p><strong>Naudojimas<\/strong>: tepkite tolygiai ant dr\u0117gnos k\u016bno odos, gerai nuplaukite vandeniu.<\/p>\n<\/div>\n","protected":false},"excerpt":{"rendered":"<p>\u00a0Earn 6 points worth \u00a30.30 when buying this product Putojantis sulting\u0173 ananas\u0173 aromatas! Skaidrus j\u016bros vandens, balto papl\u016bdimio ir egzoti\u0161kos gamtos spindesys&#8230; Pajuskite saul\u0117t\u0173 ananas\u0173 aromat\u0105 su \u201eTropinis kokteilis\u201c du\u0161o \u017eel\u0117. Pajuskite, kaip kiekviena nauja diena virsta nepamir\u0161tamomis laim\u0117s atostogomis! \u201eTropinis kokteilis\u201c yra egzoti\u0161kas ir viliojantis, jis sukurs jus naujiems pasiekimams ir pad\u0117s pasinerti \u012f [&#8230;]\n","protected":false},"featured_media":14523,"comment_status":"open","ping_status":"closed","template":"","meta":[],"product_cat":[497,510],"product_tag":[],"class_list":{"0":"post-14758","1":"product","2":"type-product","3":"status-publish","4":"has-post-thumbnail","6":"product_cat-kunui","7":"product_cat-prausimosi-geliai","9":"first","10":"outofstock","11":"shipping-taxable","12":"purchasable","13":"product-type-simple"},"yoast_head":"<!-- This site is optimized with the Yoast SEO plugin v23.6 - https:\/\/yoast.com\/wordpress\/plugins\/seo\/ -->\n<title>Du\u0161o \u017eel\u0117 \u201eTropinis kokteilis\u201c 250 g. - TianDe Online Shop - Beauty &amp; Health<\/title>\n<meta name=\"robots\" content=\"index, follow, max-snippet:-1, max-image-preview:large, max-video-preview:-1\" \/>\n<link rel=\"canonical\" href=\"https:\/\/tiandeproducts.co.uk\/lt\/duso-zele-tropinis-kokteilis-250-g\/\" \/>\n<meta property=\"og:locale\" content=\"lt_LT\" \/>\n<meta property=\"og:type\" content=\"article\" \/>\n<meta property=\"og:title\" content=\"Du\u0161o \u017eel\u0117 \u201eTropinis kokteilis\u201c 250 g. - TianDe Online Shop - Beauty &amp; Health\" \/>\n<meta property=\"og:description\" content=\"\u00a0Earn 6 points worth \u00a30.30 when buying this product Putojantis sulting\u0173 ananas\u0173 aromatas! Skaidrus j\u016bros vandens, balto papl\u016bdimio ir egzoti\u0161kos gamtos spindesys&#8230; Pajuskite saul\u0117t\u0173 ananas\u0173 aromat\u0105 su \u201eTropinis kokteilis\u201c du\u0161o \u017eel\u0117. Pajuskite, kaip kiekviena nauja diena virsta nepamir\u0161tamomis laim\u0117s atostogomis! \u201eTropinis kokteilis\u201c yra egzoti\u0161kas ir viliojantis, jis sukurs jus naujiems pasiekimams ir pad\u0117s pasinerti \u012f [...]\" \/>\n<meta property=\"og:url\" content=\"https:\/\/tiandeproducts.co.uk\/lt\/duso-zele-tropinis-kokteilis-250-g\/\" \/>\n<meta property=\"og:site_name\" content=\"TianDe Online Shop - Beauty &amp; Health\" \/>\n<meta property=\"article:publisher\" content=\"https:\/\/www.facebook.com\/tiande.products.england\/\" \/>\n<meta property=\"article:modified_time\" content=\"2021-02-05T18:02:51+00:00\" \/>\n<meta property=\"og:image\" content=\"https:\/\/tiandeproducts.co.uk\/wp-content\/uploads\/32622.png\" \/>\n\t<meta property=\"og:image:width\" content=\"700\" \/>\n\t<meta property=\"og:image:height\" content=\"700\" \/>\n\t<meta property=\"og:image:type\" content=\"image\/png\" \/>\n<meta name=\"twitter:card\" content=\"summary_large_image\" \/>\n<script type=\"application\/ld+json\" class=\"yoast-schema-graph\">{\"@context\":\"https:\/\/schema.org\",\"@graph\":[{\"@type\":\"WebPage\",\"@id\":\"https:\/\/tiandeproducts.co.uk\/lt\/duso-zele-tropinis-kokteilis-250-g\/\",\"url\":\"https:\/\/tiandeproducts.co.uk\/lt\/duso-zele-tropinis-kokteilis-250-g\/\",\"name\":\"Du\u0161o \u017eel\u0117 \u201eTropinis kokteilis\u201c 250 g. - TianDe Online Shop - Beauty &amp; Health\",\"isPartOf\":{\"@id\":\"https:\/\/tiandeproducts.co.uk\/#website\"},\"primaryImageOfPage\":{\"@id\":\"https:\/\/tiandeproducts.co.uk\/lt\/duso-zele-tropinis-kokteilis-250-g\/#primaryimage\"},\"image\":{\"@id\":\"https:\/\/tiandeproducts.co.uk\/lt\/duso-zele-tropinis-kokteilis-250-g\/#primaryimage\"},\"thumbnailUrl\":\"https:\/\/tiandeproducts.co.uk\/wp-content\/uploads\/32622.png\",\"datePublished\":\"2020-09-22T10:00:36+00:00\",\"dateModified\":\"2021-02-05T18:02:51+00:00\",\"breadcrumb\":{\"@id\":\"https:\/\/tiandeproducts.co.uk\/lt\/duso-zele-tropinis-kokteilis-250-g\/#breadcrumb\"},\"inLanguage\":\"lt-LT\",\"potentialAction\":[{\"@type\":\"ReadAction\",\"target\":[\"https:\/\/tiandeproducts.co.uk\/lt\/duso-zele-tropinis-kokteilis-250-g\/\"]}]},{\"@type\":\"ImageObject\",\"inLanguage\":\"lt-LT\",\"@id\":\"https:\/\/tiandeproducts.co.uk\/lt\/duso-zele-tropinis-kokteilis-250-g\/#primaryimage\",\"url\":\"https:\/\/tiandeproducts.co.uk\/wp-content\/uploads\/32622.png\",\"contentUrl\":\"https:\/\/tiandeproducts.co.uk\/wp-content\/uploads\/32622.png\",\"width\":700,\"height\":700},{\"@type\":\"BreadcrumbList\",\"@id\":\"https:\/\/tiandeproducts.co.uk\/lt\/duso-zele-tropinis-kokteilis-250-g\/#breadcrumb\",\"itemListElement\":[{\"@type\":\"ListItem\",\"position\":1,\"name\":\"Home\",\"item\":\"https:\/\/tiandeproducts.co.uk\/lt\/\"},{\"@type\":\"ListItem\",\"position\":2,\"name\":\"Shop\",\"item\":\"https:\/\/tiandeproducts.co.uk\/lt\/shop-2\/\"},{\"@type\":\"ListItem\",\"position\":3,\"name\":\"Du\u0161o \u017eel\u0117 \u201eTropinis kokteilis\u201c 250 g.\"}]},{\"@type\":\"WebSite\",\"@id\":\"https:\/\/tiandeproducts.co.uk\/#website\",\"url\":\"https:\/\/tiandeproducts.co.uk\/\",\"name\":\"TianDe Online Shop - Beauty & Health\",\"description\":\"Traditional Chinese Medicine\",\"potentialAction\":[{\"@type\":\"SearchAction\",\"target\":{\"@type\":\"EntryPoint\",\"urlTemplate\":\"https:\/\/tiandeproducts.co.uk\/?s={search_term_string}\"},\"query-input\":{\"@type\":\"PropertyValueSpecification\",\"valueRequired\":true,\"valueName\":\"search_term_string\"}}],\"inLanguage\":\"lt-LT\"}]}<\/script>\n<!-- \/ Yoast SEO plugin. -->","yoast_head_json":{"title":"Du\u0161o \u017eel\u0117 \u201eTropinis kokteilis\u201c 250 g. - TianDe Online Shop - Beauty &amp; Health","robots":{"index":"index","follow":"follow","max-snippet":"max-snippet:-1","max-image-preview":"max-image-preview:large","max-video-preview":"max-video-preview:-1"},"canonical":"https:\/\/tiandeproducts.co.uk\/lt\/duso-zele-tropinis-kokteilis-250-g\/","og_locale":"lt_LT","og_type":"article","og_title":"Du\u0161o \u017eel\u0117 \u201eTropinis kokteilis\u201c 250 g. - TianDe Online Shop - Beauty &amp; Health","og_description":"\u00a0Earn 6 points worth \u00a30.30 when buying this product Putojantis sulting\u0173 ananas\u0173 aromatas! Skaidrus j\u016bros vandens, balto papl\u016bdimio ir egzoti\u0161kos gamtos spindesys&#8230; Pajuskite saul\u0117t\u0173 ananas\u0173 aromat\u0105 su \u201eTropinis kokteilis\u201c du\u0161o \u017eel\u0117. Pajuskite, kaip kiekviena nauja diena virsta nepamir\u0161tamomis laim\u0117s atostogomis! \u201eTropinis kokteilis\u201c yra egzoti\u0161kas ir viliojantis, jis sukurs jus naujiems pasiekimams ir pad\u0117s pasinerti \u012f [...]","og_url":"https:\/\/tiandeproducts.co.uk\/lt\/duso-zele-tropinis-kokteilis-250-g\/","og_site_name":"TianDe Online Shop - Beauty &amp; Health","article_publisher":"https:\/\/www.facebook.com\/tiande.products.england\/","article_modified_time":"2021-02-05T18:02:51+00:00","og_image":[{"width":700,"height":700,"url":"https:\/\/tiandeproducts.co.uk\/wp-content\/uploads\/32622.png","type":"image\/png"}],"twitter_card":"summary_large_image","schema":{"@context":"https:\/\/schema.org","@graph":[{"@type":"WebPage","@id":"https:\/\/tiandeproducts.co.uk\/lt\/duso-zele-tropinis-kokteilis-250-g\/","url":"https:\/\/tiandeproducts.co.uk\/lt\/duso-zele-tropinis-kokteilis-250-g\/","name":"Du\u0161o \u017eel\u0117 \u201eTropinis kokteilis\u201c 250 g. - TianDe Online Shop - Beauty &amp; Health","isPartOf":{"@id":"https:\/\/tiandeproducts.co.uk\/#website"},"primaryImageOfPage":{"@id":"https:\/\/tiandeproducts.co.uk\/lt\/duso-zele-tropinis-kokteilis-250-g\/#primaryimage"},"image":{"@id":"https:\/\/tiandeproducts.co.uk\/lt\/duso-zele-tropinis-kokteilis-250-g\/#primaryimage"},"thumbnailUrl":"https:\/\/tiandeproducts.co.uk\/wp-content\/uploads\/32622.png","datePublished":"2020-09-22T10:00:36+00:00","dateModified":"2021-02-05T18:02:51+00:00","breadcrumb":{"@id":"https:\/\/tiandeproducts.co.uk\/lt\/duso-zele-tropinis-kokteilis-250-g\/#breadcrumb"},"inLanguage":"lt-LT","potentialAction":[{"@type":"ReadAction","target":["https:\/\/tiandeproducts.co.uk\/lt\/duso-zele-tropinis-kokteilis-250-g\/"]}]},{"@type":"ImageObject","inLanguage":"lt-LT","@id":"https:\/\/tiandeproducts.co.uk\/lt\/duso-zele-tropinis-kokteilis-250-g\/#primaryimage","url":"https:\/\/tiandeproducts.co.uk\/wp-content\/uploads\/32622.png","contentUrl":"https:\/\/tiandeproducts.co.uk\/wp-content\/uploads\/32622.png","width":700,"height":700},{"@type":"BreadcrumbList","@id":"https:\/\/tiandeproducts.co.uk\/lt\/duso-zele-tropinis-kokteilis-250-g\/#breadcrumb","itemListElement":[{"@type":"ListItem","position":1,"name":"Home","item":"https:\/\/tiandeproducts.co.uk\/lt\/"},{"@type":"ListItem","position":2,"name":"Shop","item":"https:\/\/tiandeproducts.co.uk\/lt\/shop-2\/"},{"@type":"ListItem","position":3,"name":"Du\u0161o \u017eel\u0117 \u201eTropinis kokteilis\u201c 250 g."}]},{"@type":"WebSite","@id":"https:\/\/tiandeproducts.co.uk\/#website","url":"https:\/\/tiandeproducts.co.uk\/","name":"TianDe Online Shop - Beauty & Health","description":"Traditional Chinese Medicine","potentialAction":[{"@type":"SearchAction","target":{"@type":"EntryPoint","urlTemplate":"https:\/\/tiandeproducts.co.uk\/?s={search_term_string}"},"query-input":{"@type":"PropertyValueSpecification","valueRequired":true,"valueName":"search_term_string"}}],"inLanguage":"lt-LT"}]}},"_links":{"self":[{"href":"https:\/\/tiandeproducts.co.uk\/lt\/wp-json\/wp\/v2\/product\/14758","targetHints":{"allow":["GET"]}}],"collection":[{"href":"https:\/\/tiandeproducts.co.uk\/lt\/wp-json\/wp\/v2\/product"}],"about":[{"href":"https:\/\/tiandeproducts.co.uk\/lt\/wp-json\/wp\/v2\/types\/product"}],"replies":[{"embeddable":true,"href":"https:\/\/tiandeproducts.co.uk\/lt\/wp-json\/wp\/v2\/comments?post=14758"}],"wp:featuredmedia":[{"embeddable":true,"href":"https:\/\/tiandeproducts.co.uk\/lt\/wp-json\/wp\/v2\/media\/14523"}],"wp:attachment":[{"href":"https:\/\/tiandeproducts.co.uk\/lt\/wp-json\/wp\/v2\/media?parent=14758"}],"wp:term":[{"taxonomy":"product_cat","embeddable":true,"href":"https:\/\/tiandeproducts.co.uk\/lt\/wp-json\/wp\/v2\/product_cat?post=14758"},{"taxonomy":"product_tag","embeddable":true,"href":"https:\/\/tiandeproducts.co.uk\/lt\/wp-json\/wp\/v2\/product_tag?post=14758"}],"curies":[{"name":"wp","href":"https:\/\/api.w.org\/{rel}","templated":true}]}}