{"id":14757,"date":"2020-09-22T10:56:06","date_gmt":"2020-09-22T09:56:06","guid":{"rendered":"https:\/\/www.tiandeproducts.co.uk\/duso-zele-vienos-kava-250-g\/"},"modified":"2021-02-05T18:04:58","modified_gmt":"2021-02-05T18:04:58","slug":"duso-zele-vienos-kava-250-g","status":"publish","type":"product","link":"https:\/\/tiandeproducts.co.uk\/lt\/duso-zele-vienos-kava-250-g\/","title":{"rendered":"Du\u0161o \u017eel\u0117 \u201eVienos kava\u201c 250 g."},"content":{"rendered":"<p><img decoding=\"async\" style=\"max-width: 16px; margin-right: 5px;\" src=\"https:\/\/tiandeproducts.co.uk\/wp-content\/uploads\/points-green.svg\" \/>\u00a0Earn 6 points worth \u00a30.30 when buying this product<\/p>\n<p><strong>\u017dvalumas ir energija visai dienai!<\/strong><\/p>\n<div class=\"text_exposed_show\">\n<p>\u012esivaizduokite, kaip s\u0117d\u0117dami jaukioje kavin\u0117je su malonumu \u012fkvepiate puikios kavos aromat\u0105&#8230; Toks sodrus ir gaivus, toks ry\u0161kus ir gilus! Naudodami \u201eVienos kava\u201c du\u0161o \u017eel\u0117 i\u0161 prabangios \u201eHainan Tao\u201c linijos, tok\u012f atsipalaidavim\u0105 pajusite kiekvien\u0105 dien\u0105! Jis \u012fkvepia ir suteikia puiki\u0105 nuotaik\u0105 visai dienai!<\/p>\n<p>Kavos kvapo negalima painioti su jokiu kitu! Kavos tonai, \u012fkvepia ir net jaudina. Svaiginantis aromatas, \u0161velniausios putos ir \u0161velni odos prie\u017ei\u016bra yra sujungtos viename buteliukyje.<\/p>\n<p>Paverskite savo du\u0161o rutin\u0105 tikru SPA malonumu!<\/p>\n<p><strong>Naudojimas:<\/strong> tepkite tolygiai ant dr\u0117gnos k\u016bno odos, gerai nuplaukite vandeniu.<\/p>\n<\/div>\n","protected":false},"excerpt":{"rendered":"<p>\u00a0Earn 6 points worth \u00a30.30 when buying this product \u017dvalumas ir energija visai dienai! \u012esivaizduokite, kaip s\u0117d\u0117dami jaukioje kavin\u0117je su malonumu \u012fkvepiate puikios kavos aromat\u0105&#8230; Toks sodrus ir gaivus, toks ry\u0161kus ir gilus! Naudodami \u201eVienos kava\u201c du\u0161o \u017eel\u0117 i\u0161 prabangios \u201eHainan Tao\u201c linijos, tok\u012f atsipalaidavim\u0105 pajusite kiekvien\u0105 dien\u0105! Jis \u012fkvepia ir suteikia puiki\u0105 nuotaik\u0105 visai [&#8230;]\n","protected":false},"featured_media":14517,"comment_status":"open","ping_status":"closed","template":"","meta":[],"product_cat":[497,510],"product_tag":[],"class_list":{"0":"post-14757","1":"product","2":"type-product","3":"status-publish","4":"has-post-thumbnail","6":"product_cat-kunui","7":"product_cat-prausimosi-geliai","9":"first","10":"outofstock","11":"shipping-taxable","12":"purchasable","13":"product-type-simple"},"yoast_head":"<!-- This site is optimized with the Yoast SEO plugin v23.6 - https:\/\/yoast.com\/wordpress\/plugins\/seo\/ -->\n<title>Du\u0161o \u017eel\u0117 \u201eVienos kava\u201c 250 g. - TianDe Online Shop - Beauty &amp; Health<\/title>\n<meta name=\"robots\" content=\"index, follow, max-snippet:-1, max-image-preview:large, max-video-preview:-1\" \/>\n<link rel=\"canonical\" href=\"https:\/\/tiandeproducts.co.uk\/lt\/duso-zele-vienos-kava-250-g\/\" \/>\n<meta property=\"og:locale\" content=\"lt_LT\" \/>\n<meta property=\"og:type\" content=\"article\" \/>\n<meta property=\"og:title\" content=\"Du\u0161o \u017eel\u0117 \u201eVienos kava\u201c 250 g. - TianDe Online Shop - Beauty &amp; Health\" \/>\n<meta property=\"og:description\" content=\"\u00a0Earn 6 points worth \u00a30.30 when buying this product \u017dvalumas ir energija visai dienai! \u012esivaizduokite, kaip s\u0117d\u0117dami jaukioje kavin\u0117je su malonumu \u012fkvepiate puikios kavos aromat\u0105&#8230; Toks sodrus ir gaivus, toks ry\u0161kus ir gilus! Naudodami \u201eVienos kava\u201c du\u0161o \u017eel\u0117 i\u0161 prabangios \u201eHainan Tao\u201c linijos, tok\u012f atsipalaidavim\u0105 pajusite kiekvien\u0105 dien\u0105! Jis \u012fkvepia ir suteikia puiki\u0105 nuotaik\u0105 visai [...]\" \/>\n<meta property=\"og:url\" content=\"https:\/\/tiandeproducts.co.uk\/lt\/duso-zele-vienos-kava-250-g\/\" \/>\n<meta property=\"og:site_name\" content=\"TianDe Online Shop - Beauty &amp; Health\" \/>\n<meta property=\"article:publisher\" content=\"https:\/\/www.facebook.com\/tiande.products.england\/\" \/>\n<meta property=\"article:modified_time\" content=\"2021-02-05T18:04:58+00:00\" \/>\n<meta property=\"og:image\" content=\"https:\/\/tiandeproducts.co.uk\/wp-content\/uploads\/32621_.png\" \/>\n\t<meta property=\"og:image:width\" content=\"700\" \/>\n\t<meta property=\"og:image:height\" content=\"700\" \/>\n\t<meta property=\"og:image:type\" content=\"image\/png\" \/>\n<meta name=\"twitter:card\" content=\"summary_large_image\" \/>\n<meta name=\"twitter:label1\" content=\"Est. reading time\" \/>\n\t<meta name=\"twitter:data1\" content=\"1 minut\u0117\" \/>\n<script type=\"application\/ld+json\" class=\"yoast-schema-graph\">{\"@context\":\"https:\/\/schema.org\",\"@graph\":[{\"@type\":\"WebPage\",\"@id\":\"https:\/\/tiandeproducts.co.uk\/lt\/duso-zele-vienos-kava-250-g\/\",\"url\":\"https:\/\/tiandeproducts.co.uk\/lt\/duso-zele-vienos-kava-250-g\/\",\"name\":\"Du\u0161o \u017eel\u0117 \u201eVienos kava\u201c 250 g. - TianDe Online Shop - Beauty &amp; Health\",\"isPartOf\":{\"@id\":\"https:\/\/tiandeproducts.co.uk\/#website\"},\"primaryImageOfPage\":{\"@id\":\"https:\/\/tiandeproducts.co.uk\/lt\/duso-zele-vienos-kava-250-g\/#primaryimage\"},\"image\":{\"@id\":\"https:\/\/tiandeproducts.co.uk\/lt\/duso-zele-vienos-kava-250-g\/#primaryimage\"},\"thumbnailUrl\":\"https:\/\/tiandeproducts.co.uk\/wp-content\/uploads\/32621_.png\",\"datePublished\":\"2020-09-22T09:56:06+00:00\",\"dateModified\":\"2021-02-05T18:04:58+00:00\",\"breadcrumb\":{\"@id\":\"https:\/\/tiandeproducts.co.uk\/lt\/duso-zele-vienos-kava-250-g\/#breadcrumb\"},\"inLanguage\":\"lt-LT\",\"potentialAction\":[{\"@type\":\"ReadAction\",\"target\":[\"https:\/\/tiandeproducts.co.uk\/lt\/duso-zele-vienos-kava-250-g\/\"]}]},{\"@type\":\"ImageObject\",\"inLanguage\":\"lt-LT\",\"@id\":\"https:\/\/tiandeproducts.co.uk\/lt\/duso-zele-vienos-kava-250-g\/#primaryimage\",\"url\":\"https:\/\/tiandeproducts.co.uk\/wp-content\/uploads\/32621_.png\",\"contentUrl\":\"https:\/\/tiandeproducts.co.uk\/wp-content\/uploads\/32621_.png\",\"width\":700,\"height\":700},{\"@type\":\"BreadcrumbList\",\"@id\":\"https:\/\/tiandeproducts.co.uk\/lt\/duso-zele-vienos-kava-250-g\/#breadcrumb\",\"itemListElement\":[{\"@type\":\"ListItem\",\"position\":1,\"name\":\"Home\",\"item\":\"https:\/\/tiandeproducts.co.uk\/lt\/\"},{\"@type\":\"ListItem\",\"position\":2,\"name\":\"Shop\",\"item\":\"https:\/\/tiandeproducts.co.uk\/lt\/shop-2\/\"},{\"@type\":\"ListItem\",\"position\":3,\"name\":\"Du\u0161o \u017eel\u0117 \u201eVienos kava\u201c 250 g.\"}]},{\"@type\":\"WebSite\",\"@id\":\"https:\/\/tiandeproducts.co.uk\/#website\",\"url\":\"https:\/\/tiandeproducts.co.uk\/\",\"name\":\"TianDe Online Shop - Beauty & Health\",\"description\":\"Traditional Chinese Medicine\",\"potentialAction\":[{\"@type\":\"SearchAction\",\"target\":{\"@type\":\"EntryPoint\",\"urlTemplate\":\"https:\/\/tiandeproducts.co.uk\/?s={search_term_string}\"},\"query-input\":{\"@type\":\"PropertyValueSpecification\",\"valueRequired\":true,\"valueName\":\"search_term_string\"}}],\"inLanguage\":\"lt-LT\"}]}<\/script>\n<!-- \/ Yoast SEO plugin. -->","yoast_head_json":{"title":"Du\u0161o \u017eel\u0117 \u201eVienos kava\u201c 250 g. - TianDe Online Shop - Beauty &amp; Health","robots":{"index":"index","follow":"follow","max-snippet":"max-snippet:-1","max-image-preview":"max-image-preview:large","max-video-preview":"max-video-preview:-1"},"canonical":"https:\/\/tiandeproducts.co.uk\/lt\/duso-zele-vienos-kava-250-g\/","og_locale":"lt_LT","og_type":"article","og_title":"Du\u0161o \u017eel\u0117 \u201eVienos kava\u201c 250 g. - TianDe Online Shop - Beauty &amp; Health","og_description":"\u00a0Earn 6 points worth \u00a30.30 when buying this product \u017dvalumas ir energija visai dienai! \u012esivaizduokite, kaip s\u0117d\u0117dami jaukioje kavin\u0117je su malonumu \u012fkvepiate puikios kavos aromat\u0105&#8230; Toks sodrus ir gaivus, toks ry\u0161kus ir gilus! Naudodami \u201eVienos kava\u201c du\u0161o \u017eel\u0117 i\u0161 prabangios \u201eHainan Tao\u201c linijos, tok\u012f atsipalaidavim\u0105 pajusite kiekvien\u0105 dien\u0105! Jis \u012fkvepia ir suteikia puiki\u0105 nuotaik\u0105 visai [...]","og_url":"https:\/\/tiandeproducts.co.uk\/lt\/duso-zele-vienos-kava-250-g\/","og_site_name":"TianDe Online Shop - Beauty &amp; Health","article_publisher":"https:\/\/www.facebook.com\/tiande.products.england\/","article_modified_time":"2021-02-05T18:04:58+00:00","og_image":[{"width":700,"height":700,"url":"https:\/\/tiandeproducts.co.uk\/wp-content\/uploads\/32621_.png","type":"image\/png"}],"twitter_card":"summary_large_image","twitter_misc":{"Est. reading time":"1 minut\u0117"},"schema":{"@context":"https:\/\/schema.org","@graph":[{"@type":"WebPage","@id":"https:\/\/tiandeproducts.co.uk\/lt\/duso-zele-vienos-kava-250-g\/","url":"https:\/\/tiandeproducts.co.uk\/lt\/duso-zele-vienos-kava-250-g\/","name":"Du\u0161o \u017eel\u0117 \u201eVienos kava\u201c 250 g. - TianDe Online Shop - Beauty &amp; Health","isPartOf":{"@id":"https:\/\/tiandeproducts.co.uk\/#website"},"primaryImageOfPage":{"@id":"https:\/\/tiandeproducts.co.uk\/lt\/duso-zele-vienos-kava-250-g\/#primaryimage"},"image":{"@id":"https:\/\/tiandeproducts.co.uk\/lt\/duso-zele-vienos-kava-250-g\/#primaryimage"},"thumbnailUrl":"https:\/\/tiandeproducts.co.uk\/wp-content\/uploads\/32621_.png","datePublished":"2020-09-22T09:56:06+00:00","dateModified":"2021-02-05T18:04:58+00:00","breadcrumb":{"@id":"https:\/\/tiandeproducts.co.uk\/lt\/duso-zele-vienos-kava-250-g\/#breadcrumb"},"inLanguage":"lt-LT","potentialAction":[{"@type":"ReadAction","target":["https:\/\/tiandeproducts.co.uk\/lt\/duso-zele-vienos-kava-250-g\/"]}]},{"@type":"ImageObject","inLanguage":"lt-LT","@id":"https:\/\/tiandeproducts.co.uk\/lt\/duso-zele-vienos-kava-250-g\/#primaryimage","url":"https:\/\/tiandeproducts.co.uk\/wp-content\/uploads\/32621_.png","contentUrl":"https:\/\/tiandeproducts.co.uk\/wp-content\/uploads\/32621_.png","width":700,"height":700},{"@type":"BreadcrumbList","@id":"https:\/\/tiandeproducts.co.uk\/lt\/duso-zele-vienos-kava-250-g\/#breadcrumb","itemListElement":[{"@type":"ListItem","position":1,"name":"Home","item":"https:\/\/tiandeproducts.co.uk\/lt\/"},{"@type":"ListItem","position":2,"name":"Shop","item":"https:\/\/tiandeproducts.co.uk\/lt\/shop-2\/"},{"@type":"ListItem","position":3,"name":"Du\u0161o \u017eel\u0117 \u201eVienos kava\u201c 250 g."}]},{"@type":"WebSite","@id":"https:\/\/tiandeproducts.co.uk\/#website","url":"https:\/\/tiandeproducts.co.uk\/","name":"TianDe Online Shop - Beauty & Health","description":"Traditional Chinese Medicine","potentialAction":[{"@type":"SearchAction","target":{"@type":"EntryPoint","urlTemplate":"https:\/\/tiandeproducts.co.uk\/?s={search_term_string}"},"query-input":{"@type":"PropertyValueSpecification","valueRequired":true,"valueName":"search_term_string"}}],"inLanguage":"lt-LT"}]}},"_links":{"self":[{"href":"https:\/\/tiandeproducts.co.uk\/lt\/wp-json\/wp\/v2\/product\/14757","targetHints":{"allow":["GET"]}}],"collection":[{"href":"https:\/\/tiandeproducts.co.uk\/lt\/wp-json\/wp\/v2\/product"}],"about":[{"href":"https:\/\/tiandeproducts.co.uk\/lt\/wp-json\/wp\/v2\/types\/product"}],"replies":[{"embeddable":true,"href":"https:\/\/tiandeproducts.co.uk\/lt\/wp-json\/wp\/v2\/comments?post=14757"}],"wp:featuredmedia":[{"embeddable":true,"href":"https:\/\/tiandeproducts.co.uk\/lt\/wp-json\/wp\/v2\/media\/14517"}],"wp:attachment":[{"href":"https:\/\/tiandeproducts.co.uk\/lt\/wp-json\/wp\/v2\/media?parent=14757"}],"wp:term":[{"taxonomy":"product_cat","embeddable":true,"href":"https:\/\/tiandeproducts.co.uk\/lt\/wp-json\/wp\/v2\/product_cat?post=14757"},{"taxonomy":"product_tag","embeddable":true,"href":"https:\/\/tiandeproducts.co.uk\/lt\/wp-json\/wp\/v2\/product_tag?post=14757"}],"curies":[{"name":"wp","href":"https:\/\/api.w.org\/{rel}","templated":true}]}}