{"id":14756,"date":"2020-09-22T11:14:39","date_gmt":"2020-09-22T10:14:39","guid":{"rendered":"https:\/\/www.tiandeproducts.co.uk\/matini-efekta-suteikianti-servetele-%e2%80%8b%e2%80%8bveidui-svelni-roze-100-vnt\/"},"modified":"2021-02-05T17:43:47","modified_gmt":"2021-02-05T17:43:47","slug":"matini-efekta-suteikianti-servetele-%e2%80%8b%e2%80%8bveidui-svelni-roze-100-vnt","status":"publish","type":"product","link":"https:\/\/tiandeproducts.co.uk\/lt\/matini-efekta-suteikianti-servetele-%e2%80%8b%e2%80%8bveidui-svelni-roze-100-vnt\/","title":{"rendered":"Matin\u012f efekt\u0105 suteikianti servet\u0117l\u0117 \u200b\u200bveidui \u201e\u0160velni ro\u017e\u0117\u201c 100 vnt."},"content":{"rendered":"<p><img decoding=\"async\" style=\"max-width: 16px; margin-right: 5px;\" src=\"https:\/\/tiandeproducts.co.uk\/wp-content\/uploads\/points-green.svg\" \/>\u00a0Earn 6 points worth \u00a30.30 when buying this product<\/p>\n<p><strong>Matin\u0117 oda vienu prisilietimu!<\/strong><\/p>\n<p>Riebus blizgesys ant veido? Atsikratykite jo \u0161velniai, tik vienu gestu!<\/p>\n<div class=\"text_exposed_show\">\n<p>Veido servet\u0117l\u0117s \u200b\u200b\u201e\u0160velni ro\u017e\u0117\u201c akimirksniu pa\u0161alins blizges\u012f, ne\u0161varumus ir bakterijas nuo odos pavir\u0161iaus (kurios, be kita ko, gali susidaryti d\u0117vint asmenines kv\u0117pavimo sistemos apsaugos priemones). Jos pad\u0117s atnaujinti makia\u017e\u0105, kad ir kur b\u016btum\u0117te, apgaubdamos od\u0105 lengvu rafinuotu kvapu.<\/p>\n<p>Servet\u0117l\u0117s \u200b\u200bpagamintos i\u0161 nat\u016bralios celiulioz\u0117s su \u0161velniausiu ro\u017ei\u0173 ekstraktu. N\u0117ra talko milteli\u0173!<\/p>\n<p><strong>Naudojimas:<\/strong> priglauskite servet\u0117l\u0119 prie veido zon\u0173, kur reikia pa\u0161alinti riebal\u0173 pertekli\u0173 &#8211; blizges\u012f.<\/p>\n<\/div>\n","protected":false},"excerpt":{"rendered":"<p>\u00a0Earn 6 points worth \u00a30.30 when buying this product Matin\u0117 oda vienu prisilietimu! Riebus blizgesys ant veido? Atsikratykite jo \u0161velniai, tik vienu gestu! Veido servet\u0117l\u0117s \u200b\u200b\u201e\u0160velni ro\u017e\u0117\u201c akimirksniu pa\u0161alins blizges\u012f, ne\u0161varumus ir bakterijas nuo odos pavir\u0161iaus (kurios, be kita ko, gali susidaryti d\u0117vint asmenines kv\u0117pavimo sistemos apsaugos priemones). Jos pad\u0117s atnaujinti makia\u017e\u0105, kad ir kur [&#8230;]\n","protected":false},"featured_media":14548,"comment_status":"open","ping_status":"closed","template":"","meta":[],"product_cat":[506],"product_tag":[],"class_list":{"0":"post-14756","1":"product","2":"type-product","3":"status-publish","4":"has-post-thumbnail","6":"product_cat-veidui","8":"first","9":"outofstock","10":"shipping-taxable","11":"purchasable","12":"product-type-simple"},"yoast_head":"<!-- This site is optimized with the Yoast SEO plugin v23.6 - https:\/\/yoast.com\/wordpress\/plugins\/seo\/ -->\n<title>Matin\u012f efekt\u0105 suteikianti servet\u0117l\u0117 \u200b\u200bveidui \u201e\u0160velni ro\u017e\u0117\u201c 100 vnt. - TianDe Online Shop - Beauty &amp; Health<\/title>\n<meta name=\"robots\" content=\"index, follow, max-snippet:-1, max-image-preview:large, max-video-preview:-1\" \/>\n<link rel=\"canonical\" href=\"https:\/\/tiandeproducts.co.uk\/lt\/matini-efekta-suteikianti-servetele-\u200b\u200bveidui-svelni-roze-100-vnt\/\" \/>\n<meta property=\"og:locale\" content=\"lt_LT\" \/>\n<meta property=\"og:type\" content=\"article\" \/>\n<meta property=\"og:title\" content=\"Matin\u012f efekt\u0105 suteikianti servet\u0117l\u0117 \u200b\u200bveidui \u201e\u0160velni ro\u017e\u0117\u201c 100 vnt. - TianDe Online Shop - Beauty &amp; Health\" \/>\n<meta property=\"og:description\" content=\"\u00a0Earn 6 points worth \u00a30.30 when buying this product Matin\u0117 oda vienu prisilietimu! Riebus blizgesys ant veido? Atsikratykite jo \u0161velniai, tik vienu gestu! Veido servet\u0117l\u0117s \u200b\u200b\u201e\u0160velni ro\u017e\u0117\u201c akimirksniu pa\u0161alins blizges\u012f, ne\u0161varumus ir bakterijas nuo odos pavir\u0161iaus (kurios, be kita ko, gali susidaryti d\u0117vint asmenines kv\u0117pavimo sistemos apsaugos priemones). Jos pad\u0117s atnaujinti makia\u017e\u0105, kad ir kur [...]\" \/>\n<meta property=\"og:url\" content=\"https:\/\/tiandeproducts.co.uk\/lt\/matini-efekta-suteikianti-servetele-\u200b\u200bveidui-svelni-roze-100-vnt\/\" \/>\n<meta property=\"og:site_name\" content=\"TianDe Online Shop - Beauty &amp; Health\" \/>\n<meta property=\"article:publisher\" content=\"https:\/\/www.facebook.com\/tiande.products.england\/\" \/>\n<meta property=\"article:modified_time\" content=\"2021-02-05T17:43:47+00:00\" \/>\n<meta property=\"og:image\" content=\"https:\/\/tiandeproducts.co.uk\/wp-content\/uploads\/10207.png\" \/>\n\t<meta property=\"og:image:width\" content=\"700\" \/>\n\t<meta property=\"og:image:height\" content=\"700\" \/>\n\t<meta property=\"og:image:type\" content=\"image\/png\" \/>\n<meta name=\"twitter:card\" content=\"summary_large_image\" \/>\n<meta name=\"twitter:label1\" content=\"Est. reading time\" \/>\n\t<meta name=\"twitter:data1\" content=\"1 minut\u0117\" \/>\n<script type=\"application\/ld+json\" class=\"yoast-schema-graph\">{\"@context\":\"https:\/\/schema.org\",\"@graph\":[{\"@type\":\"WebPage\",\"@id\":\"https:\/\/tiandeproducts.co.uk\/lt\/matini-efekta-suteikianti-servetele-%e2%80%8b%e2%80%8bveidui-svelni-roze-100-vnt\/\",\"url\":\"https:\/\/tiandeproducts.co.uk\/lt\/matini-efekta-suteikianti-servetele-%e2%80%8b%e2%80%8bveidui-svelni-roze-100-vnt\/\",\"name\":\"Matin\u012f efekt\u0105 suteikianti servet\u0117l\u0117 \u200b\u200bveidui \u201e\u0160velni ro\u017e\u0117\u201c 100 vnt. - TianDe Online Shop - Beauty &amp; Health\",\"isPartOf\":{\"@id\":\"https:\/\/tiandeproducts.co.uk\/#website\"},\"primaryImageOfPage\":{\"@id\":\"https:\/\/tiandeproducts.co.uk\/lt\/matini-efekta-suteikianti-servetele-%e2%80%8b%e2%80%8bveidui-svelni-roze-100-vnt\/#primaryimage\"},\"image\":{\"@id\":\"https:\/\/tiandeproducts.co.uk\/lt\/matini-efekta-suteikianti-servetele-%e2%80%8b%e2%80%8bveidui-svelni-roze-100-vnt\/#primaryimage\"},\"thumbnailUrl\":\"https:\/\/tiandeproducts.co.uk\/wp-content\/uploads\/10207.png\",\"datePublished\":\"2020-09-22T10:14:39+00:00\",\"dateModified\":\"2021-02-05T17:43:47+00:00\",\"breadcrumb\":{\"@id\":\"https:\/\/tiandeproducts.co.uk\/lt\/matini-efekta-suteikianti-servetele-%e2%80%8b%e2%80%8bveidui-svelni-roze-100-vnt\/#breadcrumb\"},\"inLanguage\":\"lt-LT\",\"potentialAction\":[{\"@type\":\"ReadAction\",\"target\":[\"https:\/\/tiandeproducts.co.uk\/lt\/matini-efekta-suteikianti-servetele-%e2%80%8b%e2%80%8bveidui-svelni-roze-100-vnt\/\"]}]},{\"@type\":\"ImageObject\",\"inLanguage\":\"lt-LT\",\"@id\":\"https:\/\/tiandeproducts.co.uk\/lt\/matini-efekta-suteikianti-servetele-%e2%80%8b%e2%80%8bveidui-svelni-roze-100-vnt\/#primaryimage\",\"url\":\"https:\/\/tiandeproducts.co.uk\/wp-content\/uploads\/10207.png\",\"contentUrl\":\"https:\/\/tiandeproducts.co.uk\/wp-content\/uploads\/10207.png\",\"width\":700,\"height\":700},{\"@type\":\"BreadcrumbList\",\"@id\":\"https:\/\/tiandeproducts.co.uk\/lt\/matini-efekta-suteikianti-servetele-%e2%80%8b%e2%80%8bveidui-svelni-roze-100-vnt\/#breadcrumb\",\"itemListElement\":[{\"@type\":\"ListItem\",\"position\":1,\"name\":\"Home\",\"item\":\"https:\/\/tiandeproducts.co.uk\/lt\/\"},{\"@type\":\"ListItem\",\"position\":2,\"name\":\"Shop\",\"item\":\"https:\/\/tiandeproducts.co.uk\/lt\/shop-2\/\"},{\"@type\":\"ListItem\",\"position\":3,\"name\":\"Matin\u012f efekt\u0105 suteikianti servet\u0117l\u0117 \u200b\u200bveidui \u201e\u0160velni ro\u017e\u0117\u201c 100 vnt.\"}]},{\"@type\":\"WebSite\",\"@id\":\"https:\/\/tiandeproducts.co.uk\/#website\",\"url\":\"https:\/\/tiandeproducts.co.uk\/\",\"name\":\"TianDe Online Shop - Beauty & Health\",\"description\":\"Traditional Chinese Medicine\",\"potentialAction\":[{\"@type\":\"SearchAction\",\"target\":{\"@type\":\"EntryPoint\",\"urlTemplate\":\"https:\/\/tiandeproducts.co.uk\/?s={search_term_string}\"},\"query-input\":{\"@type\":\"PropertyValueSpecification\",\"valueRequired\":true,\"valueName\":\"search_term_string\"}}],\"inLanguage\":\"lt-LT\"}]}<\/script>\n<!-- \/ Yoast SEO plugin. -->","yoast_head_json":{"title":"Matin\u012f efekt\u0105 suteikianti servet\u0117l\u0117 \u200b\u200bveidui \u201e\u0160velni ro\u017e\u0117\u201c 100 vnt. - TianDe Online Shop - Beauty &amp; Health","robots":{"index":"index","follow":"follow","max-snippet":"max-snippet:-1","max-image-preview":"max-image-preview:large","max-video-preview":"max-video-preview:-1"},"canonical":"https:\/\/tiandeproducts.co.uk\/lt\/matini-efekta-suteikianti-servetele-\u200b\u200bveidui-svelni-roze-100-vnt\/","og_locale":"lt_LT","og_type":"article","og_title":"Matin\u012f efekt\u0105 suteikianti servet\u0117l\u0117 \u200b\u200bveidui \u201e\u0160velni ro\u017e\u0117\u201c 100 vnt. - TianDe Online Shop - Beauty &amp; Health","og_description":"\u00a0Earn 6 points worth \u00a30.30 when buying this product Matin\u0117 oda vienu prisilietimu! Riebus blizgesys ant veido? Atsikratykite jo \u0161velniai, tik vienu gestu! Veido servet\u0117l\u0117s \u200b\u200b\u201e\u0160velni ro\u017e\u0117\u201c akimirksniu pa\u0161alins blizges\u012f, ne\u0161varumus ir bakterijas nuo odos pavir\u0161iaus (kurios, be kita ko, gali susidaryti d\u0117vint asmenines kv\u0117pavimo sistemos apsaugos priemones). Jos pad\u0117s atnaujinti makia\u017e\u0105, kad ir kur [...]","og_url":"https:\/\/tiandeproducts.co.uk\/lt\/matini-efekta-suteikianti-servetele-\u200b\u200bveidui-svelni-roze-100-vnt\/","og_site_name":"TianDe Online Shop - Beauty &amp; Health","article_publisher":"https:\/\/www.facebook.com\/tiande.products.england\/","article_modified_time":"2021-02-05T17:43:47+00:00","og_image":[{"width":700,"height":700,"url":"https:\/\/tiandeproducts.co.uk\/wp-content\/uploads\/10207.png","type":"image\/png"}],"twitter_card":"summary_large_image","twitter_misc":{"Est. reading time":"1 minut\u0117"},"schema":{"@context":"https:\/\/schema.org","@graph":[{"@type":"WebPage","@id":"https:\/\/tiandeproducts.co.uk\/lt\/matini-efekta-suteikianti-servetele-%e2%80%8b%e2%80%8bveidui-svelni-roze-100-vnt\/","url":"https:\/\/tiandeproducts.co.uk\/lt\/matini-efekta-suteikianti-servetele-%e2%80%8b%e2%80%8bveidui-svelni-roze-100-vnt\/","name":"Matin\u012f efekt\u0105 suteikianti servet\u0117l\u0117 \u200b\u200bveidui \u201e\u0160velni ro\u017e\u0117\u201c 100 vnt. - TianDe Online Shop - Beauty &amp; Health","isPartOf":{"@id":"https:\/\/tiandeproducts.co.uk\/#website"},"primaryImageOfPage":{"@id":"https:\/\/tiandeproducts.co.uk\/lt\/matini-efekta-suteikianti-servetele-%e2%80%8b%e2%80%8bveidui-svelni-roze-100-vnt\/#primaryimage"},"image":{"@id":"https:\/\/tiandeproducts.co.uk\/lt\/matini-efekta-suteikianti-servetele-%e2%80%8b%e2%80%8bveidui-svelni-roze-100-vnt\/#primaryimage"},"thumbnailUrl":"https:\/\/tiandeproducts.co.uk\/wp-content\/uploads\/10207.png","datePublished":"2020-09-22T10:14:39+00:00","dateModified":"2021-02-05T17:43:47+00:00","breadcrumb":{"@id":"https:\/\/tiandeproducts.co.uk\/lt\/matini-efekta-suteikianti-servetele-%e2%80%8b%e2%80%8bveidui-svelni-roze-100-vnt\/#breadcrumb"},"inLanguage":"lt-LT","potentialAction":[{"@type":"ReadAction","target":["https:\/\/tiandeproducts.co.uk\/lt\/matini-efekta-suteikianti-servetele-%e2%80%8b%e2%80%8bveidui-svelni-roze-100-vnt\/"]}]},{"@type":"ImageObject","inLanguage":"lt-LT","@id":"https:\/\/tiandeproducts.co.uk\/lt\/matini-efekta-suteikianti-servetele-%e2%80%8b%e2%80%8bveidui-svelni-roze-100-vnt\/#primaryimage","url":"https:\/\/tiandeproducts.co.uk\/wp-content\/uploads\/10207.png","contentUrl":"https:\/\/tiandeproducts.co.uk\/wp-content\/uploads\/10207.png","width":700,"height":700},{"@type":"BreadcrumbList","@id":"https:\/\/tiandeproducts.co.uk\/lt\/matini-efekta-suteikianti-servetele-%e2%80%8b%e2%80%8bveidui-svelni-roze-100-vnt\/#breadcrumb","itemListElement":[{"@type":"ListItem","position":1,"name":"Home","item":"https:\/\/tiandeproducts.co.uk\/lt\/"},{"@type":"ListItem","position":2,"name":"Shop","item":"https:\/\/tiandeproducts.co.uk\/lt\/shop-2\/"},{"@type":"ListItem","position":3,"name":"Matin\u012f efekt\u0105 suteikianti servet\u0117l\u0117 \u200b\u200bveidui \u201e\u0160velni ro\u017e\u0117\u201c 100 vnt."}]},{"@type":"WebSite","@id":"https:\/\/tiandeproducts.co.uk\/#website","url":"https:\/\/tiandeproducts.co.uk\/","name":"TianDe Online Shop - Beauty & Health","description":"Traditional Chinese Medicine","potentialAction":[{"@type":"SearchAction","target":{"@type":"EntryPoint","urlTemplate":"https:\/\/tiandeproducts.co.uk\/?s={search_term_string}"},"query-input":{"@type":"PropertyValueSpecification","valueRequired":true,"valueName":"search_term_string"}}],"inLanguage":"lt-LT"}]}},"_links":{"self":[{"href":"https:\/\/tiandeproducts.co.uk\/lt\/wp-json\/wp\/v2\/product\/14756","targetHints":{"allow":["GET"]}}],"collection":[{"href":"https:\/\/tiandeproducts.co.uk\/lt\/wp-json\/wp\/v2\/product"}],"about":[{"href":"https:\/\/tiandeproducts.co.uk\/lt\/wp-json\/wp\/v2\/types\/product"}],"replies":[{"embeddable":true,"href":"https:\/\/tiandeproducts.co.uk\/lt\/wp-json\/wp\/v2\/comments?post=14756"}],"wp:featuredmedia":[{"embeddable":true,"href":"https:\/\/tiandeproducts.co.uk\/lt\/wp-json\/wp\/v2\/media\/14548"}],"wp:attachment":[{"href":"https:\/\/tiandeproducts.co.uk\/lt\/wp-json\/wp\/v2\/media?parent=14756"}],"wp:term":[{"taxonomy":"product_cat","embeddable":true,"href":"https:\/\/tiandeproducts.co.uk\/lt\/wp-json\/wp\/v2\/product_cat?post=14756"},{"taxonomy":"product_tag","embeddable":true,"href":"https:\/\/tiandeproducts.co.uk\/lt\/wp-json\/wp\/v2\/product_tag?post=14756"}],"curies":[{"name":"wp","href":"https:\/\/api.w.org\/{rel}","templated":true}]}}