{"id":14755,"date":"2020-09-22T11:12:02","date_gmt":"2020-09-22T10:12:02","guid":{"rendered":"https:\/\/www.tiandeproducts.co.uk\/ranku-kremas-vyrams-75-g\/"},"modified":"2021-02-05T17:47:17","modified_gmt":"2021-02-05T17:47:17","slug":"ranku-kremas-vyrams-75-g","status":"publish","type":"product","link":"https:\/\/tiandeproducts.co.uk\/lt\/ranku-kremas-vyrams-75-g\/","title":{"rendered":"Rank\u0173 kremas vyrams 75 g."},"content":{"rendered":"<p><img decoding=\"async\" style=\"max-width: 16px; margin-right: 5px;\" src=\"https:\/\/tiandeproducts.co.uk\/wp-content\/uploads\/points-green.svg\" \/>\u00a0Earn 4 points worth \u00a30.20 when buying this product<\/p>\n<p><strong>S\u0117km\u0117 yra J\u016bs\u0173 rankose!<\/strong><br \/>\nVyr\u0173 oda yra \u0161iurk\u0161tesn\u0117 ir storesn\u0117, tod\u0117l j\u0105 reikia pri\u017ei\u016br\u0117ti i\u0161skirtinai. Tvirtiems vyrams, \u012fpratusiems i\u0161laikyti s\u0117km\u0119 rankose, buvo sukurtas specialus rank\u0173 kremas. Kremas puikiai dr\u0117kina od\u0105, j\u0105 mink\u0161tina ir maitina, efektyviai apsaugo j\u0105 nuo \u012ftr\u016bkim\u0173 ir \u0161erpetojimo.<\/p>\n<p>Tinka labai sausai, \u0161iurk\u0161\u010diai rank\u0173 odai. Tik intensyvi prie\u017ei\u016bra, nebelieka grubumo!<\/p>\n<p><strong>Naudojimas:<\/strong> krem\u0105 tepkite ant \u0161vari\u0173 rank\u0173.<\/p>\n","protected":false},"excerpt":{"rendered":"<p>\u00a0Earn 4 points worth \u00a30.20 when buying this product S\u0117km\u0117 yra J\u016bs\u0173 rankose! Vyr\u0173 oda yra \u0161iurk\u0161tesn\u0117 ir storesn\u0117, tod\u0117l j\u0105 reikia pri\u017ei\u016br\u0117ti i\u0161skirtinai. Tvirtiems vyrams, \u012fpratusiems i\u0161laikyti s\u0117km\u0119 rankose, buvo sukurtas specialus rank\u0173 kremas. Kremas puikiai dr\u0117kina od\u0105, j\u0105 mink\u0161tina ir maitina, efektyviai apsaugo j\u0105 nuo \u012ftr\u016bkim\u0173 ir \u0161erpetojimo. Tinka labai sausai, \u0161iurk\u0161\u010diai rank\u0173 [&#8230;]\n","protected":false},"featured_media":14543,"comment_status":"open","ping_status":"closed","template":"","meta":[],"product_cat":[627,497,514,626],"product_tag":[],"class_list":{"0":"post-14755","1":"product","2":"type-product","3":"status-publish","4":"has-post-thumbnail","6":"product_cat-kosmetikos-produktai","7":"product_cat-kunui","8":"product_cat-ranku-prieziura","9":"product_cat-vyr","11":"first","12":"outofstock","13":"shipping-taxable","14":"purchasable","15":"product-type-simple"},"yoast_head":"<!-- This site is optimized with the Yoast SEO plugin v23.6 - https:\/\/yoast.com\/wordpress\/plugins\/seo\/ -->\n<title>Rank\u0173 kremas vyrams 75 g. - TianDe Online Shop - Beauty &amp; Health<\/title>\n<meta name=\"robots\" content=\"index, follow, max-snippet:-1, max-image-preview:large, max-video-preview:-1\" \/>\n<link rel=\"canonical\" href=\"https:\/\/tiandeproducts.co.uk\/lt\/ranku-kremas-vyrams-75-g\/\" \/>\n<meta property=\"og:locale\" content=\"lt_LT\" \/>\n<meta property=\"og:type\" content=\"article\" \/>\n<meta property=\"og:title\" content=\"Rank\u0173 kremas vyrams 75 g. - TianDe Online Shop - Beauty &amp; Health\" \/>\n<meta property=\"og:description\" content=\"\u00a0Earn 4 points worth \u00a30.20 when buying this product S\u0117km\u0117 yra J\u016bs\u0173 rankose! Vyr\u0173 oda yra \u0161iurk\u0161tesn\u0117 ir storesn\u0117, tod\u0117l j\u0105 reikia pri\u017ei\u016br\u0117ti i\u0161skirtinai. Tvirtiems vyrams, \u012fpratusiems i\u0161laikyti s\u0117km\u0119 rankose, buvo sukurtas specialus rank\u0173 kremas. Kremas puikiai dr\u0117kina od\u0105, j\u0105 mink\u0161tina ir maitina, efektyviai apsaugo j\u0105 nuo \u012ftr\u016bkim\u0173 ir \u0161erpetojimo. Tinka labai sausai, \u0161iurk\u0161\u010diai rank\u0173 [...]\" \/>\n<meta property=\"og:url\" content=\"https:\/\/tiandeproducts.co.uk\/lt\/ranku-kremas-vyrams-75-g\/\" \/>\n<meta property=\"og:site_name\" content=\"TianDe Online Shop - Beauty &amp; Health\" \/>\n<meta property=\"article:publisher\" content=\"https:\/\/www.facebook.com\/tiande.products.england\/\" \/>\n<meta property=\"article:modified_time\" content=\"2021-02-05T17:47:17+00:00\" \/>\n<meta property=\"og:image\" content=\"https:\/\/tiandeproducts.co.uk\/wp-content\/uploads\/Screenshot-2022-03-05-at-17.17.53.png\" \/>\n\t<meta property=\"og:image:width\" content=\"404\" \/>\n\t<meta property=\"og:image:height\" content=\"796\" \/>\n\t<meta property=\"og:image:type\" content=\"image\/png\" \/>\n<meta name=\"twitter:card\" content=\"summary_large_image\" \/>\n<script type=\"application\/ld+json\" class=\"yoast-schema-graph\">{\"@context\":\"https:\/\/schema.org\",\"@graph\":[{\"@type\":\"WebPage\",\"@id\":\"https:\/\/tiandeproducts.co.uk\/lt\/ranku-kremas-vyrams-75-g\/\",\"url\":\"https:\/\/tiandeproducts.co.uk\/lt\/ranku-kremas-vyrams-75-g\/\",\"name\":\"Rank\u0173 kremas vyrams 75 g. - TianDe Online Shop - Beauty &amp; Health\",\"isPartOf\":{\"@id\":\"https:\/\/tiandeproducts.co.uk\/#website\"},\"primaryImageOfPage\":{\"@id\":\"https:\/\/tiandeproducts.co.uk\/lt\/ranku-kremas-vyrams-75-g\/#primaryimage\"},\"image\":{\"@id\":\"https:\/\/tiandeproducts.co.uk\/lt\/ranku-kremas-vyrams-75-g\/#primaryimage\"},\"thumbnailUrl\":\"https:\/\/tiandeproducts.co.uk\/wp-content\/uploads\/40129.png\",\"datePublished\":\"2020-09-22T10:12:02+00:00\",\"dateModified\":\"2021-02-05T17:47:17+00:00\",\"breadcrumb\":{\"@id\":\"https:\/\/tiandeproducts.co.uk\/lt\/ranku-kremas-vyrams-75-g\/#breadcrumb\"},\"inLanguage\":\"lt-LT\",\"potentialAction\":[{\"@type\":\"ReadAction\",\"target\":[\"https:\/\/tiandeproducts.co.uk\/lt\/ranku-kremas-vyrams-75-g\/\"]}]},{\"@type\":\"ImageObject\",\"inLanguage\":\"lt-LT\",\"@id\":\"https:\/\/tiandeproducts.co.uk\/lt\/ranku-kremas-vyrams-75-g\/#primaryimage\",\"url\":\"https:\/\/tiandeproducts.co.uk\/wp-content\/uploads\/40129.png\",\"contentUrl\":\"https:\/\/tiandeproducts.co.uk\/wp-content\/uploads\/40129.png\",\"width\":700,\"height\":700},{\"@type\":\"BreadcrumbList\",\"@id\":\"https:\/\/tiandeproducts.co.uk\/lt\/ranku-kremas-vyrams-75-g\/#breadcrumb\",\"itemListElement\":[{\"@type\":\"ListItem\",\"position\":1,\"name\":\"Home\",\"item\":\"https:\/\/tiandeproducts.co.uk\/lt\/\"},{\"@type\":\"ListItem\",\"position\":2,\"name\":\"Shop\",\"item\":\"https:\/\/tiandeproducts.co.uk\/lt\/shop-2\/\"},{\"@type\":\"ListItem\",\"position\":3,\"name\":\"Rank\u0173 kremas vyrams 75 g.\"}]},{\"@type\":\"WebSite\",\"@id\":\"https:\/\/tiandeproducts.co.uk\/#website\",\"url\":\"https:\/\/tiandeproducts.co.uk\/\",\"name\":\"TianDe Online Shop - Beauty & Health\",\"description\":\"Traditional Chinese Medicine\",\"potentialAction\":[{\"@type\":\"SearchAction\",\"target\":{\"@type\":\"EntryPoint\",\"urlTemplate\":\"https:\/\/tiandeproducts.co.uk\/?s={search_term_string}\"},\"query-input\":{\"@type\":\"PropertyValueSpecification\",\"valueRequired\":true,\"valueName\":\"search_term_string\"}}],\"inLanguage\":\"lt-LT\"}]}<\/script>\n<!-- \/ Yoast SEO plugin. -->","yoast_head_json":{"title":"Rank\u0173 kremas vyrams 75 g. - TianDe Online Shop - Beauty &amp; Health","robots":{"index":"index","follow":"follow","max-snippet":"max-snippet:-1","max-image-preview":"max-image-preview:large","max-video-preview":"max-video-preview:-1"},"canonical":"https:\/\/tiandeproducts.co.uk\/lt\/ranku-kremas-vyrams-75-g\/","og_locale":"lt_LT","og_type":"article","og_title":"Rank\u0173 kremas vyrams 75 g. - TianDe Online Shop - Beauty &amp; Health","og_description":"\u00a0Earn 4 points worth \u00a30.20 when buying this product S\u0117km\u0117 yra J\u016bs\u0173 rankose! Vyr\u0173 oda yra \u0161iurk\u0161tesn\u0117 ir storesn\u0117, tod\u0117l j\u0105 reikia pri\u017ei\u016br\u0117ti i\u0161skirtinai. Tvirtiems vyrams, \u012fpratusiems i\u0161laikyti s\u0117km\u0119 rankose, buvo sukurtas specialus rank\u0173 kremas. Kremas puikiai dr\u0117kina od\u0105, j\u0105 mink\u0161tina ir maitina, efektyviai apsaugo j\u0105 nuo \u012ftr\u016bkim\u0173 ir \u0161erpetojimo. Tinka labai sausai, \u0161iurk\u0161\u010diai rank\u0173 [...]","og_url":"https:\/\/tiandeproducts.co.uk\/lt\/ranku-kremas-vyrams-75-g\/","og_site_name":"TianDe Online Shop - Beauty &amp; Health","article_publisher":"https:\/\/www.facebook.com\/tiande.products.england\/","article_modified_time":"2021-02-05T17:47:17+00:00","og_image":[{"width":404,"height":796,"url":"https:\/\/tiandeproducts.co.uk\/wp-content\/uploads\/Screenshot-2022-03-05-at-17.17.53.png","type":"image\/png"}],"twitter_card":"summary_large_image","schema":{"@context":"https:\/\/schema.org","@graph":[{"@type":"WebPage","@id":"https:\/\/tiandeproducts.co.uk\/lt\/ranku-kremas-vyrams-75-g\/","url":"https:\/\/tiandeproducts.co.uk\/lt\/ranku-kremas-vyrams-75-g\/","name":"Rank\u0173 kremas vyrams 75 g. - TianDe Online Shop - Beauty &amp; Health","isPartOf":{"@id":"https:\/\/tiandeproducts.co.uk\/#website"},"primaryImageOfPage":{"@id":"https:\/\/tiandeproducts.co.uk\/lt\/ranku-kremas-vyrams-75-g\/#primaryimage"},"image":{"@id":"https:\/\/tiandeproducts.co.uk\/lt\/ranku-kremas-vyrams-75-g\/#primaryimage"},"thumbnailUrl":"https:\/\/tiandeproducts.co.uk\/wp-content\/uploads\/40129.png","datePublished":"2020-09-22T10:12:02+00:00","dateModified":"2021-02-05T17:47:17+00:00","breadcrumb":{"@id":"https:\/\/tiandeproducts.co.uk\/lt\/ranku-kremas-vyrams-75-g\/#breadcrumb"},"inLanguage":"lt-LT","potentialAction":[{"@type":"ReadAction","target":["https:\/\/tiandeproducts.co.uk\/lt\/ranku-kremas-vyrams-75-g\/"]}]},{"@type":"ImageObject","inLanguage":"lt-LT","@id":"https:\/\/tiandeproducts.co.uk\/lt\/ranku-kremas-vyrams-75-g\/#primaryimage","url":"https:\/\/tiandeproducts.co.uk\/wp-content\/uploads\/40129.png","contentUrl":"https:\/\/tiandeproducts.co.uk\/wp-content\/uploads\/40129.png","width":700,"height":700},{"@type":"BreadcrumbList","@id":"https:\/\/tiandeproducts.co.uk\/lt\/ranku-kremas-vyrams-75-g\/#breadcrumb","itemListElement":[{"@type":"ListItem","position":1,"name":"Home","item":"https:\/\/tiandeproducts.co.uk\/lt\/"},{"@type":"ListItem","position":2,"name":"Shop","item":"https:\/\/tiandeproducts.co.uk\/lt\/shop-2\/"},{"@type":"ListItem","position":3,"name":"Rank\u0173 kremas vyrams 75 g."}]},{"@type":"WebSite","@id":"https:\/\/tiandeproducts.co.uk\/#website","url":"https:\/\/tiandeproducts.co.uk\/","name":"TianDe Online Shop - Beauty & Health","description":"Traditional Chinese Medicine","potentialAction":[{"@type":"SearchAction","target":{"@type":"EntryPoint","urlTemplate":"https:\/\/tiandeproducts.co.uk\/?s={search_term_string}"},"query-input":{"@type":"PropertyValueSpecification","valueRequired":true,"valueName":"search_term_string"}}],"inLanguage":"lt-LT"}]}},"_links":{"self":[{"href":"https:\/\/tiandeproducts.co.uk\/lt\/wp-json\/wp\/v2\/product\/14755","targetHints":{"allow":["GET"]}}],"collection":[{"href":"https:\/\/tiandeproducts.co.uk\/lt\/wp-json\/wp\/v2\/product"}],"about":[{"href":"https:\/\/tiandeproducts.co.uk\/lt\/wp-json\/wp\/v2\/types\/product"}],"replies":[{"embeddable":true,"href":"https:\/\/tiandeproducts.co.uk\/lt\/wp-json\/wp\/v2\/comments?post=14755"}],"wp:featuredmedia":[{"embeddable":true,"href":"https:\/\/tiandeproducts.co.uk\/lt\/wp-json\/wp\/v2\/media\/14543"}],"wp:attachment":[{"href":"https:\/\/tiandeproducts.co.uk\/lt\/wp-json\/wp\/v2\/media?parent=14755"}],"wp:term":[{"taxonomy":"product_cat","embeddable":true,"href":"https:\/\/tiandeproducts.co.uk\/lt\/wp-json\/wp\/v2\/product_cat?post=14755"},{"taxonomy":"product_tag","embeddable":true,"href":"https:\/\/tiandeproducts.co.uk\/lt\/wp-json\/wp\/v2\/product_tag?post=14755"}],"curies":[{"name":"wp","href":"https:\/\/api.w.org\/{rel}","templated":true}]}}