{"id":14754,"date":"2020-09-22T11:21:36","date_gmt":"2020-09-22T10:21:36","guid":{"rendered":"https:\/\/www.tiandeproducts.co.uk\/platinine-peptidine-kauke-plevele-veido-odai-pakelti-60-ml\/"},"modified":"2021-02-05T17:40:45","modified_gmt":"2021-02-05T17:40:45","slug":"platinine-peptidine-kauke-plevele-veido-odai-pakelti-60-ml","status":"publish","type":"product","link":"https:\/\/tiandeproducts.co.uk\/lt\/platinine-peptidine-kauke-plevele-veido-odai-pakelti-60-ml\/","title":{"rendered":"Platinin\u0117 peptidin\u0117 kauk\u0117 &#8211; pl\u0117vel\u0117 veido odai pakelti 60 ml."},"content":{"rendered":"<p><img decoding=\"async\" style=\"max-width: 16px; margin-right: 5px;\" src=\"https:\/\/tiandeproducts.co.uk\/wp-content\/uploads\/points-green.svg\" \/>\u00a0Earn 22 points worth \u00a31.10 when buying this product<\/p>\n<p><strong>Atnaujinimas be injekcijos: \u201ejuvelyrinis\u201c darbas!<\/strong><\/p>\n<p>Pilingas, valymas ir atjauninimas &#8211; visa tai yra tik vienos kauk\u0117s naudojimo efektas!<\/p>\n<p>Platinin\u0117 peptidin\u0117 kauk\u0117 &#8211; pl\u0117vel\u0117 veido odai pakelti i\u0161 kor\u0117jie\u010di\u0173 \u201eChoahae\u201c produkt\u0173 linijos* yra \u201e2 in 1\u201c produktas!<\/p>\n<p>D\u0117ka \u201epl\u0117vel\u0117s\u201c formos peptidin\u0117 kauk\u0117:<\/p>\n<ul>\n<li>\u201ei\u0161traukia\u201c oksiduot\u0173 i\u0161skyr\u0173 ir komedon\u0173 sankaupas i\u0161 por\u0173;<\/li>\n<li>atlaisvina nuo keratinizuot\u0173 \u017evyneli\u0173, suteikdama pilingo efekt\u0105;<\/li>\n<li>pradeda regeneracijos proces\u0105, i\u0161lygina odos atspalv\u012f ir tekst\u016br\u0105.<\/li>\n<\/ul>\n<p>Kol kauk\u0117 yra ant veido, vyksta galingas regeneracijos procesas. Jame yra 6 peptid\u0173 kompleksai vienu metu, koloidiniai platinos, levand\u0173 ir apelsin\u0173 eteriniai aliejai, 16 augal\u0173 ir perl\u0173 ekstraktai, 2 r\u016b\u0161i\u0173 kolagenas!<\/p>\n<p>D\u0117ka viso \u201eprie\u017ei\u016bros\u201c komplekso sud\u0117tyje kauk\u0117 &#8211; pl\u0117vel\u0117:<\/p>\n<ul>\n<li>stimuliuoja kolageno sintez\u0119, turi k\u0117limo efekt\u0105;<\/li>\n<li>pagreitina odos atsinaujinim\u0105;<\/li>\n<li>daro od\u0105 tvirt\u0105, elasting\u0105 ir \u012ftempt\u0105.<\/li>\n<\/ul>\n<p>Vienos pl\u0117vel\u0117s kauk\u0117s pakuot\u0117s jums pakaks ma\u017eiausiai 6 proced\u016broms!<\/p>\n<p>* \u0421hoahae &#8211; \u201eChoahae\u201c &#8211; i\u0161vertus i\u0161 kor\u0117jie\u010di\u0173 kalbos rei\u0161kia \u201etu man patinki!\u201c Kod\u0117l toks pavadinimas? Suprasite, kai panaudoj\u0119 serij\u0105 pamatysite savo atspind\u012f veidrodyje.<br \/>\n<strong>Naudojimas:<\/strong> ant \u0161varios, sausos veido odos tepkite stor\u0105 kauk\u0117s sluoksn\u012f, vengiant antaki\u0173, odos aplink akis ir l\u016bp\u0173 srities. Palikite 15\u201320 minu\u010di\u0173, kol kauk\u0117 i\u0161d\u017eius, tada \u0161velniai j\u0105 nuimkite. Naudojimo da\u017enumas: 2-3 kartus per savait\u0119.<\/p>\n<p><em>Aktyv\u016bs komponentai:<\/em><\/p>\n<p><em>Alantoinas turi regeneruojant\u012f poveik\u012f, mink\u0161tina ir ramina od\u0105, apsaugo j\u0105 nuo neigiamo i\u0161orini\u0173 veiksni\u0173 poveikio.<\/em><\/p>\n<p><em>Hidrolizuotas kolagenas stimuliuoja kolageno skaidul\u0173 atstatym\u0105 dermoje, pagerina odos tank\u012f, elastingum\u0105 ir tonus\u0105, suformuoja ant jos apsaugin\u012f \u0161yd\u0105, kuris apsaugo nuo dr\u0117gm\u0117s praradimo.Padeda i\u0161lyginti rauk\u0161les, oda tampa mink\u0161ta ir lygi, i\u0161laikomas optimalus dr\u0117gm\u0117s lygis.<\/em><\/p>\n<p><em>Lotoso ekstraktas apsaugo od\u0105 nuo neigiamo i\u0161orini\u0173 veiksni\u0173 poveikio, padeda atkurti tolygi\u0105 veido spalv\u0105.<\/em><\/p>\n<p><em>Kofeinas suaktyvina med\u017eiag\u0173 apykaitos procesus odoje, tonizuoja.<\/em><\/p>\n<p><em>Levand\u0173 eterinis aliejus maitina, puikiai tonizuoja od\u0105, padeda atkurti jos stangrum\u0105 ir elastingum\u0105, pagerina jos i\u0161vaizd\u0105.<\/em><\/p>\n<p><em>Perl\u0173 ekstraktas blokuoja laisv\u0173j\u0173 radikal\u0173 veikim\u0105, u\u017ekerta keli\u0105 ankstyvam odos sen\u0117jimui.<\/em><\/p>\n<p><em>Azijin\u0117s centel\u0117s ekstrakte yra antioksidant\u0173 komplekso (madekasozido ir asiatikozido), kuris stimuliuoja kolageno sintez\u0119, pagreitina odos regeneracij\u0105.<\/em><\/p>\n<p><em>Japonin\u0117s Kamelijos g\u0117li\u0173 ekstraktas giliai dr\u0117kina od\u0105, l\u0117tina sen\u0117jimo procesus.<\/em><\/p>\n<p><em>Dede\u0161vos lap\u0173 ekstraktas padaro od\u0105 mink\u0161t\u0105 ir \u0161ilkin\u0119, i\u0161lygina smulkias rauk\u0161les, pagerina turgor\u0105.<\/em><\/p>\n<p><em>Gudobeli\u0173 vaisi\u0173 ekstraktas turi tonizuojant\u012f, gaivinant\u012f ir regeneruojant\u012f poveik\u012f odai.<\/em><\/p>\n<p><em>\u0160altalankio vaisi\u0173 ekstraktas padeda i\u0161vengti rauk\u0161li\u0173 susidarymo ir suma\u017einti odos sausum\u0105.<\/em><\/p>\n<p><em>Pseudoalteromonas &#8211; bakterij\u0173 fermento ekstraktas yra dr\u0117kinamasis kremas, gaunamas i\u0161 j\u016br\u0173 bakterij\u0173, padedantis atkurti lygi\u0105 od\u0105.<\/em><\/p>\n<p><em>Raumenis atpalaiduojantys peptidai dar vadinami botokso peptidais d\u0117l j\u0173 sugeb\u0117jimo suma\u017einti veido raumen\u0173 judrum\u0105 juos atpalaiduojant. Rezultatas &#8211; rauk\u0161li\u0173 i\u0161lyginimas.<\/em><\/p>\n<p><em>Signaliniai peptidai naudojami kolageno, elastino ir hialurono r\u016bg\u0161ties sintezei suaktyvinti. Jie suaktyvina baltym\u0105, kuris veikia dermos augimo faktori\u0173, ir pradeda sintez\u0117s procesus, tai yra, jie duoda augimo ir atk\u016brimo signal\u0105.<\/em><\/p>\n<p><em>Koloidin\u0117 platina turi antibakterini\u0173 ir antioksidacini\u0173 savybi\u0173, tonizuoja ir dr\u0117kina od\u0105, j\u0105 stiprina ir regeneruoja, sul\u0117tindama sen\u0117jimo procesus. Platinos jonai kovoja su laisvaisiais radikalais, bet svarbiausia, kad jie atlieka transporto funkcij\u0105 ir vitaminus, peptidus bei kitus komponentus tiekia giliai \u012f derm\u0105.<\/em><\/p>\n<p><em>\u017dvaig\u017edinio any\u017eiaus vaisi\u0173 ekstraktas padeda pa\u0161alinti skys\u010di\u0173 pertekli\u0173, atstatyti odos turgor\u0105.<\/em><\/p>\n<p><em>Karagenino ekstraktas i\u0161 raudon\u0173j\u0173 dumbli\u0173 blokuoja odos sudirgim\u0173 element\u0173 gamyb\u0105, padeda j\u0105 su\u0161velninti ir i\u0161lyginti. I\u0161laiko dr\u0117gm\u0119 vir\u0161utiniame odos sluoksnyje.<\/em><\/p>\n<p><em>Dygliuotos cezalpinija ekstraktas turi ilg\u0105 dr\u0117kinam\u0105j\u012f poveik\u012f, sustiprina k\u0117limo (liftingo) komponent\u0173 savybes.<\/em><\/p>\n<p><em>Ropin\u0117 gumbapup\u0117 yra ank\u0161tini\u0173 \u0161eimos \u017eolinis augalas. \u0160io augalo \u0161akn\u0173 ekstraktas padeda i\u0161lyginti odos atspalv\u012f, suteikdamas jai \u0161vytin\u010di\u0105, sveik\u0105 i\u0161vaizd\u0105.<\/em><\/p>\n<p><em>\u017diedini\u0173 kop\u016bst\u0173 lap\u0173 ekstraktas pasi\u017eymi antibakterin\u0117mis savyb\u0117mis, padeda atkurti odos elastingum\u0105.<\/em><\/p>\n<p><em>Islandin\u0117s kerpenos lap\u0173 ekstraktas turi antioksidacini\u0173 ir baktericidini\u0173 savybi\u0173.<\/em><\/p>\n<p><em>Pelkin\u0117s pu\u0161ies ekstraktas pasi\u017eymi antioksidacin\u0117mis ir stipriomis antiseptin\u0117mis savyb\u0117mis. Jis turi dr\u0117kinam\u0105j\u012f ir raminant\u012f sudirgim\u0105 poveik\u012f.<\/em><\/p>\n<p><em>Am\u016brinio skirpsto \u0161aknies ekstraktas turi sudirgim\u0105 raminant\u012f, dr\u0117kinant\u012f poveik\u012f, padeda atkurti barjerines odos funkcijas.<\/em><\/p>\n<p><em>Dvime\u010di\u0173 nakvi\u0161\u0173 \u017eied\u0173 ekstraktas turi regeneruojan\u010di\u0173 ir raminan\u010di\u0173 sudirgim\u0105 savybi\u0173, suteikdamas sveikai i\u0161vaizd\u0105 sausai odai.<\/em><\/p>\n<p><em>Kudzu \u0161akn\u0173 ekstraktas pasi\u017eymi stipriomis antioksidacin\u0117mis savyb\u0117mis, padeda pa\u0161alinti odos dirginim\u0105.<\/em><\/p>\n","protected":false},"excerpt":{"rendered":"<p>\u00a0Earn 22 points worth \u00a31.10 when buying this product Atnaujinimas be injekcijos: \u201ejuvelyrinis\u201c darbas! Pilingas, valymas ir atjauninimas &#8211; visa tai yra tik vienos kauk\u0117s naudojimo efektas! Platinin\u0117 peptidin\u0117 kauk\u0117 &#8211; pl\u0117vel\u0117 veido odai pakelti i\u0161 kor\u0117jie\u010di\u0173 \u201eChoahae\u201c produkt\u0173 linijos* yra \u201e2 in 1\u201c produktas! D\u0117ka \u201epl\u0117vel\u0117s\u201c formos peptidin\u0117 kauk\u0117: \u201ei\u0161traukia\u201c oksiduot\u0173 i\u0161skyr\u0173 ir komedon\u0173 [&#8230;]\n","protected":false},"featured_media":14563,"comment_status":"open","ping_status":"closed","template":"","meta":[],"product_cat":[562,571,506],"product_tag":[],"class_list":{"0":"post-14754","1":"product","2":"type-product","3":"status-publish","4":"has-post-thumbnail","6":"product_cat-kaukes-lt","7":"product_cat-liftingas","8":"product_cat-veidui","10":"first","11":"instock","12":"shipping-taxable","13":"purchasable","14":"product-type-simple"},"yoast_head":"<!-- This site is optimized with the Yoast SEO plugin v23.6 - https:\/\/yoast.com\/wordpress\/plugins\/seo\/ -->\n<title>Platinin\u0117 peptidin\u0117 kauk\u0117 - pl\u0117vel\u0117 veido odai pakelti 60 ml. - TianDe Online Shop - Beauty &amp; Health<\/title>\n<meta name=\"robots\" content=\"index, follow, max-snippet:-1, max-image-preview:large, max-video-preview:-1\" \/>\n<link rel=\"canonical\" href=\"https:\/\/tiandeproducts.co.uk\/lt\/platinine-peptidine-kauke-plevele-veido-odai-pakelti-60-ml\/\" \/>\n<meta property=\"og:locale\" content=\"lt_LT\" \/>\n<meta property=\"og:type\" content=\"article\" \/>\n<meta property=\"og:title\" content=\"Platinin\u0117 peptidin\u0117 kauk\u0117 - pl\u0117vel\u0117 veido odai pakelti 60 ml. - TianDe Online Shop - Beauty &amp; Health\" \/>\n<meta property=\"og:description\" content=\"\u00a0Earn 22 points worth \u00a31.10 when buying this product Atnaujinimas be injekcijos: \u201ejuvelyrinis\u201c darbas! Pilingas, valymas ir atjauninimas &#8211; visa tai yra tik vienos kauk\u0117s naudojimo efektas! Platinin\u0117 peptidin\u0117 kauk\u0117 &#8211; pl\u0117vel\u0117 veido odai pakelti i\u0161 kor\u0117jie\u010di\u0173 \u201eChoahae\u201c produkt\u0173 linijos* yra \u201e2 in 1\u201c produktas! D\u0117ka \u201epl\u0117vel\u0117s\u201c formos peptidin\u0117 kauk\u0117: \u201ei\u0161traukia\u201c oksiduot\u0173 i\u0161skyr\u0173 ir komedon\u0173 [...]\" \/>\n<meta property=\"og:url\" content=\"https:\/\/tiandeproducts.co.uk\/lt\/platinine-peptidine-kauke-plevele-veido-odai-pakelti-60-ml\/\" \/>\n<meta property=\"og:site_name\" content=\"TianDe Online Shop - Beauty &amp; Health\" \/>\n<meta property=\"article:publisher\" content=\"https:\/\/www.facebook.com\/tiande.products.england\/\" \/>\n<meta property=\"article:modified_time\" content=\"2021-02-05T17:40:45+00:00\" \/>\n<meta property=\"og:image\" content=\"https:\/\/tiandeproducts.co.uk\/wp-content\/uploads\/56505.png\" \/>\n\t<meta property=\"og:image:width\" content=\"700\" \/>\n\t<meta property=\"og:image:height\" content=\"700\" \/>\n\t<meta property=\"og:image:type\" content=\"image\/png\" \/>\n<meta name=\"twitter:card\" content=\"summary_large_image\" \/>\n<meta name=\"twitter:label1\" content=\"Est. reading time\" \/>\n\t<meta name=\"twitter:data1\" content=\"4 minut\u0117s\" \/>\n<script type=\"application\/ld+json\" class=\"yoast-schema-graph\">{\"@context\":\"https:\/\/schema.org\",\"@graph\":[{\"@type\":\"WebPage\",\"@id\":\"https:\/\/tiandeproducts.co.uk\/lt\/platinine-peptidine-kauke-plevele-veido-odai-pakelti-60-ml\/\",\"url\":\"https:\/\/tiandeproducts.co.uk\/lt\/platinine-peptidine-kauke-plevele-veido-odai-pakelti-60-ml\/\",\"name\":\"Platinin\u0117 peptidin\u0117 kauk\u0117 - pl\u0117vel\u0117 veido odai pakelti 60 ml. - TianDe Online Shop - Beauty &amp; Health\",\"isPartOf\":{\"@id\":\"https:\/\/tiandeproducts.co.uk\/#website\"},\"primaryImageOfPage\":{\"@id\":\"https:\/\/tiandeproducts.co.uk\/lt\/platinine-peptidine-kauke-plevele-veido-odai-pakelti-60-ml\/#primaryimage\"},\"image\":{\"@id\":\"https:\/\/tiandeproducts.co.uk\/lt\/platinine-peptidine-kauke-plevele-veido-odai-pakelti-60-ml\/#primaryimage\"},\"thumbnailUrl\":\"https:\/\/tiandeproducts.co.uk\/wp-content\/uploads\/56505.png\",\"datePublished\":\"2020-09-22T10:21:36+00:00\",\"dateModified\":\"2021-02-05T17:40:45+00:00\",\"breadcrumb\":{\"@id\":\"https:\/\/tiandeproducts.co.uk\/lt\/platinine-peptidine-kauke-plevele-veido-odai-pakelti-60-ml\/#breadcrumb\"},\"inLanguage\":\"lt-LT\",\"potentialAction\":[{\"@type\":\"ReadAction\",\"target\":[\"https:\/\/tiandeproducts.co.uk\/lt\/platinine-peptidine-kauke-plevele-veido-odai-pakelti-60-ml\/\"]}]},{\"@type\":\"ImageObject\",\"inLanguage\":\"lt-LT\",\"@id\":\"https:\/\/tiandeproducts.co.uk\/lt\/platinine-peptidine-kauke-plevele-veido-odai-pakelti-60-ml\/#primaryimage\",\"url\":\"https:\/\/tiandeproducts.co.uk\/wp-content\/uploads\/56505.png\",\"contentUrl\":\"https:\/\/tiandeproducts.co.uk\/wp-content\/uploads\/56505.png\",\"width\":700,\"height\":700},{\"@type\":\"BreadcrumbList\",\"@id\":\"https:\/\/tiandeproducts.co.uk\/lt\/platinine-peptidine-kauke-plevele-veido-odai-pakelti-60-ml\/#breadcrumb\",\"itemListElement\":[{\"@type\":\"ListItem\",\"position\":1,\"name\":\"Home\",\"item\":\"https:\/\/tiandeproducts.co.uk\/lt\/\"},{\"@type\":\"ListItem\",\"position\":2,\"name\":\"Shop\",\"item\":\"https:\/\/tiandeproducts.co.uk\/lt\/shop-2\/\"},{\"@type\":\"ListItem\",\"position\":3,\"name\":\"Platinin\u0117 peptidin\u0117 kauk\u0117 &#8211; pl\u0117vel\u0117 veido odai pakelti 60 ml.\"}]},{\"@type\":\"WebSite\",\"@id\":\"https:\/\/tiandeproducts.co.uk\/#website\",\"url\":\"https:\/\/tiandeproducts.co.uk\/\",\"name\":\"TianDe Online Shop - Beauty & Health\",\"description\":\"Traditional Chinese Medicine\",\"potentialAction\":[{\"@type\":\"SearchAction\",\"target\":{\"@type\":\"EntryPoint\",\"urlTemplate\":\"https:\/\/tiandeproducts.co.uk\/?s={search_term_string}\"},\"query-input\":{\"@type\":\"PropertyValueSpecification\",\"valueRequired\":true,\"valueName\":\"search_term_string\"}}],\"inLanguage\":\"lt-LT\"}]}<\/script>\n<!-- \/ Yoast SEO plugin. -->","yoast_head_json":{"title":"Platinin\u0117 peptidin\u0117 kauk\u0117 - pl\u0117vel\u0117 veido odai pakelti 60 ml. - TianDe Online Shop - Beauty &amp; Health","robots":{"index":"index","follow":"follow","max-snippet":"max-snippet:-1","max-image-preview":"max-image-preview:large","max-video-preview":"max-video-preview:-1"},"canonical":"https:\/\/tiandeproducts.co.uk\/lt\/platinine-peptidine-kauke-plevele-veido-odai-pakelti-60-ml\/","og_locale":"lt_LT","og_type":"article","og_title":"Platinin\u0117 peptidin\u0117 kauk\u0117 - pl\u0117vel\u0117 veido odai pakelti 60 ml. - TianDe Online Shop - Beauty &amp; Health","og_description":"\u00a0Earn 22 points worth \u00a31.10 when buying this product Atnaujinimas be injekcijos: \u201ejuvelyrinis\u201c darbas! Pilingas, valymas ir atjauninimas &#8211; visa tai yra tik vienos kauk\u0117s naudojimo efektas! Platinin\u0117 peptidin\u0117 kauk\u0117 &#8211; pl\u0117vel\u0117 veido odai pakelti i\u0161 kor\u0117jie\u010di\u0173 \u201eChoahae\u201c produkt\u0173 linijos* yra \u201e2 in 1\u201c produktas! D\u0117ka \u201epl\u0117vel\u0117s\u201c formos peptidin\u0117 kauk\u0117: \u201ei\u0161traukia\u201c oksiduot\u0173 i\u0161skyr\u0173 ir komedon\u0173 [...]","og_url":"https:\/\/tiandeproducts.co.uk\/lt\/platinine-peptidine-kauke-plevele-veido-odai-pakelti-60-ml\/","og_site_name":"TianDe Online Shop - Beauty &amp; Health","article_publisher":"https:\/\/www.facebook.com\/tiande.products.england\/","article_modified_time":"2021-02-05T17:40:45+00:00","og_image":[{"width":700,"height":700,"url":"https:\/\/tiandeproducts.co.uk\/wp-content\/uploads\/56505.png","type":"image\/png"}],"twitter_card":"summary_large_image","twitter_misc":{"Est. reading time":"4 minut\u0117s"},"schema":{"@context":"https:\/\/schema.org","@graph":[{"@type":"WebPage","@id":"https:\/\/tiandeproducts.co.uk\/lt\/platinine-peptidine-kauke-plevele-veido-odai-pakelti-60-ml\/","url":"https:\/\/tiandeproducts.co.uk\/lt\/platinine-peptidine-kauke-plevele-veido-odai-pakelti-60-ml\/","name":"Platinin\u0117 peptidin\u0117 kauk\u0117 - pl\u0117vel\u0117 veido odai pakelti 60 ml. - TianDe Online Shop - Beauty &amp; Health","isPartOf":{"@id":"https:\/\/tiandeproducts.co.uk\/#website"},"primaryImageOfPage":{"@id":"https:\/\/tiandeproducts.co.uk\/lt\/platinine-peptidine-kauke-plevele-veido-odai-pakelti-60-ml\/#primaryimage"},"image":{"@id":"https:\/\/tiandeproducts.co.uk\/lt\/platinine-peptidine-kauke-plevele-veido-odai-pakelti-60-ml\/#primaryimage"},"thumbnailUrl":"https:\/\/tiandeproducts.co.uk\/wp-content\/uploads\/56505.png","datePublished":"2020-09-22T10:21:36+00:00","dateModified":"2021-02-05T17:40:45+00:00","breadcrumb":{"@id":"https:\/\/tiandeproducts.co.uk\/lt\/platinine-peptidine-kauke-plevele-veido-odai-pakelti-60-ml\/#breadcrumb"},"inLanguage":"lt-LT","potentialAction":[{"@type":"ReadAction","target":["https:\/\/tiandeproducts.co.uk\/lt\/platinine-peptidine-kauke-plevele-veido-odai-pakelti-60-ml\/"]}]},{"@type":"ImageObject","inLanguage":"lt-LT","@id":"https:\/\/tiandeproducts.co.uk\/lt\/platinine-peptidine-kauke-plevele-veido-odai-pakelti-60-ml\/#primaryimage","url":"https:\/\/tiandeproducts.co.uk\/wp-content\/uploads\/56505.png","contentUrl":"https:\/\/tiandeproducts.co.uk\/wp-content\/uploads\/56505.png","width":700,"height":700},{"@type":"BreadcrumbList","@id":"https:\/\/tiandeproducts.co.uk\/lt\/platinine-peptidine-kauke-plevele-veido-odai-pakelti-60-ml\/#breadcrumb","itemListElement":[{"@type":"ListItem","position":1,"name":"Home","item":"https:\/\/tiandeproducts.co.uk\/lt\/"},{"@type":"ListItem","position":2,"name":"Shop","item":"https:\/\/tiandeproducts.co.uk\/lt\/shop-2\/"},{"@type":"ListItem","position":3,"name":"Platinin\u0117 peptidin\u0117 kauk\u0117 &#8211; pl\u0117vel\u0117 veido odai pakelti 60 ml."}]},{"@type":"WebSite","@id":"https:\/\/tiandeproducts.co.uk\/#website","url":"https:\/\/tiandeproducts.co.uk\/","name":"TianDe Online Shop - Beauty & Health","description":"Traditional Chinese Medicine","potentialAction":[{"@type":"SearchAction","target":{"@type":"EntryPoint","urlTemplate":"https:\/\/tiandeproducts.co.uk\/?s={search_term_string}"},"query-input":{"@type":"PropertyValueSpecification","valueRequired":true,"valueName":"search_term_string"}}],"inLanguage":"lt-LT"}]}},"_links":{"self":[{"href":"https:\/\/tiandeproducts.co.uk\/lt\/wp-json\/wp\/v2\/product\/14754","targetHints":{"allow":["GET"]}}],"collection":[{"href":"https:\/\/tiandeproducts.co.uk\/lt\/wp-json\/wp\/v2\/product"}],"about":[{"href":"https:\/\/tiandeproducts.co.uk\/lt\/wp-json\/wp\/v2\/types\/product"}],"replies":[{"embeddable":true,"href":"https:\/\/tiandeproducts.co.uk\/lt\/wp-json\/wp\/v2\/comments?post=14754"}],"wp:featuredmedia":[{"embeddable":true,"href":"https:\/\/tiandeproducts.co.uk\/lt\/wp-json\/wp\/v2\/media\/14563"}],"wp:attachment":[{"href":"https:\/\/tiandeproducts.co.uk\/lt\/wp-json\/wp\/v2\/media?parent=14754"}],"wp:term":[{"taxonomy":"product_cat","embeddable":true,"href":"https:\/\/tiandeproducts.co.uk\/lt\/wp-json\/wp\/v2\/product_cat?post=14754"},{"taxonomy":"product_tag","embeddable":true,"href":"https:\/\/tiandeproducts.co.uk\/lt\/wp-json\/wp\/v2\/product_tag?post=14754"}],"curies":[{"name":"wp","href":"https:\/\/api.w.org\/{rel}","templated":true}]}}