{"id":14752,"date":"2020-09-22T11:18:32","date_gmt":"2020-09-22T10:18:32","guid":{"rendered":"https:\/\/www.tiandeproducts.co.uk\/kuno-losjonas-su-granatu-aliejumi-250-ml\/"},"modified":"2021-02-05T17:41:45","modified_gmt":"2021-02-05T17:41:45","slug":"kuno-losjonas-su-granatu-aliejumi-250-ml","status":"publish","type":"product","link":"https:\/\/tiandeproducts.co.uk\/lt\/kuno-losjonas-su-granatu-aliejumi-250-ml\/","title":{"rendered":"K\u016bno losjonas su granat\u0173 aliejumi 250 ml."},"content":{"rendered":"<p><img decoding=\"async\" style=\"max-width: 16px; margin-right: 5px;\" src=\"https:\/\/tiandeproducts.co.uk\/wp-content\/uploads\/points-green.svg\" \/>\u00a0Earn 17 points worth \u00a30.85 when buying this product<\/p>\n<p><strong>I\u0161eik i\u0161 vonios kaip deiv\u0117!<\/strong><\/p>\n<p>Ar norite pajusti lengv\u0105 Vidur\u017eemio j\u016bros v\u0117j\u0105, subtil\u0173 aromat\u0105 ir ne\u012ftik\u0117tin\u0105 odos \u0161velnum\u0105 po vandens proced\u016br\u0173? Pasijusk kaip tikra deiv\u0117 su k\u016bno losjonu i\u0161 prabangios \u201eCyprida\u201c kolekcijos!<\/p>\n<p>Losjonas su sultingu granat\u0173 aliejumi, D-pantenoliu ir bi\u010di\u0173 va\u0161ku atstatys J\u016bs\u0173 odos \u0161velnum\u0105. Tai idealiai tinka kasdienei vis\u0173 tip\u0173 odos prie\u017ei\u016brai, \u012fskaitant labai saus\u0105 ir nualint\u0105 od\u0105.<\/p>\n<p>D\u0117l lengvos tekst\u016bros, greitos absorbcijos ir verting\u0173 veikli\u0173j\u0173 med\u017eiag\u0173 losjonas r\u016bpinsis odos mink\u0161tinimu, dr\u0117kinimu ir regeneravimu kiekvien\u0105 dien\u0105. Jis padidina odos elastingum\u0105, apsaugo nuo pleiskanojimo, pagerina epidermio b\u016bkl\u0119 po pernelyg didelio saul\u0117s poveikio.<\/p>\n<p>Suteikite savo odai nepriekai\u0161ting\u0105 gro\u017e\u012f ir ne\u012ftik\u0117tin\u0105 komfort\u0105!<br \/>\n<strong>Naudojimas:<\/strong> masa\u017euojamaisiais judesiais tepkite nuvalyt\u0105 od\u0105. Rekomenduojama naudoti po du\u0161o. Tinka naudoti kasdien.<\/p>\n<p><strong><em>Veikl\u016bs komponentai:<\/em><\/strong><\/p>\n<p><em>Bi\u010di\u0173 va\u0161kas turi antibakterin\u012f poveik\u012f, mink\u0161tina ir lygina od\u0105, palaiko normal\u0173 dr\u0117gm\u0117s lyg\u012f.<\/em><\/p>\n<p><em>Pantenolis pagreitina odos regeneracijos procesus, i\u0161lygina smulkias rauk\u0161les, pagerina odos \u0161velnum\u0105 ir elastingum\u0105, suteikia ger\u0105 spalv\u0105.<\/em><\/p>\n<p><em><span class=\"tlid-translation translation\" lang=\"lt\">Brangus granat\u0173 aliejus sukuria apsaugin\u012f barjer\u0105, kurio reikia odai. Tai \u201eapsaugo\u201c nuo saul\u0117s \u012ftakos ir neigiam\u0173 aplinkinio pasaulio veiksni\u0173 &#8211; v\u0117jo, \u0161al\u010dio, dr\u0117kina, maitina ir regeneruoja. \u0160is aliejus pasirod\u0117 turintis puik\u0173 raminant\u012f ir atstatant\u012f poveik\u012f po saul\u0117s nudegimo. Tai palengvina od\u0105 nuramina ir mink\u0161tina<\/span><\/em><\/p>\n","protected":false},"excerpt":{"rendered":"<p>\u00a0Earn 17 points worth \u00a30.85 when buying this product I\u0161eik i\u0161 vonios kaip deiv\u0117! Ar norite pajusti lengv\u0105 Vidur\u017eemio j\u016bros v\u0117j\u0105, subtil\u0173 aromat\u0105 ir ne\u012ftik\u0117tin\u0105 odos \u0161velnum\u0105 po vandens proced\u016br\u0173? Pasijusk kaip tikra deiv\u0117 su k\u016bno losjonu i\u0161 prabangios \u201eCyprida\u201c kolekcijos! Losjonas su sultingu granat\u0173 aliejumi, D-pantenoliu ir bi\u010di\u0173 va\u0161ku atstatys J\u016bs\u0173 odos \u0161velnum\u0105. Tai [&#8230;]\n","protected":false},"featured_media":14558,"comment_status":"open","ping_status":"closed","template":"","meta":[],"product_cat":[508,497],"product_tag":[],"class_list":{"0":"post-14752","1":"product","2":"type-product","3":"status-publish","4":"has-post-thumbnail","6":"product_cat-kuno-kremai","7":"product_cat-kunui","9":"first","10":"instock","11":"shipping-taxable","12":"purchasable","13":"product-type-simple"},"yoast_head":"<!-- This site is optimized with the Yoast SEO plugin v23.6 - https:\/\/yoast.com\/wordpress\/plugins\/seo\/ -->\n<title>K\u016bno losjonas su granat\u0173 aliejumi 250 ml. - TianDe Online Shop - Beauty &amp; Health<\/title>\n<meta name=\"robots\" content=\"index, follow, max-snippet:-1, max-image-preview:large, max-video-preview:-1\" \/>\n<link rel=\"canonical\" href=\"https:\/\/tiandeproducts.co.uk\/lt\/kuno-losjonas-su-granatu-aliejumi-250-ml\/\" \/>\n<meta property=\"og:locale\" content=\"lt_LT\" \/>\n<meta property=\"og:type\" content=\"article\" \/>\n<meta property=\"og:title\" content=\"K\u016bno losjonas su granat\u0173 aliejumi 250 ml. - TianDe Online Shop - Beauty &amp; Health\" \/>\n<meta property=\"og:description\" content=\"\u00a0Earn 17 points worth \u00a30.85 when buying this product I\u0161eik i\u0161 vonios kaip deiv\u0117! Ar norite pajusti lengv\u0105 Vidur\u017eemio j\u016bros v\u0117j\u0105, subtil\u0173 aromat\u0105 ir ne\u012ftik\u0117tin\u0105 odos \u0161velnum\u0105 po vandens proced\u016br\u0173? Pasijusk kaip tikra deiv\u0117 su k\u016bno losjonu i\u0161 prabangios \u201eCyprida\u201c kolekcijos! Losjonas su sultingu granat\u0173 aliejumi, D-pantenoliu ir bi\u010di\u0173 va\u0161ku atstatys J\u016bs\u0173 odos \u0161velnum\u0105. Tai [...]\" \/>\n<meta property=\"og:url\" content=\"https:\/\/tiandeproducts.co.uk\/lt\/kuno-losjonas-su-granatu-aliejumi-250-ml\/\" \/>\n<meta property=\"og:site_name\" content=\"TianDe Online Shop - Beauty &amp; Health\" \/>\n<meta property=\"article:publisher\" content=\"https:\/\/www.facebook.com\/tiande.products.england\/\" \/>\n<meta property=\"article:modified_time\" content=\"2021-02-05T17:41:45+00:00\" \/>\n<meta property=\"og:image\" content=\"https:\/\/tiandeproducts.co.uk\/wp-content\/uploads\/36601.png\" \/>\n\t<meta property=\"og:image:width\" content=\"700\" \/>\n\t<meta property=\"og:image:height\" content=\"700\" \/>\n\t<meta property=\"og:image:type\" content=\"image\/png\" \/>\n<meta name=\"twitter:card\" content=\"summary_large_image\" \/>\n<meta name=\"twitter:label1\" content=\"Est. reading time\" \/>\n\t<meta name=\"twitter:data1\" content=\"1 minut\u0117\" \/>\n<script type=\"application\/ld+json\" class=\"yoast-schema-graph\">{\"@context\":\"https:\/\/schema.org\",\"@graph\":[{\"@type\":\"WebPage\",\"@id\":\"https:\/\/tiandeproducts.co.uk\/lt\/kuno-losjonas-su-granatu-aliejumi-250-ml\/\",\"url\":\"https:\/\/tiandeproducts.co.uk\/lt\/kuno-losjonas-su-granatu-aliejumi-250-ml\/\",\"name\":\"K\u016bno losjonas su granat\u0173 aliejumi 250 ml. - TianDe Online Shop - Beauty &amp; Health\",\"isPartOf\":{\"@id\":\"https:\/\/tiandeproducts.co.uk\/#website\"},\"primaryImageOfPage\":{\"@id\":\"https:\/\/tiandeproducts.co.uk\/lt\/kuno-losjonas-su-granatu-aliejumi-250-ml\/#primaryimage\"},\"image\":{\"@id\":\"https:\/\/tiandeproducts.co.uk\/lt\/kuno-losjonas-su-granatu-aliejumi-250-ml\/#primaryimage\"},\"thumbnailUrl\":\"https:\/\/tiandeproducts.co.uk\/wp-content\/uploads\/36601.png\",\"datePublished\":\"2020-09-22T10:18:32+00:00\",\"dateModified\":\"2021-02-05T17:41:45+00:00\",\"breadcrumb\":{\"@id\":\"https:\/\/tiandeproducts.co.uk\/lt\/kuno-losjonas-su-granatu-aliejumi-250-ml\/#breadcrumb\"},\"inLanguage\":\"lt-LT\",\"potentialAction\":[{\"@type\":\"ReadAction\",\"target\":[\"https:\/\/tiandeproducts.co.uk\/lt\/kuno-losjonas-su-granatu-aliejumi-250-ml\/\"]}]},{\"@type\":\"ImageObject\",\"inLanguage\":\"lt-LT\",\"@id\":\"https:\/\/tiandeproducts.co.uk\/lt\/kuno-losjonas-su-granatu-aliejumi-250-ml\/#primaryimage\",\"url\":\"https:\/\/tiandeproducts.co.uk\/wp-content\/uploads\/36601.png\",\"contentUrl\":\"https:\/\/tiandeproducts.co.uk\/wp-content\/uploads\/36601.png\",\"width\":700,\"height\":700},{\"@type\":\"BreadcrumbList\",\"@id\":\"https:\/\/tiandeproducts.co.uk\/lt\/kuno-losjonas-su-granatu-aliejumi-250-ml\/#breadcrumb\",\"itemListElement\":[{\"@type\":\"ListItem\",\"position\":1,\"name\":\"Home\",\"item\":\"https:\/\/tiandeproducts.co.uk\/lt\/\"},{\"@type\":\"ListItem\",\"position\":2,\"name\":\"Shop\",\"item\":\"https:\/\/tiandeproducts.co.uk\/lt\/shop-2\/\"},{\"@type\":\"ListItem\",\"position\":3,\"name\":\"K\u016bno losjonas su granat\u0173 aliejumi 250 ml.\"}]},{\"@type\":\"WebSite\",\"@id\":\"https:\/\/tiandeproducts.co.uk\/#website\",\"url\":\"https:\/\/tiandeproducts.co.uk\/\",\"name\":\"TianDe Online Shop - Beauty & Health\",\"description\":\"Traditional Chinese Medicine\",\"potentialAction\":[{\"@type\":\"SearchAction\",\"target\":{\"@type\":\"EntryPoint\",\"urlTemplate\":\"https:\/\/tiandeproducts.co.uk\/?s={search_term_string}\"},\"query-input\":{\"@type\":\"PropertyValueSpecification\",\"valueRequired\":true,\"valueName\":\"search_term_string\"}}],\"inLanguage\":\"lt-LT\"}]}<\/script>\n<!-- \/ Yoast SEO plugin. -->","yoast_head_json":{"title":"K\u016bno losjonas su granat\u0173 aliejumi 250 ml. - TianDe Online Shop - Beauty &amp; Health","robots":{"index":"index","follow":"follow","max-snippet":"max-snippet:-1","max-image-preview":"max-image-preview:large","max-video-preview":"max-video-preview:-1"},"canonical":"https:\/\/tiandeproducts.co.uk\/lt\/kuno-losjonas-su-granatu-aliejumi-250-ml\/","og_locale":"lt_LT","og_type":"article","og_title":"K\u016bno losjonas su granat\u0173 aliejumi 250 ml. - TianDe Online Shop - Beauty &amp; Health","og_description":"\u00a0Earn 17 points worth \u00a30.85 when buying this product I\u0161eik i\u0161 vonios kaip deiv\u0117! Ar norite pajusti lengv\u0105 Vidur\u017eemio j\u016bros v\u0117j\u0105, subtil\u0173 aromat\u0105 ir ne\u012ftik\u0117tin\u0105 odos \u0161velnum\u0105 po vandens proced\u016br\u0173? Pasijusk kaip tikra deiv\u0117 su k\u016bno losjonu i\u0161 prabangios \u201eCyprida\u201c kolekcijos! Losjonas su sultingu granat\u0173 aliejumi, D-pantenoliu ir bi\u010di\u0173 va\u0161ku atstatys J\u016bs\u0173 odos \u0161velnum\u0105. Tai [...]","og_url":"https:\/\/tiandeproducts.co.uk\/lt\/kuno-losjonas-su-granatu-aliejumi-250-ml\/","og_site_name":"TianDe Online Shop - Beauty &amp; Health","article_publisher":"https:\/\/www.facebook.com\/tiande.products.england\/","article_modified_time":"2021-02-05T17:41:45+00:00","og_image":[{"width":700,"height":700,"url":"https:\/\/tiandeproducts.co.uk\/wp-content\/uploads\/36601.png","type":"image\/png"}],"twitter_card":"summary_large_image","twitter_misc":{"Est. reading time":"1 minut\u0117"},"schema":{"@context":"https:\/\/schema.org","@graph":[{"@type":"WebPage","@id":"https:\/\/tiandeproducts.co.uk\/lt\/kuno-losjonas-su-granatu-aliejumi-250-ml\/","url":"https:\/\/tiandeproducts.co.uk\/lt\/kuno-losjonas-su-granatu-aliejumi-250-ml\/","name":"K\u016bno losjonas su granat\u0173 aliejumi 250 ml. - TianDe Online Shop - Beauty &amp; Health","isPartOf":{"@id":"https:\/\/tiandeproducts.co.uk\/#website"},"primaryImageOfPage":{"@id":"https:\/\/tiandeproducts.co.uk\/lt\/kuno-losjonas-su-granatu-aliejumi-250-ml\/#primaryimage"},"image":{"@id":"https:\/\/tiandeproducts.co.uk\/lt\/kuno-losjonas-su-granatu-aliejumi-250-ml\/#primaryimage"},"thumbnailUrl":"https:\/\/tiandeproducts.co.uk\/wp-content\/uploads\/36601.png","datePublished":"2020-09-22T10:18:32+00:00","dateModified":"2021-02-05T17:41:45+00:00","breadcrumb":{"@id":"https:\/\/tiandeproducts.co.uk\/lt\/kuno-losjonas-su-granatu-aliejumi-250-ml\/#breadcrumb"},"inLanguage":"lt-LT","potentialAction":[{"@type":"ReadAction","target":["https:\/\/tiandeproducts.co.uk\/lt\/kuno-losjonas-su-granatu-aliejumi-250-ml\/"]}]},{"@type":"ImageObject","inLanguage":"lt-LT","@id":"https:\/\/tiandeproducts.co.uk\/lt\/kuno-losjonas-su-granatu-aliejumi-250-ml\/#primaryimage","url":"https:\/\/tiandeproducts.co.uk\/wp-content\/uploads\/36601.png","contentUrl":"https:\/\/tiandeproducts.co.uk\/wp-content\/uploads\/36601.png","width":700,"height":700},{"@type":"BreadcrumbList","@id":"https:\/\/tiandeproducts.co.uk\/lt\/kuno-losjonas-su-granatu-aliejumi-250-ml\/#breadcrumb","itemListElement":[{"@type":"ListItem","position":1,"name":"Home","item":"https:\/\/tiandeproducts.co.uk\/lt\/"},{"@type":"ListItem","position":2,"name":"Shop","item":"https:\/\/tiandeproducts.co.uk\/lt\/shop-2\/"},{"@type":"ListItem","position":3,"name":"K\u016bno losjonas su granat\u0173 aliejumi 250 ml."}]},{"@type":"WebSite","@id":"https:\/\/tiandeproducts.co.uk\/#website","url":"https:\/\/tiandeproducts.co.uk\/","name":"TianDe Online Shop - Beauty & Health","description":"Traditional Chinese Medicine","potentialAction":[{"@type":"SearchAction","target":{"@type":"EntryPoint","urlTemplate":"https:\/\/tiandeproducts.co.uk\/?s={search_term_string}"},"query-input":{"@type":"PropertyValueSpecification","valueRequired":true,"valueName":"search_term_string"}}],"inLanguage":"lt-LT"}]}},"_links":{"self":[{"href":"https:\/\/tiandeproducts.co.uk\/lt\/wp-json\/wp\/v2\/product\/14752","targetHints":{"allow":["GET"]}}],"collection":[{"href":"https:\/\/tiandeproducts.co.uk\/lt\/wp-json\/wp\/v2\/product"}],"about":[{"href":"https:\/\/tiandeproducts.co.uk\/lt\/wp-json\/wp\/v2\/types\/product"}],"replies":[{"embeddable":true,"href":"https:\/\/tiandeproducts.co.uk\/lt\/wp-json\/wp\/v2\/comments?post=14752"}],"wp:featuredmedia":[{"embeddable":true,"href":"https:\/\/tiandeproducts.co.uk\/lt\/wp-json\/wp\/v2\/media\/14558"}],"wp:attachment":[{"href":"https:\/\/tiandeproducts.co.uk\/lt\/wp-json\/wp\/v2\/media?parent=14752"}],"wp:term":[{"taxonomy":"product_cat","embeddable":true,"href":"https:\/\/tiandeproducts.co.uk\/lt\/wp-json\/wp\/v2\/product_cat?post=14752"},{"taxonomy":"product_tag","embeddable":true,"href":"https:\/\/tiandeproducts.co.uk\/lt\/wp-json\/wp\/v2\/product_tag?post=14752"}],"curies":[{"name":"wp","href":"https:\/\/api.w.org\/{rel}","templated":true}]}}