{"id":14750,"date":"2020-09-22T11:26:53","date_gmt":"2020-09-22T10:26:53","guid":{"rendered":"https:\/\/www.tiandeproducts.co.uk\/vita-derm-apsauginis-kremas-veidui-nuo-melynosios-ekranu-sviesos-50-g\/"},"modified":"2021-02-05T17:39:40","modified_gmt":"2021-02-05T17:39:40","slug":"vita-derm-apsauginis-kremas-veidui-nuo-melynosios-ekranu-sviesos-50-g","status":"publish","type":"product","link":"https:\/\/tiandeproducts.co.uk\/lt\/vita-derm-apsauginis-kremas-veidui-nuo-melynosios-ekranu-sviesos-50-g\/","title":{"rendered":"Vita derm apsauginis kremas veidui nuo m\u0117lynosios ekran\u0173 \u0161viesos 50 g."},"content":{"rendered":"<p><img decoding=\"async\" style=\"max-width: 16px; margin-right: 5px;\" src=\"https:\/\/tiandeproducts.co.uk\/wp-content\/uploads\/points-green.svg\" \/>\u00a0Earn 29 points worth \u00a31.45 when buying this product<\/p>\n<p><strong>Sustabdykite \u201eskaitmenin\u012f sen\u0117jim\u0105\u201c!<\/strong><\/p>\n<p>Kaip da\u017enai naudojate i\u0161man\u0173j\u012f telefon\u0105, plan\u0161etin\u012f kompiuter\u012f ar kompiuter\u012f? Tikriausiai gana da\u017enai\u2026<\/p>\n<p>Mokslininkai nustat\u0117, kad visi monitoriai, ekranai ir net energij\u0105 taupan\u010dios lemput\u0117s skleid\u017eia m\u0117lyn\u0105 \u0161vies\u0105, o tai neigiamai veikia od\u0105. HEV spinduliuot\u0117 prasiskverbia giliai \u012f odos sluoksnius, d\u0117l to oda pradeda anks\u010diau senti ir i\u0161ry\u0161k\u0117ja pigmentacija. Kaip nuo to apsisaugoti? Stipr\u016bs antioksidantai!<\/p>\n<p>Atkuriamasis ir apsauginis veido kremas \u201eVita Derm\u201c, pagr\u012fstas patentuotu antioksidant\u0173 kompleksu Myramaze\u2122, vitaminu C ir dr\u0117kinan\u010diais bei regeneruojan\u010diais ingredientais:<\/p>\n<ul>\n<li>apsaugo od\u0105 nuo HEV spinduliuot\u0117s, taip u\u017ekertant keli\u0105 \u201eskaitmeniniam sen\u0117jimui\u201c;<\/li>\n<li>regeneruoja ir stiprina odos hidrolipidin\u012f barjer\u0105;<\/li>\n<li>neutralizuoja oksidacin\u012f stres\u0105;<\/li>\n<li>apsaugo od\u0105 nuo dehidratacijos;<\/li>\n<li>\u0161velniai regeneruoja;<\/li>\n<li>i\u0161lygina mimikos rauk\u0161les.<\/li>\n<\/ul>\n<p>Regeneruojantis ir apsauginis odos kremas taip pat praturtintas UV filtru. Jis specialiai sukurtas normaliai odai.<\/p>\n<p><strong>Naudojimas:<\/strong> \u0161velniais sukamaisiais judesiais tepkite nedidel\u012f kiek\u012f kremo ant i\u0161 anksto nuvalytos veido ir kaklo odos (i\u0161skyrus srit\u012f aplink akis). Nor\u0117dami padidinti efekt\u0105, naudokite ryte ir vakare.<\/p>\n<p><em><strong><span class=\"tlid-translation translation\" lang=\"lt\">Veikl\u016bs komponentai:<\/span><\/strong><\/em><\/p>\n<p><em><span class=\"tlid-translation translation\" lang=\"lt\">\u201eMyramaze\u201c kompleksas &#8211; myrothamnus augalas, taip pat \u017einomas kaip prisik\u0117limo augalas, yra antioksidant\u0173 komplekso pagrindas. Jis naudojamas i\u0161laikyti od\u0105 hidratuot\u0105 ir apsaugoti j\u0105 nuo ekstremali\u0173 temperat\u016br\u0173 ir neigiamo i\u0161orin\u0117s aplinkos poveikio. Tai labai galingas antioksidantas, kuris pagreitina regeneracinius procesus ir padeda odai i\u0161laikyti jaunyst\u0119.<\/span><\/em><\/p>\n<p><em><span class=\"tlid-translation translation\" lang=\"lt\">Beta gliukanas stimuliuoja nat\u016bralius odos atsinaujinimo procesus, padidina jos stangrum\u0105 ir elastingum\u0105 bei i\u0161lygina smulkias rauk\u0161les.<\/span><\/em><\/p>\n<p><em><span class=\"tlid-translation translation\" lang=\"lt\">Trehaloz\u0117<\/span><span class=\"tlid-translation translation\" lang=\"lt\">\u00a0&#8211; augalinis polisacharidas, padedantis i\u0161laikyti odos dr\u0117gm\u0119 ir i\u0161lyginti rauk\u0161les. Oda tampa elastingesn\u0117.<\/span><\/em><\/p>\n<p><em><span class=\"tlid-translation translation\" lang=\"lt\">Pantenolis<\/span><span class=\"tlid-translation translation\" lang=\"lt\">\u00a0pagreitina odos regeneracijos procesus, i\u0161lygina smulkias linijas, pagerina odos mink\u0161tum\u0105 ir elastingum\u0105, suteikia ger\u0105 spalv\u0105.<\/span><\/em><\/p>\n<p><em><span class=\"tlid-translation translation\" lang=\"lt\">Natrio hialuronatas<\/span><span class=\"tlid-translation translation\" lang=\"lt\">\u00a0intensyviai dr\u0117kina od\u0105, pagerina odos elastingum\u0105, padaro od\u0105 lygesn\u0119. I\u0161lygina smulkias linijas, pagerina odos \u0161velnum\u0105 ir elastingum\u0105.<\/span><\/em><\/p>\n<p><em><span class=\"tlid-translation translation\" lang=\"lt\">Betainas yra aminor\u016bg\u0161tis, gaunama i\u0161 burok\u0117li\u0173 sul\u010di\u0173. Jam b\u016bdinga savyb\u0117 i\u0161laikyti elektrolit\u0173 pusiausvyr\u0105 odoje, i\u0161saugant vandens molekules. Betainas taip pat mink\u0161tina ir lygina od\u0105.<\/span><\/em><\/p>\n<div class=\"text-wrap tlid-copy-target\"><\/div>\n","protected":false},"excerpt":{"rendered":"<p>\u00a0Earn 29 points worth \u00a31.45 when buying this product Sustabdykite \u201eskaitmenin\u012f sen\u0117jim\u0105\u201c! Kaip da\u017enai naudojate i\u0161man\u0173j\u012f telefon\u0105, plan\u0161etin\u012f kompiuter\u012f ar kompiuter\u012f? Tikriausiai gana da\u017enai\u2026 Mokslininkai nustat\u0117, kad visi monitoriai, ekranai ir net energij\u0105 taupan\u010dios lemput\u0117s skleid\u017eia m\u0117lyn\u0105 \u0161vies\u0105, o tai neigiamai veikia od\u0105. HEV spinduliuot\u0117 prasiskverbia giliai \u012f odos sluoksnius, d\u0117l to oda pradeda anks\u010diau [&#8230;]\n","protected":false},"featured_media":14568,"comment_status":"open","ping_status":"closed","template":"","meta":[],"product_cat":[525,524,532,606,506,1321],"product_tag":[],"class_list":{"0":"post-14750","1":"product","2":"type-product","3":"status-publish","4":"has-post-thumbnail","6":"product_cat-antioksidantai","7":"product_cat-brandziai-odai","8":"product_cat-jautriai-odai","9":"product_cat-papildoma-odos-prieziura","10":"product_cat-veidui","11":"product_cat-vita-derm-lt","13":"first","14":"instock","15":"shipping-taxable","16":"purchasable","17":"product-type-simple"},"yoast_head":"<!-- This site is optimized with the Yoast SEO plugin v23.6 - https:\/\/yoast.com\/wordpress\/plugins\/seo\/ -->\n<title>Vita derm apsauginis kremas veidui nuo m\u0117lynosios ekran\u0173 \u0161viesos 50 g. - TianDe Online Shop - Beauty &amp; Health<\/title>\n<meta name=\"robots\" content=\"index, follow, max-snippet:-1, max-image-preview:large, max-video-preview:-1\" \/>\n<link rel=\"canonical\" href=\"https:\/\/tiandeproducts.co.uk\/lt\/vita-derm-apsauginis-kremas-veidui-nuo-melynosios-ekranu-sviesos-50-g\/\" \/>\n<meta property=\"og:locale\" content=\"lt_LT\" \/>\n<meta property=\"og:type\" content=\"article\" \/>\n<meta property=\"og:title\" content=\"Vita derm apsauginis kremas veidui nuo m\u0117lynosios ekran\u0173 \u0161viesos 50 g. - TianDe Online Shop - Beauty &amp; Health\" \/>\n<meta property=\"og:description\" content=\"\u00a0Earn 29 points worth \u00a31.45 when buying this product Sustabdykite \u201eskaitmenin\u012f sen\u0117jim\u0105\u201c! Kaip da\u017enai naudojate i\u0161man\u0173j\u012f telefon\u0105, plan\u0161etin\u012f kompiuter\u012f ar kompiuter\u012f? Tikriausiai gana da\u017enai\u2026 Mokslininkai nustat\u0117, kad visi monitoriai, ekranai ir net energij\u0105 taupan\u010dios lemput\u0117s skleid\u017eia m\u0117lyn\u0105 \u0161vies\u0105, o tai neigiamai veikia od\u0105. HEV spinduliuot\u0117 prasiskverbia giliai \u012f odos sluoksnius, d\u0117l to oda pradeda anks\u010diau [...]\" \/>\n<meta property=\"og:url\" content=\"https:\/\/tiandeproducts.co.uk\/lt\/vita-derm-apsauginis-kremas-veidui-nuo-melynosios-ekranu-sviesos-50-g\/\" \/>\n<meta property=\"og:site_name\" content=\"TianDe Online Shop - Beauty &amp; Health\" \/>\n<meta property=\"article:publisher\" content=\"https:\/\/www.facebook.com\/tiande.products.england\/\" \/>\n<meta property=\"article:modified_time\" content=\"2021-02-05T17:39:40+00:00\" \/>\n<meta property=\"og:image\" content=\"https:\/\/tiandeproducts.co.uk\/wp-content\/uploads\/16306.png\" \/>\n\t<meta property=\"og:image:width\" content=\"700\" \/>\n\t<meta property=\"og:image:height\" content=\"700\" \/>\n\t<meta property=\"og:image:type\" content=\"image\/png\" \/>\n<meta name=\"twitter:card\" content=\"summary_large_image\" \/>\n<meta name=\"twitter:label1\" content=\"Est. reading time\" \/>\n\t<meta name=\"twitter:data1\" content=\"2 minut\u0117s\" \/>\n<script type=\"application\/ld+json\" class=\"yoast-schema-graph\">{\"@context\":\"https:\/\/schema.org\",\"@graph\":[{\"@type\":\"WebPage\",\"@id\":\"https:\/\/tiandeproducts.co.uk\/lt\/vita-derm-apsauginis-kremas-veidui-nuo-melynosios-ekranu-sviesos-50-g\/\",\"url\":\"https:\/\/tiandeproducts.co.uk\/lt\/vita-derm-apsauginis-kremas-veidui-nuo-melynosios-ekranu-sviesos-50-g\/\",\"name\":\"Vita derm apsauginis kremas veidui nuo m\u0117lynosios ekran\u0173 \u0161viesos 50 g. - TianDe Online Shop - Beauty &amp; Health\",\"isPartOf\":{\"@id\":\"https:\/\/tiandeproducts.co.uk\/#website\"},\"primaryImageOfPage\":{\"@id\":\"https:\/\/tiandeproducts.co.uk\/lt\/vita-derm-apsauginis-kremas-veidui-nuo-melynosios-ekranu-sviesos-50-g\/#primaryimage\"},\"image\":{\"@id\":\"https:\/\/tiandeproducts.co.uk\/lt\/vita-derm-apsauginis-kremas-veidui-nuo-melynosios-ekranu-sviesos-50-g\/#primaryimage\"},\"thumbnailUrl\":\"https:\/\/tiandeproducts.co.uk\/wp-content\/uploads\/16306.png\",\"datePublished\":\"2020-09-22T10:26:53+00:00\",\"dateModified\":\"2021-02-05T17:39:40+00:00\",\"breadcrumb\":{\"@id\":\"https:\/\/tiandeproducts.co.uk\/lt\/vita-derm-apsauginis-kremas-veidui-nuo-melynosios-ekranu-sviesos-50-g\/#breadcrumb\"},\"inLanguage\":\"lt-LT\",\"potentialAction\":[{\"@type\":\"ReadAction\",\"target\":[\"https:\/\/tiandeproducts.co.uk\/lt\/vita-derm-apsauginis-kremas-veidui-nuo-melynosios-ekranu-sviesos-50-g\/\"]}]},{\"@type\":\"ImageObject\",\"inLanguage\":\"lt-LT\",\"@id\":\"https:\/\/tiandeproducts.co.uk\/lt\/vita-derm-apsauginis-kremas-veidui-nuo-melynosios-ekranu-sviesos-50-g\/#primaryimage\",\"url\":\"https:\/\/tiandeproducts.co.uk\/wp-content\/uploads\/16306.png\",\"contentUrl\":\"https:\/\/tiandeproducts.co.uk\/wp-content\/uploads\/16306.png\",\"width\":700,\"height\":700},{\"@type\":\"BreadcrumbList\",\"@id\":\"https:\/\/tiandeproducts.co.uk\/lt\/vita-derm-apsauginis-kremas-veidui-nuo-melynosios-ekranu-sviesos-50-g\/#breadcrumb\",\"itemListElement\":[{\"@type\":\"ListItem\",\"position\":1,\"name\":\"Home\",\"item\":\"https:\/\/tiandeproducts.co.uk\/lt\/\"},{\"@type\":\"ListItem\",\"position\":2,\"name\":\"Shop\",\"item\":\"https:\/\/tiandeproducts.co.uk\/lt\/shop-2\/\"},{\"@type\":\"ListItem\",\"position\":3,\"name\":\"Vita derm apsauginis kremas veidui nuo m\u0117lynosios ekran\u0173 \u0161viesos 50 g.\"}]},{\"@type\":\"WebSite\",\"@id\":\"https:\/\/tiandeproducts.co.uk\/#website\",\"url\":\"https:\/\/tiandeproducts.co.uk\/\",\"name\":\"TianDe Online Shop - Beauty & Health\",\"description\":\"Traditional Chinese Medicine\",\"potentialAction\":[{\"@type\":\"SearchAction\",\"target\":{\"@type\":\"EntryPoint\",\"urlTemplate\":\"https:\/\/tiandeproducts.co.uk\/?s={search_term_string}\"},\"query-input\":{\"@type\":\"PropertyValueSpecification\",\"valueRequired\":true,\"valueName\":\"search_term_string\"}}],\"inLanguage\":\"lt-LT\"}]}<\/script>\n<!-- \/ Yoast SEO plugin. -->","yoast_head_json":{"title":"Vita derm apsauginis kremas veidui nuo m\u0117lynosios ekran\u0173 \u0161viesos 50 g. - TianDe Online Shop - Beauty &amp; Health","robots":{"index":"index","follow":"follow","max-snippet":"max-snippet:-1","max-image-preview":"max-image-preview:large","max-video-preview":"max-video-preview:-1"},"canonical":"https:\/\/tiandeproducts.co.uk\/lt\/vita-derm-apsauginis-kremas-veidui-nuo-melynosios-ekranu-sviesos-50-g\/","og_locale":"lt_LT","og_type":"article","og_title":"Vita derm apsauginis kremas veidui nuo m\u0117lynosios ekran\u0173 \u0161viesos 50 g. - TianDe Online Shop - Beauty &amp; Health","og_description":"\u00a0Earn 29 points worth \u00a31.45 when buying this product Sustabdykite \u201eskaitmenin\u012f sen\u0117jim\u0105\u201c! Kaip da\u017enai naudojate i\u0161man\u0173j\u012f telefon\u0105, plan\u0161etin\u012f kompiuter\u012f ar kompiuter\u012f? Tikriausiai gana da\u017enai\u2026 Mokslininkai nustat\u0117, kad visi monitoriai, ekranai ir net energij\u0105 taupan\u010dios lemput\u0117s skleid\u017eia m\u0117lyn\u0105 \u0161vies\u0105, o tai neigiamai veikia od\u0105. HEV spinduliuot\u0117 prasiskverbia giliai \u012f odos sluoksnius, d\u0117l to oda pradeda anks\u010diau [...]","og_url":"https:\/\/tiandeproducts.co.uk\/lt\/vita-derm-apsauginis-kremas-veidui-nuo-melynosios-ekranu-sviesos-50-g\/","og_site_name":"TianDe Online Shop - Beauty &amp; Health","article_publisher":"https:\/\/www.facebook.com\/tiande.products.england\/","article_modified_time":"2021-02-05T17:39:40+00:00","og_image":[{"width":700,"height":700,"url":"https:\/\/tiandeproducts.co.uk\/wp-content\/uploads\/16306.png","type":"image\/png"}],"twitter_card":"summary_large_image","twitter_misc":{"Est. reading time":"2 minut\u0117s"},"schema":{"@context":"https:\/\/schema.org","@graph":[{"@type":"WebPage","@id":"https:\/\/tiandeproducts.co.uk\/lt\/vita-derm-apsauginis-kremas-veidui-nuo-melynosios-ekranu-sviesos-50-g\/","url":"https:\/\/tiandeproducts.co.uk\/lt\/vita-derm-apsauginis-kremas-veidui-nuo-melynosios-ekranu-sviesos-50-g\/","name":"Vita derm apsauginis kremas veidui nuo m\u0117lynosios ekran\u0173 \u0161viesos 50 g. - TianDe Online Shop - Beauty &amp; Health","isPartOf":{"@id":"https:\/\/tiandeproducts.co.uk\/#website"},"primaryImageOfPage":{"@id":"https:\/\/tiandeproducts.co.uk\/lt\/vita-derm-apsauginis-kremas-veidui-nuo-melynosios-ekranu-sviesos-50-g\/#primaryimage"},"image":{"@id":"https:\/\/tiandeproducts.co.uk\/lt\/vita-derm-apsauginis-kremas-veidui-nuo-melynosios-ekranu-sviesos-50-g\/#primaryimage"},"thumbnailUrl":"https:\/\/tiandeproducts.co.uk\/wp-content\/uploads\/16306.png","datePublished":"2020-09-22T10:26:53+00:00","dateModified":"2021-02-05T17:39:40+00:00","breadcrumb":{"@id":"https:\/\/tiandeproducts.co.uk\/lt\/vita-derm-apsauginis-kremas-veidui-nuo-melynosios-ekranu-sviesos-50-g\/#breadcrumb"},"inLanguage":"lt-LT","potentialAction":[{"@type":"ReadAction","target":["https:\/\/tiandeproducts.co.uk\/lt\/vita-derm-apsauginis-kremas-veidui-nuo-melynosios-ekranu-sviesos-50-g\/"]}]},{"@type":"ImageObject","inLanguage":"lt-LT","@id":"https:\/\/tiandeproducts.co.uk\/lt\/vita-derm-apsauginis-kremas-veidui-nuo-melynosios-ekranu-sviesos-50-g\/#primaryimage","url":"https:\/\/tiandeproducts.co.uk\/wp-content\/uploads\/16306.png","contentUrl":"https:\/\/tiandeproducts.co.uk\/wp-content\/uploads\/16306.png","width":700,"height":700},{"@type":"BreadcrumbList","@id":"https:\/\/tiandeproducts.co.uk\/lt\/vita-derm-apsauginis-kremas-veidui-nuo-melynosios-ekranu-sviesos-50-g\/#breadcrumb","itemListElement":[{"@type":"ListItem","position":1,"name":"Home","item":"https:\/\/tiandeproducts.co.uk\/lt\/"},{"@type":"ListItem","position":2,"name":"Shop","item":"https:\/\/tiandeproducts.co.uk\/lt\/shop-2\/"},{"@type":"ListItem","position":3,"name":"Vita derm apsauginis kremas veidui nuo m\u0117lynosios ekran\u0173 \u0161viesos 50 g."}]},{"@type":"WebSite","@id":"https:\/\/tiandeproducts.co.uk\/#website","url":"https:\/\/tiandeproducts.co.uk\/","name":"TianDe Online Shop - Beauty & Health","description":"Traditional Chinese Medicine","potentialAction":[{"@type":"SearchAction","target":{"@type":"EntryPoint","urlTemplate":"https:\/\/tiandeproducts.co.uk\/?s={search_term_string}"},"query-input":{"@type":"PropertyValueSpecification","valueRequired":true,"valueName":"search_term_string"}}],"inLanguage":"lt-LT"}]}},"_links":{"self":[{"href":"https:\/\/tiandeproducts.co.uk\/lt\/wp-json\/wp\/v2\/product\/14750","targetHints":{"allow":["GET"]}}],"collection":[{"href":"https:\/\/tiandeproducts.co.uk\/lt\/wp-json\/wp\/v2\/product"}],"about":[{"href":"https:\/\/tiandeproducts.co.uk\/lt\/wp-json\/wp\/v2\/types\/product"}],"replies":[{"embeddable":true,"href":"https:\/\/tiandeproducts.co.uk\/lt\/wp-json\/wp\/v2\/comments?post=14750"}],"wp:featuredmedia":[{"embeddable":true,"href":"https:\/\/tiandeproducts.co.uk\/lt\/wp-json\/wp\/v2\/media\/14568"}],"wp:attachment":[{"href":"https:\/\/tiandeproducts.co.uk\/lt\/wp-json\/wp\/v2\/media?parent=14750"}],"wp:term":[{"taxonomy":"product_cat","embeddable":true,"href":"https:\/\/tiandeproducts.co.uk\/lt\/wp-json\/wp\/v2\/product_cat?post=14750"},{"taxonomy":"product_tag","embeddable":true,"href":"https:\/\/tiandeproducts.co.uk\/lt\/wp-json\/wp\/v2\/product_tag?post=14750"}],"curies":[{"name":"wp","href":"https:\/\/api.w.org\/{rel}","templated":true}]}}