{"id":13617,"date":"2020-02-21T12:31:00","date_gmt":"2020-03-05T10:20:47","guid":{"rendered":"https:\/\/www.tiandeproducts.co.uk\/?post_type=product&#038;p=13617"},"modified":"2021-02-05T18:13:17","modified_gmt":"2021-02-05T18:13:17","slug":"pleistras-kauke-alkunems-ir-kulnams-is-korejietiskos-linijos-choahae2-vnt","status":"publish","type":"product","link":"https:\/\/tiandeproducts.co.uk\/lt\/pleistras-kauke-alkunems-ir-kulnams-is-korejietiskos-linijos-choahae2-vnt\/","title":{"rendered":"Pleistras &#8211; kauk\u0117 alk\u016bn\u0117ms ir kulnams i\u0161 Kor\u0117jieti\u0161kos linijos Choahae,2 vnt."},"content":{"rendered":"<p><img decoding=\"async\" style=\"max-width: 16px; margin-right: 5px;\" src=\"https:\/\/tiandeproducts.co.uk\/wp-content\/uploads\/points-green.svg\" \/>\u00a0Earn 12 points worth \u00a30.60 when buying this product<\/p>\n<p><strong>Ypatinga mink\u0161tinama kauk\u0117 kor\u0117jieti\u0161ku TianDe akcentu!<\/strong><\/p>\n<p>Sausos alk\u016bn\u0117s ir stand\u016bs kulniukai jau praeityje! Laikas atkurti j\u0173 mink\u0161tum\u0105 ir gerai pri\u017ei\u016br\u0117t\u0105 i\u0161vaizd\u0105! Kauk\u0117s apvyniojimas kulnams ir alk\u016bn\u0117s i\u0161 kor\u0117jieti\u0161kos kosmetikos \u201eChoahae *\u201c linijos &#8211; salon\u0173 prie\u017ei\u016bra visur, kur Jums patogu!<\/p>\n<ul>\n<li>veiksmingai mink\u0161tina od\u0105;<\/li>\n<li>prisideda prie maksimalaus pa\u017eeistos odos atsigavimo;<\/li>\n<li>prisotina dr\u0117gme ir padidina elastingum\u0105;<\/li>\n<li>oda tampa \u0161velni ir elastinga.<\/li>\n<\/ul>\n<p>Nereikia gai\u0161ti savo laiko! Tiesiog klijuokite pleistr\u0105 ant alk\u016bni\u0173 ir kuln\u0173 ir atlikite \u012fprastus veiksmus. Pleistras atrodo kaip keturi\u0173 lap\u0173 dobilas. D\u0117l \u0161ios formos jis tvirtai prisitvirtina, o tai, viena vertus, prisideda prie greito odos mink\u0161tinimo, kita vertus, suteikia komforto.<br \/>\nU\u017ed\u0117jus kauk\u0119, keratinizuotas epidermio sluoksnis sumink\u0161t\u0117ja. Ma\u017edaug tas pats atsitinka, jei kojas plaunate vonioje, tik kauk\u0117s atveju mink\u0161t\u0117jimo procesas vyksta ne d\u0117l gar\u0173, o d\u0117l aktyvi\u0173 komponent\u0173.<\/p>\n<div class=\"text_exposed_show\">\n<p>Po kauk\u0117s oda taps \u0161velni, kietas negyv\u0173 l\u0105steli\u0173 sluoksnis lengvai nueis. Nebijokite, per kelias dienas nerasite jokios \u201evarnal\u0117\u0161os\u201c odos. Tik esteti\u0161kai atrodantis p\u0117d\u0173 ir alk\u016bni\u0173 vaizdas. Be to, u\u017ed\u0117jus kauk\u0119, kulnai ir alk\u016bn\u0117s ilg\u0105 laik\u0105 i\u0161laikys patraukli\u0105 i\u0161vaizd\u0105. Svarbiausia, nepamir\u0161kite papildyti savo kasdien\u0117s k\u016bno prie\u017ei\u016bros savo m\u0117gstamu \u201eTianDe\u201c p\u0117d\u0173 ir rank\u0173 kremu.<\/p>\n<p>Nusi\u0117m\u0119 pleistr\u0105 kauk\u0119, b\u016btinai nuvalykite od\u0105 servet\u0117le, patepkite maitinamuoju kremu. Kauk\u0117 skatina intensyv\u0173 odos atstatym\u0105, prisotina j\u0105 dr\u0117gme ir suteikia sausai odai pri\u017ei\u016br\u0117tos odos i\u0161vaizd\u0105.<br \/>\n* Choahae &#8211; \u201eChoahae\u201c &#8211; i\u0161vertus i\u0161 kor\u0117jie\u010di\u0173 kalbos rei\u0161kia \u201eman patinki tu!\u201c.<\/p>\n<p><strong>Aktyv\u016bs komponentai:<\/strong><\/p>\n<p>Mikrokristalinis va\u0161kas &#8211; suteikia odai \u0161velnumo ir \u0161velnumo.<\/p>\n<p>Bi\u010di\u0173 va\u0161kas &#8211; mink\u0161tina ir lygina od\u0105.<\/p>\n<p>Vazelinas &#8211; mink\u0161tina epiderm\u012f, dr\u0117kina od\u0105 ir skatina atsinaujinimo procesus.<\/p>\n<p>Salicilo r\u016bg\u0161tis &#8211; mink\u0161tina od\u0105, padeda pa\u0161alinti negyv\u0105 odos sluoksn\u012f.<\/p>\n<p>Vitaminas E &#8211; maitina, skatina odos atsinaujinim\u0105.<\/p>\n<p>Taukmed\u017eio sviestas &#8211; puikiai mink\u0161tina ir dr\u0117kina, turi antiseptini\u0173 savybi\u0173.<\/p>\n<p>Argano aliejus &#8211; pagreitina nat\u016bral\u0173 odos atsinaujinimo proces\u0105, turi dr\u0117kinam\u0105j\u012f ir maitinam\u0105j\u012f poveik\u012f.<\/p>\n<p>Karbamidas &#8211; palaiko optimali\u0105 odos barjero b\u016bkl\u0119, apsaugo nuo pa\u017eeidim\u0173.<\/p>\n<p>Natrio hialuronatas &#8211; veiksmingai dr\u0117kina od\u0105, atkurdamas jos elastingum\u0105.<\/p>\n<p>Pantenolis &#8211; pagreitina odos atsinaujinimo procesus, padidina jos mink\u0161tum\u0105 ir elastingum\u0105.<\/p>\n<p>Alantoinas &#8211; turi regeneruojant\u012f poveik\u012f, mink\u0161tina ir ramina od\u0105.<\/p>\n<p>Alavijo lap\u0173 ekstraktas &#8211; skatina odos regeneracij\u0105, skatina jos gijim\u0105.<\/p>\n<p><strong>Naudojimas:<\/strong> nuimkite apsaugin\u012f popieri\u0173 ir tvirtai pritvirtinkite pleistr\u0105 ant sausos, nuvalytos kuln\u0173 ar alk\u016bni\u0173 odos. Laikykite 1-2 valandas, atsi\u017evelgiant \u012f epidermio b\u016bkl\u0119, tada nuplaukite od\u0105 vandeniu. Jei reikia, dilde nuimkite surag\u0117jusi\u0105 odel\u0119 nuo kuln\u0173.<\/p>\n<\/div>\n","protected":false},"excerpt":{"rendered":"<p>\u00a0Earn 12 points worth \u00a30.60 when buying this product Ypatinga mink\u0161tinama kauk\u0117 kor\u0117jieti\u0161ku TianDe akcentu! Sausos alk\u016bn\u0117s ir stand\u016bs kulniukai jau praeityje! Laikas atkurti j\u0173 mink\u0161tum\u0105 ir gerai pri\u017ei\u016br\u0117t\u0105 i\u0161vaizd\u0105! Kauk\u0117s apvyniojimas kulnams ir alk\u016bn\u0117s i\u0161 kor\u0117jieti\u0161kos kosmetikos \u201eChoahae *\u201c linijos &#8211; salon\u0173 prie\u017ei\u016bra visur, kur Jums patogu! veiksmingai mink\u0161tina od\u0105; prisideda prie maksimalaus pa\u017eeistos [&#8230;]\n","protected":false},"featured_media":12683,"comment_status":"open","ping_status":"closed","template":"","meta":[],"product_cat":[512],"product_tag":[],"class_list":{"0":"post-13617","1":"product","2":"type-product","3":"status-publish","4":"has-post-thumbnail","6":"product_cat-koju-prieziura","8":"first","9":"instock","10":"shipping-taxable","11":"purchasable","12":"product-type-simple"},"yoast_head":"<!-- This site is optimized with the Yoast SEO plugin v23.6 - https:\/\/yoast.com\/wordpress\/plugins\/seo\/ -->\n<title>Pleistras - kauk\u0117 alk\u016bn\u0117ms ir kulnams i\u0161 Kor\u0117jieti\u0161kos linijos Choahae,2 vnt. - TianDe Online Shop - Beauty &amp; Health<\/title>\n<meta name=\"robots\" content=\"index, follow, max-snippet:-1, max-image-preview:large, max-video-preview:-1\" \/>\n<link rel=\"canonical\" href=\"https:\/\/tiandeproducts.co.uk\/lt\/pleistras-kauke-alkunems-ir-kulnams-is-korejietiskos-linijos-choahae2-vnt\/\" \/>\n<meta property=\"og:locale\" content=\"lt_LT\" \/>\n<meta property=\"og:type\" content=\"article\" \/>\n<meta property=\"og:title\" content=\"Pleistras - kauk\u0117 alk\u016bn\u0117ms ir kulnams i\u0161 Kor\u0117jieti\u0161kos linijos Choahae,2 vnt. - TianDe Online Shop - Beauty &amp; Health\" \/>\n<meta property=\"og:description\" content=\"\u00a0Earn 12 points worth \u00a30.60 when buying this product Ypatinga mink\u0161tinama kauk\u0117 kor\u0117jieti\u0161ku TianDe akcentu! Sausos alk\u016bn\u0117s ir stand\u016bs kulniukai jau praeityje! Laikas atkurti j\u0173 mink\u0161tum\u0105 ir gerai pri\u017ei\u016br\u0117t\u0105 i\u0161vaizd\u0105! Kauk\u0117s apvyniojimas kulnams ir alk\u016bn\u0117s i\u0161 kor\u0117jieti\u0161kos kosmetikos \u201eChoahae *\u201c linijos &#8211; salon\u0173 prie\u017ei\u016bra visur, kur Jums patogu! veiksmingai mink\u0161tina od\u0105; prisideda prie maksimalaus pa\u017eeistos [...]\" \/>\n<meta property=\"og:url\" content=\"https:\/\/tiandeproducts.co.uk\/lt\/pleistras-kauke-alkunems-ir-kulnams-is-korejietiskos-linijos-choahae2-vnt\/\" \/>\n<meta property=\"og:site_name\" content=\"TianDe Online Shop - Beauty &amp; Health\" \/>\n<meta property=\"article:publisher\" content=\"https:\/\/www.facebook.com\/tiande.products.england\/\" \/>\n<meta property=\"article:modified_time\" content=\"2021-02-05T18:13:17+00:00\" \/>\n<meta property=\"og:image\" content=\"https:\/\/tiandeproducts.co.uk\/wp-content\/uploads\/56501.png\" \/>\n\t<meta property=\"og:image:width\" content=\"700\" \/>\n\t<meta property=\"og:image:height\" content=\"700\" \/>\n\t<meta property=\"og:image:type\" content=\"image\/png\" \/>\n<meta name=\"twitter:card\" content=\"summary_large_image\" \/>\n<meta name=\"twitter:label1\" content=\"Est. reading time\" \/>\n\t<meta name=\"twitter:data1\" content=\"2 minut\u0117s\" \/>\n<script type=\"application\/ld+json\" class=\"yoast-schema-graph\">{\"@context\":\"https:\/\/schema.org\",\"@graph\":[{\"@type\":\"WebPage\",\"@id\":\"https:\/\/tiandeproducts.co.uk\/lt\/pleistras-kauke-alkunems-ir-kulnams-is-korejietiskos-linijos-choahae2-vnt\/\",\"url\":\"https:\/\/tiandeproducts.co.uk\/lt\/pleistras-kauke-alkunems-ir-kulnams-is-korejietiskos-linijos-choahae2-vnt\/\",\"name\":\"Pleistras - kauk\u0117 alk\u016bn\u0117ms ir kulnams i\u0161 Kor\u0117jieti\u0161kos linijos Choahae,2 vnt. - TianDe Online Shop - Beauty &amp; Health\",\"isPartOf\":{\"@id\":\"https:\/\/tiandeproducts.co.uk\/#website\"},\"primaryImageOfPage\":{\"@id\":\"https:\/\/tiandeproducts.co.uk\/lt\/pleistras-kauke-alkunems-ir-kulnams-is-korejietiskos-linijos-choahae2-vnt\/#primaryimage\"},\"image\":{\"@id\":\"https:\/\/tiandeproducts.co.uk\/lt\/pleistras-kauke-alkunems-ir-kulnams-is-korejietiskos-linijos-choahae2-vnt\/#primaryimage\"},\"thumbnailUrl\":\"https:\/\/tiandeproducts.co.uk\/wp-content\/uploads\/56501.png\",\"datePublished\":\"2020-03-05T10:20:47+00:00\",\"dateModified\":\"2021-02-05T18:13:17+00:00\",\"breadcrumb\":{\"@id\":\"https:\/\/tiandeproducts.co.uk\/lt\/pleistras-kauke-alkunems-ir-kulnams-is-korejietiskos-linijos-choahae2-vnt\/#breadcrumb\"},\"inLanguage\":\"lt-LT\",\"potentialAction\":[{\"@type\":\"ReadAction\",\"target\":[\"https:\/\/tiandeproducts.co.uk\/lt\/pleistras-kauke-alkunems-ir-kulnams-is-korejietiskos-linijos-choahae2-vnt\/\"]}]},{\"@type\":\"ImageObject\",\"inLanguage\":\"lt-LT\",\"@id\":\"https:\/\/tiandeproducts.co.uk\/lt\/pleistras-kauke-alkunems-ir-kulnams-is-korejietiskos-linijos-choahae2-vnt\/#primaryimage\",\"url\":\"https:\/\/tiandeproducts.co.uk\/wp-content\/uploads\/56501.png\",\"contentUrl\":\"https:\/\/tiandeproducts.co.uk\/wp-content\/uploads\/56501.png\",\"width\":700,\"height\":700},{\"@type\":\"BreadcrumbList\",\"@id\":\"https:\/\/tiandeproducts.co.uk\/lt\/pleistras-kauke-alkunems-ir-kulnams-is-korejietiskos-linijos-choahae2-vnt\/#breadcrumb\",\"itemListElement\":[{\"@type\":\"ListItem\",\"position\":1,\"name\":\"Home\",\"item\":\"https:\/\/tiandeproducts.co.uk\/lt\/\"},{\"@type\":\"ListItem\",\"position\":2,\"name\":\"Shop\",\"item\":\"https:\/\/tiandeproducts.co.uk\/lt\/shop-2\/\"},{\"@type\":\"ListItem\",\"position\":3,\"name\":\"Pleistras &#8211; kauk\u0117 alk\u016bn\u0117ms ir kulnams i\u0161 Kor\u0117jieti\u0161kos linijos Choahae,2 vnt.\"}]},{\"@type\":\"WebSite\",\"@id\":\"https:\/\/tiandeproducts.co.uk\/#website\",\"url\":\"https:\/\/tiandeproducts.co.uk\/\",\"name\":\"TianDe Online Shop - Beauty & Health\",\"description\":\"Traditional Chinese Medicine\",\"potentialAction\":[{\"@type\":\"SearchAction\",\"target\":{\"@type\":\"EntryPoint\",\"urlTemplate\":\"https:\/\/tiandeproducts.co.uk\/?s={search_term_string}\"},\"query-input\":{\"@type\":\"PropertyValueSpecification\",\"valueRequired\":true,\"valueName\":\"search_term_string\"}}],\"inLanguage\":\"lt-LT\"}]}<\/script>\n<!-- \/ Yoast SEO plugin. -->","yoast_head_json":{"title":"Pleistras - kauk\u0117 alk\u016bn\u0117ms ir kulnams i\u0161 Kor\u0117jieti\u0161kos linijos Choahae,2 vnt. - TianDe Online Shop - Beauty &amp; Health","robots":{"index":"index","follow":"follow","max-snippet":"max-snippet:-1","max-image-preview":"max-image-preview:large","max-video-preview":"max-video-preview:-1"},"canonical":"https:\/\/tiandeproducts.co.uk\/lt\/pleistras-kauke-alkunems-ir-kulnams-is-korejietiskos-linijos-choahae2-vnt\/","og_locale":"lt_LT","og_type":"article","og_title":"Pleistras - kauk\u0117 alk\u016bn\u0117ms ir kulnams i\u0161 Kor\u0117jieti\u0161kos linijos Choahae,2 vnt. - TianDe Online Shop - Beauty &amp; Health","og_description":"\u00a0Earn 12 points worth \u00a30.60 when buying this product Ypatinga mink\u0161tinama kauk\u0117 kor\u0117jieti\u0161ku TianDe akcentu! Sausos alk\u016bn\u0117s ir stand\u016bs kulniukai jau praeityje! Laikas atkurti j\u0173 mink\u0161tum\u0105 ir gerai pri\u017ei\u016br\u0117t\u0105 i\u0161vaizd\u0105! Kauk\u0117s apvyniojimas kulnams ir alk\u016bn\u0117s i\u0161 kor\u0117jieti\u0161kos kosmetikos \u201eChoahae *\u201c linijos &#8211; salon\u0173 prie\u017ei\u016bra visur, kur Jums patogu! veiksmingai mink\u0161tina od\u0105; prisideda prie maksimalaus pa\u017eeistos [...]","og_url":"https:\/\/tiandeproducts.co.uk\/lt\/pleistras-kauke-alkunems-ir-kulnams-is-korejietiskos-linijos-choahae2-vnt\/","og_site_name":"TianDe Online Shop - Beauty &amp; Health","article_publisher":"https:\/\/www.facebook.com\/tiande.products.england\/","article_modified_time":"2021-02-05T18:13:17+00:00","og_image":[{"width":700,"height":700,"url":"https:\/\/tiandeproducts.co.uk\/wp-content\/uploads\/56501.png","type":"image\/png"}],"twitter_card":"summary_large_image","twitter_misc":{"Est. reading time":"2 minut\u0117s"},"schema":{"@context":"https:\/\/schema.org","@graph":[{"@type":"WebPage","@id":"https:\/\/tiandeproducts.co.uk\/lt\/pleistras-kauke-alkunems-ir-kulnams-is-korejietiskos-linijos-choahae2-vnt\/","url":"https:\/\/tiandeproducts.co.uk\/lt\/pleistras-kauke-alkunems-ir-kulnams-is-korejietiskos-linijos-choahae2-vnt\/","name":"Pleistras - kauk\u0117 alk\u016bn\u0117ms ir kulnams i\u0161 Kor\u0117jieti\u0161kos linijos Choahae,2 vnt. - TianDe Online Shop - Beauty &amp; Health","isPartOf":{"@id":"https:\/\/tiandeproducts.co.uk\/#website"},"primaryImageOfPage":{"@id":"https:\/\/tiandeproducts.co.uk\/lt\/pleistras-kauke-alkunems-ir-kulnams-is-korejietiskos-linijos-choahae2-vnt\/#primaryimage"},"image":{"@id":"https:\/\/tiandeproducts.co.uk\/lt\/pleistras-kauke-alkunems-ir-kulnams-is-korejietiskos-linijos-choahae2-vnt\/#primaryimage"},"thumbnailUrl":"https:\/\/tiandeproducts.co.uk\/wp-content\/uploads\/56501.png","datePublished":"2020-03-05T10:20:47+00:00","dateModified":"2021-02-05T18:13:17+00:00","breadcrumb":{"@id":"https:\/\/tiandeproducts.co.uk\/lt\/pleistras-kauke-alkunems-ir-kulnams-is-korejietiskos-linijos-choahae2-vnt\/#breadcrumb"},"inLanguage":"lt-LT","potentialAction":[{"@type":"ReadAction","target":["https:\/\/tiandeproducts.co.uk\/lt\/pleistras-kauke-alkunems-ir-kulnams-is-korejietiskos-linijos-choahae2-vnt\/"]}]},{"@type":"ImageObject","inLanguage":"lt-LT","@id":"https:\/\/tiandeproducts.co.uk\/lt\/pleistras-kauke-alkunems-ir-kulnams-is-korejietiskos-linijos-choahae2-vnt\/#primaryimage","url":"https:\/\/tiandeproducts.co.uk\/wp-content\/uploads\/56501.png","contentUrl":"https:\/\/tiandeproducts.co.uk\/wp-content\/uploads\/56501.png","width":700,"height":700},{"@type":"BreadcrumbList","@id":"https:\/\/tiandeproducts.co.uk\/lt\/pleistras-kauke-alkunems-ir-kulnams-is-korejietiskos-linijos-choahae2-vnt\/#breadcrumb","itemListElement":[{"@type":"ListItem","position":1,"name":"Home","item":"https:\/\/tiandeproducts.co.uk\/lt\/"},{"@type":"ListItem","position":2,"name":"Shop","item":"https:\/\/tiandeproducts.co.uk\/lt\/shop-2\/"},{"@type":"ListItem","position":3,"name":"Pleistras &#8211; kauk\u0117 alk\u016bn\u0117ms ir kulnams i\u0161 Kor\u0117jieti\u0161kos linijos Choahae,2 vnt."}]},{"@type":"WebSite","@id":"https:\/\/tiandeproducts.co.uk\/#website","url":"https:\/\/tiandeproducts.co.uk\/","name":"TianDe Online Shop - Beauty & Health","description":"Traditional Chinese Medicine","potentialAction":[{"@type":"SearchAction","target":{"@type":"EntryPoint","urlTemplate":"https:\/\/tiandeproducts.co.uk\/?s={search_term_string}"},"query-input":{"@type":"PropertyValueSpecification","valueRequired":true,"valueName":"search_term_string"}}],"inLanguage":"lt-LT"}]}},"_links":{"self":[{"href":"https:\/\/tiandeproducts.co.uk\/lt\/wp-json\/wp\/v2\/product\/13617","targetHints":{"allow":["GET"]}}],"collection":[{"href":"https:\/\/tiandeproducts.co.uk\/lt\/wp-json\/wp\/v2\/product"}],"about":[{"href":"https:\/\/tiandeproducts.co.uk\/lt\/wp-json\/wp\/v2\/types\/product"}],"replies":[{"embeddable":true,"href":"https:\/\/tiandeproducts.co.uk\/lt\/wp-json\/wp\/v2\/comments?post=13617"}],"wp:featuredmedia":[{"embeddable":true,"href":"https:\/\/tiandeproducts.co.uk\/lt\/wp-json\/wp\/v2\/media\/12683"}],"wp:attachment":[{"href":"https:\/\/tiandeproducts.co.uk\/lt\/wp-json\/wp\/v2\/media?parent=13617"}],"wp:term":[{"taxonomy":"product_cat","embeddable":true,"href":"https:\/\/tiandeproducts.co.uk\/lt\/wp-json\/wp\/v2\/product_cat?post=13617"},{"taxonomy":"product_tag","embeddable":true,"href":"https:\/\/tiandeproducts.co.uk\/lt\/wp-json\/wp\/v2\/product_tag?post=13617"}],"curies":[{"name":"wp","href":"https:\/\/api.w.org\/{rel}","templated":true}]}}