{"id":13501,"date":"2020-03-03T10:26:56","date_gmt":"2020-03-03T10:32:32","guid":{"rendered":"https:\/\/www.tiandeproducts.co.uk\/?post_type=product&#038;p=13501"},"modified":"2021-02-05T18:07:16","modified_gmt":"2021-02-05T18:07:16","slug":"v-line-kauke-smakro-linijai-pakelti-ir-modeliuoti-1vnt","status":"publish","type":"product","link":"https:\/\/tiandeproducts.co.uk\/lt\/v-line-kauke-smakro-linijai-pakelti-ir-modeliuoti-1vnt\/","title":{"rendered":"V-line kauk\u0117 smakro linijai pakelti ir modeliuoti, 1vnt."},"content":{"rendered":"<div class=\"_2cuy _3dgx\" data-block=\"true\" data-editor=\"67g\" data-offset-key=\"cjnp3-0-0\">\n<div data-offset-key=\"8rcai-0-0\"><img decoding=\"async\" style=\"max-width: 16px; margin-right: 5px;\" src=\"https:\/\/tiandeproducts.co.uk\/wp-content\/uploads\/points-green.svg\" \/>\u00a0Earn 13 points worth \u00a30.65 when buying this product<\/div>\n<div data-offset-key=\"8rcai-0-0\"><\/div>\n<div class=\"_1mf _1mj\" data-offset-key=\"8rcai-0-0\"><span data-offset-key=\"8rcai-0-0\">V-line\u201c kauk\u0117, skirta smakro linijai pakelti ir modeliuoti i\u0161 kor\u0117jie\u010di\u0173 gamini\u0173 \u201eChoahae\u201c * &#8211; veikia dviem kryptimis i\u0161 karto! <\/span><\/div>\n<div class=\"_1mf _1mj\" data-offset-key=\"8rcai-0-0\"><span data-offset-key=\"8rcai-0-0\">1. Kaip smakro tvarstis &#8211; kauk\u0117 veikia fizi\u0161kai. : &#8211; padeda i\u0161siugdyti tinkam\u0105 \u012fprot\u012f &#8211; nespauskite smakro prie kaklo;<\/span><\/div>\n<\/div>\n<div class=\"_2cuy _3dgx\" data-block=\"true\" data-editor=\"67g\" data-offset-key=\"u9bv-0-0\">\n<ul>\n<li class=\"_1mf _1mj\" data-offset-key=\"u9bv-0-0\"><span data-offset-key=\"u9bv-0-0\">ver\u017eiasi, imituoja smakro linij\u0105;<\/span><\/li>\n<\/ul>\n<\/div>\n<div class=\"_2cuy _3dgx\" data-block=\"true\" data-editor=\"67g\" data-offset-key=\"6m4vc-0-0\">\n<ul>\n<li class=\"_1mf _1mj\" data-offset-key=\"6m4vc-0-0\"><span data-offset-key=\"6m4vc-0-0\">padeda atsikratyti antrojo smakro;<\/span><\/li>\n<\/ul>\n<\/div>\n<div class=\"_2cuy _3dgx\" data-block=\"true\" data-editor=\"67g\" data-offset-key=\"fm2as-0-0\">\n<ul>\n<li class=\"_1mf _1mj\" data-offset-key=\"fm2as-0-0\"><span data-offset-key=\"fm2as-0-0\">tvirtai priglundantis, suteikia \u0161ilumin\u012f efekt\u0105, pagerinant\u012f aktyvi\u0173 komponent\u0173 veikim\u0105.<\/span><\/li>\n<\/ul>\n<\/div>\n<div class=\"_2cuy _3dgx\" data-block=\"true\" data-editor=\"67g\" data-offset-key=\"1pgnq-0-0\">\n<div class=\"_1mf _1mj\" data-offset-key=\"1pgnq-0-0\"><span data-offset-key=\"1pgnq-0-0\">2. Kaip trapios smakro srities kauk\u0117s model\u012f. Hidrogelio sluoksnis yra \u012fmirkytas aktyvi\u0173 komponent\u0173 kompleksu. D\u0117l aktyvios sud\u0117ties, \u012fskaitant raumenis atpalaiduojant\u012f peptid\u0105, alavijo sultis, kofein\u0105, hialurono r\u016bg\u0161t\u012f, kolagen\u0105 ir adenozin\u0105: &#8211; maitina od\u0105, padeda greitai atkurti kolageno r\u0117m\u0105; &#8211; padidina odos stangrum\u0105 ir elastingum\u0105.<\/span><\/div>\n<\/div>\n<div class=\"_2cuy _3dgx\" data-block=\"true\" data-editor=\"67g\" data-offset-key=\"6c1ql-0-0\">\n<div class=\"_1mf _1mj\" data-offset-key=\"6c1ql-0-0\"><span data-offset-key=\"6c1ql-0-0\">\u201eV\u201c linijos kauk\u0117 d\u0117l glaudaus kontakto su oda, palengvina vis\u0173 verting\u0173 komponent\u0173 \u012fsiskverbim\u0105 \u012f j\u0105 esant maksimaliai koncentracijai ir pasi\u017eymi stipriu kont\u016bro suspaudimo &#8211; pak\u0117limo efektu smakro srityje.<\/span><\/div>\n<\/div>\n<div class=\"_2cuy _3dgx\" data-block=\"true\" data-editor=\"67g\" data-offset-key=\"eebfq-0-0\">\n<div class=\"_1mf _1mj\" data-offset-key=\"eebfq-0-0\"><\/div>\n<div class=\"_1mf _1mj\" data-offset-key=\"eebfq-0-0\"><span data-offset-key=\"eebfq-0-0\">Aktyvus kauk\u0117s hidrogelio sluoksnio tirpalas, dr\u0117kina ir stangrina od\u0105, gerina jos elastingum\u0105. Veido ovalas yra sugrie\u017etintas, smakro forma tampa eleganti\u0161kesn\u0117 ir ai\u0161kesn\u0117.<\/span><\/div>\n<div class=\"_1mf _1mj\" data-offset-key=\"eebfq-0-0\"><\/div>\n<div class=\"_1mf _1mj\" data-offset-key=\"eebfq-0-0\"><strong>Aktyv\u016bs komponentai:<\/strong><\/div>\n<div class=\"_1mf _1mj\" data-offset-key=\"eebfq-0-0\"><\/div>\n<div class=\"_1mf _1mj\" data-offset-key=\"eebfq-0-0\">Alavijo sultys &#8211; ma\u017eina sudirgimo, ramina od\u0105 ir j\u0105 maitina.<\/div>\n<div class=\"_1mf _1mj\" data-offset-key=\"eebfq-0-0\">Kofeinas &#8211; tonizuoja ir sukuria odos kraujotak\u0105.<\/div>\n<div class=\"_1mf _1mj\" data-offset-key=\"eebfq-0-0\">Hialurono r\u016bg\u0161tis &#8211; dr\u0117kina, gerina audini\u0173 regeneracij\u0105.<\/div>\n<div class=\"_1mf _1mj\" data-offset-key=\"eebfq-0-0\">Hidrolizuotas kolagenas &#8211; turi k\u0117limo efekt\u0105 ir galing\u0105 hidratacij\u0105.<\/div>\n<div class=\"_1mf _1mj\" data-offset-key=\"eebfq-0-0\">Adenozinas &#8211; antioksidantas, skatinantis kolageno sintez\u0119.<\/div>\n<div class=\"_1mf _1mj\" data-offset-key=\"eebfq-0-0\">Raumenis atpalaiduojantis peptidas &#8211; sustiprina pak\u0117limo efekt\u0105, ma\u017eina \u012ftamp\u0105 smakro srityje.<\/div>\n<div class=\"_1mf _1mj\" data-offset-key=\"eebfq-0-0\"><\/div>\n<div class=\"_1mf _1mj\" data-offset-key=\"eebfq-0-0\"><span data-offset-key=\"eebfq-0-0\"><strong>Naudojimas:<\/strong> nuimkite apsaugin\u0119 pl\u0117vel\u0119, i\u0161tempkite ir paskirstykite kauk\u0119 ant \u0161varios veido odos i\u0161ilgai smakro kont\u016bro, pritvirtinkite j\u0105 prie aus\u0173 \u0161onini\u0173 ply\u0161i\u0173 pagalba. Palikite 1-2 valandas. Diskomfortas ausies srityje naudojimo metu, rei\u0161kia, kad kauk\u0117 n\u0117ra pakankamai i\u0161tempta. Jis turi b\u016bti pa\u0161alintas ir toliau i\u0161temptas. Kauk\u0119 galima naudoti 1\u20132 kartus. Atidarius laikyti \u0161aldytuve. 1. I\u0161imkite kauk\u0119 i\u0161 pakuot\u0117s, nuimkite apsaugin\u012f sluoksn\u012f. 2. Prie\u0161 u\u017ed\u0117dami kauk\u0119, \u0161iek tiek i\u0161tempkite. 3. Pritvirtinkite kauk\u0119 prie vienos ausies naudodami special\u0119 ang\u0105. 4. Prispauskite kauk\u0119 prie smakro srities ir nukreipkite link prie\u0161ingos ausies. 5. Pritvirtinkite kauk\u0119 prie antrosios ausies, atsargiai sureguliuokite.<\/span><\/div>\n<\/div>\n","protected":false},"excerpt":{"rendered":"<p>\u00a0Earn 13 points worth \u00a30.65 when buying this product V-line\u201c kauk\u0117, skirta smakro linijai pakelti ir modeliuoti i\u0161 kor\u0117jie\u010di\u0173 gamini\u0173 \u201eChoahae\u201c * &#8211; veikia dviem kryptimis i\u0161 karto! 1. Kaip smakro tvarstis &#8211; kauk\u0117 veikia fizi\u0161kai. : &#8211; padeda i\u0161siugdyti tinkam\u0105 \u012fprot\u012f &#8211; nespauskite smakro prie kaklo; ver\u017eiasi, imituoja smakro linij\u0105; padeda atsikratyti antrojo smakro; [&#8230;]\n","protected":false},"featured_media":13496,"comment_status":"open","ping_status":"closed","template":"","meta":[],"product_cat":[562,571,563,506],"product_tag":[],"class_list":{"0":"post-13501","1":"product","2":"type-product","3":"status-publish","4":"has-post-thumbnail","6":"product_cat-kaukes-lt","7":"product_cat-liftingas","8":"product_cat-odos-elastngumas","9":"product_cat-veidui","11":"first","12":"outofstock","13":"shipping-taxable","14":"purchasable","15":"product-type-simple"},"yoast_head":"<!-- This site is optimized with the Yoast SEO plugin v23.6 - https:\/\/yoast.com\/wordpress\/plugins\/seo\/ -->\n<title>V-line kauk\u0117 smakro linijai pakelti ir modeliuoti, 1vnt. - TianDe Online Shop - Beauty &amp; Health<\/title>\n<meta name=\"robots\" content=\"index, follow, max-snippet:-1, max-image-preview:large, max-video-preview:-1\" \/>\n<link rel=\"canonical\" href=\"https:\/\/tiandeproducts.co.uk\/lt\/v-line-kauke-smakro-linijai-pakelti-ir-modeliuoti-1vnt\/\" \/>\n<meta property=\"og:locale\" content=\"lt_LT\" \/>\n<meta property=\"og:type\" content=\"article\" \/>\n<meta property=\"og:title\" content=\"V-line kauk\u0117 smakro linijai pakelti ir modeliuoti, 1vnt. - TianDe Online Shop - Beauty &amp; Health\" \/>\n<meta property=\"og:description\" content=\"\u00a0Earn 13 points worth \u00a30.65 when buying this product V-line\u201c kauk\u0117, skirta smakro linijai pakelti ir modeliuoti i\u0161 kor\u0117jie\u010di\u0173 gamini\u0173 \u201eChoahae\u201c * &#8211; veikia dviem kryptimis i\u0161 karto! 1. Kaip smakro tvarstis &#8211; kauk\u0117 veikia fizi\u0161kai. : &#8211; padeda i\u0161siugdyti tinkam\u0105 \u012fprot\u012f &#8211; nespauskite smakro prie kaklo; ver\u017eiasi, imituoja smakro linij\u0105; padeda atsikratyti antrojo smakro; [...]\" \/>\n<meta property=\"og:url\" content=\"https:\/\/tiandeproducts.co.uk\/lt\/v-line-kauke-smakro-linijai-pakelti-ir-modeliuoti-1vnt\/\" \/>\n<meta property=\"og:site_name\" content=\"TianDe Online Shop - Beauty &amp; Health\" \/>\n<meta property=\"article:publisher\" content=\"https:\/\/www.facebook.com\/tiande.products.england\/\" \/>\n<meta property=\"article:modified_time\" content=\"2021-02-05T18:07:16+00:00\" \/>\n<meta property=\"og:image\" content=\"https:\/\/tiandeproducts.co.uk\/wp-content\/uploads\/56604.png\" \/>\n\t<meta property=\"og:image:width\" content=\"700\" \/>\n\t<meta property=\"og:image:height\" content=\"700\" \/>\n\t<meta property=\"og:image:type\" content=\"image\/png\" \/>\n<meta name=\"twitter:card\" content=\"summary_large_image\" \/>\n<meta name=\"twitter:label1\" content=\"Est. reading time\" \/>\n\t<meta name=\"twitter:data1\" content=\"2 minut\u0117s\" \/>\n<script type=\"application\/ld+json\" class=\"yoast-schema-graph\">{\"@context\":\"https:\/\/schema.org\",\"@graph\":[{\"@type\":\"WebPage\",\"@id\":\"https:\/\/tiandeproducts.co.uk\/lt\/v-line-kauke-smakro-linijai-pakelti-ir-modeliuoti-1vnt\/\",\"url\":\"https:\/\/tiandeproducts.co.uk\/lt\/v-line-kauke-smakro-linijai-pakelti-ir-modeliuoti-1vnt\/\",\"name\":\"V-line kauk\u0117 smakro linijai pakelti ir modeliuoti, 1vnt. - TianDe Online Shop - Beauty &amp; Health\",\"isPartOf\":{\"@id\":\"https:\/\/tiandeproducts.co.uk\/#website\"},\"primaryImageOfPage\":{\"@id\":\"https:\/\/tiandeproducts.co.uk\/lt\/v-line-kauke-smakro-linijai-pakelti-ir-modeliuoti-1vnt\/#primaryimage\"},\"image\":{\"@id\":\"https:\/\/tiandeproducts.co.uk\/lt\/v-line-kauke-smakro-linijai-pakelti-ir-modeliuoti-1vnt\/#primaryimage\"},\"thumbnailUrl\":\"https:\/\/tiandeproducts.co.uk\/wp-content\/uploads\/56604.png\",\"datePublished\":\"2020-03-03T10:32:32+00:00\",\"dateModified\":\"2021-02-05T18:07:16+00:00\",\"breadcrumb\":{\"@id\":\"https:\/\/tiandeproducts.co.uk\/lt\/v-line-kauke-smakro-linijai-pakelti-ir-modeliuoti-1vnt\/#breadcrumb\"},\"inLanguage\":\"lt-LT\",\"potentialAction\":[{\"@type\":\"ReadAction\",\"target\":[\"https:\/\/tiandeproducts.co.uk\/lt\/v-line-kauke-smakro-linijai-pakelti-ir-modeliuoti-1vnt\/\"]}]},{\"@type\":\"ImageObject\",\"inLanguage\":\"lt-LT\",\"@id\":\"https:\/\/tiandeproducts.co.uk\/lt\/v-line-kauke-smakro-linijai-pakelti-ir-modeliuoti-1vnt\/#primaryimage\",\"url\":\"https:\/\/tiandeproducts.co.uk\/wp-content\/uploads\/56604.png\",\"contentUrl\":\"https:\/\/tiandeproducts.co.uk\/wp-content\/uploads\/56604.png\",\"width\":700,\"height\":700},{\"@type\":\"BreadcrumbList\",\"@id\":\"https:\/\/tiandeproducts.co.uk\/lt\/v-line-kauke-smakro-linijai-pakelti-ir-modeliuoti-1vnt\/#breadcrumb\",\"itemListElement\":[{\"@type\":\"ListItem\",\"position\":1,\"name\":\"Home\",\"item\":\"https:\/\/tiandeproducts.co.uk\/lt\/\"},{\"@type\":\"ListItem\",\"position\":2,\"name\":\"Shop\",\"item\":\"https:\/\/tiandeproducts.co.uk\/lt\/shop-2\/\"},{\"@type\":\"ListItem\",\"position\":3,\"name\":\"V-line kauk\u0117 smakro linijai pakelti ir modeliuoti, 1vnt.\"}]},{\"@type\":\"WebSite\",\"@id\":\"https:\/\/tiandeproducts.co.uk\/#website\",\"url\":\"https:\/\/tiandeproducts.co.uk\/\",\"name\":\"TianDe Online Shop - Beauty & Health\",\"description\":\"Traditional Chinese Medicine\",\"potentialAction\":[{\"@type\":\"SearchAction\",\"target\":{\"@type\":\"EntryPoint\",\"urlTemplate\":\"https:\/\/tiandeproducts.co.uk\/?s={search_term_string}\"},\"query-input\":{\"@type\":\"PropertyValueSpecification\",\"valueRequired\":true,\"valueName\":\"search_term_string\"}}],\"inLanguage\":\"lt-LT\"}]}<\/script>\n<!-- \/ Yoast SEO plugin. -->","yoast_head_json":{"title":"V-line kauk\u0117 smakro linijai pakelti ir modeliuoti, 1vnt. - TianDe Online Shop - Beauty &amp; Health","robots":{"index":"index","follow":"follow","max-snippet":"max-snippet:-1","max-image-preview":"max-image-preview:large","max-video-preview":"max-video-preview:-1"},"canonical":"https:\/\/tiandeproducts.co.uk\/lt\/v-line-kauke-smakro-linijai-pakelti-ir-modeliuoti-1vnt\/","og_locale":"lt_LT","og_type":"article","og_title":"V-line kauk\u0117 smakro linijai pakelti ir modeliuoti, 1vnt. - TianDe Online Shop - Beauty &amp; Health","og_description":"\u00a0Earn 13 points worth \u00a30.65 when buying this product V-line\u201c kauk\u0117, skirta smakro linijai pakelti ir modeliuoti i\u0161 kor\u0117jie\u010di\u0173 gamini\u0173 \u201eChoahae\u201c * &#8211; veikia dviem kryptimis i\u0161 karto! 1. Kaip smakro tvarstis &#8211; kauk\u0117 veikia fizi\u0161kai. : &#8211; padeda i\u0161siugdyti tinkam\u0105 \u012fprot\u012f &#8211; nespauskite smakro prie kaklo; ver\u017eiasi, imituoja smakro linij\u0105; padeda atsikratyti antrojo smakro; [...]","og_url":"https:\/\/tiandeproducts.co.uk\/lt\/v-line-kauke-smakro-linijai-pakelti-ir-modeliuoti-1vnt\/","og_site_name":"TianDe Online Shop - Beauty &amp; Health","article_publisher":"https:\/\/www.facebook.com\/tiande.products.england\/","article_modified_time":"2021-02-05T18:07:16+00:00","og_image":[{"width":700,"height":700,"url":"https:\/\/tiandeproducts.co.uk\/wp-content\/uploads\/56604.png","type":"image\/png"}],"twitter_card":"summary_large_image","twitter_misc":{"Est. reading time":"2 minut\u0117s"},"schema":{"@context":"https:\/\/schema.org","@graph":[{"@type":"WebPage","@id":"https:\/\/tiandeproducts.co.uk\/lt\/v-line-kauke-smakro-linijai-pakelti-ir-modeliuoti-1vnt\/","url":"https:\/\/tiandeproducts.co.uk\/lt\/v-line-kauke-smakro-linijai-pakelti-ir-modeliuoti-1vnt\/","name":"V-line kauk\u0117 smakro linijai pakelti ir modeliuoti, 1vnt. - TianDe Online Shop - Beauty &amp; Health","isPartOf":{"@id":"https:\/\/tiandeproducts.co.uk\/#website"},"primaryImageOfPage":{"@id":"https:\/\/tiandeproducts.co.uk\/lt\/v-line-kauke-smakro-linijai-pakelti-ir-modeliuoti-1vnt\/#primaryimage"},"image":{"@id":"https:\/\/tiandeproducts.co.uk\/lt\/v-line-kauke-smakro-linijai-pakelti-ir-modeliuoti-1vnt\/#primaryimage"},"thumbnailUrl":"https:\/\/tiandeproducts.co.uk\/wp-content\/uploads\/56604.png","datePublished":"2020-03-03T10:32:32+00:00","dateModified":"2021-02-05T18:07:16+00:00","breadcrumb":{"@id":"https:\/\/tiandeproducts.co.uk\/lt\/v-line-kauke-smakro-linijai-pakelti-ir-modeliuoti-1vnt\/#breadcrumb"},"inLanguage":"lt-LT","potentialAction":[{"@type":"ReadAction","target":["https:\/\/tiandeproducts.co.uk\/lt\/v-line-kauke-smakro-linijai-pakelti-ir-modeliuoti-1vnt\/"]}]},{"@type":"ImageObject","inLanguage":"lt-LT","@id":"https:\/\/tiandeproducts.co.uk\/lt\/v-line-kauke-smakro-linijai-pakelti-ir-modeliuoti-1vnt\/#primaryimage","url":"https:\/\/tiandeproducts.co.uk\/wp-content\/uploads\/56604.png","contentUrl":"https:\/\/tiandeproducts.co.uk\/wp-content\/uploads\/56604.png","width":700,"height":700},{"@type":"BreadcrumbList","@id":"https:\/\/tiandeproducts.co.uk\/lt\/v-line-kauke-smakro-linijai-pakelti-ir-modeliuoti-1vnt\/#breadcrumb","itemListElement":[{"@type":"ListItem","position":1,"name":"Home","item":"https:\/\/tiandeproducts.co.uk\/lt\/"},{"@type":"ListItem","position":2,"name":"Shop","item":"https:\/\/tiandeproducts.co.uk\/lt\/shop-2\/"},{"@type":"ListItem","position":3,"name":"V-line kauk\u0117 smakro linijai pakelti ir modeliuoti, 1vnt."}]},{"@type":"WebSite","@id":"https:\/\/tiandeproducts.co.uk\/#website","url":"https:\/\/tiandeproducts.co.uk\/","name":"TianDe Online Shop - Beauty & Health","description":"Traditional Chinese Medicine","potentialAction":[{"@type":"SearchAction","target":{"@type":"EntryPoint","urlTemplate":"https:\/\/tiandeproducts.co.uk\/?s={search_term_string}"},"query-input":{"@type":"PropertyValueSpecification","valueRequired":true,"valueName":"search_term_string"}}],"inLanguage":"lt-LT"}]}},"_links":{"self":[{"href":"https:\/\/tiandeproducts.co.uk\/lt\/wp-json\/wp\/v2\/product\/13501","targetHints":{"allow":["GET"]}}],"collection":[{"href":"https:\/\/tiandeproducts.co.uk\/lt\/wp-json\/wp\/v2\/product"}],"about":[{"href":"https:\/\/tiandeproducts.co.uk\/lt\/wp-json\/wp\/v2\/types\/product"}],"replies":[{"embeddable":true,"href":"https:\/\/tiandeproducts.co.uk\/lt\/wp-json\/wp\/v2\/comments?post=13501"}],"wp:featuredmedia":[{"embeddable":true,"href":"https:\/\/tiandeproducts.co.uk\/lt\/wp-json\/wp\/v2\/media\/13496"}],"wp:attachment":[{"href":"https:\/\/tiandeproducts.co.uk\/lt\/wp-json\/wp\/v2\/media?parent=13501"}],"wp:term":[{"taxonomy":"product_cat","embeddable":true,"href":"https:\/\/tiandeproducts.co.uk\/lt\/wp-json\/wp\/v2\/product_cat?post=13501"},{"taxonomy":"product_tag","embeddable":true,"href":"https:\/\/tiandeproducts.co.uk\/lt\/wp-json\/wp\/v2\/product_tag?post=13501"}],"curies":[{"name":"wp","href":"https:\/\/api.w.org\/{rel}","templated":true}]}}