{"id":13493,"date":"2020-03-03T10:18:16","date_gmt":"2020-03-03T10:22:53","guid":{"rendered":"https:\/\/www.tiandeproducts.co.uk\/?post_type=product&#038;p=13493"},"modified":"2021-02-05T18:10:45","modified_gmt":"2021-02-05T18:10:45","slug":"hydrogel-vaistazoliu-pleistras-moterims-1-vnt","status":"publish","type":"product","link":"https:\/\/tiandeproducts.co.uk\/lt\/hydrogel-vaistazoliu-pleistras-moterims-1-vnt\/","title":{"rendered":"Hydrogel vaista\u017eoli\u0173 pleistras moterims 1 vnt."},"content":{"rendered":"<p><img decoding=\"async\" style=\"max-width: 16px; margin-right: 5px;\" src=\"https:\/\/tiandeproducts.co.uk\/wp-content\/uploads\/points-green.svg\" \/>\u00a0Earn 11 points worth \u00a30.55 when buying this product<\/p>\n<p><strong>Komfortas netgi ypatingomis dienomis.<\/strong><\/p>\n<p>Kaip palengvinti diskomfort\u0105 ir gyventi visavert\u012f gyvenim\u0105 net ir mesntruacij\u0173 laikotarpiu? Kor\u0117jos mokslininkai rado i\u0161eit\u012f! TianDe Hydrogel \u017eoleli\u0173 pleistras moterims &#8211; pad\u0117s pagerinti bendr\u0105 b\u016bkl\u0119 ir sugr\u0105\u017eins Jus \u012f gyvenim\u0105!<\/p>\n<p><strong>Pleistras :<\/strong><\/p>\n<ul>\n<li>pa\u0161alina diskomfort\u0105 ypatingomis dienomis;<\/li>\n<li>po drabu\u017eiais jis nematomas ir prakti\u0161kai nejau\u010diamas;<\/li>\n<li>galb\u016bt jau\u010diamas nedidelis \u0161ilumos poj\u016btis;<\/li>\n<li>padeda gyventi normal\u0173 gyvenim\u0105 bet kuri\u0105 m\u0117nesio dien\u0105.<\/li>\n<\/ul>\n<p>Kor\u0117joje tai yra labai paplit\u0119s b\u016bdas pa\u0161alinti moter\u0173 negalavimus. Pagalba, pleistro pavidalu yra taikoma i\u0161ori\u0161kai ir turi vietin\u012f poveik\u012f, ma\u017eindamas apatin\u0117s pilvo dalies skausm\u0105. Pirmosiomis ciklo dienomis tai bus b\u016btina &#8211; pagal statistik\u0105 b\u016btent \u0161iuo metu dauguma moter\u0173 patiria nemalonius, spazminius poj\u016b\u010dius.<\/p>\n<p><strong>Aktyv\u016bs komponentai:<\/strong><br \/>\nNat\u016bralus pirmosios tianDe pagalbos rinkinyje:<br \/>\nVanil\u0117s butilo eteris &#8211; \u0161ildantis agentas, leid\u017eiantis likusiems komponentams prasiskverbti pro od\u0105.<br \/>\nAngelica \u0161akn\u0173 ekstraktas teigiamai veikia moters organizm\u0105, turi prie\u0161u\u017edegimini\u0173 ir analgezini\u0173 savybi\u0173.<br \/>\nSaldymed\u017eio ekstraktas &#8211; turi silpn\u0105 analgezin\u012f poveik\u012f.<br \/>\nKirm\u0117li\u0173 ekstraktas &#8211; turi prie\u0161u\u017edegimin\u012f poveik\u012f.<br \/>\nHidrolizuotas kolagenas &#8211; padeda veikliosioms med\u017eiagoms \u012fsiskverbti \u012f od\u0105.<br \/>\nLuffa vaisi\u0173 ekstraktas &#8211; turi prie\u0161u\u017edegimin\u012f poveik\u012f.<br \/>\nNatrio hialuronatas ir vitaminas E &#8211; pri\u017ei\u016br\u0117kite od\u0105, naudodamiesi pleistru.<\/p>\n<p><strong>Naudojimas:<\/strong> nuimkite apsaugin\u0119 pl\u0117vel\u0119 ir u\u017eklijuokite pleistr\u0105 ant \u0161varios, sausos odos, esan\u010dios \u017eemiau bambos. Naudoti vien\u0105 kart\u0105 per dien\u0105 3-4 valandas (galima naudoti nakt\u012f miego metu &#8211; iki 7-8 valand\u0173).<\/p>\n","protected":false},"excerpt":{"rendered":"<p>\u00a0Earn 11 points worth \u00a30.55 when buying this product Komfortas netgi ypatingomis dienomis. Kaip palengvinti diskomfort\u0105 ir gyventi visavert\u012f gyvenim\u0105 net ir mesntruacij\u0173 laikotarpiu? Kor\u0117jos mokslininkai rado i\u0161eit\u012f! TianDe Hydrogel \u017eoleli\u0173 pleistras moterims &#8211; pad\u0117s pagerinti bendr\u0105 b\u016bkl\u0119 ir sugr\u0105\u017eins Jus \u012f gyvenim\u0105! Pleistras : pa\u0161alina diskomfort\u0105 ypatingomis dienomis; po drabu\u017eiais jis nematomas ir prakti\u0161kai [&#8230;]\n","protected":false},"featured_media":13488,"comment_status":"open","ping_status":"closed","template":"","meta":[],"product_cat":[718],"product_tag":[],"class_list":{"0":"post-13493","1":"product","2":"type-product","3":"status-publish","4":"has-post-thumbnail","6":"product_cat-sveikata-lt","8":"first","9":"instock","10":"shipping-taxable","11":"purchasable","12":"product-type-simple"},"yoast_head":"<!-- This site is optimized with the Yoast SEO plugin v23.6 - https:\/\/yoast.com\/wordpress\/plugins\/seo\/ -->\n<title>Hydrogel vaista\u017eoli\u0173 pleistras moterims 1 vnt. - TianDe Online Shop - Beauty &amp; Health<\/title>\n<meta name=\"robots\" content=\"index, follow, max-snippet:-1, max-image-preview:large, max-video-preview:-1\" \/>\n<link rel=\"canonical\" href=\"https:\/\/tiandeproducts.co.uk\/lt\/hydrogel-vaistazoliu-pleistras-moterims-1-vnt\/\" \/>\n<meta property=\"og:locale\" content=\"lt_LT\" \/>\n<meta property=\"og:type\" content=\"article\" \/>\n<meta property=\"og:title\" content=\"Hydrogel vaista\u017eoli\u0173 pleistras moterims 1 vnt. - TianDe Online Shop - Beauty &amp; Health\" \/>\n<meta property=\"og:description\" content=\"\u00a0Earn 11 points worth \u00a30.55 when buying this product Komfortas netgi ypatingomis dienomis. Kaip palengvinti diskomfort\u0105 ir gyventi visavert\u012f gyvenim\u0105 net ir mesntruacij\u0173 laikotarpiu? Kor\u0117jos mokslininkai rado i\u0161eit\u012f! TianDe Hydrogel \u017eoleli\u0173 pleistras moterims &#8211; pad\u0117s pagerinti bendr\u0105 b\u016bkl\u0119 ir sugr\u0105\u017eins Jus \u012f gyvenim\u0105! Pleistras : pa\u0161alina diskomfort\u0105 ypatingomis dienomis; po drabu\u017eiais jis nematomas ir prakti\u0161kai [...]\" \/>\n<meta property=\"og:url\" content=\"https:\/\/tiandeproducts.co.uk\/lt\/hydrogel-vaistazoliu-pleistras-moterims-1-vnt\/\" \/>\n<meta property=\"og:site_name\" content=\"TianDe Online Shop - Beauty &amp; Health\" \/>\n<meta property=\"article:publisher\" content=\"https:\/\/www.facebook.com\/tiande.products.england\/\" \/>\n<meta property=\"article:modified_time\" content=\"2021-02-05T18:10:45+00:00\" \/>\n<meta property=\"og:image\" content=\"https:\/\/tiandeproducts.co.uk\/wp-content\/uploads\/66502.png\" \/>\n\t<meta property=\"og:image:width\" content=\"700\" \/>\n\t<meta property=\"og:image:height\" content=\"700\" \/>\n\t<meta property=\"og:image:type\" content=\"image\/png\" \/>\n<meta name=\"twitter:card\" content=\"summary_large_image\" \/>\n<meta name=\"twitter:label1\" content=\"Est. reading time\" \/>\n\t<meta name=\"twitter:data1\" content=\"1 minut\u0117\" \/>\n<script type=\"application\/ld+json\" class=\"yoast-schema-graph\">{\"@context\":\"https:\/\/schema.org\",\"@graph\":[{\"@type\":\"WebPage\",\"@id\":\"https:\/\/tiandeproducts.co.uk\/lt\/hydrogel-vaistazoliu-pleistras-moterims-1-vnt\/\",\"url\":\"https:\/\/tiandeproducts.co.uk\/lt\/hydrogel-vaistazoliu-pleistras-moterims-1-vnt\/\",\"name\":\"Hydrogel vaista\u017eoli\u0173 pleistras moterims 1 vnt. - TianDe Online Shop - Beauty &amp; Health\",\"isPartOf\":{\"@id\":\"https:\/\/tiandeproducts.co.uk\/#website\"},\"primaryImageOfPage\":{\"@id\":\"https:\/\/tiandeproducts.co.uk\/lt\/hydrogel-vaistazoliu-pleistras-moterims-1-vnt\/#primaryimage\"},\"image\":{\"@id\":\"https:\/\/tiandeproducts.co.uk\/lt\/hydrogel-vaistazoliu-pleistras-moterims-1-vnt\/#primaryimage\"},\"thumbnailUrl\":\"https:\/\/tiandeproducts.co.uk\/wp-content\/uploads\/66502.png\",\"datePublished\":\"2020-03-03T10:22:53+00:00\",\"dateModified\":\"2021-02-05T18:10:45+00:00\",\"breadcrumb\":{\"@id\":\"https:\/\/tiandeproducts.co.uk\/lt\/hydrogel-vaistazoliu-pleistras-moterims-1-vnt\/#breadcrumb\"},\"inLanguage\":\"lt-LT\",\"potentialAction\":[{\"@type\":\"ReadAction\",\"target\":[\"https:\/\/tiandeproducts.co.uk\/lt\/hydrogel-vaistazoliu-pleistras-moterims-1-vnt\/\"]}]},{\"@type\":\"ImageObject\",\"inLanguage\":\"lt-LT\",\"@id\":\"https:\/\/tiandeproducts.co.uk\/lt\/hydrogel-vaistazoliu-pleistras-moterims-1-vnt\/#primaryimage\",\"url\":\"https:\/\/tiandeproducts.co.uk\/wp-content\/uploads\/66502.png\",\"contentUrl\":\"https:\/\/tiandeproducts.co.uk\/wp-content\/uploads\/66502.png\",\"width\":700,\"height\":700},{\"@type\":\"BreadcrumbList\",\"@id\":\"https:\/\/tiandeproducts.co.uk\/lt\/hydrogel-vaistazoliu-pleistras-moterims-1-vnt\/#breadcrumb\",\"itemListElement\":[{\"@type\":\"ListItem\",\"position\":1,\"name\":\"Home\",\"item\":\"https:\/\/tiandeproducts.co.uk\/lt\/\"},{\"@type\":\"ListItem\",\"position\":2,\"name\":\"Shop\",\"item\":\"https:\/\/tiandeproducts.co.uk\/lt\/shop-2\/\"},{\"@type\":\"ListItem\",\"position\":3,\"name\":\"Hydrogel vaista\u017eoli\u0173 pleistras moterims 1 vnt.\"}]},{\"@type\":\"WebSite\",\"@id\":\"https:\/\/tiandeproducts.co.uk\/#website\",\"url\":\"https:\/\/tiandeproducts.co.uk\/\",\"name\":\"TianDe Online Shop - Beauty & Health\",\"description\":\"Traditional Chinese Medicine\",\"potentialAction\":[{\"@type\":\"SearchAction\",\"target\":{\"@type\":\"EntryPoint\",\"urlTemplate\":\"https:\/\/tiandeproducts.co.uk\/?s={search_term_string}\"},\"query-input\":{\"@type\":\"PropertyValueSpecification\",\"valueRequired\":true,\"valueName\":\"search_term_string\"}}],\"inLanguage\":\"lt-LT\"}]}<\/script>\n<!-- \/ Yoast SEO plugin. -->","yoast_head_json":{"title":"Hydrogel vaista\u017eoli\u0173 pleistras moterims 1 vnt. - TianDe Online Shop - Beauty &amp; Health","robots":{"index":"index","follow":"follow","max-snippet":"max-snippet:-1","max-image-preview":"max-image-preview:large","max-video-preview":"max-video-preview:-1"},"canonical":"https:\/\/tiandeproducts.co.uk\/lt\/hydrogel-vaistazoliu-pleistras-moterims-1-vnt\/","og_locale":"lt_LT","og_type":"article","og_title":"Hydrogel vaista\u017eoli\u0173 pleistras moterims 1 vnt. - TianDe Online Shop - Beauty &amp; Health","og_description":"\u00a0Earn 11 points worth \u00a30.55 when buying this product Komfortas netgi ypatingomis dienomis. Kaip palengvinti diskomfort\u0105 ir gyventi visavert\u012f gyvenim\u0105 net ir mesntruacij\u0173 laikotarpiu? Kor\u0117jos mokslininkai rado i\u0161eit\u012f! TianDe Hydrogel \u017eoleli\u0173 pleistras moterims &#8211; pad\u0117s pagerinti bendr\u0105 b\u016bkl\u0119 ir sugr\u0105\u017eins Jus \u012f gyvenim\u0105! Pleistras : pa\u0161alina diskomfort\u0105 ypatingomis dienomis; po drabu\u017eiais jis nematomas ir prakti\u0161kai [...]","og_url":"https:\/\/tiandeproducts.co.uk\/lt\/hydrogel-vaistazoliu-pleistras-moterims-1-vnt\/","og_site_name":"TianDe Online Shop - Beauty &amp; Health","article_publisher":"https:\/\/www.facebook.com\/tiande.products.england\/","article_modified_time":"2021-02-05T18:10:45+00:00","og_image":[{"width":700,"height":700,"url":"https:\/\/tiandeproducts.co.uk\/wp-content\/uploads\/66502.png","type":"image\/png"}],"twitter_card":"summary_large_image","twitter_misc":{"Est. reading time":"1 minut\u0117"},"schema":{"@context":"https:\/\/schema.org","@graph":[{"@type":"WebPage","@id":"https:\/\/tiandeproducts.co.uk\/lt\/hydrogel-vaistazoliu-pleistras-moterims-1-vnt\/","url":"https:\/\/tiandeproducts.co.uk\/lt\/hydrogel-vaistazoliu-pleistras-moterims-1-vnt\/","name":"Hydrogel vaista\u017eoli\u0173 pleistras moterims 1 vnt. - TianDe Online Shop - Beauty &amp; Health","isPartOf":{"@id":"https:\/\/tiandeproducts.co.uk\/#website"},"primaryImageOfPage":{"@id":"https:\/\/tiandeproducts.co.uk\/lt\/hydrogel-vaistazoliu-pleistras-moterims-1-vnt\/#primaryimage"},"image":{"@id":"https:\/\/tiandeproducts.co.uk\/lt\/hydrogel-vaistazoliu-pleistras-moterims-1-vnt\/#primaryimage"},"thumbnailUrl":"https:\/\/tiandeproducts.co.uk\/wp-content\/uploads\/66502.png","datePublished":"2020-03-03T10:22:53+00:00","dateModified":"2021-02-05T18:10:45+00:00","breadcrumb":{"@id":"https:\/\/tiandeproducts.co.uk\/lt\/hydrogel-vaistazoliu-pleistras-moterims-1-vnt\/#breadcrumb"},"inLanguage":"lt-LT","potentialAction":[{"@type":"ReadAction","target":["https:\/\/tiandeproducts.co.uk\/lt\/hydrogel-vaistazoliu-pleistras-moterims-1-vnt\/"]}]},{"@type":"ImageObject","inLanguage":"lt-LT","@id":"https:\/\/tiandeproducts.co.uk\/lt\/hydrogel-vaistazoliu-pleistras-moterims-1-vnt\/#primaryimage","url":"https:\/\/tiandeproducts.co.uk\/wp-content\/uploads\/66502.png","contentUrl":"https:\/\/tiandeproducts.co.uk\/wp-content\/uploads\/66502.png","width":700,"height":700},{"@type":"BreadcrumbList","@id":"https:\/\/tiandeproducts.co.uk\/lt\/hydrogel-vaistazoliu-pleistras-moterims-1-vnt\/#breadcrumb","itemListElement":[{"@type":"ListItem","position":1,"name":"Home","item":"https:\/\/tiandeproducts.co.uk\/lt\/"},{"@type":"ListItem","position":2,"name":"Shop","item":"https:\/\/tiandeproducts.co.uk\/lt\/shop-2\/"},{"@type":"ListItem","position":3,"name":"Hydrogel vaista\u017eoli\u0173 pleistras moterims 1 vnt."}]},{"@type":"WebSite","@id":"https:\/\/tiandeproducts.co.uk\/#website","url":"https:\/\/tiandeproducts.co.uk\/","name":"TianDe Online Shop - Beauty & Health","description":"Traditional Chinese Medicine","potentialAction":[{"@type":"SearchAction","target":{"@type":"EntryPoint","urlTemplate":"https:\/\/tiandeproducts.co.uk\/?s={search_term_string}"},"query-input":{"@type":"PropertyValueSpecification","valueRequired":true,"valueName":"search_term_string"}}],"inLanguage":"lt-LT"}]}},"_links":{"self":[{"href":"https:\/\/tiandeproducts.co.uk\/lt\/wp-json\/wp\/v2\/product\/13493","targetHints":{"allow":["GET"]}}],"collection":[{"href":"https:\/\/tiandeproducts.co.uk\/lt\/wp-json\/wp\/v2\/product"}],"about":[{"href":"https:\/\/tiandeproducts.co.uk\/lt\/wp-json\/wp\/v2\/types\/product"}],"replies":[{"embeddable":true,"href":"https:\/\/tiandeproducts.co.uk\/lt\/wp-json\/wp\/v2\/comments?post=13493"}],"wp:featuredmedia":[{"embeddable":true,"href":"https:\/\/tiandeproducts.co.uk\/lt\/wp-json\/wp\/v2\/media\/13488"}],"wp:attachment":[{"href":"https:\/\/tiandeproducts.co.uk\/lt\/wp-json\/wp\/v2\/media?parent=13493"}],"wp:term":[{"taxonomy":"product_cat","embeddable":true,"href":"https:\/\/tiandeproducts.co.uk\/lt\/wp-json\/wp\/v2\/product_cat?post=13493"},{"taxonomy":"product_tag","embeddable":true,"href":"https:\/\/tiandeproducts.co.uk\/lt\/wp-json\/wp\/v2\/product_tag?post=13493"}],"curies":[{"name":"wp","href":"https:\/\/api.w.org\/{rel}","templated":true}]}}