{"id":12955,"date":"2020-02-26T11:04:36","date_gmt":"2020-02-26T11:04:36","guid":{"rendered":"https:\/\/www.tiandeproducts.co.uk\/?post_type=product&#038;p=12955"},"modified":"2021-02-05T18:11:41","modified_gmt":"2021-02-05T18:11:41","slug":"micelinis-vanduo-su-fitokompleksu-200g","status":"publish","type":"product","link":"https:\/\/tiandeproducts.co.uk\/lt\/micelinis-vanduo-su-fitokompleksu-200g\/","title":{"rendered":"Micelinis vanduo su fitokompleksu, 200g"},"content":{"rendered":"<p><img decoding=\"async\" style=\"max-width: 16px; margin-right: 5px;\" src=\"https:\/\/tiandeproducts.co.uk\/wp-content\/uploads\/points-green.svg\" \/>\u00a0Earn 9 points worth \u00a30.45 when buying this product<\/p>\n<p><strong>Leisk odai kv\u0117puoti!<\/strong><\/p>\n<p>Micelinis vanduo su fitokompleksu pa\u0161alins makia\u017e\u0105 vienu gestu, be \u201epandos efekto\u201c ir nereikalingos trinties. Tai yra produktas \u201e2 viename\u201c, kuriame derinamas efektyvus valymas ir \u0161velni prie\u017ei\u016bra!<\/p>\n<ul>\n<li>produkto micel\u0117s, tarsi magnetas, pritraukia ne\u0161varumus, perteklin\u012f riebal\u0173 kiek\u012f ir makia\u017eo daleles;<\/li>\n<li>fito kompleksas, kurio pagrind\u0105 sudaro apyniai, ramun\u0117l\u0117s, ka\u0161tonai, sodinis hamamelis, \u010diobrelis, rozmarinas ir alyvuog\u0117s, \u0161velniai pri\u017ei\u016bri od\u0105, u\u017epildydami j\u0105 gyvybingumu ir gaivumu, ramina, apsaugo nuo paraudimo.<\/li>\n<\/ul>\n<p>Micelinis vanduo tinka vis\u0173 tip\u0173 odai ir net jautriai aki\u0173 odai.<\/p>\n<p><strong>Aktyv\u016bs komponentai:<\/strong><\/p>\n<p>\u0160velni formul\u0117 su septyni\u0173 nauding\u0173 augal\u0173 fitokompleksu.<\/p>\n<p>Apyniai suteikia raminan\u010dio, sen\u0117jim\u0105 ma\u017einan\u010dio ir tonizuojan\u010dio efekto. Kartu su kitais komponentais jis gali padaryti stebuklus: efektyviai ramina sudirgusi\u0105 od\u0105.<\/p>\n<p>Ramun\u0117li\u0173 sud\u0117tyje yra flavonoid\u0173 (biologi\u0161kai aktyvi\u0173 med\u017eiag\u0173, turin\u010di\u0173 antioksidacini\u0173 savybi\u0173), vitamin\u0173 ir organini\u0173 r\u016bg\u0161\u010di\u0173. Farmakologijoje naudojamas jo geb\u0117jimas tur\u0117ti antiseptin\u012f poveik\u012f ir suma\u017einti patinim\u0105. Kaip kosmetikos dalis, ramun\u0117l\u0117s dr\u0117kina, mink\u0161tina ir maitina od\u0105, skatina jos atsinaujinim\u0105, ramina ir atkuria.<\/p>\n<p>Hamamelyje gausu flavonoid\u0173 ir speciali\u0173 med\u017eiag\u0173 &#8211; tanin\u0173, pasi\u017eymin\u010di\u0173 auk\u0161tomis antibakterin\u0117mis ir antioksidacin\u0117mis savyb\u0117mis. Tai taip pat puikus dr\u0117kiklis!<\/p>\n<p>Ka\u0161tonas yra vienas i\u0161 populiariausi\u0173 kosmetikos ingredient\u0173 ir tikras maistini\u0173 med\u017eiag\u0173 sand\u0117lis. Tai sustiprina vaista\u017eoli\u0173 poveik\u012f, ma\u017eina patinim\u0105 ir tamsius ratilus po akimis, yra antioksidantas ir ma\u017eina padid\u0117jus\u012f odos jautrum\u0105.<\/p>\n<p>Rozmarinas &#8211; jo sud\u0117tis yra tikrai unikali: kalcis padeda pa\u0161alinti sudirginim\u0105 ir suaktyvinti kolageno gamyb\u0105; gele\u017eis normalizuoja vandens ir riebal\u0173 balans\u0105; B grup\u0117s vitaminai atjaunina ir i\u0161lygina odos spalv\u0105, dr\u0117kina ir veikia kaip antioksidantas; baltymai ir riebiosios r\u016bg\u0161tys padeda atkurti odos strukt\u016br\u0105.<\/p>\n<p>\u010ciobreliai yra veiksmingi d\u0117l sud\u0117tyje esan\u010di\u0173 obuoli\u0173 ir acto r\u016bg\u0161\u010di\u0173, tanin\u0173, vitamin\u0173. Jis puikiai valo, veikia kaip baktericidinis ir ramina od\u0105.<\/p>\n<p><em>Alyvuog\u0117s (vandenyje tirpi alyvuogi\u0173 aliejaus forma) puikiai dera su oda, nes i\u0161 vis\u0173 nat\u016brali\u0173 aliej\u0173 jos yra labiausiai pana\u0161ios \u012f \u017emogaus odos riebalus. Jis pasi\u017eymi intensyviu mink\u0161tinimu ir tuo pa\u010diu \u0161velniu valymo efektu.<\/em><\/p>\n<p><strong>Naudojimas<\/strong>: sudr\u0117kinkite vatos tampon\u0117l\u012f miceliniu vandeniu, nuvalykite veido od\u0105, o likus\u012f produkt\u0105 nuplaukite vandeniu.<\/p>\n","protected":false},"excerpt":{"rendered":"<p>\u00a0Earn 9 points worth \u00a30.45 when buying this product Leisk odai kv\u0117puoti! Micelinis vanduo su fitokompleksu pa\u0161alins makia\u017e\u0105 vienu gestu, be \u201epandos efekto\u201c ir nereikalingos trinties. Tai yra produktas \u201e2 viename\u201c, kuriame derinamas efektyvus valymas ir \u0161velni prie\u017ei\u016bra! produkto micel\u0117s, tarsi magnetas, pritraukia ne\u0161varumus, perteklin\u012f riebal\u0173 kiek\u012f ir makia\u017eo daleles; fito kompleksas, kurio pagrind\u0105 sudaro [&#8230;]\n","protected":false},"featured_media":12950,"comment_status":"open","ping_status":"closed","template":"","meta":[],"product_cat":[591,610,561,506],"product_tag":[],"class_list":{"0":"post-12955","1":"product","2":"type-product","3":"status-publish","4":"has-post-thumbnail","6":"product_cat-spa-technology-lt-2","7":"product_cat-tonikai-ir-losjonai","8":"product_cat-veido-prausikliaipilingai","9":"product_cat-veidui","11":"first","12":"instock","13":"shipping-taxable","14":"purchasable","15":"product-type-simple"},"yoast_head":"<!-- This site is optimized with the Yoast SEO plugin v23.6 - https:\/\/yoast.com\/wordpress\/plugins\/seo\/ -->\n<title>Micelinis vanduo su fitokompleksu, 200g - TianDe Online Shop - Beauty &amp; Health<\/title>\n<meta name=\"robots\" content=\"index, follow, max-snippet:-1, max-image-preview:large, max-video-preview:-1\" \/>\n<link rel=\"canonical\" href=\"https:\/\/tiandeproducts.co.uk\/lt\/micelinis-vanduo-su-fitokompleksu-200g\/\" \/>\n<meta property=\"og:locale\" content=\"lt_LT\" \/>\n<meta property=\"og:type\" content=\"article\" \/>\n<meta property=\"og:title\" content=\"Micelinis vanduo su fitokompleksu, 200g - TianDe Online Shop - Beauty &amp; Health\" \/>\n<meta property=\"og:description\" content=\"\u00a0Earn 9 points worth \u00a30.45 when buying this product Leisk odai kv\u0117puoti! Micelinis vanduo su fitokompleksu pa\u0161alins makia\u017e\u0105 vienu gestu, be \u201epandos efekto\u201c ir nereikalingos trinties. Tai yra produktas \u201e2 viename\u201c, kuriame derinamas efektyvus valymas ir \u0161velni prie\u017ei\u016bra! produkto micel\u0117s, tarsi magnetas, pritraukia ne\u0161varumus, perteklin\u012f riebal\u0173 kiek\u012f ir makia\u017eo daleles; fito kompleksas, kurio pagrind\u0105 sudaro [...]\" \/>\n<meta property=\"og:url\" content=\"https:\/\/tiandeproducts.co.uk\/lt\/micelinis-vanduo-su-fitokompleksu-200g\/\" \/>\n<meta property=\"og:site_name\" content=\"TianDe Online Shop - Beauty &amp; Health\" \/>\n<meta property=\"article:publisher\" content=\"https:\/\/www.facebook.com\/tiande.products.england\/\" \/>\n<meta property=\"article:modified_time\" content=\"2021-02-05T18:11:41+00:00\" \/>\n<meta property=\"og:image\" content=\"https:\/\/tiandeproducts.co.uk\/wp-content\/uploads\/10206.png\" \/>\n\t<meta property=\"og:image:width\" content=\"700\" \/>\n\t<meta property=\"og:image:height\" content=\"700\" \/>\n\t<meta property=\"og:image:type\" content=\"image\/png\" \/>\n<meta name=\"twitter:card\" content=\"summary_large_image\" \/>\n<meta name=\"twitter:label1\" content=\"Est. reading time\" \/>\n\t<meta name=\"twitter:data1\" content=\"2 minut\u0117s\" \/>\n<script type=\"application\/ld+json\" class=\"yoast-schema-graph\">{\"@context\":\"https:\/\/schema.org\",\"@graph\":[{\"@type\":\"WebPage\",\"@id\":\"https:\/\/tiandeproducts.co.uk\/lt\/micelinis-vanduo-su-fitokompleksu-200g\/\",\"url\":\"https:\/\/tiandeproducts.co.uk\/lt\/micelinis-vanduo-su-fitokompleksu-200g\/\",\"name\":\"Micelinis vanduo su fitokompleksu, 200g - TianDe Online Shop - Beauty &amp; Health\",\"isPartOf\":{\"@id\":\"https:\/\/tiandeproducts.co.uk\/#website\"},\"primaryImageOfPage\":{\"@id\":\"https:\/\/tiandeproducts.co.uk\/lt\/micelinis-vanduo-su-fitokompleksu-200g\/#primaryimage\"},\"image\":{\"@id\":\"https:\/\/tiandeproducts.co.uk\/lt\/micelinis-vanduo-su-fitokompleksu-200g\/#primaryimage\"},\"thumbnailUrl\":\"https:\/\/tiandeproducts.co.uk\/wp-content\/uploads\/10206.png\",\"datePublished\":\"2020-02-26T11:04:36+00:00\",\"dateModified\":\"2021-02-05T18:11:41+00:00\",\"breadcrumb\":{\"@id\":\"https:\/\/tiandeproducts.co.uk\/lt\/micelinis-vanduo-su-fitokompleksu-200g\/#breadcrumb\"},\"inLanguage\":\"lt-LT\",\"potentialAction\":[{\"@type\":\"ReadAction\",\"target\":[\"https:\/\/tiandeproducts.co.uk\/lt\/micelinis-vanduo-su-fitokompleksu-200g\/\"]}]},{\"@type\":\"ImageObject\",\"inLanguage\":\"lt-LT\",\"@id\":\"https:\/\/tiandeproducts.co.uk\/lt\/micelinis-vanduo-su-fitokompleksu-200g\/#primaryimage\",\"url\":\"https:\/\/tiandeproducts.co.uk\/wp-content\/uploads\/10206.png\",\"contentUrl\":\"https:\/\/tiandeproducts.co.uk\/wp-content\/uploads\/10206.png\",\"width\":700,\"height\":700},{\"@type\":\"BreadcrumbList\",\"@id\":\"https:\/\/tiandeproducts.co.uk\/lt\/micelinis-vanduo-su-fitokompleksu-200g\/#breadcrumb\",\"itemListElement\":[{\"@type\":\"ListItem\",\"position\":1,\"name\":\"Home\",\"item\":\"https:\/\/tiandeproducts.co.uk\/lt\/\"},{\"@type\":\"ListItem\",\"position\":2,\"name\":\"Shop\",\"item\":\"https:\/\/tiandeproducts.co.uk\/lt\/shop-2\/\"},{\"@type\":\"ListItem\",\"position\":3,\"name\":\"Micelinis vanduo su fitokompleksu, 200g\"}]},{\"@type\":\"WebSite\",\"@id\":\"https:\/\/tiandeproducts.co.uk\/#website\",\"url\":\"https:\/\/tiandeproducts.co.uk\/\",\"name\":\"TianDe Online Shop - Beauty & Health\",\"description\":\"Traditional Chinese Medicine\",\"potentialAction\":[{\"@type\":\"SearchAction\",\"target\":{\"@type\":\"EntryPoint\",\"urlTemplate\":\"https:\/\/tiandeproducts.co.uk\/?s={search_term_string}\"},\"query-input\":{\"@type\":\"PropertyValueSpecification\",\"valueRequired\":true,\"valueName\":\"search_term_string\"}}],\"inLanguage\":\"lt-LT\"}]}<\/script>\n<!-- \/ Yoast SEO plugin. -->","yoast_head_json":{"title":"Micelinis vanduo su fitokompleksu, 200g - TianDe Online Shop - Beauty &amp; Health","robots":{"index":"index","follow":"follow","max-snippet":"max-snippet:-1","max-image-preview":"max-image-preview:large","max-video-preview":"max-video-preview:-1"},"canonical":"https:\/\/tiandeproducts.co.uk\/lt\/micelinis-vanduo-su-fitokompleksu-200g\/","og_locale":"lt_LT","og_type":"article","og_title":"Micelinis vanduo su fitokompleksu, 200g - TianDe Online Shop - Beauty &amp; Health","og_description":"\u00a0Earn 9 points worth \u00a30.45 when buying this product Leisk odai kv\u0117puoti! Micelinis vanduo su fitokompleksu pa\u0161alins makia\u017e\u0105 vienu gestu, be \u201epandos efekto\u201c ir nereikalingos trinties. Tai yra produktas \u201e2 viename\u201c, kuriame derinamas efektyvus valymas ir \u0161velni prie\u017ei\u016bra! produkto micel\u0117s, tarsi magnetas, pritraukia ne\u0161varumus, perteklin\u012f riebal\u0173 kiek\u012f ir makia\u017eo daleles; fito kompleksas, kurio pagrind\u0105 sudaro [...]","og_url":"https:\/\/tiandeproducts.co.uk\/lt\/micelinis-vanduo-su-fitokompleksu-200g\/","og_site_name":"TianDe Online Shop - Beauty &amp; Health","article_publisher":"https:\/\/www.facebook.com\/tiande.products.england\/","article_modified_time":"2021-02-05T18:11:41+00:00","og_image":[{"width":700,"height":700,"url":"https:\/\/tiandeproducts.co.uk\/wp-content\/uploads\/10206.png","type":"image\/png"}],"twitter_card":"summary_large_image","twitter_misc":{"Est. reading time":"2 minut\u0117s"},"schema":{"@context":"https:\/\/schema.org","@graph":[{"@type":"WebPage","@id":"https:\/\/tiandeproducts.co.uk\/lt\/micelinis-vanduo-su-fitokompleksu-200g\/","url":"https:\/\/tiandeproducts.co.uk\/lt\/micelinis-vanduo-su-fitokompleksu-200g\/","name":"Micelinis vanduo su fitokompleksu, 200g - TianDe Online Shop - Beauty &amp; Health","isPartOf":{"@id":"https:\/\/tiandeproducts.co.uk\/#website"},"primaryImageOfPage":{"@id":"https:\/\/tiandeproducts.co.uk\/lt\/micelinis-vanduo-su-fitokompleksu-200g\/#primaryimage"},"image":{"@id":"https:\/\/tiandeproducts.co.uk\/lt\/micelinis-vanduo-su-fitokompleksu-200g\/#primaryimage"},"thumbnailUrl":"https:\/\/tiandeproducts.co.uk\/wp-content\/uploads\/10206.png","datePublished":"2020-02-26T11:04:36+00:00","dateModified":"2021-02-05T18:11:41+00:00","breadcrumb":{"@id":"https:\/\/tiandeproducts.co.uk\/lt\/micelinis-vanduo-su-fitokompleksu-200g\/#breadcrumb"},"inLanguage":"lt-LT","potentialAction":[{"@type":"ReadAction","target":["https:\/\/tiandeproducts.co.uk\/lt\/micelinis-vanduo-su-fitokompleksu-200g\/"]}]},{"@type":"ImageObject","inLanguage":"lt-LT","@id":"https:\/\/tiandeproducts.co.uk\/lt\/micelinis-vanduo-su-fitokompleksu-200g\/#primaryimage","url":"https:\/\/tiandeproducts.co.uk\/wp-content\/uploads\/10206.png","contentUrl":"https:\/\/tiandeproducts.co.uk\/wp-content\/uploads\/10206.png","width":700,"height":700},{"@type":"BreadcrumbList","@id":"https:\/\/tiandeproducts.co.uk\/lt\/micelinis-vanduo-su-fitokompleksu-200g\/#breadcrumb","itemListElement":[{"@type":"ListItem","position":1,"name":"Home","item":"https:\/\/tiandeproducts.co.uk\/lt\/"},{"@type":"ListItem","position":2,"name":"Shop","item":"https:\/\/tiandeproducts.co.uk\/lt\/shop-2\/"},{"@type":"ListItem","position":3,"name":"Micelinis vanduo su fitokompleksu, 200g"}]},{"@type":"WebSite","@id":"https:\/\/tiandeproducts.co.uk\/#website","url":"https:\/\/tiandeproducts.co.uk\/","name":"TianDe Online Shop - Beauty & Health","description":"Traditional Chinese Medicine","potentialAction":[{"@type":"SearchAction","target":{"@type":"EntryPoint","urlTemplate":"https:\/\/tiandeproducts.co.uk\/?s={search_term_string}"},"query-input":{"@type":"PropertyValueSpecification","valueRequired":true,"valueName":"search_term_string"}}],"inLanguage":"lt-LT"}]}},"_links":{"self":[{"href":"https:\/\/tiandeproducts.co.uk\/lt\/wp-json\/wp\/v2\/product\/12955","targetHints":{"allow":["GET"]}}],"collection":[{"href":"https:\/\/tiandeproducts.co.uk\/lt\/wp-json\/wp\/v2\/product"}],"about":[{"href":"https:\/\/tiandeproducts.co.uk\/lt\/wp-json\/wp\/v2\/types\/product"}],"replies":[{"embeddable":true,"href":"https:\/\/tiandeproducts.co.uk\/lt\/wp-json\/wp\/v2\/comments?post=12955"}],"wp:featuredmedia":[{"embeddable":true,"href":"https:\/\/tiandeproducts.co.uk\/lt\/wp-json\/wp\/v2\/media\/12950"}],"wp:attachment":[{"href":"https:\/\/tiandeproducts.co.uk\/lt\/wp-json\/wp\/v2\/media?parent=12955"}],"wp:term":[{"taxonomy":"product_cat","embeddable":true,"href":"https:\/\/tiandeproducts.co.uk\/lt\/wp-json\/wp\/v2\/product_cat?post=12955"},{"taxonomy":"product_tag","embeddable":true,"href":"https:\/\/tiandeproducts.co.uk\/lt\/wp-json\/wp\/v2\/product_tag?post=12955"}],"curies":[{"name":"wp","href":"https:\/\/api.w.org\/{rel}","templated":true}]}}