{"id":12947,"date":"2020-02-26T10:55:45","date_gmt":"2020-02-26T10:55:45","guid":{"rendered":"https:\/\/www.tiandeproducts.co.uk\/?post_type=product&#038;p=12947"},"modified":"2023-11-02T13:02:46","modified_gmt":"2023-11-02T13:02:46","slug":"kolageno-ir-juros-dumbliu-esencija30ml","status":"publish","type":"product","link":"https:\/\/tiandeproducts.co.uk\/lt\/kolageno-ir-juros-dumbliu-esencija30ml\/","title":{"rendered":"Kolageno ir j\u016bros dumbli\u0173 esencija,30ml."},"content":{"rendered":"<p><img decoding=\"async\" style=\"max-width: 16px; margin-right: 5px;\" src=\"https:\/\/tiandeproducts.co.uk\/wp-content\/uploads\/points-green.svg\" \/>\u00a0Earn 15 points worth \u00a30.75 when buying this product<\/p>\n<p><strong>Auk\u0161tos kokyb\u0117s dr\u0117kinimas ir \u0161vyt\u0117jimas!<\/strong><\/p>\n<p>Suteikite odai gaivumo ir spindesio, u\u017epildykite j\u0105 gyvybine dr\u0117gme, naudodami veido esencij\u0105 kolagenu ir j\u016bros dumbliais!<\/p>\n<p>Tai produktas \u201edu viename\u201c: j\u0105 galima naudoti kaip lengv\u0105 kremo pagrind\u0105 arba kaip atskir\u0105 veido prie\u017ei\u016bros priemon\u0119. Tai kaip pradin\u0117 priemon\u0117 skatinanti geriau \u012fsiskverbti \u012f v\u0117lesni\u0173 priemoni\u0173 veikli\u0105sias med\u017eiagas. Esencija puikiai dr\u0117kina od\u0105, palaiko jos tonus\u0105 ir elastingum\u0105.<br \/>\nLengva esencijos tekst\u016bra pad\u0117s J\u016bs\u0173 odai visada jaustis komforti\u0161kai!<\/p>\n<p><strong>Aktyv\u016bs komponentai:<\/strong><\/p>\n<p>Phyllacantha fibrosa rud\u0173j\u0173 dumbli\u0173 ekstraktas &#8211; skatina veiksming\u0105 hidratacij\u0105, pagerina odos tonus\u0105 ir elastingum\u0105.<\/p>\n<p>Kolageno ekstraktas &#8211; dr\u0117kina od\u0105, padidina jos stangrum\u0105 ir elastingum\u0105, pagerina mikroreljef\u0105, turi greit\u0105 pak\u0117limo (liftingo) efekt\u0105.<\/p>\n<p>Natrio hialuronatas &#8211; intensyviai dr\u0117kina od\u0105, padidina tonus\u0105, i\u0161lygina smulkias rauk\u0161les.<\/p>\n<p>Trehaloz\u0117 &#8211; dr\u0117kina, atkuria odos elastingum\u0105.<\/p>\n<p><strong>Naudojimas:<\/strong> pir\u0161t\u0173 galiukais i\u0161tepkite veido ir kaklo od\u0105. Naudokite kaip kremo pagrind\u0105 arba kaip atskir\u0105 prie\u017ei\u016bros priemon\u0119 1-2 kartus per dien\u0105.<\/p>\n","protected":false},"excerpt":{"rendered":"<p>\u00a0Earn 15 points worth \u00a30.75 when buying this product Auk\u0161tos kokyb\u0117s dr\u0117kinimas ir \u0161vyt\u0117jimas! Suteikite odai gaivumo ir spindesio, u\u017epildykite j\u0105 gyvybine dr\u0117gme, naudodami veido esencij\u0105 kolagenu ir j\u016bros dumbliais! Tai produktas \u201edu viename\u201c: j\u0105 galima naudoti kaip lengv\u0105 kremo pagrind\u0105 arba kaip atskir\u0105 veido prie\u017ei\u016bros priemon\u0119. Tai kaip pradin\u0117 priemon\u0117 skatinanti geriau \u012fsiskverbti \u012f [&#8230;]\n","protected":false},"featured_media":12942,"comment_status":"open","ping_status":"closed","template":"","meta":[],"product_cat":[576,558,506],"product_tag":[],"class_list":{"0":"post-12947","1":"product","2":"type-product","3":"status-publish","4":"has-post-thumbnail","6":"product_cat-drekinimas","7":"product_cat-sausaiserpetojanciai-odai","8":"product_cat-veidui","10":"first","11":"instock","12":"shipping-taxable","13":"purchasable","14":"product-type-simple"},"yoast_head":"<!-- This site is optimized with the Yoast SEO plugin v23.6 - https:\/\/yoast.com\/wordpress\/plugins\/seo\/ -->\n<title>Kolageno ir j\u016bros dumbli\u0173 esencija,30ml. - TianDe Online Shop - Beauty &amp; Health<\/title>\n<meta name=\"robots\" content=\"index, follow, max-snippet:-1, max-image-preview:large, max-video-preview:-1\" \/>\n<link rel=\"canonical\" href=\"https:\/\/tiandeproducts.co.uk\/lt\/kolageno-ir-juros-dumbliu-esencija30ml\/\" \/>\n<meta property=\"og:locale\" content=\"lt_LT\" \/>\n<meta property=\"og:type\" content=\"article\" \/>\n<meta property=\"og:title\" content=\"Kolageno ir j\u016bros dumbli\u0173 esencija,30ml. - TianDe Online Shop - Beauty &amp; Health\" \/>\n<meta property=\"og:description\" content=\"\u00a0Earn 15 points worth \u00a30.75 when buying this product Auk\u0161tos kokyb\u0117s dr\u0117kinimas ir \u0161vyt\u0117jimas! Suteikite odai gaivumo ir spindesio, u\u017epildykite j\u0105 gyvybine dr\u0117gme, naudodami veido esencij\u0105 kolagenu ir j\u016bros dumbliais! Tai produktas \u201edu viename\u201c: j\u0105 galima naudoti kaip lengv\u0105 kremo pagrind\u0105 arba kaip atskir\u0105 veido prie\u017ei\u016bros priemon\u0119. Tai kaip pradin\u0117 priemon\u0117 skatinanti geriau \u012fsiskverbti \u012f [...]\" \/>\n<meta property=\"og:url\" content=\"https:\/\/tiandeproducts.co.uk\/lt\/kolageno-ir-juros-dumbliu-esencija30ml\/\" \/>\n<meta property=\"og:site_name\" content=\"TianDe Online Shop - Beauty &amp; Health\" \/>\n<meta property=\"article:publisher\" content=\"https:\/\/www.facebook.com\/tiande.products.england\/\" \/>\n<meta property=\"article:modified_time\" content=\"2023-11-02T13:02:46+00:00\" \/>\n<meta property=\"og:image\" content=\"https:\/\/tiandeproducts.co.uk\/wp-content\/uploads\/10106.png\" \/>\n\t<meta property=\"og:image:width\" content=\"700\" \/>\n\t<meta property=\"og:image:height\" content=\"700\" \/>\n\t<meta property=\"og:image:type\" content=\"image\/png\" \/>\n<meta name=\"twitter:card\" content=\"summary_large_image\" \/>\n<meta name=\"twitter:label1\" content=\"Est. reading time\" \/>\n\t<meta name=\"twitter:data1\" content=\"1 minut\u0117\" \/>\n<script type=\"application\/ld+json\" class=\"yoast-schema-graph\">{\"@context\":\"https:\/\/schema.org\",\"@graph\":[{\"@type\":\"WebPage\",\"@id\":\"https:\/\/tiandeproducts.co.uk\/lt\/kolageno-ir-juros-dumbliu-esencija30ml\/\",\"url\":\"https:\/\/tiandeproducts.co.uk\/lt\/kolageno-ir-juros-dumbliu-esencija30ml\/\",\"name\":\"Kolageno ir j\u016bros dumbli\u0173 esencija,30ml. - TianDe Online Shop - Beauty &amp; Health\",\"isPartOf\":{\"@id\":\"https:\/\/tiandeproducts.co.uk\/#website\"},\"primaryImageOfPage\":{\"@id\":\"https:\/\/tiandeproducts.co.uk\/lt\/kolageno-ir-juros-dumbliu-esencija30ml\/#primaryimage\"},\"image\":{\"@id\":\"https:\/\/tiandeproducts.co.uk\/lt\/kolageno-ir-juros-dumbliu-esencija30ml\/#primaryimage\"},\"thumbnailUrl\":\"https:\/\/tiandeproducts.co.uk\/wp-content\/uploads\/10106.png\",\"datePublished\":\"2020-02-26T10:55:45+00:00\",\"dateModified\":\"2023-11-02T13:02:46+00:00\",\"breadcrumb\":{\"@id\":\"https:\/\/tiandeproducts.co.uk\/lt\/kolageno-ir-juros-dumbliu-esencija30ml\/#breadcrumb\"},\"inLanguage\":\"lt-LT\",\"potentialAction\":[{\"@type\":\"ReadAction\",\"target\":[\"https:\/\/tiandeproducts.co.uk\/lt\/kolageno-ir-juros-dumbliu-esencija30ml\/\"]}]},{\"@type\":\"ImageObject\",\"inLanguage\":\"lt-LT\",\"@id\":\"https:\/\/tiandeproducts.co.uk\/lt\/kolageno-ir-juros-dumbliu-esencija30ml\/#primaryimage\",\"url\":\"https:\/\/tiandeproducts.co.uk\/wp-content\/uploads\/10106.png\",\"contentUrl\":\"https:\/\/tiandeproducts.co.uk\/wp-content\/uploads\/10106.png\",\"width\":700,\"height\":700},{\"@type\":\"BreadcrumbList\",\"@id\":\"https:\/\/tiandeproducts.co.uk\/lt\/kolageno-ir-juros-dumbliu-esencija30ml\/#breadcrumb\",\"itemListElement\":[{\"@type\":\"ListItem\",\"position\":1,\"name\":\"Home\",\"item\":\"https:\/\/tiandeproducts.co.uk\/lt\/\"},{\"@type\":\"ListItem\",\"position\":2,\"name\":\"Shop\",\"item\":\"https:\/\/tiandeproducts.co.uk\/lt\/shop-2\/\"},{\"@type\":\"ListItem\",\"position\":3,\"name\":\"Kolageno ir j\u016bros dumbli\u0173 esencija,30ml.\"}]},{\"@type\":\"WebSite\",\"@id\":\"https:\/\/tiandeproducts.co.uk\/#website\",\"url\":\"https:\/\/tiandeproducts.co.uk\/\",\"name\":\"TianDe Online Shop - Beauty & Health\",\"description\":\"Traditional Chinese Medicine\",\"potentialAction\":[{\"@type\":\"SearchAction\",\"target\":{\"@type\":\"EntryPoint\",\"urlTemplate\":\"https:\/\/tiandeproducts.co.uk\/?s={search_term_string}\"},\"query-input\":{\"@type\":\"PropertyValueSpecification\",\"valueRequired\":true,\"valueName\":\"search_term_string\"}}],\"inLanguage\":\"lt-LT\"}]}<\/script>\n<!-- \/ Yoast SEO plugin. -->","yoast_head_json":{"title":"Kolageno ir j\u016bros dumbli\u0173 esencija,30ml. - TianDe Online Shop - Beauty &amp; Health","robots":{"index":"index","follow":"follow","max-snippet":"max-snippet:-1","max-image-preview":"max-image-preview:large","max-video-preview":"max-video-preview:-1"},"canonical":"https:\/\/tiandeproducts.co.uk\/lt\/kolageno-ir-juros-dumbliu-esencija30ml\/","og_locale":"lt_LT","og_type":"article","og_title":"Kolageno ir j\u016bros dumbli\u0173 esencija,30ml. - TianDe Online Shop - Beauty &amp; Health","og_description":"\u00a0Earn 15 points worth \u00a30.75 when buying this product Auk\u0161tos kokyb\u0117s dr\u0117kinimas ir \u0161vyt\u0117jimas! Suteikite odai gaivumo ir spindesio, u\u017epildykite j\u0105 gyvybine dr\u0117gme, naudodami veido esencij\u0105 kolagenu ir j\u016bros dumbliais! Tai produktas \u201edu viename\u201c: j\u0105 galima naudoti kaip lengv\u0105 kremo pagrind\u0105 arba kaip atskir\u0105 veido prie\u017ei\u016bros priemon\u0119. Tai kaip pradin\u0117 priemon\u0117 skatinanti geriau \u012fsiskverbti \u012f [...]","og_url":"https:\/\/tiandeproducts.co.uk\/lt\/kolageno-ir-juros-dumbliu-esencija30ml\/","og_site_name":"TianDe Online Shop - Beauty &amp; Health","article_publisher":"https:\/\/www.facebook.com\/tiande.products.england\/","article_modified_time":"2023-11-02T13:02:46+00:00","og_image":[{"width":700,"height":700,"url":"https:\/\/tiandeproducts.co.uk\/wp-content\/uploads\/10106.png","type":"image\/png"}],"twitter_card":"summary_large_image","twitter_misc":{"Est. reading time":"1 minut\u0117"},"schema":{"@context":"https:\/\/schema.org","@graph":[{"@type":"WebPage","@id":"https:\/\/tiandeproducts.co.uk\/lt\/kolageno-ir-juros-dumbliu-esencija30ml\/","url":"https:\/\/tiandeproducts.co.uk\/lt\/kolageno-ir-juros-dumbliu-esencija30ml\/","name":"Kolageno ir j\u016bros dumbli\u0173 esencija,30ml. - TianDe Online Shop - Beauty &amp; Health","isPartOf":{"@id":"https:\/\/tiandeproducts.co.uk\/#website"},"primaryImageOfPage":{"@id":"https:\/\/tiandeproducts.co.uk\/lt\/kolageno-ir-juros-dumbliu-esencija30ml\/#primaryimage"},"image":{"@id":"https:\/\/tiandeproducts.co.uk\/lt\/kolageno-ir-juros-dumbliu-esencija30ml\/#primaryimage"},"thumbnailUrl":"https:\/\/tiandeproducts.co.uk\/wp-content\/uploads\/10106.png","datePublished":"2020-02-26T10:55:45+00:00","dateModified":"2023-11-02T13:02:46+00:00","breadcrumb":{"@id":"https:\/\/tiandeproducts.co.uk\/lt\/kolageno-ir-juros-dumbliu-esencija30ml\/#breadcrumb"},"inLanguage":"lt-LT","potentialAction":[{"@type":"ReadAction","target":["https:\/\/tiandeproducts.co.uk\/lt\/kolageno-ir-juros-dumbliu-esencija30ml\/"]}]},{"@type":"ImageObject","inLanguage":"lt-LT","@id":"https:\/\/tiandeproducts.co.uk\/lt\/kolageno-ir-juros-dumbliu-esencija30ml\/#primaryimage","url":"https:\/\/tiandeproducts.co.uk\/wp-content\/uploads\/10106.png","contentUrl":"https:\/\/tiandeproducts.co.uk\/wp-content\/uploads\/10106.png","width":700,"height":700},{"@type":"BreadcrumbList","@id":"https:\/\/tiandeproducts.co.uk\/lt\/kolageno-ir-juros-dumbliu-esencija30ml\/#breadcrumb","itemListElement":[{"@type":"ListItem","position":1,"name":"Home","item":"https:\/\/tiandeproducts.co.uk\/lt\/"},{"@type":"ListItem","position":2,"name":"Shop","item":"https:\/\/tiandeproducts.co.uk\/lt\/shop-2\/"},{"@type":"ListItem","position":3,"name":"Kolageno ir j\u016bros dumbli\u0173 esencija,30ml."}]},{"@type":"WebSite","@id":"https:\/\/tiandeproducts.co.uk\/#website","url":"https:\/\/tiandeproducts.co.uk\/","name":"TianDe Online Shop - Beauty & Health","description":"Traditional Chinese Medicine","potentialAction":[{"@type":"SearchAction","target":{"@type":"EntryPoint","urlTemplate":"https:\/\/tiandeproducts.co.uk\/?s={search_term_string}"},"query-input":{"@type":"PropertyValueSpecification","valueRequired":true,"valueName":"search_term_string"}}],"inLanguage":"lt-LT"}]}},"_links":{"self":[{"href":"https:\/\/tiandeproducts.co.uk\/lt\/wp-json\/wp\/v2\/product\/12947","targetHints":{"allow":["GET"]}}],"collection":[{"href":"https:\/\/tiandeproducts.co.uk\/lt\/wp-json\/wp\/v2\/product"}],"about":[{"href":"https:\/\/tiandeproducts.co.uk\/lt\/wp-json\/wp\/v2\/types\/product"}],"replies":[{"embeddable":true,"href":"https:\/\/tiandeproducts.co.uk\/lt\/wp-json\/wp\/v2\/comments?post=12947"}],"wp:featuredmedia":[{"embeddable":true,"href":"https:\/\/tiandeproducts.co.uk\/lt\/wp-json\/wp\/v2\/media\/12942"}],"wp:attachment":[{"href":"https:\/\/tiandeproducts.co.uk\/lt\/wp-json\/wp\/v2\/media?parent=12947"}],"wp:term":[{"taxonomy":"product_cat","embeddable":true,"href":"https:\/\/tiandeproducts.co.uk\/lt\/wp-json\/wp\/v2\/product_cat?post=12947"},{"taxonomy":"product_tag","embeddable":true,"href":"https:\/\/tiandeproducts.co.uk\/lt\/wp-json\/wp\/v2\/product_tag?post=12947"}],"curies":[{"name":"wp","href":"https:\/\/api.w.org\/{rel}","templated":true}]}}